{"id":171,"date":"2014-08-15T15:38:56","date_gmt":"2014-08-15T14:38:56","guid":{"rendered":"http:\/\/sites.ac-nancy-metz.fr\/ses\/wordpress\/?page_id=171"},"modified":"2019-04-09T16:06:38","modified_gmt":"2019-04-09T15:06:38","slug":"infos-pratiques-et-institutionnelles","status":"publish","type":"page","link":"https:\/\/sites.ac-nancy-metz.fr\/ses\/wordpress\/accueil\/infos-pratiques-et-institutionnelles\/","title":{"rendered":"Formations"},"content":{"rendered":"<p><strong>Vous retrouvez ici le contenus des formations pass\u00e9es propos\u00e9es en SES:<\/strong><\/p>\n<p><a href=\"http:\/\/sites.ac-nancy-metz.fr\/ses\/wordpress\/accueil\/actus-pratiques-et-institutionnelles\/documents-officiels-de-la-discipline\/\">Les r\u00e9unions de bassin<\/a><\/p>\n<p><a href=\"http:\/\/sites.ac-nancy-metz.fr\/ses\/wordpress\/accueil\/actus-pratiques-et-institutionnelles\/formations\/\">Les formations lyc\u00e9e 4.0<\/a><\/p>\n<p><a href=\"http:\/\/sites.ac-nancy-metz.fr\/ses\/wordpress\/accueil\/infos-pratiques-et-institutionnelles\/ressources-internet-2\/\">Les formations continues<\/a><\/p>\n<p>&nbsp;<\/p>\n<p><strong>Pour les formations \u00e0 venir:\u00a0<\/strong><\/p>\n<p><strong><img loading=\"lazy\" decoding=\"async\" class=\"alignleft wp-image-11\" src=\"http:\/\/sites.ac-nancy-metz.fr\/ses\/wordpress\/wp-content\/uploads\/logoacatransparent.png\" alt=\"Logo de l'acad\u00e9mie de Nancy-Metz\" width=\"87\" height=\"98\" \/>Proc\u00e9dure d&rsquo;inscription aux dispositifs de formation du PAF <\/strong><br \/>\nPour y acc\u00e9der, vous devez \u00eatre en possession de votre identifiant de messagerie acad\u00e9mique et de votre mot de passe de messagerie (par d\u00e9faut c&rsquo;est votre Numen).<\/p>\n<p>Lien \u00e0 suivre :<a title=\"GAIA\" href=\"https:\/\/fim-hn-01.orion.education.fr\/gaia\/gancy\/prive\/listeentites\" target=\"_blank\" rel=\"noopener noreferrer\"> https:\/\/fim-hn-01.orion.education.fr\/gaia\/gancy\/prive\/listeentites<\/a><\/p>\n<p>Autres possibilit\u00e9s de connexions :<\/p>\n<p>Depuis un <strong>poste administratif<\/strong><br \/>\n<a class=\"smarterwiki-linkify\" href=\"https:\/\/pial.ac-nancy-metz.fr\">https:\/\/pial.ac-nancy-metz.fr<\/a><br \/>\n&#8211;&gt;Bouquets de services<br \/>\n&#8211;&gt;Portails<br \/>\n&#8211;&gt;portail des applications<br \/>\n&#8211;&gt;Gestion des Personnels<br \/>\n&#8211;&gt;GAIA acc\u00e8s individuel<\/p>\n<p>Depuis un <strong>poste p\u00e9dagogique ou personnel<\/strong><br \/>\n<a class=\"smarterwiki-linkify\" href=\"http:\/\/portail.ac-nancy-metz.fr\">http:\/\/portail.ac-nancy-metz.fr<\/a><br \/>\n&#8211;&gt;Gestion des Personnels<br \/>\n&#8211;&gt;GAIA acc\u00e8s individuel<\/p>\n<p><strong>Offre de formation du R\u00e9seau Canop\u00e9, le r\u00e9seau de cr\u00e9ation et d&rsquo;accompagnement p\u00e9dagogiques<br \/>\n<\/strong><\/p>\n<p><strong><img loading=\"lazy\" decoding=\"async\" class=\"wp-image-1272 alignleft\" src=\"http:\/\/sites.ac-nancy-metz.fr\/ses\/wordpress\/wp-content\/uploads\/2014\/08\/Canope\u0301_re\u0301seau-e1486502255358.png\" alt=\"\" width=\"203\" height=\"87\" \/><\/strong><\/p>\n<p>Les <strong>Ateliers Canop\u00e9<\/strong> de la <a href=\"http:\/\/www.cndp.fr\/crdp-nancy-metz\/57\/accueil.html\" target=\"_blank\" rel=\"noopener noreferrer\">Moselle<\/a>, de la <a href=\"http:\/\/www.cndp.fr\/crdp-nancy-metz\/54\/accueil.html\" target=\"_blank\" rel=\"noopener noreferrer\">Meurthe-Et-Moselle<\/a>, des <a href=\"http:\/\/www.cndp.fr\/crdp-nancy-metz\/88\/accueil.html\" target=\"_blank\" rel=\"noopener noreferrer\">Vosges<\/a> et de la <a href=\"http:\/\/www.cndp.fr\/crdp-nancy-metz\/55\/accueil.html\" target=\"_blank\" rel=\"noopener noreferrer\">Meuse<\/a> proposent aux enseignants au plus pr\u00e8s de leurs pr\u00e9occupations et <strong>gratuitement<\/strong> des formations pour les aider dans leurs pratiques p\u00e9dagogiques quotidiennes : formation aux outils du <strong>num\u00e9rique \u00e9ducatif<\/strong>, partage d&rsquo;<strong>exp\u00e9riences entre coll\u00e8gues<\/strong>, d\u00e9couverte d&rsquo;<strong>innovations p\u00e9dagogiques<\/strong>, des ressources pour l&rsquo;<strong>\u00e9ducation au d\u00e9veloppement durable<\/strong>, etc&#8230;<\/p>\n<p>&nbsp;<\/p>\n","protected":false},"excerpt":{"rendered":"<p>Vous retrouvez ici le contenus des formations pass\u00e9es propos\u00e9es en SES: Les r\u00e9unions de bassin Les formations lyc\u00e9e 4.0 Les formations continues &nbsp; Pour les formations \u00e0 venir:\u00a0 Proc\u00e9dure d&rsquo;inscription aux dispositifs de formation du PAF Pour y acc\u00e9der, vous devez \u00eatre en possession de votre identifiant de messagerie acad\u00e9mique et de votre mot de &#8230; <span class=\"more\"><a class=\"more-link\" href=\"https:\/\/sites.ac-nancy-metz.fr\/ses\/wordpress\/accueil\/infos-pratiques-et-institutionnelles\/\">[Read more&#8230;]<\/a><\/span><\/p>\n","protected":false},"author":1,"featured_media":0,"parent":7,"menu_order":0,"comment_status":"open","ping_status":"open","template":"","meta":{"footnotes":""},"class_list":["entry","page","publish","author-admin","post-171"],"_links":{"self":[{"href":"https:\/\/sites.ac-nancy-metz.fr\/ses\/wordpress\/wp-json\/wp\/v2\/pages\/171","targetHints":{"allow":["GET"]}}],"collection":[{"href":"https:\/\/sites.ac-nancy-metz.fr\/ses\/wordpress\/wp-json\/wp\/v2\/pages"}],"about":[{"href":"https:\/\/sites.ac-nancy-metz.fr\/ses\/wordpress\/wp-json\/wp\/v2\/types\/page"}],"author":[{"embeddable":true,"href":"https:\/\/sites.ac-nancy-metz.fr\/ses\/wordpress\/wp-json\/wp\/v2\/users\/1"}],"replies":[{"embeddable":true,"href":"https:\/\/sites.ac-nancy-metz.fr\/ses\/wordpress\/wp-json\/wp\/v2\/comments?post=171"}],"version-history":[{"count":15,"href":"https:\/\/sites.ac-nancy-metz.fr\/ses\/wordpress\/wp-json\/wp\/v2\/pages\/171\/revisions"}],"predecessor-version":[{"id":1468,"href":"https:\/\/sites.ac-nancy-metz.fr\/ses\/wordpress\/wp-json\/wp\/v2\/pages\/171\/revisions\/1468"}],"up":[{"embeddable":true,"href":"https:\/\/sites.ac-nancy-metz.fr\/ses\/wordpress\/wp-json\/wp\/v2\/pages\/7"}],"wp:attachment":[{"href":"https:\/\/sites.ac-nancy-metz.fr\/ses\/wordpress\/wp-json\/wp\/v2\/media?parent=171"}],"curies":[{"name":"wp","href":"https:\/\/api.w.org\/{rel}","templated":true}]}}