{"id":21,"date":"2014-07-03T12:42:41","date_gmt":"2014-07-03T11:42:41","guid":{"rendered":"http:\/\/sites.ac-nancy-metz.fr\/ses\/wordpress\/?page_id=21"},"modified":"2019-04-09T11:19:47","modified_gmt":"2019-04-09T10:19:47","slug":"a-propos-de-pedagogie","status":"publish","type":"page","link":"https:\/\/sites.ac-nancy-metz.fr\/ses\/wordpress\/accueil\/a-propos-de-pedagogie\/","title":{"rendered":"Mutualisation"},"content":{"rendered":"<p>Cette section se propose de r\u00e9unir des contenus propos\u00e9s par des enseignants de SES.<\/p>\n<p>Vous pouvez consulter et r\u00e9cup\u00e9rer toutes les <a href=\"http:\/\/sites.ac-nancy-metz.fr\/ses\/wordpress\/accueil\/a-propos-de-pedagogie\/les-ressources-mutualisees\/\">ressources mutualis\u00e9es<\/a>.<\/p>\n<p>Si vous \u00eates enseignant et souhaitez proposer un contenu (s\u00e9quence, activit\u00e9), merci de vous rendre \u00e0 la page <a href=\"http:\/\/sites.ac-nancy-metz.fr\/ses\/wordpress\/accueil\/a-propos-de-pedagogie\/contribuez\/\">Contribuez.<\/a><\/p>\n<p>Si les ressources propos\u00e9es n\u00e9cessitent des applications sp\u00e9cifiques, n&rsquo;h\u00e9sitez pas \u00e0 aller voir si un <a href=\"http:\/\/sites.ac-nancy-metz.fr\/ses\/wordpress\/accueil\/a-propos-de-pedagogie\/tutoriels\/\">tutoriel<\/a> peut vous aider.<\/p>\n<p>&nbsp;<\/p>\n","protected":false},"excerpt":{"rendered":"<p>Cette section se propose de r\u00e9unir des contenus propos\u00e9s par des enseignants de SES. Vous pouvez consulter et r\u00e9cup\u00e9rer toutes les ressources mutualis\u00e9es. Si vous \u00eates enseignant et souhaitez proposer un contenu (s\u00e9quence, activit\u00e9), merci de vous rendre \u00e0 la page Contribuez. Si les ressources propos\u00e9es n\u00e9cessitent des applications sp\u00e9cifiques, n&rsquo;h\u00e9sitez pas \u00e0 aller voir &#8230; <span class=\"more\"><a class=\"more-link\" href=\"https:\/\/sites.ac-nancy-metz.fr\/ses\/wordpress\/accueil\/a-propos-de-pedagogie\/\">[Read more&#8230;]<\/a><\/span><\/p>\n","protected":false},"author":1,"featured_media":0,"parent":7,"menu_order":1,"comment_status":"open","ping_status":"open","template":"","meta":{"footnotes":""},"class_list":["entry","page","publish","author-admin","post-21"],"_links":{"self":[{"href":"https:\/\/sites.ac-nancy-metz.fr\/ses\/wordpress\/wp-json\/wp\/v2\/pages\/21","targetHints":{"allow":["GET"]}}],"collection":[{"href":"https:\/\/sites.ac-nancy-metz.fr\/ses\/wordpress\/wp-json\/wp\/v2\/pages"}],"about":[{"href":"https:\/\/sites.ac-nancy-metz.fr\/ses\/wordpress\/wp-json\/wp\/v2\/types\/page"}],"author":[{"embeddable":true,"href":"https:\/\/sites.ac-nancy-metz.fr\/ses\/wordpress\/wp-json\/wp\/v2\/users\/1"}],"replies":[{"embeddable":true,"href":"https:\/\/sites.ac-nancy-metz.fr\/ses\/wordpress\/wp-json\/wp\/v2\/comments?post=21"}],"version-history":[{"count":13,"href":"https:\/\/sites.ac-nancy-metz.fr\/ses\/wordpress\/wp-json\/wp\/v2\/pages\/21\/revisions"}],"predecessor-version":[{"id":1435,"href":"https:\/\/sites.ac-nancy-metz.fr\/ses\/wordpress\/wp-json\/wp\/v2\/pages\/21\/revisions\/1435"}],"up":[{"embeddable":true,"href":"https:\/\/sites.ac-nancy-metz.fr\/ses\/wordpress\/wp-json\/wp\/v2\/pages\/7"}],"wp:attachment":[{"href":"https:\/\/sites.ac-nancy-metz.fr\/ses\/wordpress\/wp-json\/wp\/v2\/media?parent=21"}],"curies":[{"name":"wp","href":"https:\/\/api.w.org\/{rel}","templated":true}]}}