{"id":385,"date":"2014-08-19T14:29:32","date_gmt":"2014-08-19T13:29:32","guid":{"rendered":"http:\/\/sites.ac-nancy-metz.fr\/ses\/wordpress\/?page_id=385"},"modified":"2019-12-30T11:42:36","modified_gmt":"2019-12-30T10:42:36","slug":"ressources-internet-2","status":"publish","type":"page","link":"https:\/\/sites.ac-nancy-metz.fr\/ses\/wordpress\/accueil\/infos-pratiques-et-institutionnelles\/ressources-internet-2\/","title":{"rendered":"La formation continue"},"content":{"rendered":"<p>Vous trouverez ici les supports et\/ou compte rendus des formations du PAF ayant d\u00e9j\u00e0 eu lieu.<\/p>\n<p>&nbsp;<\/p>\n<ul>\n<li>L&rsquo;\u00e9conomie comportementale: <a href=\"http:\/\/sites.ac-nancy-metz.fr\/ses\/fichiers\/Formations\/Formation continue\/intervention_samel_ferey.pdf\">intervention de Samuel Ferey<\/a><\/li>\n<\/ul>\n<p>&nbsp;<\/p>\n<ul>\n<li>Les chapitres du march\u00e9 en premi\u00e8re: <a href=\"http:\/\/sites.ac-nancy-metz.fr\/ses\/fichiers\/Formations\/Formation continue\/marche_lavialle.pptx\">support de M. Lavialle<\/a><\/li>\n<\/ul>\n<p>&nbsp;<\/p>\n<p>&nbsp;<\/p>\n<p>&nbsp;<\/p>\n<p>&nbsp;<\/p>\n","protected":false},"excerpt":{"rendered":"<p>Vous trouverez ici les supports et\/ou compte rendus des formations du PAF ayant d\u00e9j\u00e0 eu lieu. &nbsp; L&rsquo;\u00e9conomie comportementale: intervention de Samuel Ferey &nbsp; Les chapitres du march\u00e9 en premi\u00e8re: support de M. Lavialle &nbsp; &nbsp; &nbsp; &nbsp;<\/p>\n","protected":false},"author":3,"featured_media":0,"parent":171,"menu_order":3,"comment_status":"open","ping_status":"open","template":"","meta":{"footnotes":""},"class_list":["entry","page","publish","author-marjorie","post-385"],"_links":{"self":[{"href":"https:\/\/sites.ac-nancy-metz.fr\/ses\/wordpress\/wp-json\/wp\/v2\/pages\/385","targetHints":{"allow":["GET"]}}],"collection":[{"href":"https:\/\/sites.ac-nancy-metz.fr\/ses\/wordpress\/wp-json\/wp\/v2\/pages"}],"about":[{"href":"https:\/\/sites.ac-nancy-metz.fr\/ses\/wordpress\/wp-json\/wp\/v2\/types\/page"}],"author":[{"embeddable":true,"href":"https:\/\/sites.ac-nancy-metz.fr\/ses\/wordpress\/wp-json\/wp\/v2\/users\/3"}],"replies":[{"embeddable":true,"href":"https:\/\/sites.ac-nancy-metz.fr\/ses\/wordpress\/wp-json\/wp\/v2\/comments?post=385"}],"version-history":[{"count":63,"href":"https:\/\/sites.ac-nancy-metz.fr\/ses\/wordpress\/wp-json\/wp\/v2\/pages\/385\/revisions"}],"predecessor-version":[{"id":1501,"href":"https:\/\/sites.ac-nancy-metz.fr\/ses\/wordpress\/wp-json\/wp\/v2\/pages\/385\/revisions\/1501"}],"up":[{"embeddable":true,"href":"https:\/\/sites.ac-nancy-metz.fr\/ses\/wordpress\/wp-json\/wp\/v2\/pages\/171"}],"wp:attachment":[{"href":"https:\/\/sites.ac-nancy-metz.fr\/ses\/wordpress\/wp-json\/wp\/v2\/media?parent=385"}],"curies":[{"name":"wp","href":"https:\/\/api.w.org\/{rel}","templated":true}]}}