{"id":43,"date":"2014-07-18T12:41:09","date_gmt":"2014-07-18T11:41:09","guid":{"rendered":"http:\/\/sites.ac-nancy-metz.fr\/ses\/wordpress\/?page_id=43"},"modified":"2019-04-10T07:59:02","modified_gmt":"2019-04-10T06:59:02","slug":"documents-officiels-de-la-discipline","status":"publish","type":"page","link":"https:\/\/sites.ac-nancy-metz.fr\/ses\/wordpress\/accueil\/infos-pratiques-et-institutionnelles\/documents-officiels-de-la-discipline\/","title":{"rendered":"Les r\u00e9unions de bassin"},"content":{"rendered":"<p>Pour cette ann\u00e9e 2018-2019, vous pouvez retrouver les supports de formation suivants:<\/p>\n<ul>\n<li><a href=\"http:\/\/sites.ac-nancy-metz.fr\/ses\/wordpress\/accueil\/actus-pratiques-et-institutionnelles\/documents-officiels-de-la-discipline\/les-comptes-rendus-du-seminaire-nationale-sur-les-nouveaux-programmes\/\">Les comptes rendus du s\u00e9minaire national sur les nouveaux programmes<\/a><\/li>\n<li><a href=\"http:\/\/sites.ac-nancy-metz.fr\/ses\/wordpress\/accueil\/actus-pratiques-et-institutionnelles\/documents-officiels-de-la-discipline\/les-propositions-de-sequences-pedagogiques-mobilisant-le-numerique\/\">Les propositions de s\u00e9quences p\u00e9dagogiques mobilisant le num\u00e9rique<\/a><\/li>\n<\/ul>\n<p>&nbsp;<\/p>\n","protected":false},"excerpt":{"rendered":"<p>Pour cette ann\u00e9e 2018-2019, vous pouvez retrouver les supports de formation suivants: Les comptes rendus du s\u00e9minaire national sur les nouveaux programmes Les propositions de s\u00e9quences p\u00e9dagogiques mobilisant le num\u00e9rique &nbsp;<\/p>\n","protected":false},"author":1,"featured_media":0,"parent":171,"menu_order":0,"comment_status":"open","ping_status":"open","template":"","meta":{"footnotes":""},"class_list":["entry","page","publish","author-admin","post-43"],"_links":{"self":[{"href":"https:\/\/sites.ac-nancy-metz.fr\/ses\/wordpress\/wp-json\/wp\/v2\/pages\/43","targetHints":{"allow":["GET"]}}],"collection":[{"href":"https:\/\/sites.ac-nancy-metz.fr\/ses\/wordpress\/wp-json\/wp\/v2\/pages"}],"about":[{"href":"https:\/\/sites.ac-nancy-metz.fr\/ses\/wordpress\/wp-json\/wp\/v2\/types\/page"}],"author":[{"embeddable":true,"href":"https:\/\/sites.ac-nancy-metz.fr\/ses\/wordpress\/wp-json\/wp\/v2\/users\/1"}],"replies":[{"embeddable":true,"href":"https:\/\/sites.ac-nancy-metz.fr\/ses\/wordpress\/wp-json\/wp\/v2\/comments?post=43"}],"version-history":[{"count":16,"href":"https:\/\/sites.ac-nancy-metz.fr\/ses\/wordpress\/wp-json\/wp\/v2\/pages\/43\/revisions"}],"predecessor-version":[{"id":1470,"href":"https:\/\/sites.ac-nancy-metz.fr\/ses\/wordpress\/wp-json\/wp\/v2\/pages\/43\/revisions\/1470"}],"up":[{"embeddable":true,"href":"https:\/\/sites.ac-nancy-metz.fr\/ses\/wordpress\/wp-json\/wp\/v2\/pages\/171"}],"wp:attachment":[{"href":"https:\/\/sites.ac-nancy-metz.fr\/ses\/wordpress\/wp-json\/wp\/v2\/media?parent=43"}],"curies":[{"name":"wp","href":"https:\/\/api.w.org\/{rel}","templated":true}]}}