{"id":7,"date":"2014-07-03T12:45:42","date_gmt":"2014-07-03T11:45:42","guid":{"rendered":"http:\/\/sites.ac-nancy-metz.fr\/ses\/wordpress\/?page_id=7"},"modified":"2024-10-01T10:09:43","modified_gmt":"2024-10-01T09:09:43","slug":"accueil","status":"publish","type":"page","link":"https:\/\/sites.ac-nancy-metz.fr\/ses\/wordpress\/","title":{"rendered":"Accueil"},"content":{"rendered":"<h2 style=\"text-align: center;\"><strong>Bienvenue sur le site des Sciences \u00c9conomiques et Sociales de l&rsquo;acad\u00e9mie de Nancy-Metz<\/strong><\/h2>\n<p style=\"text-align: center;\">\n<h2>Actualit\u00e9s<\/h2>\n<p>Vous pouvez retrouver les documents pr\u00e9sent\u00e9s lors des <a href=\"http:\/\/sites.ac-nancy-metz.fr\/ses\/wordpress\/2020-les-nouvelles-epreuves-du-baccalaureat\/\">r\u00e9unions de bassin des 14 et 17 d\u00e9cembre 2020<\/a> en allant dans Formations, puis r\u00e9unions de bassin.<\/p>\n<p>Vous pouvez\u00a0 consulter cette lettre sur <a href=\"https:\/\/sites.ac-nancy-metz.fr\/ses\/wordpress\/wp-content\/uploads\/site\/Accueil\/Contribution des SES aux valeurs de la R\u00e9publique novembre 2020.pdf\" target=\"_blank\" rel=\"noopener\" data-wplink-url-error=\"true\"><strong>la contribution des SES \u00e0 la transmission des valeurs de la R\u00e9publique<\/strong><\/a>.<\/p>\n<p>Vous pouvez \u00e9galement consulter la <a href=\"http:\/\/sites.ac-nancy-metz.fr\/\/ses\/wordpress\/wp-content\/uploads\/site\/Accueil\/courrier aux professeurs. C. Lavialle 11-05-20.pdf\" target=\"_blank\" rel=\"noopener\" data-wplink-url-error=\"true\">lettre de M. Lavialle<\/a>, doyen de l&rsquo;inspection g\u00e9n\u00e9rale de SES.<\/p>\n<p><strong>\/\/Continuit\u00e9 p\u00e9dagogique\/\/<\/strong><\/p>\n<p>Afin d&rsquo;assurer au mieux la continuit\u00e9 p\u00e9dagogique, voici 3 possibilit\u00e9s:<\/p>\n<ol>\n<li>Consulter la page <a href=\"http:\/\/sites.ac-nancy-metz.fr\/ses\/wordpress\/continuite-pedagogique\/\">Continuit\u00e9 p\u00e9dagogique<\/a>.<\/li>\n<li><a href=\"http:\/\/sites.ac-nancy-metz.fr\/ses\/wordpress\/accueil\/a-propos-de-pedagogie\/les-ressources-mutualisees\/\">Mutualiser<\/a> nos ressources dans l&rsquo;espace d\u00e9di\u00e9.<\/li>\n<li>Consulter ce que propose les autres acad\u00e9mies sur la page <a href=\"http:\/\/sites.ac-nancy-metz.fr\/ses\/wordpress\/accueil\/ressources\/\">ressources<\/a>.<\/li>\n<\/ol>\n<h2 style=\"text-align: center;\"><\/h2>\n<p style=\"text-align: justify;\">Vous trouverez ici des ressources pour l\u2019enseignement des Sciences \u00c9conomiques et Sociales.<\/p>\n<p style=\"text-align: justify;\">Vous pouvez alors trouver les documents de support des <a href=\"http:\/\/sites.ac-nancy-metz.fr\/ses\/wordpress\/accueil\/infos-pratiques-et-institutionnelles\/\">formations<\/a>\u00a0SES ayant \u00e9t\u00e9 propos\u00e9es dans l&rsquo;acad\u00e9mie. Vous trouverez aussi dans cet espace les liens utiles pour vous inscrire au Plan Acad\u00e9mique de Formation (PAF).<\/p>\n<p style=\"text-align: justify;\">Un autre espace vise \u00e0 rendre compte de diff\u00e9rents <a href=\"http:\/\/sites.ac-nancy-metz.fr\/ses\/wordpress\/accueil\/sequences-pedagogiques\/\">projets p\u00e9dagogiques<\/a> ayant eu lieu dans l&rsquo;acad\u00e9mie. Ces exp\u00e9rimentations ou travaux de r\u00e9flexion peuvent donner des id\u00e9es pour faire \u00e9voluer nos pratiques.<\/p>\n<p>Vous trouverez ensuite un espace de <a href=\"http:\/\/sites.ac-nancy-metz.fr\/ses\/wordpress\/accueil\/a-propos-de-pedagogie\/\">mutualisation<\/a>. Un des principaux avantages du num\u00e9rique est de permettre de partager plus facilement les ressources des enseignants. Cet espace est donc d\u00e9pendant de la participation des enseignants de l&rsquo;acad\u00e9mie. Il n\u00e9cessite en effet d&rsquo;\u00eatre r\u00e9guli\u00e8rement aliment\u00e9.<\/p>\n<p>Enfin, sont r\u00e9f\u00e9renc\u00e9es un ensemble de <a href=\"http:\/\/sites.ac-nancy-metz.fr\/ses\/wordpress\/accueil\/ressources\/\">ressources <\/a>pouvant aider l&rsquo;enseignant dans la construction des ses s\u00e9quences et activit\u00e9s.<\/p>\n<p><img loading=\"lazy\" decoding=\"async\" class=\"size-thumbnail wp-image-1266 aligncenter\" src=\"http:\/\/sites.ac-nancy-metz.fr\/ses\/wordpress\/wp-content\/uploads\/2014\/07\/IMG_4579-e1486500936313-150x150.jpg\" alt=\"\" width=\"150\" height=\"150\" \/><\/p>\n<p>Au final, ce site a deux grandes priorit\u00e9s:<\/p>\n<p style=\"text-align: justify;\">Valoriser les usages num\u00e9rique qui sont essentiels dans l&rsquo;enseignement actuel des Sciences \u00c9conomiques et Sociales. Aussi ce site propose des ressources pour utiliser efficacement les outils num\u00e9riques dans le cadre d&rsquo;un cours de SES.<\/p>\n<p style=\"text-align: justify;\">Ce site acad\u00e9mique est \u00e9galement un lieu de r\u00e9flexions sur la p\u00e9dagogie\u00a0en g\u00e9n\u00e9ral et sur la place des diff\u00e9rentes p\u00e9dagogies actuelles que l&rsquo;on est amen\u00e9 \u00e0 rencontrer dans l&rsquo;enseignement des Sciences \u00c9conomiques et Sociales.<\/p>\n","protected":false},"excerpt":{"rendered":"<p>Bienvenue sur le site des Sciences \u00c9conomiques et Sociales de l&rsquo;acad\u00e9mie de Nancy-Metz Actualit\u00e9s Vous pouvez retrouver les documents pr\u00e9sent\u00e9s lors des r\u00e9unions de bassin des 14 et 17 d\u00e9cembre 2020 en allant dans Formations, puis r\u00e9unions de bassin. Vous pouvez\u00a0 consulter cette lettre sur la contribution des SES \u00e0 la transmission des valeurs de &#8230; <span class=\"more\"><a class=\"more-link\" href=\"https:\/\/sites.ac-nancy-metz.fr\/ses\/wordpress\/\">[Read more&#8230;]<\/a><\/span><\/p>\n","protected":false},"author":1,"featured_media":0,"parent":0,"menu_order":0,"comment_status":"open","ping_status":"open","template":"","meta":{"footnotes":""},"class_list":["entry","page","publish","author-admin","post-7"],"_links":{"self":[{"href":"https:\/\/sites.ac-nancy-metz.fr\/ses\/wordpress\/wp-json\/wp\/v2\/pages\/7","targetHints":{"allow":["GET"]}}],"collection":[{"href":"https:\/\/sites.ac-nancy-metz.fr\/ses\/wordpress\/wp-json\/wp\/v2\/pages"}],"about":[{"href":"https:\/\/sites.ac-nancy-metz.fr\/ses\/wordpress\/wp-json\/wp\/v2\/types\/page"}],"author":[{"embeddable":true,"href":"https:\/\/sites.ac-nancy-metz.fr\/ses\/wordpress\/wp-json\/wp\/v2\/users\/1"}],"replies":[{"embeddable":true,"href":"https:\/\/sites.ac-nancy-metz.fr\/ses\/wordpress\/wp-json\/wp\/v2\/comments?post=7"}],"version-history":[{"count":97,"href":"https:\/\/sites.ac-nancy-metz.fr\/ses\/wordpress\/wp-json\/wp\/v2\/pages\/7\/revisions"}],"predecessor-version":[{"id":1551,"href":"https:\/\/sites.ac-nancy-metz.fr\/ses\/wordpress\/wp-json\/wp\/v2\/pages\/7\/revisions\/1551"}],"wp:attachment":[{"href":"https:\/\/sites.ac-nancy-metz.fr\/ses\/wordpress\/wp-json\/wp\/v2\/media?parent=7"}],"curies":[{"name":"wp","href":"https:\/\/api.w.org\/{rel}","templated":true}]}}