{"id":1004,"date":"2023-09-19T15:59:56","date_gmt":"2023-09-19T15:59:56","guid":{"rendered":"https:\/\/sites.ac-nancy-metz.fr\/stss\/?page_id=1004"},"modified":"2023-11-20T17:05:32","modified_gmt":"2023-11-20T17:05:32","slug":"campus-des-metiers-et-des-qualifications-dexcellence-autonomie-et-inclusion","status":"publish","type":"page","link":"https:\/\/sites.ac-nancy-metz.fr\/stss\/bts\/campus-des-metiers-et-des-qualifications-dexcellence-autonomie-et-inclusion\/","title":{"rendered":"Campus des m\u00e9tiers et des qualifications d&rsquo;excellence Autonomie et inclusion"},"content":{"rendered":"<div id=\"pl-1004\"  class=\"panel-layout\" ><div id=\"pg-1004-0\"  class=\"panel-grid panel-no-style\" ><div id=\"pgc-1004-0-0\"  class=\"panel-grid-cell\" ><div id=\"panel-1004-0-0-0\" class=\"so-panel widget widget_sow-editor panel-first-child\" data-index=\"0\" ><div\n\t\t\t\n\t\t\tclass=\"so-widget-sow-editor so-widget-sow-editor-base\"\n\t\t\t\n\t\t>\n<div class=\"siteorigin-widget-tinymce textwidget\">\n\t<h2 id=\"edugouv-summary-item-42\" class=\"title\">Campus des m\u00e9tiers et des qualifications d'excellence Autonomie et inclusion<\/h2>\n<div class=\"embedded-entity\" data-entity-type=\"media\" data-entity-uuid=\"c33cafa5-00ba-4c23-903b-f7904fb8b83f\" data-langcode=\"fr\">\n<article><a href=\"https:\/\/www.cmqeautonomieetinclusion.com\/\" target=\"_blank\" rel=\"noopener\"><img loading=\"lazy\" decoding=\"async\" class=\"alignleft\" src=\"https:\/\/www.education.gouv.fr\/sites\/default\/files\/styles\/embed_image\/public\/2021-04\/logo-2021-cmq-excellence-autonomie-et-inclusion---grand-est-88438.jpg?itok=aclq4MFc\" alt=\"Logo du campus excellence Autonomie et inclusion - Grand Est\" width=\"300\" height=\"182\" \/><\/a><\/article>\n<\/div>\n<h3 id=\"edugouv-summary-item-43\" class=\"title\">Territoire<\/h3>\n<p>R\u00e9gion Grand Est, M\u00e9tropole du Grand Nancy<\/p>\n<h3 id=\"edugouv-summary-item-44\" class=\"title\">Secteurs professionnels<\/h3>\n<p>Services sanitaires et sociaux et m\u00e9dicosociaux<\/p>\n<h3 id=\"edugouv-summary-item-45\" class=\"title\">Fili\u00e8re associ\u00e9e<\/h3>\n<p>Soins et services \u00e0 la personne, Bien \u00eatre<\/p>\n<h3>Fili\u00e8re(s) de formation<\/h3>\n<p>Sanitaire et Sociale,\u00a0Services \u00e0 la personne,\u00a0Domotique,\u00a0E-sant\u00e9...<\/p>\n<h3 id=\"edugouv-summary-item-46\" class=\"title\">Le projet<\/h3>\n<p>La cr\u00e9ation du Campus des M\u00e9tiers et des Qualifications \"Autonomie &amp; Inclusion\"\u00a0repose sur un ensemble structurant de volont\u00e9s partag\u00e9es, fruit d\u2019un travail collaboratif entre L\u2019Acad\u00e9mie de Nancy-Metz, et deux acteurs du champs du m\u00e9dicosocial l\u2019Association Office d\u2019Hygi\u00e8ne Sociale (OHS) de Lorraine et l\u2019Association Adultes Enfants Inadapt\u00e9s Mentaux (AEIM) - Adapei 54, en accord avec la R\u00e9gion Grand Est et avec l\u2019appui de l\u2019universit\u00e9 de Lorraine et du d\u00e9partement 54 . Cette initiative s\u2019est traduit par la d\u00e9clinaison op\u00e9rationnelle d\u2019un Accord Cadre sign\u00e9 le 16 novembre 2018 par les trois acteurs autour d\u2019une pr\u00e9occupation commune croisant les enjeux li\u00e9s d\u2019une part \u00e0 une plus forte fluidit\u00e9 des parcours formations initiales et continues pour les cycles de l'enseignement secondaire et de l'enseignement sup\u00e9rieur, et d\u2019autre part la Strat\u00e9gie Nationale de Sant\u00e9 2018-2022 du Minist\u00e8re de la Sant\u00e9.<\/p>\n<p>Alors que l\u2019enjeu sociod\u00e9mographique se fait de plus en plus pressant, que l\u2019avanc\u00e9e des nouvelles technologies appelle un renouvellement des pratiques, il convient de concevoir de fa\u00e7on d\u00e9finitive l\u2019accompagnement de la vuln\u00e9rabilit\u00e9 des personnes \u00e0 travers une approche syst\u00e9mique des parcours de vie \u00e0 l\u2019\u00e9chelle de chaque territoire. \"Penser global en agissant local\"\u00a0constitue le levier \u00e0 travers lequel le Campus des M\u00e9tiers et des Qualifications \"Autonomie &amp; Inclusion\"\u00a0souhaite conjuguer innovation et humanisme. L\u2019objectif consiste donc, \u00e0 travers la cr\u00e9ation de ce Campus des M\u00e9tiers et des Qualifications \"Autonomie &amp; Inclusion\", \u00e0 activer et impulser les fondements de l\u2019intelligence collective pour cr\u00e9er un p\u00f4le d\u2019excellence afin de mieux adapter l\u2019offre de formation professionnels au besoin des territoires, d\u2019anticiper et d\u2019accompagner les mutations \u00e9conomiques et technologiques.<\/p>\n<p>Il convient en effet de fixer une orientation forte de promotion des m\u00e9tiers par la cr\u00e9ation de parcours d\u2019emploi et de formation innovants, en appui sur la perm\u00e9abilit\u00e9 des fili\u00e8res entre elles. En visant un renforcement de l\u2019attractivit\u00e9 des m\u00e9tiers et des formations, le Campus des M\u00e9tiers et des Qualifications \"Autonomie &amp; Inclusion\" s\u2019attache \u00e0 cr\u00e9er plus de liant entre des fili\u00e8res de formation aujourd\u2019hui encore trop cloisonn\u00e9es entre elles, tout en agissant sur les leviers de la recherche et de l\u2019essaimage aux autres acteurs R\u00e9gionaux et Internationaux.<\/p>\n<p>Le Campus des M\u00e9tiers et des Qualifications \"Autonomie &amp; Inclusion\"\u00a0permettra :<\/p>\n<ul>\n<li>De cr\u00e9er une dynamique de territoire en f\u00e9d\u00e9rant les divers \u00e9tablissements de formation sup\u00e9rieurs et universitaires et les entreprises autour de projets communs ;<\/li>\n<li>De disposer d\u2019un \"r\u00e9servoir d\u2019exp\u00e9riences innovantes et reproductibles \u00e0 fortes valeurs ajout\u00e9es\"\u00a0utiles \u00e0 l\u2019accompagnement des mutations \u00e9ducatives, sociales et \u00e9conomiques ;<\/li>\n<li>De cr\u00e9er plus de liant entre des fili\u00e8res de formation aujourd\u2019hui encore trop cloisonn\u00e9es entre elles, tout en agissant sur les leviers de la recherche et de l\u2019essaimage aux autres acteurs R\u00e9gionaux et Internationaux ;<\/li>\n<li>Favoriser l\u2019employabilit\u00e9 des apprenants issus de formations initiale et continue, tout en faisant correspondre les attentes des acteurs gestionnaires de structures sanitaires et m\u00e9dicosociales avec l\u2019\u00e9volution rendue n\u00e9cessaire des m\u00e9tiers et des comp\u00e9tences.<\/li>\n<\/ul>\n<div class=\"embedded-entity\" data-entity-type=\"media\" data-entity-uuid=\"f709162a-3052-44d8-81ae-4bf1cb7c8f28\" data-langcode=\"fr\">\n<div>\n<div class=\"download-wrapper\">\n<div class=\"content__download content__download_main\"><span class=\"icon-img download_main\"><img loading=\"lazy\" decoding=\"async\" src=\"https:\/\/www.education.gouv.fr\/sites\/default\/files\/styles\/thumbnail\/public\/media-icons\/generic\/generic.png?itok=Zidnn4nO\" alt=\"\" width=\"100\" height=\"100\" \/><\/span><a href=\"https:\/\/www.education.gouv.fr\/media\/89567\/download\" target=\"_blank\" rel=\"noopener\" download=\"\" data-media-type=\"pdf\" data-media-id=\"89567\" data-media-name=\"T\u00e9l\u00e9charger la fiche de pr\u00e9sentation compl\u00e8te du Campus des m\u00e9tiers et des qualifications d'excellence Autonomie et inclusion\">T\u00e9l\u00e9charger la fiche de pr\u00e9sentation compl\u00e8te du Campus des m\u00e9tiers et des qualifications d'excellence Autonomie et inclusion<\/a><\/div>\n<div><\/div>\n<\/div>\n<\/div>\n<\/div>\n<div>Site internet du campus <a href=\"https:\/\/www.cmqeautonomieetinclusion.com\/\" target=\"_blank\" rel=\"noopener\">https:\/\/www.cmqeautonomieetinclusion.com\/<\/a><\/div>\n<\/div>\n<\/div><\/div><div id=\"panel-1004-0-0-1\" class=\"widget_text so-panel widget widget_custom_html panel-last-child\" data-index=\"1\" ><div class=\"widget_text panel-widget-style panel-widget-style-for-1004-0-0-1\" ><div class=\"textwidget custom-html-widget\"><br \/> <br \/> <iframe loading=\"lazy\" src=\" https:\/\/www.cmqeautonomieetinclusion.com\/\" width=\"2000\" height=\"1000\"><\/div><\/div><\/div><\/div><\/div><\/div>","protected":false},"excerpt":{"rendered":"<p>Campus des m\u00e9tiers et des qualifications d&rsquo;excellence Autonomie et inclusion Territoire R\u00e9gion Grand Est, M\u00e9tropole du Grand Nancy Secteurs professionnels Services sanitaires et sociaux et m\u00e9dicosociaux Fili\u00e8re associ\u00e9e Soins et services \u00e0 la personne, Bien \u00eatre Fili\u00e8re(s) de formation Sanitaire et Sociale,\u00a0Services \u00e0 la personne,\u00a0Domotique,\u00a0E-sant\u00e9&#8230; Le projet La cr\u00e9ation du Campus des M\u00e9tiers et des&#8230;<\/p>\n<p class=\"more-link-wrap\"><a href=\"https:\/\/sites.ac-nancy-metz.fr\/stss\/bts\/campus-des-metiers-et-des-qualifications-dexcellence-autonomie-et-inclusion\/\" class=\"more-link\">En savoir plus<span class=\"screen-reader-text\"> &ldquo;Campus des m\u00e9tiers et des qualifications d&rsquo;excellence Autonomie et inclusion&rdquo;<\/span> &raquo;<\/a><\/p>\n","protected":false},"author":1,"featured_media":0,"parent":50,"menu_order":2,"comment_status":"closed","ping_status":"closed","template":"","meta":{"footnotes":""},"class_list":["post-1004","page","type-page","status-publish","hentry"],"yoast_head":"<!-- This site is optimized with the Yoast SEO plugin v24.9 - https:\/\/yoast.com\/wordpress\/plugins\/seo\/ -->\n<title>Campus des m\u00e9tiers et des qualifications d&#039;excellence Autonomie et inclusion - STMS<\/title>\n<meta name=\"robots\" content=\"index, follow, max-snippet:-1, max-image-preview:large, max-video-preview:-1\" \/>\n<link rel=\"canonical\" href=\"https:\/\/sites.ac-nancy-metz.fr\/stss\/bts\/campus-des-metiers-et-des-qualifications-dexcellence-autonomie-et-inclusion\/\" \/>\n<meta property=\"og:locale\" content=\"fr_FR\" \/>\n<meta property=\"og:type\" content=\"article\" \/>\n<meta property=\"og:title\" content=\"Campus des m\u00e9tiers et des qualifications d&#039;excellence Autonomie et inclusion - STMS\" \/>\n<meta property=\"og:description\" content=\"Campus des m\u00e9tiers et des qualifications d&#039;excellence Autonomie et inclusion Territoire R\u00e9gion Grand Est, M\u00e9tropole du Grand Nancy Secteurs professionnels Services sanitaires et sociaux et m\u00e9dicosociaux Fili\u00e8re associ\u00e9e Soins et services \u00e0 la personne, Bien \u00eatre Fili\u00e8re(s) de formation Sanitaire et Sociale,\u00a0Services \u00e0 la personne,\u00a0Domotique,\u00a0E-sant\u00e9... Le projet La cr\u00e9ation du Campus des M\u00e9tiers et des...En savoir plus &ldquo;Campus des m\u00e9tiers et des qualifications d&rsquo;excellence Autonomie et inclusion&rdquo; &raquo;\" \/>\n<meta property=\"og:url\" content=\"https:\/\/sites.ac-nancy-metz.fr\/stss\/bts\/campus-des-metiers-et-des-qualifications-dexcellence-autonomie-et-inclusion\/\" \/>\n<meta property=\"og:site_name\" content=\"STMS\" \/>\n<meta property=\"article:modified_time\" content=\"2023-11-20T17:05:32+00:00\" \/>\n<meta property=\"og:image\" content=\"https:\/\/www.education.gouv.fr\/sites\/default\/files\/styles\/embed_image\/public\/2021-04\/logo-2021-cmq-excellence-autonomie-et-inclusion---grand-est-88438.jpg?itok=aclq4MFc\" \/>\n<meta name=\"twitter:card\" content=\"summary_large_image\" \/>\n<meta name=\"twitter:label1\" content=\"Dur\u00e9e de lecture estim\u00e9e\" \/>\n\t<meta name=\"twitter:data1\" content=\"4 minutes\" \/>\n<script type=\"application\/ld+json\" class=\"yoast-schema-graph\">{\"@context\":\"https:\/\/schema.org\",\"@graph\":[{\"@type\":\"WebPage\",\"@id\":\"https:\/\/sites.ac-nancy-metz.fr\/stss\/bts\/campus-des-metiers-et-des-qualifications-dexcellence-autonomie-et-inclusion\/\",\"url\":\"https:\/\/sites.ac-nancy-metz.fr\/stss\/bts\/campus-des-metiers-et-des-qualifications-dexcellence-autonomie-et-inclusion\/\",\"name\":\"Campus des m\u00e9tiers et des qualifications d'excellence Autonomie et inclusion - STMS\",\"isPartOf\":{\"@id\":\"https:\/\/sites.ac-nancy-metz.fr\/stss\/#website\"},\"primaryImageOfPage\":{\"@id\":\"https:\/\/sites.ac-nancy-metz.fr\/stss\/bts\/campus-des-metiers-et-des-qualifications-dexcellence-autonomie-et-inclusion\/#primaryimage\"},\"image\":{\"@id\":\"https:\/\/sites.ac-nancy-metz.fr\/stss\/bts\/campus-des-metiers-et-des-qualifications-dexcellence-autonomie-et-inclusion\/#primaryimage\"},\"thumbnailUrl\":\"https:\/\/www.education.gouv.fr\/sites\/default\/files\/styles\/embed_image\/public\/2021-04\/logo-2021-cmq-excellence-autonomie-et-inclusion---grand-est-88438.jpg?itok=aclq4MFc\",\"datePublished\":\"2023-09-19T15:59:56+00:00\",\"dateModified\":\"2023-11-20T17:05:32+00:00\",\"breadcrumb\":{\"@id\":\"https:\/\/sites.ac-nancy-metz.fr\/stss\/bts\/campus-des-metiers-et-des-qualifications-dexcellence-autonomie-et-inclusion\/#breadcrumb\"},\"inLanguage\":\"fr-FR\",\"potentialAction\":[{\"@type\":\"ReadAction\",\"target\":[\"https:\/\/sites.ac-nancy-metz.fr\/stss\/bts\/campus-des-metiers-et-des-qualifications-dexcellence-autonomie-et-inclusion\/\"]}]},{\"@type\":\"ImageObject\",\"inLanguage\":\"fr-FR\",\"@id\":\"https:\/\/sites.ac-nancy-metz.fr\/stss\/bts\/campus-des-metiers-et-des-qualifications-dexcellence-autonomie-et-inclusion\/#primaryimage\",\"url\":\"https:\/\/www.education.gouv.fr\/sites\/default\/files\/styles\/embed_image\/public\/2021-04\/logo-2021-cmq-excellence-autonomie-et-inclusion---grand-est-88438.jpg?itok=aclq4MFc\",\"contentUrl\":\"https:\/\/www.education.gouv.fr\/sites\/default\/files\/styles\/embed_image\/public\/2021-04\/logo-2021-cmq-excellence-autonomie-et-inclusion---grand-est-88438.jpg?itok=aclq4MFc\"},{\"@type\":\"BreadcrumbList\",\"@id\":\"https:\/\/sites.ac-nancy-metz.fr\/stss\/bts\/campus-des-metiers-et-des-qualifications-dexcellence-autonomie-et-inclusion\/#breadcrumb\",\"itemListElement\":[{\"@type\":\"ListItem\",\"position\":1,\"name\":\"Accueil\",\"item\":\"https:\/\/sites.ac-nancy-metz.fr\/stss\/\"},{\"@type\":\"ListItem\",\"position\":2,\"name\":\"BTS\",\"item\":\"https:\/\/sites.ac-nancy-metz.fr\/stss\/bts\/\"},{\"@type\":\"ListItem\",\"position\":3,\"name\":\"Campus des m\u00e9tiers et des qualifications d&rsquo;excellence Autonomie et inclusion\"}]},{\"@type\":\"WebSite\",\"@id\":\"https:\/\/sites.ac-nancy-metz.fr\/stss\/#website\",\"url\":\"https:\/\/sites.ac-nancy-metz.fr\/stss\/\",\"name\":\"STMS\",\"description\":\" Sciences et Techniques M\u00e9dico-Sociales \",\"publisher\":{\"@id\":\"https:\/\/sites.ac-nancy-metz.fr\/stss\/#organization\"},\"potentialAction\":[{\"@type\":\"SearchAction\",\"target\":{\"@type\":\"EntryPoint\",\"urlTemplate\":\"https:\/\/sites.ac-nancy-metz.fr\/stss\/?s={search_term_string}\"},\"query-input\":{\"@type\":\"PropertyValueSpecification\",\"valueRequired\":true,\"valueName\":\"search_term_string\"}}],\"inLanguage\":\"fr-FR\"},{\"@type\":\"Organization\",\"@id\":\"https:\/\/sites.ac-nancy-metz.fr\/stss\/#organization\",\"name\":\"Sciences et Techniques M\u00e9dico-Sociales\",\"url\":\"https:\/\/sites.ac-nancy-metz.fr\/stss\/\",\"logo\":{\"@type\":\"ImageObject\",\"inLanguage\":\"fr-FR\",\"@id\":\"https:\/\/sites.ac-nancy-metz.fr\/stss\/#\/schema\/logo\/image\/\",\"url\":\"https:\/\/sites.ac-nancy-metz.fr\/stss\/wp-content\/uploads\/2023\/06\/cropped-cropped-logo-ac-nancy-20-e1688052918222.jpg\",\"contentUrl\":\"https:\/\/sites.ac-nancy-metz.fr\/stss\/wp-content\/uploads\/2023\/06\/cropped-cropped-logo-ac-nancy-20-e1688052918222.jpg\",\"width\":100,\"height\":80,\"caption\":\"Sciences et Techniques M\u00e9dico-Sociales\"},\"image\":{\"@id\":\"https:\/\/sites.ac-nancy-metz.fr\/stss\/#\/schema\/logo\/image\/\"}}]}<\/script>\n<!-- \/ Yoast SEO plugin. -->","yoast_head_json":{"title":"Campus des m\u00e9tiers et des qualifications d'excellence Autonomie et inclusion - STMS","robots":{"index":"index","follow":"follow","max-snippet":"max-snippet:-1","max-image-preview":"max-image-preview:large","max-video-preview":"max-video-preview:-1"},"canonical":"https:\/\/sites.ac-nancy-metz.fr\/stss\/bts\/campus-des-metiers-et-des-qualifications-dexcellence-autonomie-et-inclusion\/","og_locale":"fr_FR","og_type":"article","og_title":"Campus des m\u00e9tiers et des qualifications d'excellence Autonomie et inclusion - STMS","og_description":"Campus des m\u00e9tiers et des qualifications d'excellence Autonomie et inclusion Territoire R\u00e9gion Grand Est, M\u00e9tropole du Grand Nancy Secteurs professionnels Services sanitaires et sociaux et m\u00e9dicosociaux Fili\u00e8re associ\u00e9e Soins et services \u00e0 la personne, Bien \u00eatre Fili\u00e8re(s) de formation Sanitaire et Sociale,\u00a0Services \u00e0 la personne,\u00a0Domotique,\u00a0E-sant\u00e9... Le projet La cr\u00e9ation du Campus des M\u00e9tiers et des...En savoir plus &ldquo;Campus des m\u00e9tiers et des qualifications d&rsquo;excellence Autonomie et inclusion&rdquo; &raquo;","og_url":"https:\/\/sites.ac-nancy-metz.fr\/stss\/bts\/campus-des-metiers-et-des-qualifications-dexcellence-autonomie-et-inclusion\/","og_site_name":"STMS","article_modified_time":"2023-11-20T17:05:32+00:00","og_image":[{"url":"https:\/\/www.education.gouv.fr\/sites\/default\/files\/styles\/embed_image\/public\/2021-04\/logo-2021-cmq-excellence-autonomie-et-inclusion---grand-est-88438.jpg?itok=aclq4MFc","type":"","width":"","height":""}],"twitter_card":"summary_large_image","twitter_misc":{"Dur\u00e9e de lecture estim\u00e9e":"4 minutes"},"schema":{"@context":"https:\/\/schema.org","@graph":[{"@type":"WebPage","@id":"https:\/\/sites.ac-nancy-metz.fr\/stss\/bts\/campus-des-metiers-et-des-qualifications-dexcellence-autonomie-et-inclusion\/","url":"https:\/\/sites.ac-nancy-metz.fr\/stss\/bts\/campus-des-metiers-et-des-qualifications-dexcellence-autonomie-et-inclusion\/","name":"Campus des m\u00e9tiers et des qualifications d'excellence Autonomie et inclusion - STMS","isPartOf":{"@id":"https:\/\/sites.ac-nancy-metz.fr\/stss\/#website"},"primaryImageOfPage":{"@id":"https:\/\/sites.ac-nancy-metz.fr\/stss\/bts\/campus-des-metiers-et-des-qualifications-dexcellence-autonomie-et-inclusion\/#primaryimage"},"image":{"@id":"https:\/\/sites.ac-nancy-metz.fr\/stss\/bts\/campus-des-metiers-et-des-qualifications-dexcellence-autonomie-et-inclusion\/#primaryimage"},"thumbnailUrl":"https:\/\/www.education.gouv.fr\/sites\/default\/files\/styles\/embed_image\/public\/2021-04\/logo-2021-cmq-excellence-autonomie-et-inclusion---grand-est-88438.jpg?itok=aclq4MFc","datePublished":"2023-09-19T15:59:56+00:00","dateModified":"2023-11-20T17:05:32+00:00","breadcrumb":{"@id":"https:\/\/sites.ac-nancy-metz.fr\/stss\/bts\/campus-des-metiers-et-des-qualifications-dexcellence-autonomie-et-inclusion\/#breadcrumb"},"inLanguage":"fr-FR","potentialAction":[{"@type":"ReadAction","target":["https:\/\/sites.ac-nancy-metz.fr\/stss\/bts\/campus-des-metiers-et-des-qualifications-dexcellence-autonomie-et-inclusion\/"]}]},{"@type":"ImageObject","inLanguage":"fr-FR","@id":"https:\/\/sites.ac-nancy-metz.fr\/stss\/bts\/campus-des-metiers-et-des-qualifications-dexcellence-autonomie-et-inclusion\/#primaryimage","url":"https:\/\/www.education.gouv.fr\/sites\/default\/files\/styles\/embed_image\/public\/2021-04\/logo-2021-cmq-excellence-autonomie-et-inclusion---grand-est-88438.jpg?itok=aclq4MFc","contentUrl":"https:\/\/www.education.gouv.fr\/sites\/default\/files\/styles\/embed_image\/public\/2021-04\/logo-2021-cmq-excellence-autonomie-et-inclusion---grand-est-88438.jpg?itok=aclq4MFc"},{"@type":"BreadcrumbList","@id":"https:\/\/sites.ac-nancy-metz.fr\/stss\/bts\/campus-des-metiers-et-des-qualifications-dexcellence-autonomie-et-inclusion\/#breadcrumb","itemListElement":[{"@type":"ListItem","position":1,"name":"Accueil","item":"https:\/\/sites.ac-nancy-metz.fr\/stss\/"},{"@type":"ListItem","position":2,"name":"BTS","item":"https:\/\/sites.ac-nancy-metz.fr\/stss\/bts\/"},{"@type":"ListItem","position":3,"name":"Campus des m\u00e9tiers et des qualifications d&rsquo;excellence Autonomie et inclusion"}]},{"@type":"WebSite","@id":"https:\/\/sites.ac-nancy-metz.fr\/stss\/#website","url":"https:\/\/sites.ac-nancy-metz.fr\/stss\/","name":"STMS","description":" Sciences et Techniques M\u00e9dico-Sociales ","publisher":{"@id":"https:\/\/sites.ac-nancy-metz.fr\/stss\/#organization"},"potentialAction":[{"@type":"SearchAction","target":{"@type":"EntryPoint","urlTemplate":"https:\/\/sites.ac-nancy-metz.fr\/stss\/?s={search_term_string}"},"query-input":{"@type":"PropertyValueSpecification","valueRequired":true,"valueName":"search_term_string"}}],"inLanguage":"fr-FR"},{"@type":"Organization","@id":"https:\/\/sites.ac-nancy-metz.fr\/stss\/#organization","name":"Sciences et Techniques M\u00e9dico-Sociales","url":"https:\/\/sites.ac-nancy-metz.fr\/stss\/","logo":{"@type":"ImageObject","inLanguage":"fr-FR","@id":"https:\/\/sites.ac-nancy-metz.fr\/stss\/#\/schema\/logo\/image\/","url":"https:\/\/sites.ac-nancy-metz.fr\/stss\/wp-content\/uploads\/2023\/06\/cropped-cropped-logo-ac-nancy-20-e1688052918222.jpg","contentUrl":"https:\/\/sites.ac-nancy-metz.fr\/stss\/wp-content\/uploads\/2023\/06\/cropped-cropped-logo-ac-nancy-20-e1688052918222.jpg","width":100,"height":80,"caption":"Sciences et Techniques M\u00e9dico-Sociales"},"image":{"@id":"https:\/\/sites.ac-nancy-metz.fr\/stss\/#\/schema\/logo\/image\/"}}]}},"_links":{"self":[{"href":"https:\/\/sites.ac-nancy-metz.fr\/stss\/wp-json\/wp\/v2\/pages\/1004","targetHints":{"allow":["GET"]}}],"collection":[{"href":"https:\/\/sites.ac-nancy-metz.fr\/stss\/wp-json\/wp\/v2\/pages"}],"about":[{"href":"https:\/\/sites.ac-nancy-metz.fr\/stss\/wp-json\/wp\/v2\/types\/page"}],"author":[{"embeddable":true,"href":"https:\/\/sites.ac-nancy-metz.fr\/stss\/wp-json\/wp\/v2\/users\/1"}],"replies":[{"embeddable":true,"href":"https:\/\/sites.ac-nancy-metz.fr\/stss\/wp-json\/wp\/v2\/comments?post=1004"}],"version-history":[{"count":17,"href":"https:\/\/sites.ac-nancy-metz.fr\/stss\/wp-json\/wp\/v2\/pages\/1004\/revisions"}],"predecessor-version":[{"id":1095,"href":"https:\/\/sites.ac-nancy-metz.fr\/stss\/wp-json\/wp\/v2\/pages\/1004\/revisions\/1095"}],"up":[{"embeddable":true,"href":"https:\/\/sites.ac-nancy-metz.fr\/stss\/wp-json\/wp\/v2\/pages\/50"}],"wp:attachment":[{"href":"https:\/\/sites.ac-nancy-metz.fr\/stss\/wp-json\/wp\/v2\/media?parent=1004"}],"curies":[{"name":"wp","href":"https:\/\/api.w.org\/{rel}","templated":true}]}}