{"id":1419,"date":"2026-01-13T08:57:51","date_gmt":"2026-01-13T08:57:51","guid":{"rendered":"https:\/\/sites.ac-nancy-metz.fr\/stss\/?page_id=1419"},"modified":"2026-01-13T10:59:34","modified_gmt":"2026-01-13T10:59:34","slug":"sujets-du-concours-general-des-lycees","status":"publish","type":"page","link":"https:\/\/sites.ac-nancy-metz.fr\/stss\/st2s\/ressources-pedagogiques\/sujets-du-concours-general-des-lycees\/","title":{"rendered":"Sujets du concours g\u00e9n\u00e9ral des lyc\u00e9es"},"content":{"rendered":"<div id=\"pl-1419\"  class=\"panel-layout\" ><div id=\"pg-1419-0\"  class=\"panel-grid panel-no-style\" ><div id=\"pgc-1419-0-0\"  class=\"panel-grid-cell\" ><div id=\"panel-1419-0-0-0\" class=\"so-panel widget widget_sow-editor panel-first-child panel-last-child\" data-index=\"0\" ><div\n\t\t\t\n\t\t\tclass=\"so-widget-sow-editor so-widget-sow-editor-base\"\n\t\t\t\n\t\t>\n<div class=\"siteorigin-widget-tinymce textwidget\">\n\t<div class=\"chapo ckeditor-text\"><\/div>\n<h1 data-path-to-node=\"2\">Le Concours G\u00e9n\u00e9ral des Lyc\u00e9es en STSS : Ressources et Annales<\/h1>\n<p data-path-to-node=\"3\">Le <b data-path-to-node=\"3\" data-index-in-node=\"3\">Concours g\u00e9n\u00e9ral des lyc\u00e9es<\/b> a pour vocation de distinguer les meilleurs \u00e9l\u00e8ves des classes de Terminale ST2S. L'\u00e9preuve de <b data-path-to-node=\"3\" data-index-in-node=\"126\">Sciences et Techniques Sanitaires et Sociales (STSS)<\/b> sollicite des capacit\u00e9s d'analyse, de synth\u00e8se et une grande rigueur dans l'argumentation.<\/p>\n<p data-path-to-node=\"4\">Pour aider les candidats et les enseignants dans leur pr\u00e9paration, nous avons regroup\u00e9 ici l'ensemble des sujets et rapports de jury des derni\u00e8res sessions.<\/p>\n<p data-path-to-node=\"6\">Le rapport de jury est un document essentiel. Au-del\u00e0 du corrig\u00e9, il pr\u00e9cise :<\/p>\n<ul data-path-to-node=\"7\">\n<li>\n<p data-path-to-node=\"7,0,0\">Les <b data-path-to-node=\"7,0,0\" data-index-in-node=\"4\">attentes sp\u00e9cifiques<\/b> des correcteurs (clart\u00e9, pr\u00e9cision des concepts).<\/p>\n<\/li>\n<li>\n<p data-path-to-node=\"7,0,0\">Les <b data-path-to-node=\"7,1,0\" data-index-in-node=\"4\">\u00e9cueils \u00e0 \u00e9viter<\/b> (paraphrase des documents, hors-sujet).<\/p>\n<\/li>\n<li>\n<p data-path-to-node=\"7,2,0\">Des pistes de r\u00e9flexion pour approfondir les th\u00e9matiques sanitaires et sociales.<\/p>\n<\/li>\n<\/ul>\n<hr data-path-to-node=\"8\" \/>\n<h2 data-path-to-node=\"9\">\ud83d\udcc2 Archives : Sujets et Rapports<\/h2>\n<div class=\"horizontal-scroll-wrapper\">\n<table data-path-to-node=\"10\">\n<thead>\n<tr>\n<td><strong>Session<\/strong><\/td>\n<td><strong>Th\u00e9matiques abord\u00e9es<\/strong><\/td>\n<td><strong>Sujet (PDF)<\/strong><\/td>\n<td><strong>Rapport de jury (PD<\/strong><\/td>\n<\/tr>\n<\/thead>\n<tbody>\n<tr>\n<td><span data-path-to-node=\"10,1,0,0\"><b data-path-to-node=\"10,1,0,0\" data-index-in-node=\"0\">2025<\/b><\/span><\/td>\n<td>Insertion sociale et emploi<\/td>\n<td><a href=\"https:\/\/eduscol.education.fr\/document\/65168\/download\" target=\"_blank\" rel=\"noopener\"><span data-path-to-node=\"10,1,2,0\">T\u00e9l\u00e9charger le sujet<\/span><\/a><\/td>\n<td><span data-path-to-node=\"10,1,3,0\"><a class=\"ng-star-inserted\" href=\"https:\/\/eduscol.education.fr\/document\/67471\/download\" target=\"_blank\" rel=\"noopener\" data-hveid=\"0\" data-ved=\"0CAAQ_4QMahgKEwiv1rzYkYiSAxUAAAAAHQAAAAAQpwI\">T\u00e9l\u00e9charger le rapport<\/a><\/span><\/td>\n<\/tr>\n<tr>\n<td><span data-path-to-node=\"10,1,0,0\"><b data-path-to-node=\"10,1,0,0\" data-index-in-node=\"0\">2024<\/b><\/span><\/td>\n<td>Les 1000 premiers jours, l\u00e0 o\u00f9 tout commence<\/td>\n<td><a href=\"https:\/\/eduscol.education.fr\/document\/58227\/download\" target=\"_blank\" rel=\"noopener\"><span data-path-to-node=\"10,1,2,0\">T\u00e9l\u00e9charger le sujet<\/span><\/a><\/td>\n<td><span data-path-to-node=\"10,1,3,0\"><a class=\"ng-star-inserted\" href=\"https:\/\/eduscol.education.fr\/document\/61082\/download\" target=\"_blank\" rel=\"noopener\" data-hveid=\"0\" data-ved=\"0CAAQ_4QMahgKEwiv1rzYkYiSAxUAAAAAHQAAAAAQpwI\">T\u00e9l\u00e9charger le rapport<\/a><\/span><\/td>\n<\/tr>\n<tr>\n<td><span data-path-to-node=\"10,2,0,0\"><b data-path-to-node=\"10,2,0,0\" data-index-in-node=\"0\">2023<\/b><\/span><\/td>\n<td>Les NEET : un accompagnement vers une sortie positive ?<\/td>\n<td><span data-path-to-node=\"10,2,2,0\"><a class=\"ng-star-inserted\" href=\"https:\/\/eduscol.education.fr\/document\/52086\/download\" target=\"_blank\" rel=\"noopener\" data-hveid=\"0\" data-ved=\"0CAAQ_4QMahgKEwiv1rzYkYiSAxUAAAAAHQAAAAAQqAI\">T\u00e9l\u00e9charger le sujet<\/a><\/span><\/td>\n<td><span data-path-to-node=\"10,2,3,0\"><a class=\"ng-star-inserted\" href=\"https:\/\/eduscol.education.fr\/document\/52146\/download\" target=\"_blank\" rel=\"noopener\" data-hveid=\"0\" data-ved=\"0CAAQ_4QMahgKEwiv1rzYkYiSAxUAAAAAHQAAAAAQqQI\">T\u00e9l\u00e9charger le rapport<\/a><\/span><\/td>\n<\/tr>\n<tr>\n<td><span data-path-to-node=\"10,3,0,0\"><b data-path-to-node=\"10,3,0,0\" data-index-in-node=\"0\">2022<\/b><\/span><\/td>\n<td>Environnement d\u2019aujourd\u2019hui, sant\u00e9 de demain<\/td>\n<td><span data-path-to-node=\"10,3,2,0\"><a class=\"ng-star-inserted\" href=\"https:\/\/eduscol.education.fr\/document\/43580\/download\" target=\"_blank\" rel=\"noopener\" data-hveid=\"0\" data-ved=\"0CAAQ_4QMahgKEwiv1rzYkYiSAxUAAAAAHQAAAAAQqgI\">T\u00e9l\u00e9charger le sujet<\/a><\/span><\/td>\n<td><span data-path-to-node=\"10,3,3,0\"><a class=\"ng-star-inserted\" href=\"https:\/\/eduscol.education.fr\/document\/43348\/download\" target=\"_blank\" rel=\"noopener\" data-hveid=\"0\" data-ved=\"0CAAQ_4QMahgKEwiv1rzYkYiSAxUAAAAAHQAAAAAQqwI\">T\u00e9l\u00e9charger le rapport<\/a><\/span><\/td>\n<\/tr>\n<tr>\n<td><span data-path-to-node=\"10,4,0,0\"><b data-path-to-node=\"10,4,0,0\" data-index-in-node=\"0\">2021<\/b><\/span><\/td>\n<td>Femmes \u00e0 la rue, la solidarit\u00e9 s\u2019organise.<\/td>\n<td><span data-path-to-node=\"10,4,2,0\"><a class=\"ng-star-inserted\" href=\"https:\/\/eduscol.education.fr\/document\/12074\/download\" target=\"_blank\" rel=\"noopener\" data-hveid=\"0\" data-ved=\"0CAAQ_4QMahgKEwiv1rzYkYiSAxUAAAAAHQAAAAAQrAI\">T\u00e9l\u00e9charger le sujet<\/a><\/span><\/td>\n<td><span data-path-to-node=\"10,4,3,0\"><a class=\"ng-star-inserted\" href=\"https:\/\/eduscol.education.fr\/document\/12224\/download\" target=\"_blank\" rel=\"noopener\" data-hveid=\"0\" data-ved=\"0CAAQ_4QMahgKEwiv1rzYkYiSAxUAAAAAHQAAAAAQrQI\">T\u00e9l\u00e9charger le rapport<\/a><\/span><\/td>\n<\/tr>\n<tr>\n<td><\/td>\n<td><\/td>\n<td><\/td>\n<td><\/td>\n<\/tr>\n<\/tbody>\n<\/table>\n<\/div>\n<hr data-path-to-node=\"11\" \/>\n<h2 data-path-to-node=\"12\">\ud83d\udca1 Conseils de pr\u00e9paration pour les \u00e9l\u00e8ves<\/h2>\n<p data-path-to-node=\"13\">La r\u00e9ussite \u00e0 ce concours repose sur trois piliers que l'on retrouve syst\u00e9matiquement dans les commentaires des jurys :<\/p>\n<h3 data-path-to-node=\"14\">1. La ma\u00eetrise des concepts fondamentaux<\/h3>\n<p data-path-to-node=\"15\">Il ne suffit pas de citer les termes de sant\u00e9 et de protection sociale. Il faut savoir les <b data-path-to-node=\"15\" data-index-in-node=\"91\">articuler<\/b>.<\/p>\n<blockquote data-path-to-node=\"16\">\n<p data-path-to-node=\"16,0\"><i data-path-to-node=\"16,0\" data-index-in-node=\"0\">Exemple : Faire le lien entre un d\u00e9terminant social et une in\u00e9galit\u00e9 de sant\u00e9 de mani\u00e8re dynamique.<\/i><\/p>\n<\/blockquote>\n<h3 data-path-to-node=\"17\">2. Une culture d'actualit\u00e9 solide<\/h3>\n<p data-path-to-node=\"18\">Le candidat doit \u00eatre capable d'enrichir sa copie par des exemples d'actualit\u00e9 (plans nationaux de sant\u00e9, rapports de l'OMS, d\u00e9bats sur la solidarit\u00e9 nationale) qui ne figurent pas n\u00e9cessairement dans le dossier documentaire.<\/p>\n<h3 data-path-to-node=\"19\">3. La structure de la r\u00e9ponse<\/h3>\n<p data-path-to-node=\"20\">Le jury valorise les plans coh\u00e9rents, les introductions qui posent une v\u00e9ritable probl\u00e9matique et les conclusions qui ouvrent sur des enjeux de soci\u00e9t\u00e9 plus larges.<\/p>\n<hr data-path-to-node=\"21\" \/>\n<h2 data-path-to-node=\"22\">\ud83d\udd17\u00a0Ressources<\/h2>\n<h4 class=\"title\">Texte de r\u00e9f\u00e9rence sur le concours g\u00e9n\u00e9ral des lyc\u00e9es : dates et organisation<\/h4>\n<ul>\n<li><a title=\"Concours g\u00e9n\u00e9ral des m\u00e9tiers 2025\" href=\"https:\/\/www.education.gouv.fr\/bo\/2025\/Hebdo40\/MENE2524696N\" target=\"_blank\" rel=\"noopener\">Concours g\u00e9n\u00e9ral des m\u00e9tiers : organisation de la session 2026<\/a><\/li>\n<li><a title=\"Concours g\u00e9n\u00e9ral des lyc\u00e9es 2025\" href=\"https:\/\/www.education.gouv.fr\/bo\/2025\/Hebdo40\/MENE2524695N\" target=\"_blank\" rel=\"noopener\">Concours g\u00e9n\u00e9ral des lyc\u00e9es : organisation de la session 2026<\/a><\/li>\n<li>Modification\u00a0<a class=\"chevron\" href=\"https:\/\/www.education.gouv.fr\/pid285\/bulletin_officiel.html?&amp;cid_bo=144694\">arr\u00eat\u00e9 du 28 juin 2019 - J.O. du 26-7-2019<\/a><\/li>\n<\/ul>\n<h3 id=\"edugouv-summary-item-9\" class=\"title\">Site \u00e0 consulter<\/h3>\n<ul>\n<li><strong><span class=\"scayt-misspell-word\">\u00c9duscol : <\/span><\/strong><a href=\"https:\/\/eduscol.education.fr\/1438\/concours-general-des-lycees-et-des-metiers\" target=\"_blank\" rel=\"noopener\">Le concours g\u00e9n\u00e9ral des lyc\u00e9es et des m\u00e9tiers<\/a><\/li>\n<li>\n<p data-path-to-node=\"23,1,0\"><b data-path-to-node=\"23,1,0\" data-index-in-node=\"0\">R\u00e9seau STMS :<\/b> <a class=\"ng-star-inserted\" href=\"https:\/\/stms.ac-versailles.fr\/\" target=\"_blank\" rel=\"noopener\" data-hveid=\"0\" data-ved=\"0CAAQ_4QMahgKEwiv1rzYkYiSAxUAAAAAHQAAAAAQsQI\">Ressources nationales pour la fili\u00e8re ST2S<\/a><\/p>\n<\/li>\n<\/ul>\n<p>&nbsp;<\/p>\n<p>&nbsp;<\/p>\n<p>&nbsp;<\/p>\n<p>&nbsp;<\/p>\n<\/div>\n<\/div><\/div><\/div><\/div><\/div>","protected":false},"excerpt":{"rendered":"<p>Le Concours G\u00e9n\u00e9ral des Lyc\u00e9es en STSS : Ressources et Annales Le Concours g\u00e9n\u00e9ral des lyc\u00e9es a pour vocation de distinguer les meilleurs \u00e9l\u00e8ves des classes de Terminale ST2S. L&rsquo;\u00e9preuve de Sciences et Techniques Sanitaires et Sociales (STSS) sollicite des capacit\u00e9s d&rsquo;analyse, de synth\u00e8se et une grande rigueur dans l&rsquo;argumentation. Pour aider les candidats et&#8230;<\/p>\n<p class=\"more-link-wrap\"><a href=\"https:\/\/sites.ac-nancy-metz.fr\/stss\/st2s\/ressources-pedagogiques\/sujets-du-concours-general-des-lycees\/\" class=\"more-link\">En savoir plus<span class=\"screen-reader-text\"> &ldquo;Sujets du concours g\u00e9n\u00e9ral des lyc\u00e9es&rdquo;<\/span> &raquo;<\/a><\/p>\n","protected":false},"author":1,"featured_media":0,"parent":464,"menu_order":1,"comment_status":"closed","ping_status":"closed","template":"","meta":{"footnotes":""},"class_list":["post-1419","page","type-page","status-publish","hentry"],"yoast_head":"<!-- This site is optimized with the Yoast SEO plugin v24.9 - https:\/\/yoast.com\/wordpress\/plugins\/seo\/ -->\n<title>Sujets du concours g\u00e9n\u00e9ral des lyc\u00e9es - STMS<\/title>\n<meta name=\"robots\" content=\"index, follow, max-snippet:-1, max-image-preview:large, max-video-preview:-1\" \/>\n<link rel=\"canonical\" href=\"https:\/\/sites.ac-nancy-metz.fr\/stss\/st2s\/ressources-pedagogiques\/sujets-du-concours-general-des-lycees\/\" \/>\n<meta property=\"og:locale\" content=\"fr_FR\" \/>\n<meta property=\"og:type\" content=\"article\" \/>\n<meta property=\"og:title\" content=\"Sujets du concours g\u00e9n\u00e9ral des lyc\u00e9es - STMS\" \/>\n<meta property=\"og:description\" content=\"Le Concours G\u00e9n\u00e9ral des Lyc\u00e9es en STSS : Ressources et Annales Le Concours g\u00e9n\u00e9ral des lyc\u00e9es a pour vocation de distinguer les meilleurs \u00e9l\u00e8ves des classes de Terminale ST2S. L&#039;\u00e9preuve de Sciences et Techniques Sanitaires et Sociales (STSS) sollicite des capacit\u00e9s d&#039;analyse, de synth\u00e8se et une grande rigueur dans l&#039;argumentation. Pour aider les candidats et...En savoir plus &ldquo;Sujets du concours g\u00e9n\u00e9ral des lyc\u00e9es&rdquo; &raquo;\" \/>\n<meta property=\"og:url\" content=\"https:\/\/sites.ac-nancy-metz.fr\/stss\/st2s\/ressources-pedagogiques\/sujets-du-concours-general-des-lycees\/\" \/>\n<meta property=\"og:site_name\" content=\"STMS\" \/>\n<meta property=\"article:modified_time\" content=\"2026-01-13T10:59:34+00:00\" \/>\n<meta name=\"twitter:card\" content=\"summary_large_image\" \/>\n<meta name=\"twitter:label1\" content=\"Dur\u00e9e de lecture estim\u00e9e\" \/>\n\t<meta name=\"twitter:data1\" content=\"2 minutes\" \/>\n<script type=\"application\/ld+json\" class=\"yoast-schema-graph\">{\"@context\":\"https:\/\/schema.org\",\"@graph\":[{\"@type\":\"WebPage\",\"@id\":\"https:\/\/sites.ac-nancy-metz.fr\/stss\/st2s\/ressources-pedagogiques\/sujets-du-concours-general-des-lycees\/\",\"url\":\"https:\/\/sites.ac-nancy-metz.fr\/stss\/st2s\/ressources-pedagogiques\/sujets-du-concours-general-des-lycees\/\",\"name\":\"Sujets du concours g\u00e9n\u00e9ral des lyc\u00e9es - STMS\",\"isPartOf\":{\"@id\":\"https:\/\/sites.ac-nancy-metz.fr\/stss\/#website\"},\"datePublished\":\"2026-01-13T08:57:51+00:00\",\"dateModified\":\"2026-01-13T10:59:34+00:00\",\"breadcrumb\":{\"@id\":\"https:\/\/sites.ac-nancy-metz.fr\/stss\/st2s\/ressources-pedagogiques\/sujets-du-concours-general-des-lycees\/#breadcrumb\"},\"inLanguage\":\"fr-FR\",\"potentialAction\":[{\"@type\":\"ReadAction\",\"target\":[\"https:\/\/sites.ac-nancy-metz.fr\/stss\/st2s\/ressources-pedagogiques\/sujets-du-concours-general-des-lycees\/\"]}]},{\"@type\":\"BreadcrumbList\",\"@id\":\"https:\/\/sites.ac-nancy-metz.fr\/stss\/st2s\/ressources-pedagogiques\/sujets-du-concours-general-des-lycees\/#breadcrumb\",\"itemListElement\":[{\"@type\":\"ListItem\",\"position\":1,\"name\":\"Accueil\",\"item\":\"https:\/\/sites.ac-nancy-metz.fr\/stss\/\"},{\"@type\":\"ListItem\",\"position\":2,\"name\":\"ST2S\",\"item\":\"https:\/\/sites.ac-nancy-metz.fr\/stss\/st2s\/\"},{\"@type\":\"ListItem\",\"position\":3,\"name\":\"Ressources p\u00e9dagogiques\",\"item\":\"https:\/\/sites.ac-nancy-metz.fr\/stss\/st2s\/ressources-pedagogiques\/\"},{\"@type\":\"ListItem\",\"position\":4,\"name\":\"Sujets du concours g\u00e9n\u00e9ral des lyc\u00e9es\"}]},{\"@type\":\"WebSite\",\"@id\":\"https:\/\/sites.ac-nancy-metz.fr\/stss\/#website\",\"url\":\"https:\/\/sites.ac-nancy-metz.fr\/stss\/\",\"name\":\"STMS\",\"description\":\" Sciences et Techniques M\u00e9dico-Sociales \",\"publisher\":{\"@id\":\"https:\/\/sites.ac-nancy-metz.fr\/stss\/#organization\"},\"potentialAction\":[{\"@type\":\"SearchAction\",\"target\":{\"@type\":\"EntryPoint\",\"urlTemplate\":\"https:\/\/sites.ac-nancy-metz.fr\/stss\/?s={search_term_string}\"},\"query-input\":{\"@type\":\"PropertyValueSpecification\",\"valueRequired\":true,\"valueName\":\"search_term_string\"}}],\"inLanguage\":\"fr-FR\"},{\"@type\":\"Organization\",\"@id\":\"https:\/\/sites.ac-nancy-metz.fr\/stss\/#organization\",\"name\":\"Sciences et Techniques M\u00e9dico-Sociales\",\"url\":\"https:\/\/sites.ac-nancy-metz.fr\/stss\/\",\"logo\":{\"@type\":\"ImageObject\",\"inLanguage\":\"fr-FR\",\"@id\":\"https:\/\/sites.ac-nancy-metz.fr\/stss\/#\/schema\/logo\/image\/\",\"url\":\"https:\/\/sites.ac-nancy-metz.fr\/stss\/wp-content\/uploads\/2023\/06\/cropped-cropped-logo-ac-nancy-20-e1688052918222.jpg\",\"contentUrl\":\"https:\/\/sites.ac-nancy-metz.fr\/stss\/wp-content\/uploads\/2023\/06\/cropped-cropped-logo-ac-nancy-20-e1688052918222.jpg\",\"width\":100,\"height\":80,\"caption\":\"Sciences et Techniques M\u00e9dico-Sociales\"},\"image\":{\"@id\":\"https:\/\/sites.ac-nancy-metz.fr\/stss\/#\/schema\/logo\/image\/\"}}]}<\/script>\n<!-- \/ Yoast SEO plugin. -->","yoast_head_json":{"title":"Sujets du concours g\u00e9n\u00e9ral des lyc\u00e9es - STMS","robots":{"index":"index","follow":"follow","max-snippet":"max-snippet:-1","max-image-preview":"max-image-preview:large","max-video-preview":"max-video-preview:-1"},"canonical":"https:\/\/sites.ac-nancy-metz.fr\/stss\/st2s\/ressources-pedagogiques\/sujets-du-concours-general-des-lycees\/","og_locale":"fr_FR","og_type":"article","og_title":"Sujets du concours g\u00e9n\u00e9ral des lyc\u00e9es - STMS","og_description":"Le Concours G\u00e9n\u00e9ral des Lyc\u00e9es en STSS : Ressources et Annales Le Concours g\u00e9n\u00e9ral des lyc\u00e9es a pour vocation de distinguer les meilleurs \u00e9l\u00e8ves des classes de Terminale ST2S. L'\u00e9preuve de Sciences et Techniques Sanitaires et Sociales (STSS) sollicite des capacit\u00e9s d'analyse, de synth\u00e8se et une grande rigueur dans l'argumentation. Pour aider les candidats et...En savoir plus &ldquo;Sujets du concours g\u00e9n\u00e9ral des lyc\u00e9es&rdquo; &raquo;","og_url":"https:\/\/sites.ac-nancy-metz.fr\/stss\/st2s\/ressources-pedagogiques\/sujets-du-concours-general-des-lycees\/","og_site_name":"STMS","article_modified_time":"2026-01-13T10:59:34+00:00","twitter_card":"summary_large_image","twitter_misc":{"Dur\u00e9e de lecture estim\u00e9e":"2 minutes"},"schema":{"@context":"https:\/\/schema.org","@graph":[{"@type":"WebPage","@id":"https:\/\/sites.ac-nancy-metz.fr\/stss\/st2s\/ressources-pedagogiques\/sujets-du-concours-general-des-lycees\/","url":"https:\/\/sites.ac-nancy-metz.fr\/stss\/st2s\/ressources-pedagogiques\/sujets-du-concours-general-des-lycees\/","name":"Sujets du concours g\u00e9n\u00e9ral des lyc\u00e9es - STMS","isPartOf":{"@id":"https:\/\/sites.ac-nancy-metz.fr\/stss\/#website"},"datePublished":"2026-01-13T08:57:51+00:00","dateModified":"2026-01-13T10:59:34+00:00","breadcrumb":{"@id":"https:\/\/sites.ac-nancy-metz.fr\/stss\/st2s\/ressources-pedagogiques\/sujets-du-concours-general-des-lycees\/#breadcrumb"},"inLanguage":"fr-FR","potentialAction":[{"@type":"ReadAction","target":["https:\/\/sites.ac-nancy-metz.fr\/stss\/st2s\/ressources-pedagogiques\/sujets-du-concours-general-des-lycees\/"]}]},{"@type":"BreadcrumbList","@id":"https:\/\/sites.ac-nancy-metz.fr\/stss\/st2s\/ressources-pedagogiques\/sujets-du-concours-general-des-lycees\/#breadcrumb","itemListElement":[{"@type":"ListItem","position":1,"name":"Accueil","item":"https:\/\/sites.ac-nancy-metz.fr\/stss\/"},{"@type":"ListItem","position":2,"name":"ST2S","item":"https:\/\/sites.ac-nancy-metz.fr\/stss\/st2s\/"},{"@type":"ListItem","position":3,"name":"Ressources p\u00e9dagogiques","item":"https:\/\/sites.ac-nancy-metz.fr\/stss\/st2s\/ressources-pedagogiques\/"},{"@type":"ListItem","position":4,"name":"Sujets du concours g\u00e9n\u00e9ral des lyc\u00e9es"}]},{"@type":"WebSite","@id":"https:\/\/sites.ac-nancy-metz.fr\/stss\/#website","url":"https:\/\/sites.ac-nancy-metz.fr\/stss\/","name":"STMS","description":" Sciences et Techniques M\u00e9dico-Sociales ","publisher":{"@id":"https:\/\/sites.ac-nancy-metz.fr\/stss\/#organization"},"potentialAction":[{"@type":"SearchAction","target":{"@type":"EntryPoint","urlTemplate":"https:\/\/sites.ac-nancy-metz.fr\/stss\/?s={search_term_string}"},"query-input":{"@type":"PropertyValueSpecification","valueRequired":true,"valueName":"search_term_string"}}],"inLanguage":"fr-FR"},{"@type":"Organization","@id":"https:\/\/sites.ac-nancy-metz.fr\/stss\/#organization","name":"Sciences et Techniques M\u00e9dico-Sociales","url":"https:\/\/sites.ac-nancy-metz.fr\/stss\/","logo":{"@type":"ImageObject","inLanguage":"fr-FR","@id":"https:\/\/sites.ac-nancy-metz.fr\/stss\/#\/schema\/logo\/image\/","url":"https:\/\/sites.ac-nancy-metz.fr\/stss\/wp-content\/uploads\/2023\/06\/cropped-cropped-logo-ac-nancy-20-e1688052918222.jpg","contentUrl":"https:\/\/sites.ac-nancy-metz.fr\/stss\/wp-content\/uploads\/2023\/06\/cropped-cropped-logo-ac-nancy-20-e1688052918222.jpg","width":100,"height":80,"caption":"Sciences et Techniques M\u00e9dico-Sociales"},"image":{"@id":"https:\/\/sites.ac-nancy-metz.fr\/stss\/#\/schema\/logo\/image\/"}}]}},"_links":{"self":[{"href":"https:\/\/sites.ac-nancy-metz.fr\/stss\/wp-json\/wp\/v2\/pages\/1419","targetHints":{"allow":["GET"]}}],"collection":[{"href":"https:\/\/sites.ac-nancy-metz.fr\/stss\/wp-json\/wp\/v2\/pages"}],"about":[{"href":"https:\/\/sites.ac-nancy-metz.fr\/stss\/wp-json\/wp\/v2\/types\/page"}],"author":[{"embeddable":true,"href":"https:\/\/sites.ac-nancy-metz.fr\/stss\/wp-json\/wp\/v2\/users\/1"}],"replies":[{"embeddable":true,"href":"https:\/\/sites.ac-nancy-metz.fr\/stss\/wp-json\/wp\/v2\/comments?post=1419"}],"version-history":[{"count":4,"href":"https:\/\/sites.ac-nancy-metz.fr\/stss\/wp-json\/wp\/v2\/pages\/1419\/revisions"}],"predecessor-version":[{"id":1425,"href":"https:\/\/sites.ac-nancy-metz.fr\/stss\/wp-json\/wp\/v2\/pages\/1419\/revisions\/1425"}],"up":[{"embeddable":true,"href":"https:\/\/sites.ac-nancy-metz.fr\/stss\/wp-json\/wp\/v2\/pages\/464"}],"wp:attachment":[{"href":"https:\/\/sites.ac-nancy-metz.fr\/stss\/wp-json\/wp\/v2\/media?parent=1419"}],"curies":[{"name":"wp","href":"https:\/\/api.w.org\/{rel}","templated":true}]}}