{"id":163,"date":"2023-06-28T15:49:37","date_gmt":"2023-06-28T15:49:37","guid":{"rendered":"https:\/\/sites.ac-nancy-metz.fr\/stss\/?page_id=163"},"modified":"2024-11-17T13:34:06","modified_gmt":"2024-11-17T13:34:06","slug":"orientation","status":"publish","type":"page","link":"https:\/\/sites.ac-nancy-metz.fr\/stss\/st2s\/orientation\/","title":{"rendered":"Orientation"},"content":{"rendered":"<div id=\"pl-163\"  class=\"panel-layout\" ><div id=\"pg-163-0\"  class=\"panel-grid panel-no-style\" ><div id=\"pgc-163-0-0\"  class=\"panel-grid-cell\" ><div id=\"panel-163-0-0-0\" class=\"so-panel widget widget_sow-editor panel-first-child\" data-index=\"0\" ><div\n\t\t\t\n\t\t\tclass=\"so-widget-sow-editor so-widget-sow-editor-base\"\n\t\t\t\n\t\t>\n<div class=\"siteorigin-widget-tinymce textwidget\">\n\t<h2 style=\"text-align: center;\"><a href=\"https:\/\/sites.ac-nancy-metz.fr\/stss\/inspection\/puce-logo-site\/\" rel=\"attachment wp-att-685\"><img loading=\"lazy\" decoding=\"async\" class=\"alignnone size-full wp-image-685\" src=\"https:\/\/sites.ac-nancy-metz.fr\/stss\/wp-content\/uploads\/2023\/08\/puce-logo-site.png\" alt=\"\" width=\"22\" height=\"22\" \/><\/a>\u00a0 La voie technologique<\/h2>\n<p>&nbsp;<\/p>\n<p><iframe class=\"wp-embedded-content\" sandbox=\"allow-scripts\" security=\"restricted\" title=\"La voie technologique Grand Est\" frameborder='0' width='1200' height='675' src='https:\/\/view.genially.com\/604752e0dc1ce00d7ddb26b1#?secret=EA4snWMt9W' data-secret='EA4snWMt9W' scrolling='yes'><\/iframe><\/p>\n<p>&nbsp;<\/p>\n<p>&nbsp;<\/p>\n<p>&nbsp;<\/p>\n<p>&nbsp;<\/p>\n<\/div>\n<\/div><\/div><div id=\"panel-163-0-0-1\" class=\"so-panel widget widget_sow-editor\" data-index=\"1\" ><div\n\t\t\t\n\t\t\tclass=\"so-widget-sow-editor so-widget-sow-editor-base\"\n\t\t\t\n\t\t>\n<div class=\"siteorigin-widget-tinymce textwidget\">\n\t<p>Les m\u00e9tiers du sanitaire et social du Grand Est : <a href=\"https:\/\/www.grandest.fr\/decrocher-emploi\/les-metiers-du-sanitaire-et-social\/?niveau=4&amp;pg=1\" target=\"_blank\" rel=\"noopener\">fiches m\u00e9tiers<\/a><\/p>\n<p>Bourse du secteur sanitaire et social du Grand Est : <a href=\"https:\/\/www.grandest.fr\/vos-aides-regionales\/bourse-secteur-sanitaire-social\/\" target=\"_blank\" rel=\"noopener\">aide r\u00e9gionale<\/a><\/p>\n<div id=\"genially-animated-7d19d192-1437-4139-8b12-4766ef0deac4\" class=\"genially-animated-wrapper\" data-initial-left=\"69.74078255682525px\" data-initial-top=\"100.1507657899032px\" data-item-id=\"7d19d192-1437-4139-8b12-4766ef0deac4\">\n<div id=\"7d19d192-1437-4139-8b12-4766ef0deac4\" class=\"genially-view-item genially-view-text uppercase text-align-right interparagraph_small genially-view-text-indent-list-v4 genially-view-text-indent-paragraph-v5\" data-cy=\"textItemView\" data-genially-id=\"640ee000bde3a60012a1896c\" data-noddus-item-name=\"conditio...\">Conditions de prise en charge des<span style=\"font-size: 1.0625rem;\"> formations du secteur sanitaire et social :\u00a0<a href=\"https:\/\/view.genially.com\/640ee000bde3a60012a1896c\/interactive-content-genially-saso-maj-2403\" target=\"_blank\" rel=\"noopener\">outil de simulation<\/a><\/span><\/div>\n<\/div>\n<div id=\"genially-animated-325eabc3-92e7-4bf7-bb5f-baad03286ff2\" class=\"genially-animated-wrapper\" data-initial-left=\"-376.82873872783114px\" data-initial-top=\"-3.3946251768033946px\" data-item-id=\"325eabc3-92e7-4bf7-bb5f-baad03286ff2\">\n<div class=\"genially-view-absolute\">\n<div id=\"325eabc3-92e7-4bf7-bb5f-baad03286ff2\" class=\"genially-view-item genially-view-image\" data-cy=\"imageItemView\" data-genially-id=\"640ee000bde3a60012a1896c\" data-noddus-item-name=\"Image\"><\/div>\n<\/div>\n<\/div>\n<\/div>\n<\/div><\/div><div id=\"panel-163-0-0-2\" class=\"widget_text so-panel widget widget_custom_html panel-last-child\" data-index=\"2\" ><div class=\"textwidget custom-html-widget\"><br \/> <br \/> <iframe loading=\"lazy\" src=\" https:\/\/agenda.orientest.fr\/?pk_vid=6ff6387b8a7ae23016993016075aaacc#\/ \" width=\"2000pt\" height=\"1000pt\"><\/div><\/div><\/div><\/div><\/div>","protected":false},"excerpt":{"rendered":"<p>\u00a0 La voie technologique &nbsp; https:\/\/view.genial.ly\/604752e0dc1ce00d7ddb26b1 &nbsp; &nbsp; &nbsp; &nbsp; Les m\u00e9tiers du sanitaire et social du Grand Est : fiches m\u00e9tiers Bourse du secteur sanitaire et social du Grand Est : aide r\u00e9gionale Conditions de prise en charge des formations du secteur sanitaire et social :\u00a0outil de simulation<\/p>\n","protected":false},"author":1,"featured_media":0,"parent":47,"menu_order":4,"comment_status":"closed","ping_status":"closed","template":"","meta":{"footnotes":""},"class_list":["post-163","page","type-page","status-publish","hentry"],"yoast_head":"<!-- This site is optimized with the Yoast SEO plugin v24.9 - https:\/\/yoast.com\/wordpress\/plugins\/seo\/ -->\n<title>Orientation - STMS<\/title>\n<meta name=\"robots\" content=\"index, follow, max-snippet:-1, max-image-preview:large, max-video-preview:-1\" \/>\n<link rel=\"canonical\" href=\"https:\/\/sites.ac-nancy-metz.fr\/stss\/st2s\/orientation\/\" \/>\n<meta property=\"og:locale\" content=\"fr_FR\" \/>\n<meta property=\"og:type\" content=\"article\" \/>\n<meta property=\"og:title\" content=\"Orientation - STMS\" \/>\n<meta property=\"og:description\" content=\"\u00a0 La voie technologique &nbsp; https:\/\/view.genial.ly\/604752e0dc1ce00d7ddb26b1 &nbsp; &nbsp; &nbsp; &nbsp; Les m\u00e9tiers du sanitaire et social du Grand Est : fiches m\u00e9tiers Bourse du secteur sanitaire et social du Grand Est : aide r\u00e9gionale Conditions de prise en charge des formations du secteur sanitaire et social :\u00a0outil de simulation\" \/>\n<meta property=\"og:url\" content=\"https:\/\/sites.ac-nancy-metz.fr\/stss\/st2s\/orientation\/\" \/>\n<meta property=\"og:site_name\" content=\"STMS\" \/>\n<meta property=\"article:modified_time\" content=\"2024-11-17T13:34:06+00:00\" \/>\n<meta property=\"og:image\" content=\"https:\/\/sites.ac-nancy-metz.fr\/stss\/wp-content\/uploads\/2023\/08\/puce-logo-site.png\" \/>\n\t<meta property=\"og:image:width\" content=\"22\" \/>\n\t<meta property=\"og:image:height\" content=\"22\" \/>\n\t<meta property=\"og:image:type\" content=\"image\/png\" \/>\n<meta name=\"twitter:card\" content=\"summary_large_image\" \/>\n<meta name=\"twitter:label1\" content=\"Dur\u00e9e de lecture estim\u00e9e\" \/>\n\t<meta name=\"twitter:data1\" content=\"1 minute\" \/>\n<script type=\"application\/ld+json\" class=\"yoast-schema-graph\">{\"@context\":\"https:\/\/schema.org\",\"@graph\":[{\"@type\":\"WebPage\",\"@id\":\"https:\/\/sites.ac-nancy-metz.fr\/stss\/st2s\/orientation\/\",\"url\":\"https:\/\/sites.ac-nancy-metz.fr\/stss\/st2s\/orientation\/\",\"name\":\"Orientation - STMS\",\"isPartOf\":{\"@id\":\"https:\/\/sites.ac-nancy-metz.fr\/stss\/#website\"},\"primaryImageOfPage\":{\"@id\":\"https:\/\/sites.ac-nancy-metz.fr\/stss\/st2s\/orientation\/#primaryimage\"},\"image\":{\"@id\":\"https:\/\/sites.ac-nancy-metz.fr\/stss\/st2s\/orientation\/#primaryimage\"},\"thumbnailUrl\":\"https:\/\/sites.ac-nancy-metz.fr\/stss\/wp-content\/uploads\/2023\/08\/puce-logo-site.png\",\"datePublished\":\"2023-06-28T15:49:37+00:00\",\"dateModified\":\"2024-11-17T13:34:06+00:00\",\"breadcrumb\":{\"@id\":\"https:\/\/sites.ac-nancy-metz.fr\/stss\/st2s\/orientation\/#breadcrumb\"},\"inLanguage\":\"fr-FR\",\"potentialAction\":[{\"@type\":\"ReadAction\",\"target\":[\"https:\/\/sites.ac-nancy-metz.fr\/stss\/st2s\/orientation\/\"]}]},{\"@type\":\"ImageObject\",\"inLanguage\":\"fr-FR\",\"@id\":\"https:\/\/sites.ac-nancy-metz.fr\/stss\/st2s\/orientation\/#primaryimage\",\"url\":\"https:\/\/sites.ac-nancy-metz.fr\/stss\/wp-content\/uploads\/2023\/08\/puce-logo-site.png\",\"contentUrl\":\"https:\/\/sites.ac-nancy-metz.fr\/stss\/wp-content\/uploads\/2023\/08\/puce-logo-site.png\",\"width\":22,\"height\":22},{\"@type\":\"BreadcrumbList\",\"@id\":\"https:\/\/sites.ac-nancy-metz.fr\/stss\/st2s\/orientation\/#breadcrumb\",\"itemListElement\":[{\"@type\":\"ListItem\",\"position\":1,\"name\":\"Accueil\",\"item\":\"https:\/\/sites.ac-nancy-metz.fr\/stss\/\"},{\"@type\":\"ListItem\",\"position\":2,\"name\":\"ST2S\",\"item\":\"https:\/\/sites.ac-nancy-metz.fr\/stss\/st2s\/\"},{\"@type\":\"ListItem\",\"position\":3,\"name\":\"Orientation\"}]},{\"@type\":\"WebSite\",\"@id\":\"https:\/\/sites.ac-nancy-metz.fr\/stss\/#website\",\"url\":\"https:\/\/sites.ac-nancy-metz.fr\/stss\/\",\"name\":\"STMS\",\"description\":\" Sciences et Techniques M\u00e9dico-Sociales \",\"publisher\":{\"@id\":\"https:\/\/sites.ac-nancy-metz.fr\/stss\/#organization\"},\"potentialAction\":[{\"@type\":\"SearchAction\",\"target\":{\"@type\":\"EntryPoint\",\"urlTemplate\":\"https:\/\/sites.ac-nancy-metz.fr\/stss\/?s={search_term_string}\"},\"query-input\":{\"@type\":\"PropertyValueSpecification\",\"valueRequired\":true,\"valueName\":\"search_term_string\"}}],\"inLanguage\":\"fr-FR\"},{\"@type\":\"Organization\",\"@id\":\"https:\/\/sites.ac-nancy-metz.fr\/stss\/#organization\",\"name\":\"Sciences et Techniques M\u00e9dico-Sociales\",\"url\":\"https:\/\/sites.ac-nancy-metz.fr\/stss\/\",\"logo\":{\"@type\":\"ImageObject\",\"inLanguage\":\"fr-FR\",\"@id\":\"https:\/\/sites.ac-nancy-metz.fr\/stss\/#\/schema\/logo\/image\/\",\"url\":\"https:\/\/sites.ac-nancy-metz.fr\/stss\/wp-content\/uploads\/2023\/06\/cropped-cropped-logo-ac-nancy-20-e1688052918222.jpg\",\"contentUrl\":\"https:\/\/sites.ac-nancy-metz.fr\/stss\/wp-content\/uploads\/2023\/06\/cropped-cropped-logo-ac-nancy-20-e1688052918222.jpg\",\"width\":100,\"height\":80,\"caption\":\"Sciences et Techniques M\u00e9dico-Sociales\"},\"image\":{\"@id\":\"https:\/\/sites.ac-nancy-metz.fr\/stss\/#\/schema\/logo\/image\/\"}}]}<\/script>\n<!-- \/ Yoast SEO plugin. -->","yoast_head_json":{"title":"Orientation - STMS","robots":{"index":"index","follow":"follow","max-snippet":"max-snippet:-1","max-image-preview":"max-image-preview:large","max-video-preview":"max-video-preview:-1"},"canonical":"https:\/\/sites.ac-nancy-metz.fr\/stss\/st2s\/orientation\/","og_locale":"fr_FR","og_type":"article","og_title":"Orientation - STMS","og_description":"\u00a0 La voie technologique &nbsp; https:\/\/view.genial.ly\/604752e0dc1ce00d7ddb26b1 &nbsp; &nbsp; &nbsp; &nbsp; Les m\u00e9tiers du sanitaire et social du Grand Est : fiches m\u00e9tiers Bourse du secteur sanitaire et social du Grand Est : aide r\u00e9gionale Conditions de prise en charge des formations du secteur sanitaire et social :\u00a0outil de simulation","og_url":"https:\/\/sites.ac-nancy-metz.fr\/stss\/st2s\/orientation\/","og_site_name":"STMS","article_modified_time":"2024-11-17T13:34:06+00:00","og_image":[{"width":22,"height":22,"url":"https:\/\/sites.ac-nancy-metz.fr\/stss\/wp-content\/uploads\/2023\/08\/puce-logo-site.png","type":"image\/png"}],"twitter_card":"summary_large_image","twitter_misc":{"Dur\u00e9e de lecture estim\u00e9e":"1 minute"},"schema":{"@context":"https:\/\/schema.org","@graph":[{"@type":"WebPage","@id":"https:\/\/sites.ac-nancy-metz.fr\/stss\/st2s\/orientation\/","url":"https:\/\/sites.ac-nancy-metz.fr\/stss\/st2s\/orientation\/","name":"Orientation - STMS","isPartOf":{"@id":"https:\/\/sites.ac-nancy-metz.fr\/stss\/#website"},"primaryImageOfPage":{"@id":"https:\/\/sites.ac-nancy-metz.fr\/stss\/st2s\/orientation\/#primaryimage"},"image":{"@id":"https:\/\/sites.ac-nancy-metz.fr\/stss\/st2s\/orientation\/#primaryimage"},"thumbnailUrl":"https:\/\/sites.ac-nancy-metz.fr\/stss\/wp-content\/uploads\/2023\/08\/puce-logo-site.png","datePublished":"2023-06-28T15:49:37+00:00","dateModified":"2024-11-17T13:34:06+00:00","breadcrumb":{"@id":"https:\/\/sites.ac-nancy-metz.fr\/stss\/st2s\/orientation\/#breadcrumb"},"inLanguage":"fr-FR","potentialAction":[{"@type":"ReadAction","target":["https:\/\/sites.ac-nancy-metz.fr\/stss\/st2s\/orientation\/"]}]},{"@type":"ImageObject","inLanguage":"fr-FR","@id":"https:\/\/sites.ac-nancy-metz.fr\/stss\/st2s\/orientation\/#primaryimage","url":"https:\/\/sites.ac-nancy-metz.fr\/stss\/wp-content\/uploads\/2023\/08\/puce-logo-site.png","contentUrl":"https:\/\/sites.ac-nancy-metz.fr\/stss\/wp-content\/uploads\/2023\/08\/puce-logo-site.png","width":22,"height":22},{"@type":"BreadcrumbList","@id":"https:\/\/sites.ac-nancy-metz.fr\/stss\/st2s\/orientation\/#breadcrumb","itemListElement":[{"@type":"ListItem","position":1,"name":"Accueil","item":"https:\/\/sites.ac-nancy-metz.fr\/stss\/"},{"@type":"ListItem","position":2,"name":"ST2S","item":"https:\/\/sites.ac-nancy-metz.fr\/stss\/st2s\/"},{"@type":"ListItem","position":3,"name":"Orientation"}]},{"@type":"WebSite","@id":"https:\/\/sites.ac-nancy-metz.fr\/stss\/#website","url":"https:\/\/sites.ac-nancy-metz.fr\/stss\/","name":"STMS","description":" Sciences et Techniques M\u00e9dico-Sociales ","publisher":{"@id":"https:\/\/sites.ac-nancy-metz.fr\/stss\/#organization"},"potentialAction":[{"@type":"SearchAction","target":{"@type":"EntryPoint","urlTemplate":"https:\/\/sites.ac-nancy-metz.fr\/stss\/?s={search_term_string}"},"query-input":{"@type":"PropertyValueSpecification","valueRequired":true,"valueName":"search_term_string"}}],"inLanguage":"fr-FR"},{"@type":"Organization","@id":"https:\/\/sites.ac-nancy-metz.fr\/stss\/#organization","name":"Sciences et Techniques M\u00e9dico-Sociales","url":"https:\/\/sites.ac-nancy-metz.fr\/stss\/","logo":{"@type":"ImageObject","inLanguage":"fr-FR","@id":"https:\/\/sites.ac-nancy-metz.fr\/stss\/#\/schema\/logo\/image\/","url":"https:\/\/sites.ac-nancy-metz.fr\/stss\/wp-content\/uploads\/2023\/06\/cropped-cropped-logo-ac-nancy-20-e1688052918222.jpg","contentUrl":"https:\/\/sites.ac-nancy-metz.fr\/stss\/wp-content\/uploads\/2023\/06\/cropped-cropped-logo-ac-nancy-20-e1688052918222.jpg","width":100,"height":80,"caption":"Sciences et Techniques M\u00e9dico-Sociales"},"image":{"@id":"https:\/\/sites.ac-nancy-metz.fr\/stss\/#\/schema\/logo\/image\/"}}]}},"_links":{"self":[{"href":"https:\/\/sites.ac-nancy-metz.fr\/stss\/wp-json\/wp\/v2\/pages\/163","targetHints":{"allow":["GET"]}}],"collection":[{"href":"https:\/\/sites.ac-nancy-metz.fr\/stss\/wp-json\/wp\/v2\/pages"}],"about":[{"href":"https:\/\/sites.ac-nancy-metz.fr\/stss\/wp-json\/wp\/v2\/types\/page"}],"author":[{"embeddable":true,"href":"https:\/\/sites.ac-nancy-metz.fr\/stss\/wp-json\/wp\/v2\/users\/1"}],"replies":[{"embeddable":true,"href":"https:\/\/sites.ac-nancy-metz.fr\/stss\/wp-json\/wp\/v2\/comments?post=163"}],"version-history":[{"count":16,"href":"https:\/\/sites.ac-nancy-metz.fr\/stss\/wp-json\/wp\/v2\/pages\/163\/revisions"}],"predecessor-version":[{"id":170,"href":"https:\/\/sites.ac-nancy-metz.fr\/stss\/wp-json\/wp\/v2\/pages\/163\/revisions\/170"}],"up":[{"embeddable":true,"href":"https:\/\/sites.ac-nancy-metz.fr\/stss\/wp-json\/wp\/v2\/pages\/47"}],"wp:attachment":[{"href":"https:\/\/sites.ac-nancy-metz.fr\/stss\/wp-json\/wp\/v2\/media?parent=163"}],"curies":[{"name":"wp","href":"https:\/\/api.w.org\/{rel}","templated":true}]}}