{"id":179,"date":"2023-06-29T13:48:15","date_gmt":"2023-06-29T13:48:15","guid":{"rendered":"https:\/\/sites.ac-nancy-metz.fr\/stss\/?page_id=179"},"modified":"2025-10-09T16:32:23","modified_gmt":"2025-10-09T16:32:23","slug":"edubase","status":"publish","type":"page","link":"https:\/\/sites.ac-nancy-metz.fr\/stss\/numeriques\/edubase\/","title":{"rendered":"EduBase"},"content":{"rendered":"<div id=\"pl-179\"  class=\"panel-layout\" ><div id=\"pg-179-0\"  class=\"panel-grid panel-no-style\" ><div id=\"pgc-179-0-0\"  class=\"panel-grid-cell\" ><div id=\"panel-179-0-0-0\" class=\"so-panel widget widget_sow-editor panel-first-child panel-last-child\" data-index=\"0\" ><div\n\t\t\t\n\t\t\tclass=\"so-widget-sow-editor so-widget-sow-editor-base\"\n\t\t\t\n\t\t>\n<div class=\"siteorigin-widget-tinymce textwidget\">\n\t<p>&nbsp;<\/p>\n<ul>\n<li><a href=\"https:\/\/www.pedagogie.ac-aix-marseille.fr\/jcms\/c_11276038\/fr\/traam-24-25-generer-un-guide-de-revision-de-cours-avec-l-intelligence-artificielle?details=true&amp;details=true\" target=\"_blank\" rel=\"noopener\">TraAM G\u00e9n\u00e9rer un guide de r\u00e9vision de cours avec l\u2019intelligence artificielle<\/a> : niveau BTS<\/li>\n<li><a href=\"https:\/\/www.pedagogie.ac-aix-marseille.fr\/jcms\/c_11276134\/fr\/traam-24-25-sensibilisation-a-l-usage-de-l-intelligence-artificielle-dans-les-etudes-et-le-travail-social\" target=\"_blank\" rel=\"noopener\">TraAM Sensibilisation \u00e0 l\u2019usage de l\u2019intelligence artificielle dans les \u00e9tudes et le travail social<\/a> : niveau DE CESF<\/li>\n<li><a href=\"https:\/\/pedagogie.ac-reims.fr\/index.php\/biotec-bioch-lycee\/enseigner-biotech-bioch-lycee\/item\/6366-comment-integrer-l-ia-dans-nos-pratiques-pedagogiques-un-exemple-de-parcours-propose-en-classe-inversee-pour-former-les-eleves-a-l-utilisation-de-l-ia\" target=\"_blank\" rel=\"noopener\">TraAM Comment int\u00e9grer l'IA dans nos pratiques p\u00e9dagogiques ?<\/a> Un exemple de parcours propos\u00e9 en classe invers\u00e9e pour former les \u00e9l\u00e8ves \u00e0 l'utilisation de l'IA<\/li>\n<li><a href=\"https:\/\/site.ac-martinique.fr\/bss\/?p=4439\" target=\"_blank\" rel=\"noopener\">TraAM Favoriser la d\u00e9marche de projet avec le num\u00e9rique<\/a> : Au\u00a0fil des diff\u00e9rentes \u00e9tapes de la d\u00e9marche de projet, les apprenants d\u00e9veloppent des comp\u00e9tences en communication, collaboration, auto\u00e9valuation et rendre compte.<\/li>\n<li><a href=\"https:\/\/pedagogie.ac-montpellier.fr\/aide-la-differenciation-pedagogique-grace-lia\" target=\"_blank\" rel=\"noopener\">TraAM Aide \u00e0 la diff\u00e9renciation p\u00e9dagogique gr\u00e2ce \u00e0 l'IA<\/a> : l'IA permet \u00e0 l'enseignant d'acc\u00e9l\u00e9rer la conception d'activit\u00e9s permettant une diff\u00e9renciation p\u00e9dagogique. Ce travail est inspir\u00e9 du webinaire de Micka\u00ebl Bertrand \"Une heure pour d\u00e9couvrir\" la diff\u00e9renciation p\u00e9dagogique assist\u00e9e par l'IA du 5 d\u00e9cembre 2024<\/li>\n<li><a href=\"TRaAM - BTS SP3S BC3 \u2013 Politique de l\u2019emploi et dispositifs\u2013 Prosper TOE -Acad\u00e9mie de Lille\">TraAM Le sc\u00e9nario p\u00e9dagogique sur les dispositifs en faveur des demandeurs d\u2019emploi du territoire des Hauts de France<\/a> : Niveau BTS SP3S<\/li>\n<\/ul>\n<p>Les activit\u00e9s propos\u00e9es s\u2019inscrivent dans le th\u00e8me de la politique de l\u2019emploi, du \u00ab bloc de comp\u00e9tences 3 : Contribuer \u00e0 la mise en \u0153uvre de la politique de la structure sur le territoire en vue de concevoir des r\u00e9ponses adapt\u00e9es aux enjeux de soci\u00e9t\u00e9 \u00bb<\/p>\n<\/div>\n<\/div><\/div><\/div><\/div><\/div>","protected":false},"excerpt":{"rendered":"<p>&nbsp; TraAM G\u00e9n\u00e9rer un guide de r\u00e9vision de cours avec l\u2019intelligence artificielle : niveau BTS TraAM Sensibilisation \u00e0 l\u2019usage de l\u2019intelligence artificielle dans les \u00e9tudes et le travail social : niveau DE CESF TraAM Comment int\u00e9grer l&rsquo;IA dans nos pratiques p\u00e9dagogiques ? Un exemple de parcours propos\u00e9 en classe invers\u00e9e pour former les \u00e9l\u00e8ves \u00e0&#8230;<\/p>\n<p class=\"more-link-wrap\"><a href=\"https:\/\/sites.ac-nancy-metz.fr\/stss\/numeriques\/edubase\/\" class=\"more-link\">En savoir plus<span class=\"screen-reader-text\"> &ldquo;EduBase&rdquo;<\/span> &raquo;<\/a><\/p>\n","protected":false},"author":1,"featured_media":0,"parent":59,"menu_order":3,"comment_status":"closed","ping_status":"closed","template":"","meta":{"footnotes":""},"class_list":["post-179","page","type-page","status-publish","hentry"],"yoast_head":"<!-- This site is optimized with the Yoast SEO plugin v24.9 - https:\/\/yoast.com\/wordpress\/plugins\/seo\/ -->\n<title>EduBase - STMS<\/title>\n<meta name=\"robots\" content=\"index, follow, max-snippet:-1, max-image-preview:large, max-video-preview:-1\" \/>\n<link rel=\"canonical\" href=\"https:\/\/sites.ac-nancy-metz.fr\/stss\/numeriques\/edubase\/\" \/>\n<meta property=\"og:locale\" content=\"fr_FR\" \/>\n<meta property=\"og:type\" content=\"article\" \/>\n<meta property=\"og:title\" content=\"EduBase - STMS\" \/>\n<meta property=\"og:description\" content=\"&nbsp; TraAM G\u00e9n\u00e9rer un guide de r\u00e9vision de cours avec l\u2019intelligence artificielle : niveau BTS TraAM Sensibilisation \u00e0 l\u2019usage de l\u2019intelligence artificielle dans les \u00e9tudes et le travail social : niveau DE CESF TraAM Comment int\u00e9grer l&#039;IA dans nos pratiques p\u00e9dagogiques ? Un exemple de parcours propos\u00e9 en classe invers\u00e9e pour former les \u00e9l\u00e8ves \u00e0...En savoir plus &ldquo;EduBase&rdquo; &raquo;\" \/>\n<meta property=\"og:url\" content=\"https:\/\/sites.ac-nancy-metz.fr\/stss\/numeriques\/edubase\/\" \/>\n<meta property=\"og:site_name\" content=\"STMS\" \/>\n<meta property=\"article:modified_time\" content=\"2025-10-09T16:32:23+00:00\" \/>\n<meta name=\"twitter:card\" content=\"summary_large_image\" \/>\n<meta name=\"twitter:label1\" content=\"Dur\u00e9e de lecture estim\u00e9e\" \/>\n\t<meta name=\"twitter:data1\" content=\"1 minute\" \/>\n<script type=\"application\/ld+json\" class=\"yoast-schema-graph\">{\"@context\":\"https:\/\/schema.org\",\"@graph\":[{\"@type\":\"WebPage\",\"@id\":\"https:\/\/sites.ac-nancy-metz.fr\/stss\/numeriques\/edubase\/\",\"url\":\"https:\/\/sites.ac-nancy-metz.fr\/stss\/numeriques\/edubase\/\",\"name\":\"EduBase - STMS\",\"isPartOf\":{\"@id\":\"https:\/\/sites.ac-nancy-metz.fr\/stss\/#website\"},\"datePublished\":\"2023-06-29T13:48:15+00:00\",\"dateModified\":\"2025-10-09T16:32:23+00:00\",\"breadcrumb\":{\"@id\":\"https:\/\/sites.ac-nancy-metz.fr\/stss\/numeriques\/edubase\/#breadcrumb\"},\"inLanguage\":\"fr-FR\",\"potentialAction\":[{\"@type\":\"ReadAction\",\"target\":[\"https:\/\/sites.ac-nancy-metz.fr\/stss\/numeriques\/edubase\/\"]}]},{\"@type\":\"BreadcrumbList\",\"@id\":\"https:\/\/sites.ac-nancy-metz.fr\/stss\/numeriques\/edubase\/#breadcrumb\",\"itemListElement\":[{\"@type\":\"ListItem\",\"position\":1,\"name\":\"Accueil\",\"item\":\"https:\/\/sites.ac-nancy-metz.fr\/stss\/\"},{\"@type\":\"ListItem\",\"position\":2,\"name\":\"Num\u00e9rique\",\"item\":\"https:\/\/sites.ac-nancy-metz.fr\/stss\/numeriques\/\"},{\"@type\":\"ListItem\",\"position\":3,\"name\":\"EduBase\"}]},{\"@type\":\"WebSite\",\"@id\":\"https:\/\/sites.ac-nancy-metz.fr\/stss\/#website\",\"url\":\"https:\/\/sites.ac-nancy-metz.fr\/stss\/\",\"name\":\"STMS\",\"description\":\" Sciences et Techniques M\u00e9dico-Sociales \",\"publisher\":{\"@id\":\"https:\/\/sites.ac-nancy-metz.fr\/stss\/#organization\"},\"potentialAction\":[{\"@type\":\"SearchAction\",\"target\":{\"@type\":\"EntryPoint\",\"urlTemplate\":\"https:\/\/sites.ac-nancy-metz.fr\/stss\/?s={search_term_string}\"},\"query-input\":{\"@type\":\"PropertyValueSpecification\",\"valueRequired\":true,\"valueName\":\"search_term_string\"}}],\"inLanguage\":\"fr-FR\"},{\"@type\":\"Organization\",\"@id\":\"https:\/\/sites.ac-nancy-metz.fr\/stss\/#organization\",\"name\":\"Sciences et Techniques M\u00e9dico-Sociales\",\"url\":\"https:\/\/sites.ac-nancy-metz.fr\/stss\/\",\"logo\":{\"@type\":\"ImageObject\",\"inLanguage\":\"fr-FR\",\"@id\":\"https:\/\/sites.ac-nancy-metz.fr\/stss\/#\/schema\/logo\/image\/\",\"url\":\"https:\/\/sites.ac-nancy-metz.fr\/stss\/wp-content\/uploads\/2023\/06\/cropped-cropped-logo-ac-nancy-20-e1688052918222.jpg\",\"contentUrl\":\"https:\/\/sites.ac-nancy-metz.fr\/stss\/wp-content\/uploads\/2023\/06\/cropped-cropped-logo-ac-nancy-20-e1688052918222.jpg\",\"width\":100,\"height\":80,\"caption\":\"Sciences et Techniques M\u00e9dico-Sociales\"},\"image\":{\"@id\":\"https:\/\/sites.ac-nancy-metz.fr\/stss\/#\/schema\/logo\/image\/\"}}]}<\/script>\n<!-- \/ Yoast SEO plugin. -->","yoast_head_json":{"title":"EduBase - STMS","robots":{"index":"index","follow":"follow","max-snippet":"max-snippet:-1","max-image-preview":"max-image-preview:large","max-video-preview":"max-video-preview:-1"},"canonical":"https:\/\/sites.ac-nancy-metz.fr\/stss\/numeriques\/edubase\/","og_locale":"fr_FR","og_type":"article","og_title":"EduBase - STMS","og_description":"&nbsp; TraAM G\u00e9n\u00e9rer un guide de r\u00e9vision de cours avec l\u2019intelligence artificielle : niveau BTS TraAM Sensibilisation \u00e0 l\u2019usage de l\u2019intelligence artificielle dans les \u00e9tudes et le travail social : niveau DE CESF TraAM Comment int\u00e9grer l'IA dans nos pratiques p\u00e9dagogiques ? Un exemple de parcours propos\u00e9 en classe invers\u00e9e pour former les \u00e9l\u00e8ves \u00e0...En savoir plus &ldquo;EduBase&rdquo; &raquo;","og_url":"https:\/\/sites.ac-nancy-metz.fr\/stss\/numeriques\/edubase\/","og_site_name":"STMS","article_modified_time":"2025-10-09T16:32:23+00:00","twitter_card":"summary_large_image","twitter_misc":{"Dur\u00e9e de lecture estim\u00e9e":"1 minute"},"schema":{"@context":"https:\/\/schema.org","@graph":[{"@type":"WebPage","@id":"https:\/\/sites.ac-nancy-metz.fr\/stss\/numeriques\/edubase\/","url":"https:\/\/sites.ac-nancy-metz.fr\/stss\/numeriques\/edubase\/","name":"EduBase - STMS","isPartOf":{"@id":"https:\/\/sites.ac-nancy-metz.fr\/stss\/#website"},"datePublished":"2023-06-29T13:48:15+00:00","dateModified":"2025-10-09T16:32:23+00:00","breadcrumb":{"@id":"https:\/\/sites.ac-nancy-metz.fr\/stss\/numeriques\/edubase\/#breadcrumb"},"inLanguage":"fr-FR","potentialAction":[{"@type":"ReadAction","target":["https:\/\/sites.ac-nancy-metz.fr\/stss\/numeriques\/edubase\/"]}]},{"@type":"BreadcrumbList","@id":"https:\/\/sites.ac-nancy-metz.fr\/stss\/numeriques\/edubase\/#breadcrumb","itemListElement":[{"@type":"ListItem","position":1,"name":"Accueil","item":"https:\/\/sites.ac-nancy-metz.fr\/stss\/"},{"@type":"ListItem","position":2,"name":"Num\u00e9rique","item":"https:\/\/sites.ac-nancy-metz.fr\/stss\/numeriques\/"},{"@type":"ListItem","position":3,"name":"EduBase"}]},{"@type":"WebSite","@id":"https:\/\/sites.ac-nancy-metz.fr\/stss\/#website","url":"https:\/\/sites.ac-nancy-metz.fr\/stss\/","name":"STMS","description":" Sciences et Techniques M\u00e9dico-Sociales ","publisher":{"@id":"https:\/\/sites.ac-nancy-metz.fr\/stss\/#organization"},"potentialAction":[{"@type":"SearchAction","target":{"@type":"EntryPoint","urlTemplate":"https:\/\/sites.ac-nancy-metz.fr\/stss\/?s={search_term_string}"},"query-input":{"@type":"PropertyValueSpecification","valueRequired":true,"valueName":"search_term_string"}}],"inLanguage":"fr-FR"},{"@type":"Organization","@id":"https:\/\/sites.ac-nancy-metz.fr\/stss\/#organization","name":"Sciences et Techniques M\u00e9dico-Sociales","url":"https:\/\/sites.ac-nancy-metz.fr\/stss\/","logo":{"@type":"ImageObject","inLanguage":"fr-FR","@id":"https:\/\/sites.ac-nancy-metz.fr\/stss\/#\/schema\/logo\/image\/","url":"https:\/\/sites.ac-nancy-metz.fr\/stss\/wp-content\/uploads\/2023\/06\/cropped-cropped-logo-ac-nancy-20-e1688052918222.jpg","contentUrl":"https:\/\/sites.ac-nancy-metz.fr\/stss\/wp-content\/uploads\/2023\/06\/cropped-cropped-logo-ac-nancy-20-e1688052918222.jpg","width":100,"height":80,"caption":"Sciences et Techniques M\u00e9dico-Sociales"},"image":{"@id":"https:\/\/sites.ac-nancy-metz.fr\/stss\/#\/schema\/logo\/image\/"}}]}},"_links":{"self":[{"href":"https:\/\/sites.ac-nancy-metz.fr\/stss\/wp-json\/wp\/v2\/pages\/179","targetHints":{"allow":["GET"]}}],"collection":[{"href":"https:\/\/sites.ac-nancy-metz.fr\/stss\/wp-json\/wp\/v2\/pages"}],"about":[{"href":"https:\/\/sites.ac-nancy-metz.fr\/stss\/wp-json\/wp\/v2\/types\/page"}],"author":[{"embeddable":true,"href":"https:\/\/sites.ac-nancy-metz.fr\/stss\/wp-json\/wp\/v2\/users\/1"}],"replies":[{"embeddable":true,"href":"https:\/\/sites.ac-nancy-metz.fr\/stss\/wp-json\/wp\/v2\/comments?post=179"}],"version-history":[{"count":29,"href":"https:\/\/sites.ac-nancy-metz.fr\/stss\/wp-json\/wp\/v2\/pages\/179\/revisions"}],"predecessor-version":[{"id":1404,"href":"https:\/\/sites.ac-nancy-metz.fr\/stss\/wp-json\/wp\/v2\/pages\/179\/revisions\/1404"}],"up":[{"embeddable":true,"href":"https:\/\/sites.ac-nancy-metz.fr\/stss\/wp-json\/wp\/v2\/pages\/59"}],"wp:attachment":[{"href":"https:\/\/sites.ac-nancy-metz.fr\/stss\/wp-json\/wp\/v2\/media?parent=179"}],"curies":[{"name":"wp","href":"https:\/\/api.w.org\/{rel}","templated":true}]}}