{"id":256,"date":"2023-06-29T17:13:29","date_gmt":"2023-06-29T17:13:29","guid":{"rendered":"https:\/\/sites.ac-nancy-metz.fr\/stss\/?page_id=256"},"modified":"2026-01-16T14:01:54","modified_gmt":"2026-01-16T14:01:54","slug":"projets-en-etablissements-2","status":"publish","type":"page","link":"https:\/\/sites.ac-nancy-metz.fr\/stss\/projets-en-etablissements\/projets-en-etablissements-2\/","title":{"rendered":"En \u00e9tablissements"},"content":{"rendered":"<div id=\"pl-256\"  class=\"panel-layout\" ><div id=\"pg-256-0\"  class=\"panel-grid panel-no-style\" ><div id=\"pgc-256-0-0\"  class=\"panel-grid-cell\" ><div id=\"panel-256-0-0-0\" class=\"so-panel widget widget_sow-editor panel-first-child\" data-index=\"0\" ><div\n\t\t\t\n\t\t\tclass=\"so-widget-sow-editor so-widget-sow-editor-base\"\n\t\t\t\n\t\t><h3 class=\"widget-title\">Pr\u00e9sentation des projets p\u00e9dagogiques mis en valeur dans l'acad\u00e9mie de Nancy<\/h3>\n<div class=\"siteorigin-widget-tinymce textwidget\">\n\t<\/div>\n<\/div><\/div><div id=\"panel-256-0-0-1\" class=\"widget_text so-panel widget widget_custom_html panel-last-child\" data-index=\"1\" ><div class=\"textwidget custom-html-widget\">\n<table id=\"tablepress-5\" class=\"tablepress tablepress-id-5\">\n<thead>\n<tr class=\"row-1 odd\">\n\t<th class=\"column-1\">Projet<\/th><th class=\"column-2\">Etablissement<\/th><th class=\"column-3\">Th\u00e9matique<\/th>\n<\/tr>\n<\/thead>\n<tbody class=\"row-hover\">\n<tr class=\"row-2 even\">\n\t<td class=\"column-1\"><a href=\"https:\/\/sites.ac-nancy-metz.fr\/stss\/wp-content\/uploads\/2023\/10\/Action-handicap-Lapicque.pdf\" target=\"_blank\" rel=\"noopener\">Changer le regard sur le handicap<\/a><\/td><td class=\"column-2\">Lapicque<\/td><td class=\"column-3\">Intervention d\u2019un enseignant en APA, de deux stagiaires en licence de sport et d\u2019une personne faisant un service civique afin de sensibiliser les \u00e9l\u00e8ves au handicap<\/td>\n<\/tr>\n<tr class=\"row-3 odd\">\n\t<td class=\"column-1\"><a href=\"https:\/\/sites.ac-nancy-metz.fr\/stss\/wp-content\/uploads\/2026\/01\/Article-Voyage-ESF.pdf\" target=\"_blank\" rel=\"noopener\">Voyage BTSESF au chalet\u201cAtoutvent<\/a><\/td><td class=\"column-2\">Lapicque<\/td><td class=\"column-3\">Un voyage ayant pour objectif de favoriser la coh\u00e9sion entre les \u00e9l\u00e8ves, de d\u00e9velopper le vivre ensemble et de permettre des apprentissages concrets en situation r\u00e9elle<\/td>\n<\/tr>\n<tr class=\"row-4 even\">\n\t<td class=\"column-1\"><a href=\"https:\/\/sites.ac-nancy-metz.fr\/stss\/wp-content\/uploads\/2026\/01\/Projet-action-CMSEA.pdf\" target=\"_blank\" rel=\"noopener\">Visite du p\u00f4le pr\u00e9vention sp\u00e9cialis\u00e9e du CMSEA<\/a><\/td><td class=\"column-2\">Anne de M\u00e9jan\u00e8s<\/td><td class=\"column-3\">Le p\u00f4le pr\u00e9vention sp\u00e9cialis\u00e9e du CMSEA Metz Pontiffroy agit dans le cadre de la protection de l\u2019enfance et vise \u00e0 pr\u00e9venir la marginalisation des jeunes et des familles. Il m\u00e8ne des actions \u00e9ducatives et sociales pour favoriser l\u2019insertion, la participation \u00e0 la vie locale et l\u2019\u00e9panouissement des jeunes en difficult\u00e9. Le projet s\u2019inscrit sous forme d\u2019une pr\u00e9sentation de la structure suivie d\u2019une visite de celle-ci. La sortie a dur\u00e9 1h30 et s\u2019est d\u00e9roul\u00e9e en octobre 2025.<\/td>\n<\/tr>\n<tr class=\"row-5 odd\">\n\t<td class=\"column-1\"><a href=\"https:\/\/sites.ac-nancy-metz.fr\/stss\/wp-content\/uploads\/2026\/01\/Fiche-action-Escape-Game-BTS-SP3S2-2025.pdf\" target=\"_blank\" rel=\"noopener\">Escape Game sur la sant\u00e9 mentale<\/a><\/td><td class=\"column-2\">Lapicque<\/td><td class=\"column-3\">6 ateliers permettant d'informer les \u00e9l\u00e8ves et \u00e9tudiants sur les structures et professionnels en charge de la sant\u00e9 mentale. <\/td>\n<\/tr>\n<tr class=\"row-6 even\">\n\t<td class=\"column-1\"><a href=\"https:\/\/sites.ac-nancy-metz.fr\/stss\/wp-content\/uploads\/2026\/01\/FICHE-Projet-action-ccas.pdf\" target=\"_blank\" rel=\"noopener\">Intervention du CCAS de YUTZ<\/a><\/td><td class=\"column-2\"> St Etienne<\/td><td class=\"column-3\">Le projet est une intervention de 2h de Mme Ferraro, directrice adjointe du CCAS de YUTZ aupr\u00e8s des \u00e9l\u00e8ves de terminal sous forme d\u2019une pr\u00e9sentation et d\u2019un \u00e9change sous forme de questions-r\u00e9ponses<br \/>\n<\/td>\n<\/tr>\n<tr class=\"row-7 odd\">\n\t<td class=\"column-1\"><a href=\"https:\/\/sites.ac-nancy-metz.fr\/stss\/wp-content\/uploads\/2026\/01\/FICHE-Projet-HSE.pdf\" target=\"_blank\" rel=\"noopener\">Intervention du BUT Hygi\u00e8ne, S\u00e9curit\u00e9, Environnement (HSE)<\/a><\/td><td class=\"column-2\">St Etienne<\/td><td class=\"column-3\">Intervention ayant pour objectif de pr\u00e9senter la formation, ses d\u00e9bouch\u00e9s professionnels et les comp\u00e9tences d\u00e9velopp\u00e9es au cours du cursus, afin de les aider dans leur choix d\u2019orientation.<\/td>\n<\/tr>\n<tr class=\"row-8 even\">\n\t<td class=\"column-1\"><a href=\"https:\/\/sites.ac-nancy-metz.fr\/stss\/wp-content\/uploads\/2026\/01\/Projet-action-france-travail-1.pdf\" target=\"_blank\" rel=\"noopener\">Visite de France Travail de Metz Blida<\/a><\/td><td class=\"column-2\">St Etienne<\/td><td class=\"column-3\">Le projet est une visite de 2h de l\u2019agence de France Travail de Metz Blida. Apr\u00e8s, une<br \/>\npr\u00e9sentation dans la salle de r\u00e9union de l\u2019organisation France Travail, ses missions, ses actions, \u2026 les \u00e9l\u00e8ves ont pu visiter les locaux de la structure.<\/td>\n<\/tr>\n<tr class=\"row-9 odd\">\n\t<td class=\"column-1\"><\/td><td class=\"column-2\"><\/td><td class=\"column-3\"><\/td>\n<\/tr>\n<tr class=\"row-10 even\">\n\t<td class=\"column-1\"><\/td><td class=\"column-2\"><\/td><td class=\"column-3\"><\/td>\n<\/tr>\n<tr class=\"row-11 odd\">\n\t<td class=\"column-1\"><\/td><td class=\"column-2\"><\/td><td class=\"column-3\"><\/td>\n<\/tr>\n<tr class=\"row-12 even\">\n\t<td class=\"column-1\"><\/td><td class=\"column-2\"><\/td><td class=\"column-3\"><\/td>\n<\/tr>\n<tr class=\"row-13 odd\">\n\t<td class=\"column-1\"><\/td><td class=\"column-2\"><\/td><td class=\"column-3\"><\/td>\n<\/tr>\n<\/tbody>\n<\/table>\n<!-- #tablepress-5 from cache --><\/div><\/div><\/div><\/div><\/div>","protected":false},"excerpt":{"rendered":"<p>Pr\u00e9sentation des projets p\u00e9dagogiques mis en valeur dans l&rsquo;acad\u00e9mie de Nancy ProjetEtablissementTh\u00e9matique Changer le regard sur le handicapLapicqueIntervention d\u2019un enseignant en APA, de deux stagiaires en licence de sport et d\u2019une personne faisant un service civique afin de sensibiliser les \u00e9l\u00e8ves au handicap Voyage BTSESF au chalet\u201cAtoutventLapicqueUn voyage ayant pour objectif de favoriser la coh\u00e9sion&#8230;<\/p>\n<p class=\"more-link-wrap\"><a href=\"https:\/\/sites.ac-nancy-metz.fr\/stss\/projets-en-etablissements\/projets-en-etablissements-2\/\" class=\"more-link\">En savoir plus<span class=\"screen-reader-text\"> &ldquo;En \u00e9tablissements&rdquo;<\/span> &raquo;<\/a><\/p>\n","protected":false},"author":1,"featured_media":0,"parent":53,"menu_order":0,"comment_status":"closed","ping_status":"closed","template":"","meta":{"footnotes":""},"class_list":["post-256","page","type-page","status-publish","hentry"],"yoast_head":"<!-- This site is optimized with the Yoast SEO plugin v24.9 - https:\/\/yoast.com\/wordpress\/plugins\/seo\/ -->\n<title>En \u00e9tablissements - STMS<\/title>\n<meta name=\"robots\" content=\"index, follow, max-snippet:-1, max-image-preview:large, max-video-preview:-1\" \/>\n<link rel=\"canonical\" href=\"https:\/\/sites.ac-nancy-metz.fr\/stss\/projets-en-etablissements\/projets-en-etablissements-2\/\" \/>\n<meta property=\"og:locale\" content=\"fr_FR\" \/>\n<meta property=\"og:type\" content=\"article\" \/>\n<meta property=\"og:title\" content=\"En \u00e9tablissements - STMS\" \/>\n<meta property=\"og:description\" content=\"Pr\u00e9sentation des projets p\u00e9dagogiques mis en valeur dans l&#039;acad\u00e9mie de Nancy ProjetEtablissementTh\u00e9matique Changer le regard sur le handicapLapicqueIntervention d\u2019un enseignant en APA, de deux stagiaires en licence de sport et d\u2019une personne faisant un service civique afin de sensibiliser les \u00e9l\u00e8ves au handicap Voyage BTSESF au chalet\u201cAtoutventLapicqueUn voyage ayant pour objectif de favoriser la coh\u00e9sion...En savoir plus &ldquo;En \u00e9tablissements&rdquo; &raquo;\" \/>\n<meta property=\"og:url\" content=\"https:\/\/sites.ac-nancy-metz.fr\/stss\/projets-en-etablissements\/projets-en-etablissements-2\/\" \/>\n<meta property=\"og:site_name\" content=\"STMS\" \/>\n<meta property=\"article:modified_time\" content=\"2026-01-16T14:01:54+00:00\" \/>\n<meta name=\"twitter:card\" content=\"summary_large_image\" \/>\n<meta name=\"twitter:label1\" content=\"Dur\u00e9e de lecture estim\u00e9e\" \/>\n\t<meta name=\"twitter:data1\" content=\"1 minute\" \/>\n<script type=\"application\/ld+json\" class=\"yoast-schema-graph\">{\"@context\":\"https:\/\/schema.org\",\"@graph\":[{\"@type\":\"WebPage\",\"@id\":\"https:\/\/sites.ac-nancy-metz.fr\/stss\/projets-en-etablissements\/projets-en-etablissements-2\/\",\"url\":\"https:\/\/sites.ac-nancy-metz.fr\/stss\/projets-en-etablissements\/projets-en-etablissements-2\/\",\"name\":\"En \u00e9tablissements - STMS\",\"isPartOf\":{\"@id\":\"https:\/\/sites.ac-nancy-metz.fr\/stss\/#website\"},\"datePublished\":\"2023-06-29T17:13:29+00:00\",\"dateModified\":\"2026-01-16T14:01:54+00:00\",\"breadcrumb\":{\"@id\":\"https:\/\/sites.ac-nancy-metz.fr\/stss\/projets-en-etablissements\/projets-en-etablissements-2\/#breadcrumb\"},\"inLanguage\":\"fr-FR\",\"potentialAction\":[{\"@type\":\"ReadAction\",\"target\":[\"https:\/\/sites.ac-nancy-metz.fr\/stss\/projets-en-etablissements\/projets-en-etablissements-2\/\"]}]},{\"@type\":\"BreadcrumbList\",\"@id\":\"https:\/\/sites.ac-nancy-metz.fr\/stss\/projets-en-etablissements\/projets-en-etablissements-2\/#breadcrumb\",\"itemListElement\":[{\"@type\":\"ListItem\",\"position\":1,\"name\":\"Accueil\",\"item\":\"https:\/\/sites.ac-nancy-metz.fr\/stss\/\"},{\"@type\":\"ListItem\",\"position\":2,\"name\":\"En action\",\"item\":\"https:\/\/sites.ac-nancy-metz.fr\/stss\/projets-en-etablissements\/\"},{\"@type\":\"ListItem\",\"position\":3,\"name\":\"En \u00e9tablissements\"}]},{\"@type\":\"WebSite\",\"@id\":\"https:\/\/sites.ac-nancy-metz.fr\/stss\/#website\",\"url\":\"https:\/\/sites.ac-nancy-metz.fr\/stss\/\",\"name\":\"STMS\",\"description\":\" Sciences et Techniques M\u00e9dico-Sociales \",\"publisher\":{\"@id\":\"https:\/\/sites.ac-nancy-metz.fr\/stss\/#organization\"},\"potentialAction\":[{\"@type\":\"SearchAction\",\"target\":{\"@type\":\"EntryPoint\",\"urlTemplate\":\"https:\/\/sites.ac-nancy-metz.fr\/stss\/?s={search_term_string}\"},\"query-input\":{\"@type\":\"PropertyValueSpecification\",\"valueRequired\":true,\"valueName\":\"search_term_string\"}}],\"inLanguage\":\"fr-FR\"},{\"@type\":\"Organization\",\"@id\":\"https:\/\/sites.ac-nancy-metz.fr\/stss\/#organization\",\"name\":\"Sciences et Techniques M\u00e9dico-Sociales\",\"url\":\"https:\/\/sites.ac-nancy-metz.fr\/stss\/\",\"logo\":{\"@type\":\"ImageObject\",\"inLanguage\":\"fr-FR\",\"@id\":\"https:\/\/sites.ac-nancy-metz.fr\/stss\/#\/schema\/logo\/image\/\",\"url\":\"https:\/\/sites.ac-nancy-metz.fr\/stss\/wp-content\/uploads\/2023\/06\/cropped-cropped-logo-ac-nancy-20-e1688052918222.jpg\",\"contentUrl\":\"https:\/\/sites.ac-nancy-metz.fr\/stss\/wp-content\/uploads\/2023\/06\/cropped-cropped-logo-ac-nancy-20-e1688052918222.jpg\",\"width\":100,\"height\":80,\"caption\":\"Sciences et Techniques M\u00e9dico-Sociales\"},\"image\":{\"@id\":\"https:\/\/sites.ac-nancy-metz.fr\/stss\/#\/schema\/logo\/image\/\"}}]}<\/script>\n<!-- \/ Yoast SEO plugin. -->","yoast_head_json":{"title":"En \u00e9tablissements - STMS","robots":{"index":"index","follow":"follow","max-snippet":"max-snippet:-1","max-image-preview":"max-image-preview:large","max-video-preview":"max-video-preview:-1"},"canonical":"https:\/\/sites.ac-nancy-metz.fr\/stss\/projets-en-etablissements\/projets-en-etablissements-2\/","og_locale":"fr_FR","og_type":"article","og_title":"En \u00e9tablissements - STMS","og_description":"Pr\u00e9sentation des projets p\u00e9dagogiques mis en valeur dans l'acad\u00e9mie de Nancy ProjetEtablissementTh\u00e9matique Changer le regard sur le handicapLapicqueIntervention d\u2019un enseignant en APA, de deux stagiaires en licence de sport et d\u2019une personne faisant un service civique afin de sensibiliser les \u00e9l\u00e8ves au handicap Voyage BTSESF au chalet\u201cAtoutventLapicqueUn voyage ayant pour objectif de favoriser la coh\u00e9sion...En savoir plus &ldquo;En \u00e9tablissements&rdquo; &raquo;","og_url":"https:\/\/sites.ac-nancy-metz.fr\/stss\/projets-en-etablissements\/projets-en-etablissements-2\/","og_site_name":"STMS","article_modified_time":"2026-01-16T14:01:54+00:00","twitter_card":"summary_large_image","twitter_misc":{"Dur\u00e9e de lecture estim\u00e9e":"1 minute"},"schema":{"@context":"https:\/\/schema.org","@graph":[{"@type":"WebPage","@id":"https:\/\/sites.ac-nancy-metz.fr\/stss\/projets-en-etablissements\/projets-en-etablissements-2\/","url":"https:\/\/sites.ac-nancy-metz.fr\/stss\/projets-en-etablissements\/projets-en-etablissements-2\/","name":"En \u00e9tablissements - STMS","isPartOf":{"@id":"https:\/\/sites.ac-nancy-metz.fr\/stss\/#website"},"datePublished":"2023-06-29T17:13:29+00:00","dateModified":"2026-01-16T14:01:54+00:00","breadcrumb":{"@id":"https:\/\/sites.ac-nancy-metz.fr\/stss\/projets-en-etablissements\/projets-en-etablissements-2\/#breadcrumb"},"inLanguage":"fr-FR","potentialAction":[{"@type":"ReadAction","target":["https:\/\/sites.ac-nancy-metz.fr\/stss\/projets-en-etablissements\/projets-en-etablissements-2\/"]}]},{"@type":"BreadcrumbList","@id":"https:\/\/sites.ac-nancy-metz.fr\/stss\/projets-en-etablissements\/projets-en-etablissements-2\/#breadcrumb","itemListElement":[{"@type":"ListItem","position":1,"name":"Accueil","item":"https:\/\/sites.ac-nancy-metz.fr\/stss\/"},{"@type":"ListItem","position":2,"name":"En action","item":"https:\/\/sites.ac-nancy-metz.fr\/stss\/projets-en-etablissements\/"},{"@type":"ListItem","position":3,"name":"En \u00e9tablissements"}]},{"@type":"WebSite","@id":"https:\/\/sites.ac-nancy-metz.fr\/stss\/#website","url":"https:\/\/sites.ac-nancy-metz.fr\/stss\/","name":"STMS","description":" Sciences et Techniques M\u00e9dico-Sociales ","publisher":{"@id":"https:\/\/sites.ac-nancy-metz.fr\/stss\/#organization"},"potentialAction":[{"@type":"SearchAction","target":{"@type":"EntryPoint","urlTemplate":"https:\/\/sites.ac-nancy-metz.fr\/stss\/?s={search_term_string}"},"query-input":{"@type":"PropertyValueSpecification","valueRequired":true,"valueName":"search_term_string"}}],"inLanguage":"fr-FR"},{"@type":"Organization","@id":"https:\/\/sites.ac-nancy-metz.fr\/stss\/#organization","name":"Sciences et Techniques M\u00e9dico-Sociales","url":"https:\/\/sites.ac-nancy-metz.fr\/stss\/","logo":{"@type":"ImageObject","inLanguage":"fr-FR","@id":"https:\/\/sites.ac-nancy-metz.fr\/stss\/#\/schema\/logo\/image\/","url":"https:\/\/sites.ac-nancy-metz.fr\/stss\/wp-content\/uploads\/2023\/06\/cropped-cropped-logo-ac-nancy-20-e1688052918222.jpg","contentUrl":"https:\/\/sites.ac-nancy-metz.fr\/stss\/wp-content\/uploads\/2023\/06\/cropped-cropped-logo-ac-nancy-20-e1688052918222.jpg","width":100,"height":80,"caption":"Sciences et Techniques M\u00e9dico-Sociales"},"image":{"@id":"https:\/\/sites.ac-nancy-metz.fr\/stss\/#\/schema\/logo\/image\/"}}]}},"_links":{"self":[{"href":"https:\/\/sites.ac-nancy-metz.fr\/stss\/wp-json\/wp\/v2\/pages\/256","targetHints":{"allow":["GET"]}}],"collection":[{"href":"https:\/\/sites.ac-nancy-metz.fr\/stss\/wp-json\/wp\/v2\/pages"}],"about":[{"href":"https:\/\/sites.ac-nancy-metz.fr\/stss\/wp-json\/wp\/v2\/types\/page"}],"author":[{"embeddable":true,"href":"https:\/\/sites.ac-nancy-metz.fr\/stss\/wp-json\/wp\/v2\/users\/1"}],"replies":[{"embeddable":true,"href":"https:\/\/sites.ac-nancy-metz.fr\/stss\/wp-json\/wp\/v2\/comments?post=256"}],"version-history":[{"count":14,"href":"https:\/\/sites.ac-nancy-metz.fr\/stss\/wp-json\/wp\/v2\/pages\/256\/revisions"}],"predecessor-version":[{"id":1426,"href":"https:\/\/sites.ac-nancy-metz.fr\/stss\/wp-json\/wp\/v2\/pages\/256\/revisions\/1426"}],"up":[{"embeddable":true,"href":"https:\/\/sites.ac-nancy-metz.fr\/stss\/wp-json\/wp\/v2\/pages\/53"}],"wp:attachment":[{"href":"https:\/\/sites.ac-nancy-metz.fr\/stss\/wp-json\/wp\/v2\/media?parent=256"}],"curies":[{"name":"wp","href":"https:\/\/api.w.org\/{rel}","templated":true}]}}