{"id":370,"date":"2023-07-05T10:49:56","date_gmt":"2023-07-05T10:49:56","guid":{"rendered":"https:\/\/sites.ac-nancy-metz.fr\/stss\/?page_id=370"},"modified":"2023-07-05T14:43:59","modified_gmt":"2023-07-05T14:43:59","slug":"programme-st2s","status":"publish","type":"page","link":"https:\/\/sites.ac-nancy-metz.fr\/stss\/st2s\/programme-st2s\/","title":{"rendered":"Programme ST2S"},"content":{"rendered":"<div id=\"pl-370\"  class=\"panel-layout\" ><div id=\"pg-370-0\"  class=\"panel-grid panel-has-style\" ><div class=\"siteorigin-panels-stretch panel-row-style panel-row-style-for-370-0\" data-stretch-type=\"full\" ><div id=\"pgc-370-0-0\"  class=\"panel-grid-cell\" ><div id=\"panel-370-0-0-0\" class=\"so-panel widget widget_sow-features panel-first-child panel-last-child\" data-index=\"0\" ><div\n\t\t\t\n\t\t\tclass=\"so-widget-sow-features so-widget-sow-features-default-ffbc29d25a58-370\"\n\t\t\t\n\t\t><ul\n\tclass=\"sow-features-list\n\tsow-features-responsive\">\n\n\t\t\t<li\n\t\t\tclass=\"sow-features-feature sow-icon-container-position-right\"\n\t\t\tstyle=\"display: flex; flex-direction: row; width: calc(33.333% - 25px);\"\n\t\t>\n\t\t\t\n\t\t\t\t\t\t<div\t\t\t\tclass=\"sow-icon-container sow-container-none\"\n\t\t\t\tstyle=\"color: ; \"\n\t\t\t\t\n\t\t\t\t\t\t\t>\n\t\t\t\t<span class=\"sow-icon-elegantline\" data-sow-icon=\"&#xe02b;\"\n\t\tstyle=\"font-size: 48px; color: #2d2d2d\" \n\t\taria-hidden=\"true\"><\/span>\t\t\t<\/div>\n\n\t\t\t<div class=\"textwidget\">\n\t\t\t\t\n\t\t\t\t\t\t\t\t\t<h5 class=\"sow-features-feature-title\">\n\t\t\t\t\t\tOption sant\u00e9 et social de seconde g\u00e9n\u00e9rale et technologique\t\t\t\t\t<\/h5>\n\t\t\t\t\n\t\t\t\t\t\t\t\t\t<div class=\"sow-features-feature-text\">\n\t\t\t\t\t<p><span style=\"vertical-align: inherit\"><span style=\"vertical-align: inherit\">L\u2019enseignement \u00ab Sant\u00e9 et social \u00bb a pour finalit\u00e9 de permettre aux \u00e9l\u00e8ves d\u2019explorer des questions de soci\u00e9t\u00e9 relevant du champ de la sant\u00e9 et du social et contribue \u00e0 la formation civique des \u00e9l\u00e8ves par une meilleure compr\u00e9hension des enjeux sociaux, environnementaux et de sant\u00e9.\u00a0<\/span><\/span><\/p>\n<p><a href=\"https:\/\/cache.media.education.gouv.fr\/file\/SP1-MEN-22-1-2019\/60\/7\/spe636_annexe_1062607.pdf\" target=\"_blank\" rel=\"noopener\"><span style=\"vertical-align: inherit\"><span style=\"vertical-align: inherit\">Programme d\u2019enseignement optionnel de sant\u00e9 et social<\/span><\/span><\/a><\/p>\n\t\t\t\t\t<\/div>\n\t\t\t\t\t\t\t\t<\/div>\n\t\t\t\t\t\t\t\t<\/li>\n\n\t\t\t<li\n\t\t\tclass=\"sow-features-feature sow-icon-container-position-right\"\n\t\t\tstyle=\"display: flex; flex-direction: row; width: calc(33.333% - 25px);\"\n\t\t>\n\t\t\t\n\t\t\t\t\t\t<div\t\t\t\tclass=\"sow-icon-container sow-container-none\"\n\t\t\t\tstyle=\"color: ; \"\n\t\t\t\t\n\t\t\t\t\t\t\t>\n\t\t\t\t<span class=\"sow-icon-elegantline\" data-sow-icon=\"&#xe02b;\"\n\t\tstyle=\"font-size: 48px; color: #2d2d2d\" \n\t\taria-hidden=\"true\"><\/span>\t\t\t<\/div>\n\n\t\t\t<div class=\"textwidget\">\n\t\t\t\t\n\t\t\t\t\t\t\t\t\t<h5 class=\"sow-features-feature-title\">\n\t\t\t\t\t\tProgramme de STSS de premi\u00e8re\t\t\t\t\t<\/h5>\n\t\t\t\t\n\t\t\t\t\t\t\t\t\t<div class=\"sow-features-feature-text\">\n\t\t\t\t\t<p>L\u2019enseignement de STSS se d\u00e9ploie selon une approche syst\u00e9mique permettant aux \u00e9l\u00e8ves de la s\u00e9rie Sciences et technologies de la sant\u00e9 et du social d\u2019analyser, dans leur complexit\u00e9, des situations d\u2019actualit\u00e9 sanitaire ou sociale et d\u2019en comprendre les enjeux<\/p>\n<p><a href=\"https:\/\/eduscol.education.fr\/document\/22906\/download\" target=\"_blank\" rel=\"noopener\">Programme de sciences et techniques sanitaires et sociales de premi\u00e8re ST2S<\/a><\/p>\n\t\t\t\t\t<\/div>\n\t\t\t\t\t\t\t\t<\/div>\n\t\t\t\t\t\t\t\t<\/li>\n\n\t\t\t<li\n\t\t\tclass=\"sow-features-feature sow-icon-container-position-right\"\n\t\t\tstyle=\"display: flex; flex-direction: row; width: calc(33.333% - 25px);\"\n\t\t>\n\t\t\t\n\t\t\t\t\t\t<div\t\t\t\tclass=\"sow-icon-container sow-container-none\"\n\t\t\t\tstyle=\"color: ; \"\n\t\t\t\t\n\t\t\t\t\t\t\t>\n\t\t\t\t<span class=\"sow-icon-elegantline\" data-sow-icon=\"&#xe02b;\"\n\t\tstyle=\"font-size: 48px; color: #2d2d2d\" \n\t\taria-hidden=\"true\"><\/span>\t\t\t<\/div>\n\n\t\t\t<div class=\"textwidget\">\n\t\t\t\t\n\t\t\t\t\t\t\t\t\t<h5 class=\"sow-features-feature-title\">\n\t\t\t\t\t\tProgramme de STSS de terminale\t\t\t\t\t<\/h5>\n\t\t\t\t\n\t\t\t\t\t\t\t\t\t<div class=\"sow-features-feature-text\">\n\t\t\t\t\t<p>L\u2019enseignement de STSS sciences et techniques sanitaires et sociales se d\u00e9ploie selon une approche syst\u00e9mique permettant aux \u00e9l\u00e8ves de la s\u00e9rie Sciences et technologies de la sant\u00e9 et du social d\u2019analyser, dans leur complexit\u00e9, des situations d\u2019actualit\u00e9 sanitaire ou sociale et d\u2019en comprendre les enjeux.<\/p>\n<p><a href=\"https:\/\/eduscol.education.fr\/document\/22912\/download\" target=\"_blank\" rel=\"noopener\">Programme de sciences et techniques sanitaires et sociales de terminale<\/a><\/p>\n\t\t\t\t\t<\/div>\n\t\t\t\t\t\t\t\t<\/div>\n\t\t\t\t\t\t\t\t<\/li>\n\n\t\t\t<li\n\t\t\tclass=\"sow-features-feature sow-icon-container-position-right\"\n\t\t\tstyle=\"display: flex; flex-direction: row; width: calc(33.333% - 25px);\"\n\t\t>\n\t\t\t\n\t\t\t\t\t\t<div\t\t\t\tclass=\"sow-icon-container sow-container-none\"\n\t\t\t\tstyle=\"color: ; \"\n\t\t\t\t\n\t\t\t\t\t\t\t>\n\t\t\t\t<span class=\"sow-icon-elegantline\" data-sow-icon=\"&#xe006;\"\n\t\tstyle=\"font-size: 48px; color: #2d2d2d\" \n\t\taria-hidden=\"true\"><\/span>\t\t\t<\/div>\n\n\t\t\t<div class=\"textwidget\">\n\t\t\t\t\n\t\t\t\t\t\t\t\t\t<h5 class=\"sow-features-feature-title\">\n\t\t\t\t\t\tRessources d'accompagnement en seconde\t\t\t\t\t<\/h5>\n\t\t\t\t\n\t\t\t\t\t\t\t\t\t<div class=\"sow-features-feature-text\">\n\t\t\t\t\t<ul>\n<li><a class=\"media-document\" href=\"https:\/\/eduscol.education.fr\/document\/22915\/download\" target=\"_blank\" rel=\"noopener\" data-ati=\"\" data-ati-chapter-1=\"document\" data-ati-name=\"RA19_Lycee_GT_ST2S_2_mise_en_oeuvre_1160947.pdf|22915\" data-ati-type=\"download\">Introduction pour la mise en oeuvre de l'enseignement optionnel<\/a><\/li>\n<\/ul>\n\t\t\t\t\t<\/div>\n\t\t\t\t\t\t\t\t<\/div>\n\t\t\t\t\t\t\t\t<\/li>\n\n\t\t\t<li\n\t\t\tclass=\"sow-features-feature sow-icon-container-position-right\"\n\t\t\tstyle=\"display: flex; flex-direction: row; width: calc(33.333% - 25px);\"\n\t\t>\n\t\t\t\n\t\t\t\t\t\t<div\t\t\t\tclass=\"sow-icon-container sow-container-none\"\n\t\t\t\tstyle=\"color: ; \"\n\t\t\t\t\n\t\t\t\t\t\t\t>\n\t\t\t\t<span class=\"sow-icon-elegantline\" data-sow-icon=\"&#xe006;\"\n\t\tstyle=\"font-size: 48px; color: #2d2d2d\" \n\t\taria-hidden=\"true\"><\/span>\t\t\t<\/div>\n\n\t\t\t<div class=\"textwidget\">\n\t\t\t\t\n\t\t\t\t\t\t\t\t\t<h5 class=\"sow-features-feature-title\">\n\t\t\t\t\t\tRessources d'accompagnement en premi\u00e8re\t\t\t\t\t<\/h5>\n\t\t\t\t\n\t\t\t\t\t\t\t\t\t<div class=\"sow-features-feature-text\">\n\t\t\t\t\t<ul>\n<li><a class=\"media-document\" href=\"https:\/\/eduscol.education.fr\/document\/22939\/download\" target=\"_blank\" rel=\"noopener\" data-ati=\"\" data-ati-chapter-1=\"document\" data-ati-name=\"RA19_Lycee_T_ST2S_1_STSS_Mettre_en_oeuvre_1146549.pdf|22939\" data-ati-type=\"download\">Mettre en \u0153uvre l'enseignement de sp\u00e9cialit\u00e9 sciences et techniques sanitaires et sociales<\/a><\/li>\n<li><a class=\"media-document\" href=\"https:\/\/eduscol.education.fr\/document\/22942\/download\" target=\"_blank\" rel=\"noopener\" data-ati=\"\" data-ati-chapter-1=\"document\" data-ati-name=\"ST2S_SPE_1e_STSS_Reperes_pour_la_formation_1156111.pdf|22942\" data-ati-type=\"download\">Quelques rep\u00e8res en lien avec les principales notions du programme de STSS<\/a><\/li>\n<\/ul>\n\t\t\t\t\t<\/div>\n\t\t\t\t\t\t\t\t<\/div>\n\t\t\t\t\t\t\t\t<\/li>\n\n\t\t\t<li\n\t\t\tclass=\"sow-features-feature sow-icon-container-position-right\"\n\t\t\tstyle=\"display: flex; flex-direction: row; width: calc(33.333% - 25px);\"\n\t\t>\n\t\t\t\n\t\t\t\t\t\t<div\t\t\t\tclass=\"sow-icon-container sow-container-none\"\n\t\t\t\tstyle=\"color: ; \"\n\t\t\t\t\n\t\t\t\t\t\t\t>\n\t\t\t\t<span class=\"sow-icon-elegantline\" data-sow-icon=\"&#xe006;\"\n\t\tstyle=\"font-size: 48px; color: #2d2d2d\" \n\t\taria-hidden=\"true\"><\/span>\t\t\t<\/div>\n\n\t\t\t<div class=\"textwidget\">\n\t\t\t\t\n\t\t\t\t\t\t\t\t\t<h5 class=\"sow-features-feature-title\">\n\t\t\t\t\t\tRessources d'accompagnement en terminale\t\t\t\t\t<\/h5>\n\t\t\t\t\n\t\t\t\t\t\t\t\t\t<div class=\"sow-features-feature-text\">\n\t\t\t\t\t<ul>\n<li><a class=\"media-document\" href=\"https:\/\/eduscol.education.fr\/document\/22963\/download\" target=\"_blank\" rel=\"noopener\" data-ati=\"\" data-ati-chapter-1=\"document\" data-ati-name=\"RA20_Lycee_T_T_ST2S_STSS_MiseEnOeuvre_1307029.pdf|22963\" data-ati-type=\"download\">Mettre en \u0153uvre l'enseignement de sp\u00e9cialit\u00e9 sciences et techniques sanitaires et sociales en classe de terminale<\/a><\/li>\n<li><a class=\"media-document\" href=\"https:\/\/eduscol.education.fr\/document\/22960\/download\" target=\"_blank\" rel=\"noopener\" data-ati=\"\" data-ati-chapter-1=\"document\" data-ati-name=\"RA20_Lycee_T_T_ST2S_STSS_Reperes_1300405.pdf|22960\" data-ati-type=\"download\">Quelques rep\u00e8res en lien avec les principales notions du programme de STSS<\/a><\/li>\n<\/ul>\n\t\t\t\t\t<\/div>\n\t\t\t\t\t\t\t\t<\/div>\n\t\t\t\t\t\t\t\t<\/li>\n\n\t\t\t<li\n\t\t\tclass=\"sow-features-feature sow-icon-container-position-right\"\n\t\t\tstyle=\"display: flex; flex-direction: row; width: calc(33.333% - 25px);\"\n\t\t>\n\t\t\t\n\t\t\t\t\t\t<div\t\t\t\tclass=\"sow-icon-container sow-container-none\"\n\t\t\t\tstyle=\"color: ; \"\n\t\t\t\t\n\t\t\t\t\t\t\t>\n\t\t\t\t<span class=\"sow-icon-elegantline\" data-sow-icon=\"&#xe033;\"\n\t\tstyle=\"font-size: 48px; color: #2d2d2d\" \n\t\taria-hidden=\"true\"><\/span>\t\t\t<\/div>\n\n\t\t\t<div class=\"textwidget\">\n\t\t\t\t\n\t\t\t\t\t\t\t\t\t<h5 class=\"sow-features-feature-title\">\n\t\t\t\t\t\tExemples en seconde\t\t\t\t\t<\/h5>\n\t\t\t\t\n\t\t\t\t\t\t\t\t\t<div class=\"sow-features-feature-text\">\n\t\t\t\t\t<p>Exemple de th\u00e9matique :<\/p>\n<ul>\n<li>\u00a0<a class=\"media-document\" href=\"https:\/\/eduscol.education.fr\/document\/22918\/download\" target=\"_blank\" rel=\"noopener\" data-ati=\"\" data-ati-chapter-1=\"document\" data-ati-name=\"RA19_Lycee_GT_ST2S_2_actions_humanitaires_1160937.pdf|22918\" data-ati-type=\"download\">action humanitaire dans les pays en voie de d\u00e9veloppement<\/a><\/li>\n<li><a class=\"media-document\" href=\"https:\/\/eduscol.education.fr\/document\/22921\/download\" target=\"_blank\" rel=\"noopener\" data-ati=\"\" data-ati-chapter-1=\"document\" data-ati-name=\"RA19_Lycee_GT_ST2S_2_ages_extremes_1160939.pdf|22921\" data-ati-type=\"download\">les \u00e2ges extr\u00eames de la vie<\/a><\/li>\n<li><a class=\"media-document\" href=\"https:\/\/eduscol.education.fr\/document\/22924\/download\" target=\"_blank\" rel=\"noopener\" data-ati=\"\" data-ati-chapter-1=\"document\" data-ati-name=\"RA19_Lycee_GT_ST2S_2_handicap_inclusion_1160941.pdf|22924\" data-ati-type=\"download\">handicap et inclusion au quotidien<\/a><\/li>\n<li><a class=\"media-document\" href=\"https:\/\/eduscol.education.fr\/document\/22927\/download\" target=\"_blank\" rel=\"noopener\" data-ati=\"\" data-ati-chapter-1=\"document\" data-ati-name=\"RA19_Lycee_GT_ST2S_2_hopital_1160943.pdf|22927\" data-ati-type=\"download\">h\u00f4pital, image et r\u00e9alit\u00e9s<\/a><\/li>\n<li><a class=\"media-document\" href=\"https:\/\/eduscol.education.fr\/document\/22930\/download\" target=\"_blank\" rel=\"noopener\" data-ati=\"\" data-ati-chapter-1=\"document\" data-ati-name=\"RA19_Lycee_GT_ST2S_2_sante_innovations_1160949.pdf|22930\" data-ati-type=\"download\">sant\u00e9 et innovations<\/a><\/li>\n<li><a class=\"media-document\" href=\"https:\/\/eduscol.education.fr\/document\/22933\/download\" target=\"_blank\" rel=\"noopener\" data-ati=\"\" data-ati-chapter-1=\"document\" data-ati-name=\"RA19_Lycee_GT_ST2S_2_logement_sante_1160945.pdf|22933\" data-ati-type=\"download\">logement et sant\u00e9<\/a><\/li>\n<li>\u00a0<a class=\"media-document\" href=\"https:\/\/eduscol.education.fr\/document\/22936\/download\" target=\"_blank\" rel=\"noopener\" data-ati=\"\" data-ati-chapter-1=\"document\" data-ati-name=\"RA19_Lycee_GT_ST2S_2_territoire_1160951.pdf|22936\" data-ati-type=\"download\">vivre ensemble sur un territoire<\/a><\/li>\n<\/ul>\n\t\t\t\t\t<\/div>\n\t\t\t\t\t\t\t\t<\/div>\n\t\t\t\t\t\t\t\t<\/li>\n\n\t\t\t<li\n\t\t\tclass=\"sow-features-feature sow-icon-container-position-right\"\n\t\t\tstyle=\"display: flex; flex-direction: row; width: calc(33.333% - 25px);\"\n\t\t>\n\t\t\t\n\t\t\t\t\t\t<div\t\t\t\tclass=\"sow-icon-container sow-container-none\"\n\t\t\t\tstyle=\"color: ; \"\n\t\t\t\t\n\t\t\t\t\t\t\t>\n\t\t\t\t<span class=\"sow-icon-elegantline\" data-sow-icon=\"&#xe033;\"\n\t\tstyle=\"font-size: 48px; color: #2d2d2d\" \n\t\taria-hidden=\"true\"><\/span>\t\t\t<\/div>\n\n\t\t\t<div class=\"textwidget\">\n\t\t\t\t\n\t\t\t\t\t\t\t\t\t<h5 class=\"sow-features-feature-title\">\n\t\t\t\t\t\tExemples en premi\u00e8re\t\t\t\t\t<\/h5>\n\t\t\t\t\n\t\t\t\t\t\t\t\t\t<div class=\"sow-features-feature-text\">\n\t\t\t\t\t<ul>\n<li><a class=\"media-document\" href=\"https:\/\/eduscol.education.fr\/document\/22945\/download\" target=\"_blank\" rel=\"noopener\" data-ati=\"\" data-ati-chapter-1=\"document\" data-ati-name=\"RA19_Lycee_T_ST2S_1_BPH_1re_recherche_1160703.pdf|22945\" data-ati-type=\"download\">La recherche documentaire en sant\u00e9-social<\/a><\/li>\n<li>Le num\u00e9rique au service de l'\u00e9tude des questions de sant\u00e9 et sociales\n<ul>\n<li><a class=\"media-document\" href=\"https:\/\/eduscol.education.fr\/document\/22948\/download\" target=\"_blank\" rel=\"noopener\" data-ati=\"\" data-ati-chapter-1=\"document\" data-ati-name=\"RA19_Lycee_Techno_ST2S_1re_STSS_approche_generale_1198818.pdf|22948\" data-ati-type=\"download\">Les donn\u00e9es en STSS - approche g\u00e9n\u00e9rale<\/a><\/li>\n<li><a class=\"media-document\" href=\"https:\/\/eduscol.education.fr\/document\/22951\/download\" target=\"_blank\" rel=\"noopener\" data-ati=\"\" data-ati-chapter-1=\"document\" data-ati-name=\"RA19_Lycee_Techno_ST2S_1re_STSS_donnees_en_STSS_1198819.pdf|22951\" data-ati-type=\"download\">Questionner des donn\u00e9es en STSS<\/a><\/li>\n<li><a class=\"media-document\" href=\"https:\/\/eduscol.education.fr\/document\/22954\/download\" target=\"_blank\" rel=\"noopener\" data-ati=\"\" data-ati-chapter-1=\"document\" data-ati-name=\"RA19_Lycee_Techno_ST2S_1re_STSS_Mobiliser_le_tableur_en_STSS_1198817.pdf|22954\" data-ati-type=\"download\">Mobiliser le tableur en STSS<\/a><\/li>\n<\/ul>\n<\/li>\n<li>Exemple d'activit\u00e9 technologique -\u00a0<a class=\"media-document\" href=\"https:\/\/eduscol.education.fr\/document\/22957\/download\" target=\"_blank\" rel=\"noopener\" data-ati=\"\" data-ati-chapter-1=\"document\" data-ati-name=\"RA19_Lycee_T_ST2S_1_STSS_Inegalites_sante_1172838.pdf|22957\" data-ati-type=\"download\">In\u00e9galit\u00e9s de sant\u00e9 et expositions aux polluants<\/a><\/li>\n<\/ul>\n\t\t\t\t\t<\/div>\n\t\t\t\t\t\t\t\t<\/div>\n\t\t\t\t\t\t\t\t<\/li>\n\n\t\t\t<li\n\t\t\tclass=\"sow-features-feature sow-icon-container-position-right\"\n\t\t\tstyle=\"display: flex; flex-direction: row; width: calc(33.333% - 25px);\"\n\t\t>\n\t\t\t\n\t\t\t\t\t\t<div\t\t\t\tclass=\"sow-icon-container sow-container-none\"\n\t\t\t\tstyle=\"color: ; \"\n\t\t\t\t\n\t\t\t\t\t\t\t>\n\t\t\t\t<span class=\"sow-icon-elegantline\" data-sow-icon=\"&#xe033;\"\n\t\tstyle=\"font-size: 48px; color: #2d2d2d\" \n\t\taria-hidden=\"true\"><\/span>\t\t\t<\/div>\n\n\t\t\t<div class=\"textwidget\">\n\t\t\t\t\n\t\t\t\t\t\t\t\t\t<h5 class=\"sow-features-feature-title\">\n\t\t\t\t\t\tExemples en teminale\t\t\t\t\t<\/h5>\n\t\t\t\t\n\t\t\t\t\t\t\t\t\t<div class=\"sow-features-feature-text\">\n\t\t\t\t\t<ul>\n<li><a class=\"media-document\" href=\"https:\/\/eduscol.education.fr\/document\/23083\/download\" target=\"_blank\" rel=\"noopener\" data-ati=\"\" data-ati-chapter-1=\"document\" data-ati-name=\"ST2S_vers_les_etudes_superieures_en_sante_et_social.vuJS_1146552.pptx|23083\" data-ati-type=\"download\">ST2S vers les \u00e9tudes sup\u00e9rieures en sant\u00e9 et social<\/a>\u00a0- Comment la pratique dans votre enseignement y participe-t-elle\u00a0?<\/li>\n<\/ul>\n\t\t\t\t\t<\/div>\n\t\t\t\t\t\t\t\t<\/div>\n\t\t\t\t\t\t\t\t<\/li>\n\n\t<\/ul>\n<\/div><\/div><\/div><\/div><\/div><\/div>","protected":false},"excerpt":{"rendered":"<p>Option sant\u00e9 et social de seconde g\u00e9n\u00e9rale et technologique L\u2019enseignement \u00ab Sant\u00e9 et social \u00bb a pour finalit\u00e9 de permettre aux \u00e9l\u00e8ves d\u2019explorer des questions de soci\u00e9t\u00e9 relevant du champ de la sant\u00e9 et du social et contribue \u00e0 la formation civique des \u00e9l\u00e8ves par une meilleure compr\u00e9hension des enjeux sociaux, environnementaux et de sant\u00e9.\u00a0&#8230;<\/p>\n<p class=\"more-link-wrap\"><a href=\"https:\/\/sites.ac-nancy-metz.fr\/stss\/st2s\/programme-st2s\/\" class=\"more-link\">En savoir plus<span class=\"screen-reader-text\"> &ldquo;Programme ST2S&rdquo;<\/span> &raquo;<\/a><\/p>\n","protected":false},"author":1,"featured_media":0,"parent":47,"menu_order":0,"comment_status":"closed","ping_status":"closed","template":"","meta":{"footnotes":""},"class_list":["post-370","page","type-page","status-publish","hentry"],"yoast_head":"<!-- This site is optimized with the Yoast SEO plugin v24.9 - https:\/\/yoast.com\/wordpress\/plugins\/seo\/ -->\n<title>Programme ST2S - STMS<\/title>\n<meta name=\"robots\" content=\"index, follow, max-snippet:-1, max-image-preview:large, max-video-preview:-1\" \/>\n<link rel=\"canonical\" href=\"https:\/\/sites.ac-nancy-metz.fr\/stss\/st2s\/programme-st2s\/\" \/>\n<meta property=\"og:locale\" content=\"fr_FR\" \/>\n<meta property=\"og:type\" content=\"article\" \/>\n<meta property=\"og:title\" content=\"Programme ST2S - STMS\" \/>\n<meta property=\"og:description\" content=\"Option sant\u00e9 et social de seconde g\u00e9n\u00e9rale et technologique L\u2019enseignement \u00ab Sant\u00e9 et social \u00bb a pour finalit\u00e9 de permettre aux \u00e9l\u00e8ves d\u2019explorer des questions de soci\u00e9t\u00e9 relevant du champ de la sant\u00e9 et du social et contribue \u00e0 la formation civique des \u00e9l\u00e8ves par une meilleure compr\u00e9hension des enjeux sociaux, environnementaux et de sant\u00e9.\u00a0...En savoir plus &ldquo;Programme ST2S&rdquo; &raquo;\" \/>\n<meta property=\"og:url\" content=\"https:\/\/sites.ac-nancy-metz.fr\/stss\/st2s\/programme-st2s\/\" \/>\n<meta property=\"og:site_name\" content=\"STMS\" \/>\n<meta property=\"article:modified_time\" content=\"2023-07-05T14:43:59+00:00\" \/>\n<meta name=\"twitter:card\" content=\"summary_large_image\" \/>\n<meta name=\"twitter:label1\" content=\"Dur\u00e9e de lecture estim\u00e9e\" \/>\n\t<meta name=\"twitter:data1\" content=\"2 minutes\" \/>\n<script type=\"application\/ld+json\" class=\"yoast-schema-graph\">{\"@context\":\"https:\/\/schema.org\",\"@graph\":[{\"@type\":\"WebPage\",\"@id\":\"https:\/\/sites.ac-nancy-metz.fr\/stss\/st2s\/programme-st2s\/\",\"url\":\"https:\/\/sites.ac-nancy-metz.fr\/stss\/st2s\/programme-st2s\/\",\"name\":\"Programme ST2S - STMS\",\"isPartOf\":{\"@id\":\"https:\/\/sites.ac-nancy-metz.fr\/stss\/#website\"},\"datePublished\":\"2023-07-05T10:49:56+00:00\",\"dateModified\":\"2023-07-05T14:43:59+00:00\",\"breadcrumb\":{\"@id\":\"https:\/\/sites.ac-nancy-metz.fr\/stss\/st2s\/programme-st2s\/#breadcrumb\"},\"inLanguage\":\"fr-FR\",\"potentialAction\":[{\"@type\":\"ReadAction\",\"target\":[\"https:\/\/sites.ac-nancy-metz.fr\/stss\/st2s\/programme-st2s\/\"]}]},{\"@type\":\"BreadcrumbList\",\"@id\":\"https:\/\/sites.ac-nancy-metz.fr\/stss\/st2s\/programme-st2s\/#breadcrumb\",\"itemListElement\":[{\"@type\":\"ListItem\",\"position\":1,\"name\":\"Accueil\",\"item\":\"https:\/\/sites.ac-nancy-metz.fr\/stss\/\"},{\"@type\":\"ListItem\",\"position\":2,\"name\":\"ST2S\",\"item\":\"https:\/\/sites.ac-nancy-metz.fr\/stss\/st2s\/\"},{\"@type\":\"ListItem\",\"position\":3,\"name\":\"Programme ST2S\"}]},{\"@type\":\"WebSite\",\"@id\":\"https:\/\/sites.ac-nancy-metz.fr\/stss\/#website\",\"url\":\"https:\/\/sites.ac-nancy-metz.fr\/stss\/\",\"name\":\"STMS\",\"description\":\" Sciences et Techniques M\u00e9dico-Sociales \",\"publisher\":{\"@id\":\"https:\/\/sites.ac-nancy-metz.fr\/stss\/#organization\"},\"potentialAction\":[{\"@type\":\"SearchAction\",\"target\":{\"@type\":\"EntryPoint\",\"urlTemplate\":\"https:\/\/sites.ac-nancy-metz.fr\/stss\/?s={search_term_string}\"},\"query-input\":{\"@type\":\"PropertyValueSpecification\",\"valueRequired\":true,\"valueName\":\"search_term_string\"}}],\"inLanguage\":\"fr-FR\"},{\"@type\":\"Organization\",\"@id\":\"https:\/\/sites.ac-nancy-metz.fr\/stss\/#organization\",\"name\":\"Sciences et Techniques M\u00e9dico-Sociales\",\"url\":\"https:\/\/sites.ac-nancy-metz.fr\/stss\/\",\"logo\":{\"@type\":\"ImageObject\",\"inLanguage\":\"fr-FR\",\"@id\":\"https:\/\/sites.ac-nancy-metz.fr\/stss\/#\/schema\/logo\/image\/\",\"url\":\"https:\/\/sites.ac-nancy-metz.fr\/stss\/wp-content\/uploads\/2023\/06\/cropped-cropped-logo-ac-nancy-20-e1688052918222.jpg\",\"contentUrl\":\"https:\/\/sites.ac-nancy-metz.fr\/stss\/wp-content\/uploads\/2023\/06\/cropped-cropped-logo-ac-nancy-20-e1688052918222.jpg\",\"width\":100,\"height\":80,\"caption\":\"Sciences et Techniques M\u00e9dico-Sociales\"},\"image\":{\"@id\":\"https:\/\/sites.ac-nancy-metz.fr\/stss\/#\/schema\/logo\/image\/\"}}]}<\/script>\n<!-- \/ Yoast SEO plugin. -->","yoast_head_json":{"title":"Programme ST2S - STMS","robots":{"index":"index","follow":"follow","max-snippet":"max-snippet:-1","max-image-preview":"max-image-preview:large","max-video-preview":"max-video-preview:-1"},"canonical":"https:\/\/sites.ac-nancy-metz.fr\/stss\/st2s\/programme-st2s\/","og_locale":"fr_FR","og_type":"article","og_title":"Programme ST2S - STMS","og_description":"Option sant\u00e9 et social de seconde g\u00e9n\u00e9rale et technologique L\u2019enseignement \u00ab Sant\u00e9 et social \u00bb a pour finalit\u00e9 de permettre aux \u00e9l\u00e8ves d\u2019explorer des questions de soci\u00e9t\u00e9 relevant du champ de la sant\u00e9 et du social et contribue \u00e0 la formation civique des \u00e9l\u00e8ves par une meilleure compr\u00e9hension des enjeux sociaux, environnementaux et de sant\u00e9.\u00a0...En savoir plus &ldquo;Programme ST2S&rdquo; &raquo;","og_url":"https:\/\/sites.ac-nancy-metz.fr\/stss\/st2s\/programme-st2s\/","og_site_name":"STMS","article_modified_time":"2023-07-05T14:43:59+00:00","twitter_card":"summary_large_image","twitter_misc":{"Dur\u00e9e de lecture estim\u00e9e":"2 minutes"},"schema":{"@context":"https:\/\/schema.org","@graph":[{"@type":"WebPage","@id":"https:\/\/sites.ac-nancy-metz.fr\/stss\/st2s\/programme-st2s\/","url":"https:\/\/sites.ac-nancy-metz.fr\/stss\/st2s\/programme-st2s\/","name":"Programme ST2S - STMS","isPartOf":{"@id":"https:\/\/sites.ac-nancy-metz.fr\/stss\/#website"},"datePublished":"2023-07-05T10:49:56+00:00","dateModified":"2023-07-05T14:43:59+00:00","breadcrumb":{"@id":"https:\/\/sites.ac-nancy-metz.fr\/stss\/st2s\/programme-st2s\/#breadcrumb"},"inLanguage":"fr-FR","potentialAction":[{"@type":"ReadAction","target":["https:\/\/sites.ac-nancy-metz.fr\/stss\/st2s\/programme-st2s\/"]}]},{"@type":"BreadcrumbList","@id":"https:\/\/sites.ac-nancy-metz.fr\/stss\/st2s\/programme-st2s\/#breadcrumb","itemListElement":[{"@type":"ListItem","position":1,"name":"Accueil","item":"https:\/\/sites.ac-nancy-metz.fr\/stss\/"},{"@type":"ListItem","position":2,"name":"ST2S","item":"https:\/\/sites.ac-nancy-metz.fr\/stss\/st2s\/"},{"@type":"ListItem","position":3,"name":"Programme ST2S"}]},{"@type":"WebSite","@id":"https:\/\/sites.ac-nancy-metz.fr\/stss\/#website","url":"https:\/\/sites.ac-nancy-metz.fr\/stss\/","name":"STMS","description":" Sciences et Techniques M\u00e9dico-Sociales ","publisher":{"@id":"https:\/\/sites.ac-nancy-metz.fr\/stss\/#organization"},"potentialAction":[{"@type":"SearchAction","target":{"@type":"EntryPoint","urlTemplate":"https:\/\/sites.ac-nancy-metz.fr\/stss\/?s={search_term_string}"},"query-input":{"@type":"PropertyValueSpecification","valueRequired":true,"valueName":"search_term_string"}}],"inLanguage":"fr-FR"},{"@type":"Organization","@id":"https:\/\/sites.ac-nancy-metz.fr\/stss\/#organization","name":"Sciences et Techniques M\u00e9dico-Sociales","url":"https:\/\/sites.ac-nancy-metz.fr\/stss\/","logo":{"@type":"ImageObject","inLanguage":"fr-FR","@id":"https:\/\/sites.ac-nancy-metz.fr\/stss\/#\/schema\/logo\/image\/","url":"https:\/\/sites.ac-nancy-metz.fr\/stss\/wp-content\/uploads\/2023\/06\/cropped-cropped-logo-ac-nancy-20-e1688052918222.jpg","contentUrl":"https:\/\/sites.ac-nancy-metz.fr\/stss\/wp-content\/uploads\/2023\/06\/cropped-cropped-logo-ac-nancy-20-e1688052918222.jpg","width":100,"height":80,"caption":"Sciences et Techniques M\u00e9dico-Sociales"},"image":{"@id":"https:\/\/sites.ac-nancy-metz.fr\/stss\/#\/schema\/logo\/image\/"}}]}},"_links":{"self":[{"href":"https:\/\/sites.ac-nancy-metz.fr\/stss\/wp-json\/wp\/v2\/pages\/370","targetHints":{"allow":["GET"]}}],"collection":[{"href":"https:\/\/sites.ac-nancy-metz.fr\/stss\/wp-json\/wp\/v2\/pages"}],"about":[{"href":"https:\/\/sites.ac-nancy-metz.fr\/stss\/wp-json\/wp\/v2\/types\/page"}],"author":[{"embeddable":true,"href":"https:\/\/sites.ac-nancy-metz.fr\/stss\/wp-json\/wp\/v2\/users\/1"}],"replies":[{"embeddable":true,"href":"https:\/\/sites.ac-nancy-metz.fr\/stss\/wp-json\/wp\/v2\/comments?post=370"}],"version-history":[{"count":7,"href":"https:\/\/sites.ac-nancy-metz.fr\/stss\/wp-json\/wp\/v2\/pages\/370\/revisions"}],"predecessor-version":[{"id":378,"href":"https:\/\/sites.ac-nancy-metz.fr\/stss\/wp-json\/wp\/v2\/pages\/370\/revisions\/378"}],"up":[{"embeddable":true,"href":"https:\/\/sites.ac-nancy-metz.fr\/stss\/wp-json\/wp\/v2\/pages\/47"}],"wp:attachment":[{"href":"https:\/\/sites.ac-nancy-metz.fr\/stss\/wp-json\/wp\/v2\/media?parent=370"}],"curies":[{"name":"wp","href":"https:\/\/api.w.org\/{rel}","templated":true}]}}