{"id":431,"date":"2023-07-05T14:37:48","date_gmt":"2023-07-05T14:37:48","guid":{"rendered":"https:\/\/sites.ac-nancy-metz.fr\/stss\/?page_id=431"},"modified":"2023-09-18T08:15:16","modified_gmt":"2023-09-18T08:15:16","slug":"concours-et-prix","status":"publish","type":"page","link":"https:\/\/sites.ac-nancy-metz.fr\/stss\/projets-en-etablissements\/concours-et-prix\/","title":{"rendered":"Concours et prix"},"content":{"rendered":"<div id=\"pl-431\"  class=\"panel-layout\" ><div id=\"pg-431-0\"  class=\"panel-grid panel-no-style\" ><div id=\"pgc-431-0-0\"  class=\"panel-grid-cell\" ><div id=\"panel-431-0-0-0\" class=\"so-panel widget widget_sow-editor panel-first-child\" data-index=\"0\" ><div\n\t\t\t\n\t\t\tclass=\"so-widget-sow-editor so-widget-sow-editor-base\"\n\t\t\t\n\t\t>\n<div class=\"siteorigin-widget-tinymce textwidget\">\n\t<h2 style=\"text-align: center;\"><a href=\"https:\/\/sites.ac-nancy-metz.fr\/stss\/inspection\/puce-logo-site\/\" rel=\"attachment wp-att-685\"><img loading=\"lazy\" decoding=\"async\" class=\"alignnone size-full wp-image-685\" src=\"https:\/\/sites.ac-nancy-metz.fr\/stss\/wp-content\/uploads\/2023\/08\/puce-logo-site.png\" alt=\"\" width=\"22\" height=\"22\" \/><\/a> Le concours g\u00e9n\u00e9ral des lyc\u00e9es et des m\u00e9tiers : un prix d'excellence<\/h2>\n<ul>\n<li>Pr\u00e9sentation du <a href=\"https:\/\/www.education.gouv.fr\/le-concours-general-des-lycees-et-des-metiers-un-prix-d-excellence-10022#edugouv-summary-item-6\" target=\"_blank\" rel=\"noopener\">concours g\u00e9n\u00e9ral des lyc\u00e9es et des m\u00e9tiers<\/a><\/li>\n<\/ul>\n<p>&nbsp;<\/p>\n<p>&nbsp;<\/p>\n<\/div>\n<\/div><\/div><div id=\"panel-431-0-0-1\" class=\"so-panel widget widget_sow-editor panel-last-child\" data-index=\"1\" ><div\n\t\t\t\n\t\t\tclass=\"so-widget-sow-editor so-widget-sow-editor-base\"\n\t\t\t\n\t\t>\n<div class=\"siteorigin-widget-tinymce textwidget\">\n\t<h2 style=\"text-align: center;\"><a href=\"https:\/\/sites.ac-nancy-metz.fr\/stss\/inspection\/puce-logo-site\/\" rel=\"attachment wp-att-685\"><img loading=\"lazy\" decoding=\"async\" class=\"alignnone size-full wp-image-685\" src=\"https:\/\/sites.ac-nancy-metz.fr\/stss\/wp-content\/uploads\/2023\/08\/puce-logo-site.png\" alt=\"\" width=\"22\" height=\"22\" \/><\/a> Concours 2023<\/h2>\n<ul>\n<li><strong>Concours g\u00e9n\u00e9ral des lyc\u00e9es<\/strong><\/li>\n<\/ul>\n<p><a href=\"https:\/\/www.education.gouv.fr\/bo\/22\/Hebdo42\/MENE2229913N.htm\" target=\"_blank\" rel=\"noopener\">Note de service du 2 novembre 2022<\/a> relative \u00e0 l\u2019organisation du concours g\u00e9n\u00e9ral des lyc\u00e9es \u2013 session 2023 (BO du 10\/11\/2022)<\/p>\n<p><a href=\"https:\/\/www.education.gouv.fr\/media\/156680\/download\">T\u00e9l\u00e9charger le dossier de presse du Concours g\u00e9n\u00e9ral des lyc\u00e9es et des m\u00e9tiers 2023<\/a><\/p>\n<p><a href=\"https:\/\/sites.ac-nancy-metz.fr\/stss\/projets-en-etablissements\/concours-et-prix\/rapport-de-jury-2023-sciences-et-techniques-sanitaires-et-sociales\/\" rel=\"attachment wp-att-867\">Rapport de jury 2023 sciences et techniques sanitaires et sociales<\/a><\/p>\n<p><a href=\"https:\/\/eduscol.education.fr\/document\/52086\/download\" target=\"_blank\" rel=\"noopener\">Sujet de STSS de 2023<\/a><\/p>\n<p>&nbsp;<\/p>\n<ul>\n<li><a href=\"https:\/\/sites.ac-nancy-metz.fr\/stss\/2023\/09\/18\/944\/\" target=\"_blank\" rel=\"noopener\">La f\u00eate de la science 2023<\/a><\/li>\n<li><a href=\"https:\/\/sites.ac-nancy-metz.fr\/stss\/2023\/09\/18\/950\/\" target=\"_blank\" rel=\"noopener\">Le concours <strong>CG\u00e9nial-lyc\u00e9e<\/strong>,<\/a> est destin\u00e9 \u00e0 promouvoir les sciences et s'adresse aux \u00e9l\u00e8ves de coll\u00e8ges et lyc\u00e9es.<\/li>\n<\/ul>\n<\/div>\n<\/div><\/div><\/div><\/div><\/div>","protected":false},"excerpt":{"rendered":"<p>Le concours g\u00e9n\u00e9ral des lyc\u00e9es et des m\u00e9tiers : un prix d&rsquo;excellence Pr\u00e9sentation du concours g\u00e9n\u00e9ral des lyc\u00e9es et des m\u00e9tiers &nbsp; &nbsp; Concours 2023 Concours g\u00e9n\u00e9ral des lyc\u00e9es Note de service du 2 novembre 2022 relative \u00e0 l\u2019organisation du concours g\u00e9n\u00e9ral des lyc\u00e9es \u2013 session 2023 (BO du 10\/11\/2022) T\u00e9l\u00e9charger le dossier de presse&#8230;<\/p>\n<p class=\"more-link-wrap\"><a href=\"https:\/\/sites.ac-nancy-metz.fr\/stss\/projets-en-etablissements\/concours-et-prix\/\" class=\"more-link\">En savoir plus<span class=\"screen-reader-text\"> &ldquo;Concours et prix&rdquo;<\/span> &raquo;<\/a><\/p>\n","protected":false},"author":1,"featured_media":0,"parent":53,"menu_order":0,"comment_status":"closed","ping_status":"closed","template":"","meta":{"footnotes":""},"class_list":["post-431","page","type-page","status-publish","hentry"],"yoast_head":"<!-- This site is optimized with the Yoast SEO plugin v24.9 - https:\/\/yoast.com\/wordpress\/plugins\/seo\/ -->\n<title>Concours et prix - STMS<\/title>\n<meta name=\"robots\" content=\"index, follow, max-snippet:-1, max-image-preview:large, max-video-preview:-1\" \/>\n<link rel=\"canonical\" href=\"https:\/\/sites.ac-nancy-metz.fr\/stss\/projets-en-etablissements\/concours-et-prix\/\" \/>\n<meta property=\"og:locale\" content=\"fr_FR\" \/>\n<meta property=\"og:type\" content=\"article\" \/>\n<meta property=\"og:title\" content=\"Concours et prix - STMS\" \/>\n<meta property=\"og:description\" content=\"Le concours g\u00e9n\u00e9ral des lyc\u00e9es et des m\u00e9tiers : un prix d&#039;excellence Pr\u00e9sentation du concours g\u00e9n\u00e9ral des lyc\u00e9es et des m\u00e9tiers &nbsp; &nbsp; Concours 2023 Concours g\u00e9n\u00e9ral des lyc\u00e9es Note de service du 2 novembre 2022 relative \u00e0 l\u2019organisation du concours g\u00e9n\u00e9ral des lyc\u00e9es \u2013 session 2023 (BO du 10\/11\/2022) T\u00e9l\u00e9charger le dossier de presse...En savoir plus &ldquo;Concours et prix&rdquo; &raquo;\" \/>\n<meta property=\"og:url\" content=\"https:\/\/sites.ac-nancy-metz.fr\/stss\/projets-en-etablissements\/concours-et-prix\/\" \/>\n<meta property=\"og:site_name\" content=\"STMS\" \/>\n<meta property=\"article:modified_time\" content=\"2023-09-18T08:15:16+00:00\" \/>\n<meta property=\"og:image\" content=\"https:\/\/sites.ac-nancy-metz.fr\/stss\/wp-content\/uploads\/2023\/08\/puce-logo-site.png\" \/>\n<meta name=\"twitter:card\" content=\"summary_large_image\" \/>\n<meta name=\"twitter:label1\" content=\"Dur\u00e9e de lecture estim\u00e9e\" \/>\n\t<meta name=\"twitter:data1\" content=\"1 minute\" \/>\n<script type=\"application\/ld+json\" class=\"yoast-schema-graph\">{\"@context\":\"https:\/\/schema.org\",\"@graph\":[{\"@type\":\"WebPage\",\"@id\":\"https:\/\/sites.ac-nancy-metz.fr\/stss\/projets-en-etablissements\/concours-et-prix\/\",\"url\":\"https:\/\/sites.ac-nancy-metz.fr\/stss\/projets-en-etablissements\/concours-et-prix\/\",\"name\":\"Concours et prix - STMS\",\"isPartOf\":{\"@id\":\"https:\/\/sites.ac-nancy-metz.fr\/stss\/#website\"},\"primaryImageOfPage\":{\"@id\":\"https:\/\/sites.ac-nancy-metz.fr\/stss\/projets-en-etablissements\/concours-et-prix\/#primaryimage\"},\"image\":{\"@id\":\"https:\/\/sites.ac-nancy-metz.fr\/stss\/projets-en-etablissements\/concours-et-prix\/#primaryimage\"},\"thumbnailUrl\":\"https:\/\/sites.ac-nancy-metz.fr\/stss\/wp-content\/uploads\/2023\/08\/puce-logo-site.png\",\"datePublished\":\"2023-07-05T14:37:48+00:00\",\"dateModified\":\"2023-09-18T08:15:16+00:00\",\"breadcrumb\":{\"@id\":\"https:\/\/sites.ac-nancy-metz.fr\/stss\/projets-en-etablissements\/concours-et-prix\/#breadcrumb\"},\"inLanguage\":\"fr-FR\",\"potentialAction\":[{\"@type\":\"ReadAction\",\"target\":[\"https:\/\/sites.ac-nancy-metz.fr\/stss\/projets-en-etablissements\/concours-et-prix\/\"]}]},{\"@type\":\"ImageObject\",\"inLanguage\":\"fr-FR\",\"@id\":\"https:\/\/sites.ac-nancy-metz.fr\/stss\/projets-en-etablissements\/concours-et-prix\/#primaryimage\",\"url\":\"https:\/\/sites.ac-nancy-metz.fr\/stss\/wp-content\/uploads\/2023\/08\/puce-logo-site.png\",\"contentUrl\":\"https:\/\/sites.ac-nancy-metz.fr\/stss\/wp-content\/uploads\/2023\/08\/puce-logo-site.png\",\"width\":22,\"height\":22},{\"@type\":\"BreadcrumbList\",\"@id\":\"https:\/\/sites.ac-nancy-metz.fr\/stss\/projets-en-etablissements\/concours-et-prix\/#breadcrumb\",\"itemListElement\":[{\"@type\":\"ListItem\",\"position\":1,\"name\":\"Accueil\",\"item\":\"https:\/\/sites.ac-nancy-metz.fr\/stss\/\"},{\"@type\":\"ListItem\",\"position\":2,\"name\":\"En action\",\"item\":\"https:\/\/sites.ac-nancy-metz.fr\/stss\/projets-en-etablissements\/\"},{\"@type\":\"ListItem\",\"position\":3,\"name\":\"Concours et prix\"}]},{\"@type\":\"WebSite\",\"@id\":\"https:\/\/sites.ac-nancy-metz.fr\/stss\/#website\",\"url\":\"https:\/\/sites.ac-nancy-metz.fr\/stss\/\",\"name\":\"STMS\",\"description\":\" Sciences et Techniques M\u00e9dico-Sociales \",\"publisher\":{\"@id\":\"https:\/\/sites.ac-nancy-metz.fr\/stss\/#organization\"},\"potentialAction\":[{\"@type\":\"SearchAction\",\"target\":{\"@type\":\"EntryPoint\",\"urlTemplate\":\"https:\/\/sites.ac-nancy-metz.fr\/stss\/?s={search_term_string}\"},\"query-input\":{\"@type\":\"PropertyValueSpecification\",\"valueRequired\":true,\"valueName\":\"search_term_string\"}}],\"inLanguage\":\"fr-FR\"},{\"@type\":\"Organization\",\"@id\":\"https:\/\/sites.ac-nancy-metz.fr\/stss\/#organization\",\"name\":\"Sciences et Techniques M\u00e9dico-Sociales\",\"url\":\"https:\/\/sites.ac-nancy-metz.fr\/stss\/\",\"logo\":{\"@type\":\"ImageObject\",\"inLanguage\":\"fr-FR\",\"@id\":\"https:\/\/sites.ac-nancy-metz.fr\/stss\/#\/schema\/logo\/image\/\",\"url\":\"https:\/\/sites.ac-nancy-metz.fr\/stss\/wp-content\/uploads\/2023\/06\/cropped-cropped-logo-ac-nancy-20-e1688052918222.jpg\",\"contentUrl\":\"https:\/\/sites.ac-nancy-metz.fr\/stss\/wp-content\/uploads\/2023\/06\/cropped-cropped-logo-ac-nancy-20-e1688052918222.jpg\",\"width\":100,\"height\":80,\"caption\":\"Sciences et Techniques M\u00e9dico-Sociales\"},\"image\":{\"@id\":\"https:\/\/sites.ac-nancy-metz.fr\/stss\/#\/schema\/logo\/image\/\"}}]}<\/script>\n<!-- \/ Yoast SEO plugin. -->","yoast_head_json":{"title":"Concours et prix - STMS","robots":{"index":"index","follow":"follow","max-snippet":"max-snippet:-1","max-image-preview":"max-image-preview:large","max-video-preview":"max-video-preview:-1"},"canonical":"https:\/\/sites.ac-nancy-metz.fr\/stss\/projets-en-etablissements\/concours-et-prix\/","og_locale":"fr_FR","og_type":"article","og_title":"Concours et prix - STMS","og_description":"Le concours g\u00e9n\u00e9ral des lyc\u00e9es et des m\u00e9tiers : un prix d'excellence Pr\u00e9sentation du concours g\u00e9n\u00e9ral des lyc\u00e9es et des m\u00e9tiers &nbsp; &nbsp; Concours 2023 Concours g\u00e9n\u00e9ral des lyc\u00e9es Note de service du 2 novembre 2022 relative \u00e0 l\u2019organisation du concours g\u00e9n\u00e9ral des lyc\u00e9es \u2013 session 2023 (BO du 10\/11\/2022) T\u00e9l\u00e9charger le dossier de presse...En savoir plus &ldquo;Concours et prix&rdquo; &raquo;","og_url":"https:\/\/sites.ac-nancy-metz.fr\/stss\/projets-en-etablissements\/concours-et-prix\/","og_site_name":"STMS","article_modified_time":"2023-09-18T08:15:16+00:00","og_image":[{"url":"https:\/\/sites.ac-nancy-metz.fr\/stss\/wp-content\/uploads\/2023\/08\/puce-logo-site.png","type":"","width":"","height":""}],"twitter_card":"summary_large_image","twitter_misc":{"Dur\u00e9e de lecture estim\u00e9e":"1 minute"},"schema":{"@context":"https:\/\/schema.org","@graph":[{"@type":"WebPage","@id":"https:\/\/sites.ac-nancy-metz.fr\/stss\/projets-en-etablissements\/concours-et-prix\/","url":"https:\/\/sites.ac-nancy-metz.fr\/stss\/projets-en-etablissements\/concours-et-prix\/","name":"Concours et prix - STMS","isPartOf":{"@id":"https:\/\/sites.ac-nancy-metz.fr\/stss\/#website"},"primaryImageOfPage":{"@id":"https:\/\/sites.ac-nancy-metz.fr\/stss\/projets-en-etablissements\/concours-et-prix\/#primaryimage"},"image":{"@id":"https:\/\/sites.ac-nancy-metz.fr\/stss\/projets-en-etablissements\/concours-et-prix\/#primaryimage"},"thumbnailUrl":"https:\/\/sites.ac-nancy-metz.fr\/stss\/wp-content\/uploads\/2023\/08\/puce-logo-site.png","datePublished":"2023-07-05T14:37:48+00:00","dateModified":"2023-09-18T08:15:16+00:00","breadcrumb":{"@id":"https:\/\/sites.ac-nancy-metz.fr\/stss\/projets-en-etablissements\/concours-et-prix\/#breadcrumb"},"inLanguage":"fr-FR","potentialAction":[{"@type":"ReadAction","target":["https:\/\/sites.ac-nancy-metz.fr\/stss\/projets-en-etablissements\/concours-et-prix\/"]}]},{"@type":"ImageObject","inLanguage":"fr-FR","@id":"https:\/\/sites.ac-nancy-metz.fr\/stss\/projets-en-etablissements\/concours-et-prix\/#primaryimage","url":"https:\/\/sites.ac-nancy-metz.fr\/stss\/wp-content\/uploads\/2023\/08\/puce-logo-site.png","contentUrl":"https:\/\/sites.ac-nancy-metz.fr\/stss\/wp-content\/uploads\/2023\/08\/puce-logo-site.png","width":22,"height":22},{"@type":"BreadcrumbList","@id":"https:\/\/sites.ac-nancy-metz.fr\/stss\/projets-en-etablissements\/concours-et-prix\/#breadcrumb","itemListElement":[{"@type":"ListItem","position":1,"name":"Accueil","item":"https:\/\/sites.ac-nancy-metz.fr\/stss\/"},{"@type":"ListItem","position":2,"name":"En action","item":"https:\/\/sites.ac-nancy-metz.fr\/stss\/projets-en-etablissements\/"},{"@type":"ListItem","position":3,"name":"Concours et prix"}]},{"@type":"WebSite","@id":"https:\/\/sites.ac-nancy-metz.fr\/stss\/#website","url":"https:\/\/sites.ac-nancy-metz.fr\/stss\/","name":"STMS","description":" Sciences et Techniques M\u00e9dico-Sociales ","publisher":{"@id":"https:\/\/sites.ac-nancy-metz.fr\/stss\/#organization"},"potentialAction":[{"@type":"SearchAction","target":{"@type":"EntryPoint","urlTemplate":"https:\/\/sites.ac-nancy-metz.fr\/stss\/?s={search_term_string}"},"query-input":{"@type":"PropertyValueSpecification","valueRequired":true,"valueName":"search_term_string"}}],"inLanguage":"fr-FR"},{"@type":"Organization","@id":"https:\/\/sites.ac-nancy-metz.fr\/stss\/#organization","name":"Sciences et Techniques M\u00e9dico-Sociales","url":"https:\/\/sites.ac-nancy-metz.fr\/stss\/","logo":{"@type":"ImageObject","inLanguage":"fr-FR","@id":"https:\/\/sites.ac-nancy-metz.fr\/stss\/#\/schema\/logo\/image\/","url":"https:\/\/sites.ac-nancy-metz.fr\/stss\/wp-content\/uploads\/2023\/06\/cropped-cropped-logo-ac-nancy-20-e1688052918222.jpg","contentUrl":"https:\/\/sites.ac-nancy-metz.fr\/stss\/wp-content\/uploads\/2023\/06\/cropped-cropped-logo-ac-nancy-20-e1688052918222.jpg","width":100,"height":80,"caption":"Sciences et Techniques M\u00e9dico-Sociales"},"image":{"@id":"https:\/\/sites.ac-nancy-metz.fr\/stss\/#\/schema\/logo\/image\/"}}]}},"_links":{"self":[{"href":"https:\/\/sites.ac-nancy-metz.fr\/stss\/wp-json\/wp\/v2\/pages\/431","targetHints":{"allow":["GET"]}}],"collection":[{"href":"https:\/\/sites.ac-nancy-metz.fr\/stss\/wp-json\/wp\/v2\/pages"}],"about":[{"href":"https:\/\/sites.ac-nancy-metz.fr\/stss\/wp-json\/wp\/v2\/types\/page"}],"author":[{"embeddable":true,"href":"https:\/\/sites.ac-nancy-metz.fr\/stss\/wp-json\/wp\/v2\/users\/1"}],"replies":[{"embeddable":true,"href":"https:\/\/sites.ac-nancy-metz.fr\/stss\/wp-json\/wp\/v2\/comments?post=431"}],"version-history":[{"count":13,"href":"https:\/\/sites.ac-nancy-metz.fr\/stss\/wp-json\/wp\/v2\/pages\/431\/revisions"}],"predecessor-version":[{"id":959,"href":"https:\/\/sites.ac-nancy-metz.fr\/stss\/wp-json\/wp\/v2\/pages\/431\/revisions\/959"}],"up":[{"embeddable":true,"href":"https:\/\/sites.ac-nancy-metz.fr\/stss\/wp-json\/wp\/v2\/pages\/53"}],"wp:attachment":[{"href":"https:\/\/sites.ac-nancy-metz.fr\/stss\/wp-json\/wp\/v2\/media?parent=431"}],"curies":[{"name":"wp","href":"https:\/\/api.w.org\/{rel}","templated":true}]}}