{"id":530,"date":"2023-07-06T15:07:04","date_gmt":"2023-07-06T15:07:04","guid":{"rendered":"https:\/\/sites.ac-nancy-metz.fr\/stss\/?page_id=530"},"modified":"2023-09-04T13:59:46","modified_gmt":"2023-09-04T13:59:46","slug":"referentiel","status":"publish","type":"page","link":"https:\/\/sites.ac-nancy-metz.fr\/stss\/bts\/esf\/referentiel\/","title":{"rendered":"R\u00e9f\u00e9rentiel"},"content":{"rendered":"<div id=\"pl-530\"  class=\"panel-layout\" ><div id=\"pg-530-0\"  class=\"panel-grid panel-no-style\" ><div id=\"pgc-530-0-0\"  class=\"panel-grid-cell\" ><div id=\"panel-530-0-0-0\" class=\"so-panel widget widget_sow-editor panel-first-child\" data-index=\"0\" ><div\n\t\t\t\n\t\t\tclass=\"so-widget-sow-editor so-widget-sow-editor-base\"\n\t\t\t\n\t\t>\n<div class=\"siteorigin-widget-tinymce textwidget\">\n\t<h4><span style=\"color: #0000ff;\"><strong><a href=\"https:\/\/sites.ac-nancy-metz.fr\/stss\/inspection\/puce-logo-site\/\" rel=\"attachment wp-att-685\"><img loading=\"lazy\" decoding=\"async\" class=\"alignnone size-full wp-image-685\" src=\"https:\/\/sites.ac-nancy-metz.fr\/stss\/wp-content\/uploads\/2023\/08\/puce-logo-site.png\" alt=\"\" width=\"22\" height=\"22\" \/><\/a>\u00a0 Arr\u00eat\u00e9 du 24 janvier 2022<\/strong><\/span><\/h4>\n<p>portant d\u00e9finition et fixant les conditions de d\u00e9livrance du brevet de technicien sup\u00e9rieur \u00ab Economie sociale et familiale\u00a0 \u00a0 \u00a0<a href=\"https:\/\/www.legifrance.gouv.fr\/download\/file\/yolCDxjzuZbzb6fvzoj77IQZME92AGLXLKvuSbVD0NI=\/JOE_TEXTE\" target=\"_blank\" rel=\"noopener\"><img loading=\"lazy\" decoding=\"async\" class=\"alignnone wp-image-536\" src=\"https:\/\/sites.ac-nancy-metz.fr\/stss\/wp-content\/uploads\/2023\/07\/logo-telecharger-pdf.png\" alt=\"\" width=\"100\" height=\"32\" \/><\/a><\/p>\n<p>&nbsp;<\/p>\n<p>&nbsp;<\/p>\n<\/div>\n<\/div><\/div><div id=\"panel-530-0-0-1\" class=\"so-panel widget widget_sow-editor\" data-index=\"1\" ><div\n\t\t\t\n\t\t\tclass=\"so-widget-sow-editor so-widget-sow-editor-base\"\n\t\t\t\n\t\t>\n<div class=\"siteorigin-widget-tinymce textwidget\">\n\t<h4><a href=\"https:\/\/sites.ac-nancy-metz.fr\/stss\/inspection\/puce-logo-site\/\" rel=\"attachment wp-att-685\"><img loading=\"lazy\" decoding=\"async\" class=\"alignnone size-full wp-image-685\" src=\"https:\/\/sites.ac-nancy-metz.fr\/stss\/wp-content\/uploads\/2023\/08\/puce-logo-site.png\" alt=\"\" width=\"22\" height=\"22\" \/><\/a>\u00a0<span style=\"color: #3366ff;\"> Arr\u00eat\u00e9 du 24 janvier 2022<\/span><\/h4>\n<p>portant d\u00e9finition et fixant les conditions de d\u00e9livrance du brevet de technicien sup\u00e9rieur \u00ab Economie sociale et familiale (<span style=\"color: #0000ff;\">WORD)<\/span>\u00a0 \u00a0 \u00a0<a href=\"https:\/\/sites.ac-nancy-metz.fr\/stss\/wp-content\/uploads\/2023\/09\/Arrete-annexes-BTS-ESF.docx\" target=\"_blank\" rel=\"noopener\"><img loading=\"lazy\" decoding=\"async\" class=\"alignnone wp-image-536\" src=\"https:\/\/sites.ac-nancy-metz.fr\/stss\/wp-content\/uploads\/2023\/07\/logo-telecharger-pdf.png\" alt=\"\" width=\"100\" height=\"32\" \/><\/a><\/p>\n<p>&nbsp;<\/p>\n<p>&nbsp;<\/p>\n<\/div>\n<\/div><\/div><div id=\"panel-530-0-0-2\" class=\"so-panel widget widget_sow-editor\" data-index=\"2\" ><div\n\t\t\t\n\t\t\tclass=\"so-widget-sow-editor so-widget-sow-editor-base\"\n\t\t\t\n\t\t>\n<div class=\"siteorigin-widget-tinymce textwidget\">\n\t<h4><a href=\"https:\/\/sites.ac-nancy-metz.fr\/stss\/bts\/esf\/referentiel\/img-guide\/\" rel=\"attachment wp-att-860\"><img loading=\"lazy\" decoding=\"async\" class=\"size-thumbnail wp-image-860 alignleft\" src=\"https:\/\/sites.ac-nancy-metz.fr\/stss\/wp-content\/uploads\/2023\/09\/img-guide-150x150.jpg\" alt=\"\" width=\"150\" height=\"150\" \/><\/a><span style=\"color: #3366ff;\">Guide d\u2019accompagnement p\u00e9dagogique<\/span><\/h4>\n<p>du brevet de technicien sup\u00e9rieur \u00ab Economie sociale et familiale 2022\u00a0 \u00a0 \u00a0<a href=\"https:\/\/sites.ac-nancy-metz.fr\/stss\/wp-content\/uploads\/2023\/09\/bts_esf_gap_2022.docx\" target=\"_blank\" rel=\"noopener\"><img loading=\"lazy\" decoding=\"async\" class=\"alignnone wp-image-536\" src=\"https:\/\/sites.ac-nancy-metz.fr\/stss\/wp-content\/uploads\/2023\/07\/logo-telecharger-pdf.png\" alt=\"\" width=\"100\" height=\"32\" \/><\/a><\/p>\n<p>&nbsp;<\/p>\n<p>&nbsp;<\/p>\n<\/div>\n<\/div><\/div><div id=\"panel-530-0-0-3\" class=\"so-panel widget widget_sow-editor\" data-index=\"3\" ><div\n\t\t\t\n\t\t\tclass=\"so-widget-sow-editor so-widget-sow-editor-base\"\n\t\t\t\n\t\t>\n<div class=\"siteorigin-widget-tinymce textwidget\">\n\t<h4><a href=\"https:\/\/sites.ac-nancy-metz.fr\/stss\/inspection\/puce-logo-site\/\" rel=\"attachment wp-att-685\"><img loading=\"lazy\" decoding=\"async\" class=\"alignnone size-full wp-image-685\" src=\"https:\/\/sites.ac-nancy-metz.fr\/stss\/wp-content\/uploads\/2023\/08\/puce-logo-site.png\" alt=\"\" width=\"22\" height=\"22\" \/><\/a>\u00a0 <span style=\"color: #3366ff;\">Fonction 3 : animation, formation dans les domaines de la vie quotidienne <\/span><\/h4>\n<p>du brevet de technicien sup\u00e9rieur \u00ab Economie sociale et familiale\u00a0 \u00a0 \u00a0<a href=\"https:\/\/sites.ac-nancy-metz.fr\/stss\/wp-content\/uploads\/2023\/09\/fonction-3-_animation-formation.docx\" target=\"_blank\" rel=\"noopener\"><img loading=\"lazy\" decoding=\"async\" class=\"alignnone wp-image-536\" src=\"https:\/\/sites.ac-nancy-metz.fr\/stss\/wp-content\/uploads\/2023\/07\/logo-telecharger-pdf.png\" alt=\"\" width=\"100\" height=\"32\" \/><\/a><\/p>\n<p>&nbsp;<\/p>\n<p>&nbsp;<\/p>\n<\/div>\n<\/div><\/div><div id=\"panel-530-0-0-4\" class=\"so-panel widget widget_sow-editor\" data-index=\"4\" ><div\n\t\t\t\n\t\t\tclass=\"so-widget-sow-editor so-widget-sow-editor-base\"\n\t\t\t\n\t\t>\n<div class=\"siteorigin-widget-tinymce textwidget\">\n\t<h4><span style=\"color: #3366ff;\"><a href=\"https:\/\/sites.ac-nancy-metz.fr\/stss\/inspection\/puce-logo-site\/\" rel=\"attachment wp-att-685\"><img loading=\"lazy\" decoding=\"async\" class=\"alignnone size-full wp-image-685\" src=\"https:\/\/sites.ac-nancy-metz.fr\/stss\/wp-content\/uploads\/2023\/08\/puce-logo-site.png\" alt=\"\" width=\"22\" height=\"22\" \/><\/a>\u00a0 Fonction 4 : Communication professionnelle - animation d\u2019\u00e9quipe<\/span><\/h4>\n<p>du brevet de technicien sup\u00e9rieur \u00ab Economie sociale et familiale\u00a0 \u00a0 \u00a0<a href=\"https:\/\/sites.ac-nancy-metz.fr\/stss\/wp-content\/uploads\/2023\/09\/FONCTION-4-communication.docx\" target=\"_blank\" rel=\"noopener\"><img loading=\"lazy\" decoding=\"async\" class=\"alignnone wp-image-536\" src=\"https:\/\/sites.ac-nancy-metz.fr\/stss\/wp-content\/uploads\/2023\/07\/logo-telecharger-pdf.png\" alt=\"\" width=\"100\" height=\"32\" \/><\/a><\/p>\n<p>&nbsp;<\/p>\n<p>&nbsp;<\/p>\n<\/div>\n<\/div><\/div><div id=\"panel-530-0-0-5\" class=\"so-panel widget widget_sow-editor panel-last-child\" data-index=\"5\" ><div\n\t\t\t\n\t\t\tclass=\"so-widget-sow-editor so-widget-sow-editor-base\"\n\t\t\t\n\t\t>\n<div class=\"siteorigin-widget-tinymce textwidget\">\n\t<h4><span style=\"color: #3366ff;\"><a href=\"https:\/\/sites.ac-nancy-metz.fr\/stss\/inspection\/puce-logo-site\/\" rel=\"attachment wp-att-685\"><img loading=\"lazy\" decoding=\"async\" class=\"alignnone size-full wp-image-685\" src=\"https:\/\/sites.ac-nancy-metz.fr\/stss\/wp-content\/uploads\/2023\/08\/puce-logo-site.png\" alt=\"\" width=\"22\" height=\"22\" \/><\/a>\u00a0 Fonction 5\u00a0: Participation \u00e0 la dynamique institutionnelle et partenariale<\/span><\/h4>\n<p>du brevet de technicien sup\u00e9rieur \u00ab Economie sociale et familiale\u00a0 \u00a0 \u00a0<a href=\"https:\/\/sites.ac-nancy-metz.fr\/stss\/wp-content\/uploads\/2023\/09\/fonction-5-travail-partenarial.docx\" target=\"_blank\" rel=\"noopener\"><img loading=\"lazy\" decoding=\"async\" class=\"alignnone wp-image-536\" src=\"https:\/\/sites.ac-nancy-metz.fr\/stss\/wp-content\/uploads\/2023\/07\/logo-telecharger-pdf.png\" alt=\"\" width=\"100\" height=\"32\" \/><\/a><\/p>\n<p>&nbsp;<\/p>\n<p>&nbsp;<\/p>\n<\/div>\n<\/div><\/div><\/div><\/div><\/div>","protected":false},"excerpt":{"rendered":"<p>\u00a0 Arr\u00eat\u00e9 du 24 janvier 2022 portant d\u00e9finition et fixant les conditions de d\u00e9livrance du brevet de technicien sup\u00e9rieur \u00ab Economie sociale et familiale\u00a0 \u00a0 \u00a0 &nbsp; &nbsp; \u00a0 Arr\u00eat\u00e9 du 24 janvier 2022 portant d\u00e9finition et fixant les conditions de d\u00e9livrance du brevet de technicien sup\u00e9rieur \u00ab Economie sociale et familiale (WORD)\u00a0 \u00a0 \u00a0&#8230;<\/p>\n<p class=\"more-link-wrap\"><a href=\"https:\/\/sites.ac-nancy-metz.fr\/stss\/bts\/esf\/referentiel\/\" class=\"more-link\">En savoir plus<span class=\"screen-reader-text\"> &ldquo;R\u00e9f\u00e9rentiel&rdquo;<\/span> &raquo;<\/a><\/p>\n","protected":false},"author":1,"featured_media":0,"parent":115,"menu_order":0,"comment_status":"closed","ping_status":"closed","template":"","meta":{"footnotes":""},"class_list":["post-530","page","type-page","status-publish","hentry"],"yoast_head":"<!-- This site is optimized with the Yoast SEO plugin v24.9 - https:\/\/yoast.com\/wordpress\/plugins\/seo\/ -->\n<title>R\u00e9f\u00e9rentiel - STMS<\/title>\n<meta name=\"robots\" content=\"index, follow, max-snippet:-1, max-image-preview:large, max-video-preview:-1\" \/>\n<link rel=\"canonical\" href=\"https:\/\/sites.ac-nancy-metz.fr\/stss\/bts\/esf\/referentiel\/\" \/>\n<meta property=\"og:locale\" content=\"fr_FR\" \/>\n<meta property=\"og:type\" content=\"article\" \/>\n<meta property=\"og:title\" content=\"R\u00e9f\u00e9rentiel - STMS\" \/>\n<meta property=\"og:description\" content=\"\u00a0 Arr\u00eat\u00e9 du 24 janvier 2022 portant d\u00e9finition et fixant les conditions de d\u00e9livrance du brevet de technicien sup\u00e9rieur \u00ab Economie sociale et familiale\u00a0 \u00a0 \u00a0 &nbsp; &nbsp; \u00a0 Arr\u00eat\u00e9 du 24 janvier 2022 portant d\u00e9finition et fixant les conditions de d\u00e9livrance du brevet de technicien sup\u00e9rieur \u00ab Economie sociale et familiale (WORD)\u00a0 \u00a0 \u00a0...En savoir plus &ldquo;R\u00e9f\u00e9rentiel&rdquo; &raquo;\" \/>\n<meta property=\"og:url\" content=\"https:\/\/sites.ac-nancy-metz.fr\/stss\/bts\/esf\/referentiel\/\" \/>\n<meta property=\"og:site_name\" content=\"STMS\" \/>\n<meta property=\"article:modified_time\" content=\"2023-09-04T13:59:46+00:00\" \/>\n<meta property=\"og:image\" content=\"https:\/\/sites.ac-nancy-metz.fr\/stss\/wp-content\/uploads\/2023\/08\/puce-logo-site.png\" \/>\n<meta name=\"twitter:card\" content=\"summary_large_image\" \/>\n<meta name=\"twitter:label1\" content=\"Dur\u00e9e de lecture estim\u00e9e\" \/>\n\t<meta name=\"twitter:data1\" content=\"3 minutes\" \/>\n<script type=\"application\/ld+json\" class=\"yoast-schema-graph\">{\"@context\":\"https:\/\/schema.org\",\"@graph\":[{\"@type\":\"WebPage\",\"@id\":\"https:\/\/sites.ac-nancy-metz.fr\/stss\/bts\/esf\/referentiel\/\",\"url\":\"https:\/\/sites.ac-nancy-metz.fr\/stss\/bts\/esf\/referentiel\/\",\"name\":\"R\u00e9f\u00e9rentiel - STMS\",\"isPartOf\":{\"@id\":\"https:\/\/sites.ac-nancy-metz.fr\/stss\/#website\"},\"primaryImageOfPage\":{\"@id\":\"https:\/\/sites.ac-nancy-metz.fr\/stss\/bts\/esf\/referentiel\/#primaryimage\"},\"image\":{\"@id\":\"https:\/\/sites.ac-nancy-metz.fr\/stss\/bts\/esf\/referentiel\/#primaryimage\"},\"thumbnailUrl\":\"https:\/\/sites.ac-nancy-metz.fr\/stss\/wp-content\/uploads\/2023\/08\/puce-logo-site.png\",\"datePublished\":\"2023-07-06T15:07:04+00:00\",\"dateModified\":\"2023-09-04T13:59:46+00:00\",\"breadcrumb\":{\"@id\":\"https:\/\/sites.ac-nancy-metz.fr\/stss\/bts\/esf\/referentiel\/#breadcrumb\"},\"inLanguage\":\"fr-FR\",\"potentialAction\":[{\"@type\":\"ReadAction\",\"target\":[\"https:\/\/sites.ac-nancy-metz.fr\/stss\/bts\/esf\/referentiel\/\"]}]},{\"@type\":\"ImageObject\",\"inLanguage\":\"fr-FR\",\"@id\":\"https:\/\/sites.ac-nancy-metz.fr\/stss\/bts\/esf\/referentiel\/#primaryimage\",\"url\":\"https:\/\/sites.ac-nancy-metz.fr\/stss\/wp-content\/uploads\/2023\/08\/puce-logo-site.png\",\"contentUrl\":\"https:\/\/sites.ac-nancy-metz.fr\/stss\/wp-content\/uploads\/2023\/08\/puce-logo-site.png\",\"width\":22,\"height\":22},{\"@type\":\"BreadcrumbList\",\"@id\":\"https:\/\/sites.ac-nancy-metz.fr\/stss\/bts\/esf\/referentiel\/#breadcrumb\",\"itemListElement\":[{\"@type\":\"ListItem\",\"position\":1,\"name\":\"Accueil\",\"item\":\"https:\/\/sites.ac-nancy-metz.fr\/stss\/\"},{\"@type\":\"ListItem\",\"position\":2,\"name\":\"BTS\",\"item\":\"https:\/\/sites.ac-nancy-metz.fr\/stss\/bts\/\"},{\"@type\":\"ListItem\",\"position\":3,\"name\":\"ESF\",\"item\":\"https:\/\/sites.ac-nancy-metz.fr\/stss\/bts\/esf\/\"},{\"@type\":\"ListItem\",\"position\":4,\"name\":\"R\u00e9f\u00e9rentiel\"}]},{\"@type\":\"WebSite\",\"@id\":\"https:\/\/sites.ac-nancy-metz.fr\/stss\/#website\",\"url\":\"https:\/\/sites.ac-nancy-metz.fr\/stss\/\",\"name\":\"STMS\",\"description\":\" Sciences et Techniques M\u00e9dico-Sociales \",\"publisher\":{\"@id\":\"https:\/\/sites.ac-nancy-metz.fr\/stss\/#organization\"},\"potentialAction\":[{\"@type\":\"SearchAction\",\"target\":{\"@type\":\"EntryPoint\",\"urlTemplate\":\"https:\/\/sites.ac-nancy-metz.fr\/stss\/?s={search_term_string}\"},\"query-input\":{\"@type\":\"PropertyValueSpecification\",\"valueRequired\":true,\"valueName\":\"search_term_string\"}}],\"inLanguage\":\"fr-FR\"},{\"@type\":\"Organization\",\"@id\":\"https:\/\/sites.ac-nancy-metz.fr\/stss\/#organization\",\"name\":\"Sciences et Techniques M\u00e9dico-Sociales\",\"url\":\"https:\/\/sites.ac-nancy-metz.fr\/stss\/\",\"logo\":{\"@type\":\"ImageObject\",\"inLanguage\":\"fr-FR\",\"@id\":\"https:\/\/sites.ac-nancy-metz.fr\/stss\/#\/schema\/logo\/image\/\",\"url\":\"https:\/\/sites.ac-nancy-metz.fr\/stss\/wp-content\/uploads\/2023\/06\/cropped-cropped-logo-ac-nancy-20-e1688052918222.jpg\",\"contentUrl\":\"https:\/\/sites.ac-nancy-metz.fr\/stss\/wp-content\/uploads\/2023\/06\/cropped-cropped-logo-ac-nancy-20-e1688052918222.jpg\",\"width\":100,\"height\":80,\"caption\":\"Sciences et Techniques M\u00e9dico-Sociales\"},\"image\":{\"@id\":\"https:\/\/sites.ac-nancy-metz.fr\/stss\/#\/schema\/logo\/image\/\"}}]}<\/script>\n<!-- \/ Yoast SEO plugin. -->","yoast_head_json":{"title":"R\u00e9f\u00e9rentiel - STMS","robots":{"index":"index","follow":"follow","max-snippet":"max-snippet:-1","max-image-preview":"max-image-preview:large","max-video-preview":"max-video-preview:-1"},"canonical":"https:\/\/sites.ac-nancy-metz.fr\/stss\/bts\/esf\/referentiel\/","og_locale":"fr_FR","og_type":"article","og_title":"R\u00e9f\u00e9rentiel - STMS","og_description":"\u00a0 Arr\u00eat\u00e9 du 24 janvier 2022 portant d\u00e9finition et fixant les conditions de d\u00e9livrance du brevet de technicien sup\u00e9rieur \u00ab Economie sociale et familiale\u00a0 \u00a0 \u00a0 &nbsp; &nbsp; \u00a0 Arr\u00eat\u00e9 du 24 janvier 2022 portant d\u00e9finition et fixant les conditions de d\u00e9livrance du brevet de technicien sup\u00e9rieur \u00ab Economie sociale et familiale (WORD)\u00a0 \u00a0 \u00a0...En savoir plus &ldquo;R\u00e9f\u00e9rentiel&rdquo; &raquo;","og_url":"https:\/\/sites.ac-nancy-metz.fr\/stss\/bts\/esf\/referentiel\/","og_site_name":"STMS","article_modified_time":"2023-09-04T13:59:46+00:00","og_image":[{"url":"https:\/\/sites.ac-nancy-metz.fr\/stss\/wp-content\/uploads\/2023\/08\/puce-logo-site.png","type":"","width":"","height":""}],"twitter_card":"summary_large_image","twitter_misc":{"Dur\u00e9e de lecture estim\u00e9e":"3 minutes"},"schema":{"@context":"https:\/\/schema.org","@graph":[{"@type":"WebPage","@id":"https:\/\/sites.ac-nancy-metz.fr\/stss\/bts\/esf\/referentiel\/","url":"https:\/\/sites.ac-nancy-metz.fr\/stss\/bts\/esf\/referentiel\/","name":"R\u00e9f\u00e9rentiel - STMS","isPartOf":{"@id":"https:\/\/sites.ac-nancy-metz.fr\/stss\/#website"},"primaryImageOfPage":{"@id":"https:\/\/sites.ac-nancy-metz.fr\/stss\/bts\/esf\/referentiel\/#primaryimage"},"image":{"@id":"https:\/\/sites.ac-nancy-metz.fr\/stss\/bts\/esf\/referentiel\/#primaryimage"},"thumbnailUrl":"https:\/\/sites.ac-nancy-metz.fr\/stss\/wp-content\/uploads\/2023\/08\/puce-logo-site.png","datePublished":"2023-07-06T15:07:04+00:00","dateModified":"2023-09-04T13:59:46+00:00","breadcrumb":{"@id":"https:\/\/sites.ac-nancy-metz.fr\/stss\/bts\/esf\/referentiel\/#breadcrumb"},"inLanguage":"fr-FR","potentialAction":[{"@type":"ReadAction","target":["https:\/\/sites.ac-nancy-metz.fr\/stss\/bts\/esf\/referentiel\/"]}]},{"@type":"ImageObject","inLanguage":"fr-FR","@id":"https:\/\/sites.ac-nancy-metz.fr\/stss\/bts\/esf\/referentiel\/#primaryimage","url":"https:\/\/sites.ac-nancy-metz.fr\/stss\/wp-content\/uploads\/2023\/08\/puce-logo-site.png","contentUrl":"https:\/\/sites.ac-nancy-metz.fr\/stss\/wp-content\/uploads\/2023\/08\/puce-logo-site.png","width":22,"height":22},{"@type":"BreadcrumbList","@id":"https:\/\/sites.ac-nancy-metz.fr\/stss\/bts\/esf\/referentiel\/#breadcrumb","itemListElement":[{"@type":"ListItem","position":1,"name":"Accueil","item":"https:\/\/sites.ac-nancy-metz.fr\/stss\/"},{"@type":"ListItem","position":2,"name":"BTS","item":"https:\/\/sites.ac-nancy-metz.fr\/stss\/bts\/"},{"@type":"ListItem","position":3,"name":"ESF","item":"https:\/\/sites.ac-nancy-metz.fr\/stss\/bts\/esf\/"},{"@type":"ListItem","position":4,"name":"R\u00e9f\u00e9rentiel"}]},{"@type":"WebSite","@id":"https:\/\/sites.ac-nancy-metz.fr\/stss\/#website","url":"https:\/\/sites.ac-nancy-metz.fr\/stss\/","name":"STMS","description":" Sciences et Techniques M\u00e9dico-Sociales ","publisher":{"@id":"https:\/\/sites.ac-nancy-metz.fr\/stss\/#organization"},"potentialAction":[{"@type":"SearchAction","target":{"@type":"EntryPoint","urlTemplate":"https:\/\/sites.ac-nancy-metz.fr\/stss\/?s={search_term_string}"},"query-input":{"@type":"PropertyValueSpecification","valueRequired":true,"valueName":"search_term_string"}}],"inLanguage":"fr-FR"},{"@type":"Organization","@id":"https:\/\/sites.ac-nancy-metz.fr\/stss\/#organization","name":"Sciences et Techniques M\u00e9dico-Sociales","url":"https:\/\/sites.ac-nancy-metz.fr\/stss\/","logo":{"@type":"ImageObject","inLanguage":"fr-FR","@id":"https:\/\/sites.ac-nancy-metz.fr\/stss\/#\/schema\/logo\/image\/","url":"https:\/\/sites.ac-nancy-metz.fr\/stss\/wp-content\/uploads\/2023\/06\/cropped-cropped-logo-ac-nancy-20-e1688052918222.jpg","contentUrl":"https:\/\/sites.ac-nancy-metz.fr\/stss\/wp-content\/uploads\/2023\/06\/cropped-cropped-logo-ac-nancy-20-e1688052918222.jpg","width":100,"height":80,"caption":"Sciences et Techniques M\u00e9dico-Sociales"},"image":{"@id":"https:\/\/sites.ac-nancy-metz.fr\/stss\/#\/schema\/logo\/image\/"}}]}},"_links":{"self":[{"href":"https:\/\/sites.ac-nancy-metz.fr\/stss\/wp-json\/wp\/v2\/pages\/530","targetHints":{"allow":["GET"]}}],"collection":[{"href":"https:\/\/sites.ac-nancy-metz.fr\/stss\/wp-json\/wp\/v2\/pages"}],"about":[{"href":"https:\/\/sites.ac-nancy-metz.fr\/stss\/wp-json\/wp\/v2\/types\/page"}],"author":[{"embeddable":true,"href":"https:\/\/sites.ac-nancy-metz.fr\/stss\/wp-json\/wp\/v2\/users\/1"}],"replies":[{"embeddable":true,"href":"https:\/\/sites.ac-nancy-metz.fr\/stss\/wp-json\/wp\/v2\/comments?post=530"}],"version-history":[{"count":15,"href":"https:\/\/sites.ac-nancy-metz.fr\/stss\/wp-json\/wp\/v2\/pages\/530\/revisions"}],"predecessor-version":[{"id":865,"href":"https:\/\/sites.ac-nancy-metz.fr\/stss\/wp-json\/wp\/v2\/pages\/530\/revisions\/865"}],"up":[{"embeddable":true,"href":"https:\/\/sites.ac-nancy-metz.fr\/stss\/wp-json\/wp\/v2\/pages\/115"}],"wp:attachment":[{"href":"https:\/\/sites.ac-nancy-metz.fr\/stss\/wp-json\/wp\/v2\/media?parent=530"}],"curies":[{"name":"wp","href":"https:\/\/api.w.org\/{rel}","templated":true}]}}