{"id":59,"date":"2023-06-28T08:56:52","date_gmt":"2023-06-28T08:56:52","guid":{"rendered":"https:\/\/sites.ac-nancy-metz.fr\/stss\/?page_id=59"},"modified":"2023-07-19T07:58:05","modified_gmt":"2023-07-19T07:58:05","slug":"numeriques","status":"publish","type":"page","link":"https:\/\/sites.ac-nancy-metz.fr\/stss\/numeriques\/","title":{"rendered":"Num\u00e9rique"},"content":{"rendered":"<h2 id=\"summary-item-0\" class=\"block-title\">Les diff\u00e9rents dispositifs<\/h2>\n<p>Pour accompagner les enseignants, le minist\u00e8re met \u00e0 disposition diff\u00e9rentes ressources p\u00e9dagogiques mobilisant le num\u00e9rique.<\/p>\n<figure style=\"width: 316px\" class=\"wp-caption alignleft\"><a href=\"https:\/\/edubase.eduscol.education.fr\/recherche?discipline[0]=Biotechnologies%20et%20ST2S\" target=\"_blank\" rel=\"noopener\"><img loading=\"lazy\" decoding=\"async\" src=\"https:\/\/eduscol.education.fr\/sites\/default\/files\/styles\/image_for_same_theme\/public\/2020-12\/Vignette_Eduscol_952x453_edunum.jpg?itok=Nz2b64zw\" alt=\"\" width=\"316\" height=\"149\" \/><\/a><figcaption class=\"wp-caption-text\">\u00c9dubase Biotechnologie et ST2S<\/figcaption><\/figure>\n<figure style=\"width: 316px\" class=\"wp-caption alignleft\"><a href=\"https:\/\/eduscol.education.fr\/2616\/lettre-edunum-biotechnologies-et-stms\" target=\"_blank\" rel=\"noopener\"><img loading=\"lazy\" decoding=\"async\" src=\"https:\/\/eduscol.education.fr\/sites\/default\/files\/styles\/image_for_same_theme\/public\/2020-09\/vignette-eduscol-952x45311-numerique-png-488-84-kb--651.png?itok=LJw2vGtz\" alt=\"\" width=\"316\" height=\"149\" \/><\/a><figcaption class=\"wp-caption-text\">Lettre \u00c9duNum Biotechnologie et STMS<\/figcaption><\/figure>\n<figure style=\"width: 316px\" class=\"wp-caption alignleft\"><a href=\"https:\/\/eduscol.education.fr\/document\/43252\/download\" target=\"_blank\" rel=\"noopener\"><img loading=\"lazy\" decoding=\"async\" src=\"https:\/\/eduscol.education.fr\/sites\/default\/files\/styles\/image_for_same_theme\/public\/2021-03\/vignette_eduscol_952x45390_numerique_traam.jpg?itok=fNHk5u_h\" alt=\"\" width=\"316\" height=\"149\" \/><\/a><figcaption class=\"wp-caption-text\">TraAM Biotechnologies-STMS<\/figcaption><\/figure>\n<figure id=\"attachment_210\" aria-describedby=\"caption-attachment-210\" style=\"width: 331px\" class=\"wp-caption alignleft\"><a href=\"https:\/\/twitter.com\/eduscol_biotech\" target=\"_blank\" rel=\"noopener\"><img loading=\"lazy\" decoding=\"async\" class=\"wp-image-210 \" src=\"https:\/\/sites.ac-nancy-metz.fr\/stss\/wp-content\/uploads\/2023\/06\/logo-twitter-stms-300x136.jpg\" alt=\"\" width=\"331\" height=\"150\" srcset=\"https:\/\/sites.ac-nancy-metz.fr\/stss\/wp-content\/uploads\/2023\/06\/logo-twitter-stms-300x136.jpg 300w, https:\/\/sites.ac-nancy-metz.fr\/stss\/wp-content\/uploads\/2023\/06\/logo-twitter-stms.jpg 609w\" sizes=\"auto, (max-width: 331px) 100vw, 331px\" \/><\/a><figcaption id=\"caption-attachment-210\" class=\"wp-caption-text\">Compte Twitter STMS @eduscol_biotech<\/figcaption><\/figure>\n","protected":false},"excerpt":{"rendered":"<p>Les diff\u00e9rents dispositifs Pour accompagner les enseignants, le minist\u00e8re met \u00e0 disposition diff\u00e9rentes ressources p\u00e9dagogiques mobilisant le num\u00e9rique.<\/p>\n","protected":false},"author":1,"featured_media":0,"parent":0,"menu_order":0,"comment_status":"closed","ping_status":"closed","template":"","meta":{"footnotes":""},"class_list":["post-59","page","type-page","status-publish","hentry"],"yoast_head":"<!-- This site is optimized with the Yoast SEO plugin v24.9 - https:\/\/yoast.com\/wordpress\/plugins\/seo\/ -->\n<title>Num\u00e9rique - STMS<\/title>\n<meta name=\"robots\" content=\"index, follow, max-snippet:-1, max-image-preview:large, max-video-preview:-1\" \/>\n<link rel=\"canonical\" href=\"https:\/\/sites.ac-nancy-metz.fr\/stss\/numeriques\/\" \/>\n<meta property=\"og:locale\" content=\"fr_FR\" \/>\n<meta property=\"og:type\" content=\"article\" \/>\n<meta property=\"og:title\" content=\"Num\u00e9rique - STMS\" \/>\n<meta property=\"og:description\" content=\"Les diff\u00e9rents dispositifs Pour accompagner les enseignants, le minist\u00e8re met \u00e0 disposition diff\u00e9rentes ressources p\u00e9dagogiques mobilisant le num\u00e9rique.\" \/>\n<meta property=\"og:url\" content=\"https:\/\/sites.ac-nancy-metz.fr\/stss\/numeriques\/\" \/>\n<meta property=\"og:site_name\" content=\"STMS\" \/>\n<meta property=\"article:modified_time\" content=\"2023-07-19T07:58:05+00:00\" \/>\n<meta property=\"og:image\" content=\"https:\/\/eduscol.education.fr\/sites\/default\/files\/styles\/image_for_same_theme\/public\/2020-12\/Vignette_Eduscol_952x453_edunum.jpg?itok=Nz2b64zw\" \/>\n<meta name=\"twitter:card\" content=\"summary_large_image\" \/>\n<meta name=\"twitter:label1\" content=\"Dur\u00e9e de lecture estim\u00e9e\" \/>\n\t<meta name=\"twitter:data1\" content=\"2 minutes\" \/>\n<script type=\"application\/ld+json\" class=\"yoast-schema-graph\">{\"@context\":\"https:\/\/schema.org\",\"@graph\":[{\"@type\":\"WebPage\",\"@id\":\"https:\/\/sites.ac-nancy-metz.fr\/stss\/numeriques\/\",\"url\":\"https:\/\/sites.ac-nancy-metz.fr\/stss\/numeriques\/\",\"name\":\"Num\u00e9rique - STMS\",\"isPartOf\":{\"@id\":\"https:\/\/sites.ac-nancy-metz.fr\/stss\/#website\"},\"primaryImageOfPage\":{\"@id\":\"https:\/\/sites.ac-nancy-metz.fr\/stss\/numeriques\/#primaryimage\"},\"image\":{\"@id\":\"https:\/\/sites.ac-nancy-metz.fr\/stss\/numeriques\/#primaryimage\"},\"thumbnailUrl\":\"https:\/\/eduscol.education.fr\/sites\/default\/files\/styles\/image_for_same_theme\/public\/2020-12\/Vignette_Eduscol_952x453_edunum.jpg?itok=Nz2b64zw\",\"datePublished\":\"2023-06-28T08:56:52+00:00\",\"dateModified\":\"2023-07-19T07:58:05+00:00\",\"breadcrumb\":{\"@id\":\"https:\/\/sites.ac-nancy-metz.fr\/stss\/numeriques\/#breadcrumb\"},\"inLanguage\":\"fr-FR\",\"potentialAction\":[{\"@type\":\"ReadAction\",\"target\":[\"https:\/\/sites.ac-nancy-metz.fr\/stss\/numeriques\/\"]}]},{\"@type\":\"ImageObject\",\"inLanguage\":\"fr-FR\",\"@id\":\"https:\/\/sites.ac-nancy-metz.fr\/stss\/numeriques\/#primaryimage\",\"url\":\"https:\/\/eduscol.education.fr\/sites\/default\/files\/styles\/image_for_same_theme\/public\/2020-12\/Vignette_Eduscol_952x453_edunum.jpg?itok=Nz2b64zw\",\"contentUrl\":\"https:\/\/eduscol.education.fr\/sites\/default\/files\/styles\/image_for_same_theme\/public\/2020-12\/Vignette_Eduscol_952x453_edunum.jpg?itok=Nz2b64zw\"},{\"@type\":\"BreadcrumbList\",\"@id\":\"https:\/\/sites.ac-nancy-metz.fr\/stss\/numeriques\/#breadcrumb\",\"itemListElement\":[{\"@type\":\"ListItem\",\"position\":1,\"name\":\"Accueil\",\"item\":\"https:\/\/sites.ac-nancy-metz.fr\/stss\/\"},{\"@type\":\"ListItem\",\"position\":2,\"name\":\"Num\u00e9rique\"}]},{\"@type\":\"WebSite\",\"@id\":\"https:\/\/sites.ac-nancy-metz.fr\/stss\/#website\",\"url\":\"https:\/\/sites.ac-nancy-metz.fr\/stss\/\",\"name\":\"STMS\",\"description\":\" Sciences et Techniques M\u00e9dico-Sociales \",\"publisher\":{\"@id\":\"https:\/\/sites.ac-nancy-metz.fr\/stss\/#organization\"},\"potentialAction\":[{\"@type\":\"SearchAction\",\"target\":{\"@type\":\"EntryPoint\",\"urlTemplate\":\"https:\/\/sites.ac-nancy-metz.fr\/stss\/?s={search_term_string}\"},\"query-input\":{\"@type\":\"PropertyValueSpecification\",\"valueRequired\":true,\"valueName\":\"search_term_string\"}}],\"inLanguage\":\"fr-FR\"},{\"@type\":\"Organization\",\"@id\":\"https:\/\/sites.ac-nancy-metz.fr\/stss\/#organization\",\"name\":\"Sciences et Techniques M\u00e9dico-Sociales\",\"url\":\"https:\/\/sites.ac-nancy-metz.fr\/stss\/\",\"logo\":{\"@type\":\"ImageObject\",\"inLanguage\":\"fr-FR\",\"@id\":\"https:\/\/sites.ac-nancy-metz.fr\/stss\/#\/schema\/logo\/image\/\",\"url\":\"https:\/\/sites.ac-nancy-metz.fr\/stss\/wp-content\/uploads\/2023\/06\/cropped-cropped-logo-ac-nancy-20-e1688052918222.jpg\",\"contentUrl\":\"https:\/\/sites.ac-nancy-metz.fr\/stss\/wp-content\/uploads\/2023\/06\/cropped-cropped-logo-ac-nancy-20-e1688052918222.jpg\",\"width\":100,\"height\":80,\"caption\":\"Sciences et Techniques M\u00e9dico-Sociales\"},\"image\":{\"@id\":\"https:\/\/sites.ac-nancy-metz.fr\/stss\/#\/schema\/logo\/image\/\"}}]}<\/script>\n<!-- \/ Yoast SEO plugin. -->","yoast_head_json":{"title":"Num\u00e9rique - STMS","robots":{"index":"index","follow":"follow","max-snippet":"max-snippet:-1","max-image-preview":"max-image-preview:large","max-video-preview":"max-video-preview:-1"},"canonical":"https:\/\/sites.ac-nancy-metz.fr\/stss\/numeriques\/","og_locale":"fr_FR","og_type":"article","og_title":"Num\u00e9rique - STMS","og_description":"Les diff\u00e9rents dispositifs Pour accompagner les enseignants, le minist\u00e8re met \u00e0 disposition diff\u00e9rentes ressources p\u00e9dagogiques mobilisant le num\u00e9rique.","og_url":"https:\/\/sites.ac-nancy-metz.fr\/stss\/numeriques\/","og_site_name":"STMS","article_modified_time":"2023-07-19T07:58:05+00:00","og_image":[{"url":"https:\/\/eduscol.education.fr\/sites\/default\/files\/styles\/image_for_same_theme\/public\/2020-12\/Vignette_Eduscol_952x453_edunum.jpg?itok=Nz2b64zw","type":"","width":"","height":""}],"twitter_card":"summary_large_image","twitter_misc":{"Dur\u00e9e de lecture estim\u00e9e":"2 minutes"},"schema":{"@context":"https:\/\/schema.org","@graph":[{"@type":"WebPage","@id":"https:\/\/sites.ac-nancy-metz.fr\/stss\/numeriques\/","url":"https:\/\/sites.ac-nancy-metz.fr\/stss\/numeriques\/","name":"Num\u00e9rique - STMS","isPartOf":{"@id":"https:\/\/sites.ac-nancy-metz.fr\/stss\/#website"},"primaryImageOfPage":{"@id":"https:\/\/sites.ac-nancy-metz.fr\/stss\/numeriques\/#primaryimage"},"image":{"@id":"https:\/\/sites.ac-nancy-metz.fr\/stss\/numeriques\/#primaryimage"},"thumbnailUrl":"https:\/\/eduscol.education.fr\/sites\/default\/files\/styles\/image_for_same_theme\/public\/2020-12\/Vignette_Eduscol_952x453_edunum.jpg?itok=Nz2b64zw","datePublished":"2023-06-28T08:56:52+00:00","dateModified":"2023-07-19T07:58:05+00:00","breadcrumb":{"@id":"https:\/\/sites.ac-nancy-metz.fr\/stss\/numeriques\/#breadcrumb"},"inLanguage":"fr-FR","potentialAction":[{"@type":"ReadAction","target":["https:\/\/sites.ac-nancy-metz.fr\/stss\/numeriques\/"]}]},{"@type":"ImageObject","inLanguage":"fr-FR","@id":"https:\/\/sites.ac-nancy-metz.fr\/stss\/numeriques\/#primaryimage","url":"https:\/\/eduscol.education.fr\/sites\/default\/files\/styles\/image_for_same_theme\/public\/2020-12\/Vignette_Eduscol_952x453_edunum.jpg?itok=Nz2b64zw","contentUrl":"https:\/\/eduscol.education.fr\/sites\/default\/files\/styles\/image_for_same_theme\/public\/2020-12\/Vignette_Eduscol_952x453_edunum.jpg?itok=Nz2b64zw"},{"@type":"BreadcrumbList","@id":"https:\/\/sites.ac-nancy-metz.fr\/stss\/numeriques\/#breadcrumb","itemListElement":[{"@type":"ListItem","position":1,"name":"Accueil","item":"https:\/\/sites.ac-nancy-metz.fr\/stss\/"},{"@type":"ListItem","position":2,"name":"Num\u00e9rique"}]},{"@type":"WebSite","@id":"https:\/\/sites.ac-nancy-metz.fr\/stss\/#website","url":"https:\/\/sites.ac-nancy-metz.fr\/stss\/","name":"STMS","description":" Sciences et Techniques M\u00e9dico-Sociales ","publisher":{"@id":"https:\/\/sites.ac-nancy-metz.fr\/stss\/#organization"},"potentialAction":[{"@type":"SearchAction","target":{"@type":"EntryPoint","urlTemplate":"https:\/\/sites.ac-nancy-metz.fr\/stss\/?s={search_term_string}"},"query-input":{"@type":"PropertyValueSpecification","valueRequired":true,"valueName":"search_term_string"}}],"inLanguage":"fr-FR"},{"@type":"Organization","@id":"https:\/\/sites.ac-nancy-metz.fr\/stss\/#organization","name":"Sciences et Techniques M\u00e9dico-Sociales","url":"https:\/\/sites.ac-nancy-metz.fr\/stss\/","logo":{"@type":"ImageObject","inLanguage":"fr-FR","@id":"https:\/\/sites.ac-nancy-metz.fr\/stss\/#\/schema\/logo\/image\/","url":"https:\/\/sites.ac-nancy-metz.fr\/stss\/wp-content\/uploads\/2023\/06\/cropped-cropped-logo-ac-nancy-20-e1688052918222.jpg","contentUrl":"https:\/\/sites.ac-nancy-metz.fr\/stss\/wp-content\/uploads\/2023\/06\/cropped-cropped-logo-ac-nancy-20-e1688052918222.jpg","width":100,"height":80,"caption":"Sciences et Techniques M\u00e9dico-Sociales"},"image":{"@id":"https:\/\/sites.ac-nancy-metz.fr\/stss\/#\/schema\/logo\/image\/"}}]}},"_links":{"self":[{"href":"https:\/\/sites.ac-nancy-metz.fr\/stss\/wp-json\/wp\/v2\/pages\/59","targetHints":{"allow":["GET"]}}],"collection":[{"href":"https:\/\/sites.ac-nancy-metz.fr\/stss\/wp-json\/wp\/v2\/pages"}],"about":[{"href":"https:\/\/sites.ac-nancy-metz.fr\/stss\/wp-json\/wp\/v2\/types\/page"}],"author":[{"embeddable":true,"href":"https:\/\/sites.ac-nancy-metz.fr\/stss\/wp-json\/wp\/v2\/users\/1"}],"replies":[{"embeddable":true,"href":"https:\/\/sites.ac-nancy-metz.fr\/stss\/wp-json\/wp\/v2\/comments?post=59"}],"version-history":[{"count":5,"href":"https:\/\/sites.ac-nancy-metz.fr\/stss\/wp-json\/wp\/v2\/pages\/59\/revisions"}],"predecessor-version":[{"id":542,"href":"https:\/\/sites.ac-nancy-metz.fr\/stss\/wp-json\/wp\/v2\/pages\/59\/revisions\/542"}],"wp:attachment":[{"href":"https:\/\/sites.ac-nancy-metz.fr\/stss\/wp-json\/wp\/v2\/media?parent=59"}],"curies":[{"name":"wp","href":"https:\/\/api.w.org\/{rel}","templated":true}]}}