{"id":62,"date":"2023-06-28T08:59:24","date_gmt":"2023-06-28T08:59:24","guid":{"rendered":"https:\/\/sites.ac-nancy-metz.fr\/stss\/?page_id=62"},"modified":"2024-08-28T13:04:14","modified_gmt":"2024-08-28T13:04:14","slug":"inspection","status":"publish","type":"page","link":"https:\/\/sites.ac-nancy-metz.fr\/stss\/inspection\/","title":{"rendered":"La page de l&rsquo;Inspection"},"content":{"rendered":"<div id=\"pl-62\"  class=\"panel-layout\" ><div id=\"pg-62-0\"  class=\"panel-grid panel-has-style\" ><div id=\"intro\" class=\"panel-row-style panel-row-style-for-62-0\" ><div id=\"pgc-62-0-0\"  class=\"panel-grid-cell\" ><div id=\"panel-62-0-0-0\" class=\"so-panel widget widget_sow-image panel-first-child panel-last-child\" data-index=\"0\" ><div class=\"panel-widget-style panel-widget-style-for-62-0-0-0\" ><div\n\t\t\t\n\t\t\tclass=\"so-widget-sow-image so-widget-sow-image-default-49681edeb466-62\"\n\t\t\t\n\t\t>\n<div class=\"sow-image-container\">\n\t\t<img \n\tsrc=\"https:\/\/sites.ac-nancy-metz.fr\/stss\/wp-content\/uploads\/2023\/08\/logo-ia-ipr-1.png\" width=\"500\" height=\"500\" srcset=\"https:\/\/sites.ac-nancy-metz.fr\/stss\/wp-content\/uploads\/2023\/08\/logo-ia-ipr-1.png 500w, https:\/\/sites.ac-nancy-metz.fr\/stss\/wp-content\/uploads\/2023\/08\/logo-ia-ipr-1-300x300.png 300w, https:\/\/sites.ac-nancy-metz.fr\/stss\/wp-content\/uploads\/2023\/08\/logo-ia-ipr-1-150x150.png 150w\" sizes=\"(max-width: 500px) 100vw, 500px\" title=\"logo ia ipr\" alt=\"\" \t\tclass=\"so-widget-image\"\/>\n\t<\/div>\n\n<\/div><\/div><\/div><\/div><\/div><\/div><div id=\"pg-62-1\"  class=\"panel-grid panel-no-style\" ><div id=\"pgc-62-1-0\"  class=\"panel-grid-cell\" ><div id=\"panel-62-1-0-0\" class=\"so-panel widget widget_sow-editor panel-first-child panel-last-child\" data-index=\"1\" ><div class=\"panel-widget-style panel-widget-style-for-62-1-0-0\" ><div\n\t\t\t\n\t\t\tclass=\"so-widget-sow-editor so-widget-sow-editor-base\"\n\t\t\t\n\t\t><h3 class=\"widget-title\">                                                                                    <\/h3>\n<div class=\"siteorigin-widget-tinymce textwidget\">\n\t<p>&nbsp;<\/p>\n<h2 style=\"text-align: center;\"><strong><a href=\"https:\/\/sites.ac-nancy-metz.fr\/stss\/inspection\/puce-logo-site\/\" rel=\"attachment wp-att-685\"><img loading=\"lazy\" decoding=\"async\" class=\"alignnone size-full wp-image-685\" src=\"https:\/\/sites.ac-nancy-metz.fr\/stss\/wp-content\/uploads\/2023\/08\/puce-logo-site.png\" alt=\"\" width=\"22\" height=\"22\" \/><\/a> Le mot de l'inspection <\/strong><\/h2>\n<p style=\"text-align: center;\"><strong>Bienvenue\u00a0sur le site des enseignants de STMS\u00a0de notre acad\u00e9mie.<\/strong><\/p>\n<p>Le site acad\u00e9mique vous permet d\u2019acc\u00e9der aux informations acad\u00e9miques de STMS ainsi qu\u2019\u00e0 de multiples ressources p\u00e9dagogiques.<\/p>\n<p>N\u2019h\u00e9sitez pas \u00e0 transmettre \u00e0 Emilie LAMY,\u00a0\u00a0<a href=\"mailto:Emilie.Cuq@ac-nancy-metz.fr\" target=\"_blank\" rel=\"noopener\">Emilie.lamy@ac-nancy-metz.fr<\/a>, ou par le <a href=\"https:\/\/sites.ac-nancy-metz.fr\/stss\/formulaire-de-contact-2\/\" target=\"_blank\" rel=\"noopener\">formulaire de contact<\/a> de ce site, \u00a0tout document qui permettrait de l\u2019enrichir (ressources personnelles, projets dans vos \u00e9tablissements, conf\u00e9rence, formations, id\u00e9es de films ou de lecture, etc.).<\/p>\n<p>Vous trouverez la lettre de rentr\u00e9e\u00a0<a href=\"https:\/\/sites.ac-nancy-metz.fr\/stss\/inspection\/lettres-de-rentree\/\"><u>ici<\/u><\/a>\u00a0!<\/p>\n<p>Bonne ann\u00e9e scolaire \u00e0 toutes et \u00e0 tous\u00a0!<\/p>\n<p>&nbsp;<\/p>\n<\/div>\n<\/div><\/div><\/div><\/div><div id=\"pgc-62-1-1\"  class=\"panel-grid-cell\" ><div id=\"panel-62-1-1-0\" class=\"so-panel widget widget_sow-editor panel-first-child panel-last-child\" data-index=\"2\" ><div class=\"panel-widget-style panel-widget-style-for-62-1-1-0\" ><div\n\t\t\t\n\t\t\tclass=\"so-widget-sow-editor so-widget-sow-editor-base\"\n\t\t\t\n\t\t><h3 class=\"widget-title\">                                                                                                                                  <\/h3>\n<div class=\"siteorigin-widget-tinymce textwidget\">\n\t<h2 style=\"text-align: center;\"><a href=\"https:\/\/sites.ac-nancy-metz.fr\/stss\/inspection\/puce-logo-site\/\" rel=\"attachment wp-att-685\"><img loading=\"lazy\" decoding=\"async\" class=\"alignnone size-full wp-image-685\" src=\"https:\/\/sites.ac-nancy-metz.fr\/stss\/wp-content\/uploads\/2023\/08\/puce-logo-site.png\" alt=\"\" width=\"22\" height=\"22\" \/>\u00a0<\/a>Informations utiles pour les rendez-vous de carri\u00e8re<\/h2>\n<p><a href=\"https:\/\/www.education.gouv.fr\/rendez-vous-de-carriere-mode-d-emploi-41627\" target=\"_blank\" rel=\"noopener\"><img loading=\"lazy\" decoding=\"async\" class=\"alignleft wp-image-556 \" src=\"https:\/\/sites.ac-nancy-metz.fr\/stss\/wp-content\/uploads\/2023\/08\/image-rdv-de-carriere.jpeg\" alt=\"\" width=\"163\" height=\"110\" \/><\/a><\/p>\n<p>&nbsp;<\/p>\n<p><strong>Le rendez-vous de carri\u00e8re est un temps d\u00e9di\u00e9 pour porter un regard sur une p\u00e9riode de vie professionnelle (en moyenne tous les 7 ans)<\/strong>, \u00e0 des moments o\u00f9 il semble pertinent de faire le point sur le chemin parcouru professionnellement. Il s'agit d'un temps d'\u00e9change sur les comp\u00e9tences acquises et sur les perspectives d'\u00e9volution professionnelle.<\/p>\n<p>&nbsp;<\/p>\n<p><strong>Documents utiles pour vos\u00a0 rendez-vous de carri\u00e8re dans l'acad\u00e9mie Nancy Metz :\u00a0<a href=\"https:\/\/sites.ac-nancy-metz.fr\/stss\/wp-content\/uploads\/2023\/08\/COURRIER-PPCR.pdf\">PPCR<\/a><\/strong><\/p>\n<\/div>\n<\/div><\/div><\/div><\/div><\/div><div id=\"pg-62-2\"  class=\"panel-grid panel-no-style\" ><div id=\"pgc-62-2-0\"  class=\"panel-grid-cell\" ><div id=\"panel-62-2-0-0\" class=\"so-panel widget widget_sow-editor panel-first-child panel-last-child\" data-index=\"3\" ><div class=\"panel-widget-style panel-widget-style-for-62-2-0-0\" ><div\n\t\t\t\n\t\t\tclass=\"so-widget-sow-editor so-widget-sow-editor-base\"\n\t\t\t\n\t\t>\n<div class=\"siteorigin-widget-tinymce textwidget\">\n\t<h2 style=\"text-align: center;\"><a href=\"https:\/\/sites.ac-nancy-metz.fr\/stss\/inspection\/puce-logo-site\/\" rel=\"attachment wp-att-685\"><img loading=\"lazy\" decoding=\"async\" class=\"alignnone size-full wp-image-685\" src=\"https:\/\/sites.ac-nancy-metz.fr\/stss\/wp-content\/uploads\/2023\/08\/puce-logo-site.png\" alt=\"\" width=\"22\" height=\"22\" \/> <\/a>Liens utiles<\/h2>\n<p><a href=\"https:\/\/www.education.gouv.fr\/reussir-au-lycee\/epreuves-de-specialite-au-baccalaureat-sur-quoi-et-comment-serez-vous-evalue-324431\"><img loading=\"lazy\" decoding=\"async\" class=\"wp-image-553 size-full alignleft\" src=\"https:\/\/sites.ac-nancy-metz.fr\/stss\/wp-content\/uploads\/2023\/08\/image-bo-education-nationale.png\" alt=\"\" width=\"184\" height=\"103\" \/><\/a><\/p>\n<p style=\"text-align: left;\"><a href=\"https:\/\/sites.ac-nancy-metz.fr\/stss\/inspection\/eduscol\/\"><img loading=\"lazy\" decoding=\"async\" class=\"wp-image-656 alignleft\" src=\"https:\/\/sites.ac-nancy-metz.fr\/stss\/wp-content\/uploads\/2023\/08\/eduscol.jpg\" alt=\"\" width=\"173\" height=\"174\" srcset=\"https:\/\/sites.ac-nancy-metz.fr\/stss\/wp-content\/uploads\/2023\/08\/eduscol.jpg 467w, https:\/\/sites.ac-nancy-metz.fr\/stss\/wp-content\/uploads\/2023\/08\/eduscol-300x300.jpg 300w, https:\/\/sites.ac-nancy-metz.fr\/stss\/wp-content\/uploads\/2023\/08\/eduscol-150x150.jpg 150w\" sizes=\"auto, (max-width: 173px) 100vw, 173px\" \/><\/a><\/p>\n<p style=\"text-align: left;\">\n<p><a href=\"https:\/\/tube-institutionnel.apps.education.fr\/w\/apL4Dv8FUgA1DmVo2DQaBd\" target=\"_blank\" rel=\"noopener\"><img loading=\"lazy\" decoding=\"async\" class=\"wp-image-655 alignleft\" src=\"https:\/\/sites.ac-nancy-metz.fr\/stss\/wp-content\/uploads\/2023\/08\/formation-continue-1.jpg\" alt=\"\" width=\"148\" height=\"105\" srcset=\"https:\/\/sites.ac-nancy-metz.fr\/stss\/wp-content\/uploads\/2023\/08\/formation-continue-1.jpg 518w, https:\/\/sites.ac-nancy-metz.fr\/stss\/wp-content\/uploads\/2023\/08\/formation-continue-1-300x213.jpg 300w\" sizes=\"auto, (max-width: 148px) 100vw, 148px\" \/><\/a><\/p>\n<p><a href=\"https:\/\/enseignants.lumni.fr\/\" rel=\"attachment wp-att-788\"><img loading=\"lazy\" decoding=\"async\" class=\"wp-image-788 size-full alignleft\" src=\"https:\/\/sites.ac-nancy-metz.fr\/stss\/wp-content\/uploads\/2023\/08\/logo-lumni-enseignement.jpg\" alt=\"\" width=\"124\" height=\"63\" \/><\/a><\/p>\n<p><a href=\"https:\/\/www.lumni.fr\/\" rel=\"attachment wp-att-789\"><img loading=\"lazy\" decoding=\"async\" class=\"wp-image-789 size-full alignleft\" src=\"https:\/\/sites.ac-nancy-metz.fr\/stss\/wp-content\/uploads\/2023\/08\/logo-lumni.jpg\" alt=\"\" width=\"128\" height=\"64\" \/><\/a><\/p>\n<p><a href=\"https:\/\/educ.arte.tv\/\" rel=\"attachment wp-att-790\"><img loading=\"lazy\" decoding=\"async\" class=\"alignnone wp-image-790 size-full\" src=\"https:\/\/sites.ac-nancy-metz.fr\/stss\/wp-content\/uploads\/2023\/08\/logo-educ-arte.jpg\" alt=\"\" width=\"176\" height=\"83\" \/><\/a><\/p>\n<p>&nbsp;<\/p>\n<\/div>\n<\/div><\/div><\/div><\/div><div id=\"pgc-62-2-1\"  class=\"panel-grid-cell\" ><div id=\"panel-62-2-1-0\" class=\"so-panel widget widget_sow-editor panel-first-child panel-last-child\" data-index=\"4\" ><div class=\"panel-widget-style panel-widget-style-for-62-2-1-0\" ><div\n\t\t\t\n\t\t\tclass=\"so-widget-sow-editor so-widget-sow-editor-base\"\n\t\t\t\n\t\t><h3 class=\"widget-title\">                                                                                                                                  <\/h3>\n<div class=\"siteorigin-widget-tinymce textwidget\">\n\t<h2 style=\"text-align: center;\"><a href=\"https:\/\/sites.ac-nancy-metz.fr\/stss\/inspection\/puce-logo-site\/\" rel=\"attachment wp-att-685\"><img loading=\"lazy\" decoding=\"async\" class=\"alignnone size-full wp-image-685\" src=\"https:\/\/sites.ac-nancy-metz.fr\/stss\/wp-content\/uploads\/2023\/08\/puce-logo-site.png\" alt=\"\" width=\"22\" height=\"22\" \/><\/a> Informations utiles<\/h2>\n<p><img loading=\"lazy\" decoding=\"async\" class=\"alignnone size-thumbnail wp-image-561\" src=\"https:\/\/sites.ac-nancy-metz.fr\/stss\/wp-content\/uploads\/2023\/08\/images-info-150x150.jpeg\" sizes=\"auto, (max-width: 150px) 100vw, 150px\" srcset=\"https:\/\/sites.ac-nancy-metz.fr\/stss\/wp-content\/uploads\/2023\/08\/images-info-150x150.jpeg 150w, https:\/\/sites.ac-nancy-metz.fr\/stss\/wp-content\/uploads\/2023\/08\/images-info.jpeg 225w\" alt=\"\" width=\"150\" height=\"150\" \/><\/p>\n<p class=\"devenir-enseignant-rich-page__title\"><a href=\"https:\/\/www.devenirenseignant.gouv.fr\/referentiel-de-formation-former-aux-metiers-du-professorat-et-de-l-education-au-xxieme-siecle-1277\" target=\"_blank\" rel=\"noopener\">R\u00e9f\u00e9rentiel de formation<\/a> : : former aux m\u00e9tiers du professorat et de l'\u00e9ducation au XXI\u00e8me si\u00e8cle<\/p>\n<p><a href=\"http:\/\/Lettre d'information du RNRSMS\" target=\"_blank\" rel=\"noopener\">Lettre d\u2019information du RNRSMS<\/a><\/p>\n<p>&nbsp;<\/p>\n<p>&nbsp;<\/p>\n<p>&nbsp;<\/p>\n<\/div>\n<\/div><\/div><\/div><\/div><\/div><\/div>","protected":false},"excerpt":{"rendered":"<p>&nbsp; Le mot de l&rsquo;inspection Bienvenue\u00a0sur le site des enseignants de STMS\u00a0de notre acad\u00e9mie. Le site acad\u00e9mique vous permet d\u2019acc\u00e9der aux informations acad\u00e9miques de STMS ainsi qu\u2019\u00e0 de multiples ressources p\u00e9dagogiques. N\u2019h\u00e9sitez pas \u00e0 transmettre \u00e0 Emilie LAMY,\u00a0\u00a0Emilie.lamy@ac-nancy-metz.fr, ou par le formulaire de contact de ce site, \u00a0tout document qui permettrait de l\u2019enrichir (ressources personnelles,&#8230;<\/p>\n<p class=\"more-link-wrap\"><a href=\"https:\/\/sites.ac-nancy-metz.fr\/stss\/inspection\/\" class=\"more-link\">En savoir plus<span class=\"screen-reader-text\"> &ldquo;La page de l&rsquo;Inspection&rdquo;<\/span> &raquo;<\/a><\/p>\n","protected":false},"author":1,"featured_media":0,"parent":0,"menu_order":0,"comment_status":"closed","ping_status":"closed","template":"","meta":{"footnotes":""},"class_list":["post-62","page","type-page","status-publish","hentry"],"yoast_head":"<!-- This site is optimized with the Yoast SEO plugin v24.9 - https:\/\/yoast.com\/wordpress\/plugins\/seo\/ -->\n<title>La page de l&#039;Inspection - STMS<\/title>\n<meta name=\"robots\" content=\"index, follow, max-snippet:-1, max-image-preview:large, max-video-preview:-1\" \/>\n<link rel=\"canonical\" href=\"https:\/\/sites.ac-nancy-metz.fr\/stss\/inspection\/\" \/>\n<meta property=\"og:locale\" content=\"fr_FR\" \/>\n<meta property=\"og:type\" content=\"article\" \/>\n<meta property=\"og:title\" content=\"La page de l&#039;Inspection - STMS\" \/>\n<meta property=\"og:description\" content=\"&nbsp; Le mot de l&#039;inspection Bienvenue\u00a0sur le site des enseignants de STMS\u00a0de notre acad\u00e9mie. Le site acad\u00e9mique vous permet d\u2019acc\u00e9der aux informations acad\u00e9miques de STMS ainsi qu\u2019\u00e0 de multiples ressources p\u00e9dagogiques. N\u2019h\u00e9sitez pas \u00e0 transmettre \u00e0 Emilie LAMY,\u00a0\u00a0Emilie.lamy@ac-nancy-metz.fr, ou par le formulaire de contact de ce site, \u00a0tout document qui permettrait de l\u2019enrichir (ressources personnelles,...En savoir plus &ldquo;La page de l&rsquo;Inspection&rdquo; &raquo;\" \/>\n<meta property=\"og:url\" content=\"https:\/\/sites.ac-nancy-metz.fr\/stss\/inspection\/\" \/>\n<meta property=\"og:site_name\" content=\"STMS\" \/>\n<meta property=\"article:modified_time\" content=\"2024-08-28T13:04:14+00:00\" \/>\n<meta property=\"og:image\" content=\"https:\/\/sites.ac-nancy-metz.fr\/stss\/wp-content\/uploads\/2023\/08\/puce-logo-site.png\" \/>\n<meta name=\"twitter:card\" content=\"summary_large_image\" \/>\n<meta name=\"twitter:label1\" content=\"Dur\u00e9e de lecture estim\u00e9e\" \/>\n\t<meta name=\"twitter:data1\" content=\"4 minutes\" \/>\n<script type=\"application\/ld+json\" class=\"yoast-schema-graph\">{\"@context\":\"https:\/\/schema.org\",\"@graph\":[{\"@type\":\"WebPage\",\"@id\":\"https:\/\/sites.ac-nancy-metz.fr\/stss\/inspection\/\",\"url\":\"https:\/\/sites.ac-nancy-metz.fr\/stss\/inspection\/\",\"name\":\"La page de l'Inspection - STMS\",\"isPartOf\":{\"@id\":\"https:\/\/sites.ac-nancy-metz.fr\/stss\/#website\"},\"primaryImageOfPage\":{\"@id\":\"https:\/\/sites.ac-nancy-metz.fr\/stss\/inspection\/#primaryimage\"},\"image\":{\"@id\":\"https:\/\/sites.ac-nancy-metz.fr\/stss\/inspection\/#primaryimage\"},\"thumbnailUrl\":\"https:\/\/sites.ac-nancy-metz.fr\/stss\/wp-content\/uploads\/2023\/08\/puce-logo-site.png\",\"datePublished\":\"2023-06-28T08:59:24+00:00\",\"dateModified\":\"2024-08-28T13:04:14+00:00\",\"breadcrumb\":{\"@id\":\"https:\/\/sites.ac-nancy-metz.fr\/stss\/inspection\/#breadcrumb\"},\"inLanguage\":\"fr-FR\",\"potentialAction\":[{\"@type\":\"ReadAction\",\"target\":[\"https:\/\/sites.ac-nancy-metz.fr\/stss\/inspection\/\"]}]},{\"@type\":\"ImageObject\",\"inLanguage\":\"fr-FR\",\"@id\":\"https:\/\/sites.ac-nancy-metz.fr\/stss\/inspection\/#primaryimage\",\"url\":\"https:\/\/sites.ac-nancy-metz.fr\/stss\/wp-content\/uploads\/2023\/08\/puce-logo-site.png\",\"contentUrl\":\"https:\/\/sites.ac-nancy-metz.fr\/stss\/wp-content\/uploads\/2023\/08\/puce-logo-site.png\",\"width\":22,\"height\":22},{\"@type\":\"BreadcrumbList\",\"@id\":\"https:\/\/sites.ac-nancy-metz.fr\/stss\/inspection\/#breadcrumb\",\"itemListElement\":[{\"@type\":\"ListItem\",\"position\":1,\"name\":\"Accueil\",\"item\":\"https:\/\/sites.ac-nancy-metz.fr\/stss\/\"},{\"@type\":\"ListItem\",\"position\":2,\"name\":\"La page de l&rsquo;Inspection\"}]},{\"@type\":\"WebSite\",\"@id\":\"https:\/\/sites.ac-nancy-metz.fr\/stss\/#website\",\"url\":\"https:\/\/sites.ac-nancy-metz.fr\/stss\/\",\"name\":\"STMS\",\"description\":\" Sciences et Techniques M\u00e9dico-Sociales \",\"publisher\":{\"@id\":\"https:\/\/sites.ac-nancy-metz.fr\/stss\/#organization\"},\"potentialAction\":[{\"@type\":\"SearchAction\",\"target\":{\"@type\":\"EntryPoint\",\"urlTemplate\":\"https:\/\/sites.ac-nancy-metz.fr\/stss\/?s={search_term_string}\"},\"query-input\":{\"@type\":\"PropertyValueSpecification\",\"valueRequired\":true,\"valueName\":\"search_term_string\"}}],\"inLanguage\":\"fr-FR\"},{\"@type\":\"Organization\",\"@id\":\"https:\/\/sites.ac-nancy-metz.fr\/stss\/#organization\",\"name\":\"Sciences et Techniques M\u00e9dico-Sociales\",\"url\":\"https:\/\/sites.ac-nancy-metz.fr\/stss\/\",\"logo\":{\"@type\":\"ImageObject\",\"inLanguage\":\"fr-FR\",\"@id\":\"https:\/\/sites.ac-nancy-metz.fr\/stss\/#\/schema\/logo\/image\/\",\"url\":\"https:\/\/sites.ac-nancy-metz.fr\/stss\/wp-content\/uploads\/2023\/06\/cropped-cropped-logo-ac-nancy-20-e1688052918222.jpg\",\"contentUrl\":\"https:\/\/sites.ac-nancy-metz.fr\/stss\/wp-content\/uploads\/2023\/06\/cropped-cropped-logo-ac-nancy-20-e1688052918222.jpg\",\"width\":100,\"height\":80,\"caption\":\"Sciences et Techniques M\u00e9dico-Sociales\"},\"image\":{\"@id\":\"https:\/\/sites.ac-nancy-metz.fr\/stss\/#\/schema\/logo\/image\/\"}}]}<\/script>\n<!-- \/ Yoast SEO plugin. -->","yoast_head_json":{"title":"La page de l'Inspection - STMS","robots":{"index":"index","follow":"follow","max-snippet":"max-snippet:-1","max-image-preview":"max-image-preview:large","max-video-preview":"max-video-preview:-1"},"canonical":"https:\/\/sites.ac-nancy-metz.fr\/stss\/inspection\/","og_locale":"fr_FR","og_type":"article","og_title":"La page de l'Inspection - STMS","og_description":"&nbsp; Le mot de l'inspection Bienvenue\u00a0sur le site des enseignants de STMS\u00a0de notre acad\u00e9mie. Le site acad\u00e9mique vous permet d\u2019acc\u00e9der aux informations acad\u00e9miques de STMS ainsi qu\u2019\u00e0 de multiples ressources p\u00e9dagogiques. N\u2019h\u00e9sitez pas \u00e0 transmettre \u00e0 Emilie LAMY,\u00a0\u00a0Emilie.lamy@ac-nancy-metz.fr, ou par le formulaire de contact de ce site, \u00a0tout document qui permettrait de l\u2019enrichir (ressources personnelles,...En savoir plus &ldquo;La page de l&rsquo;Inspection&rdquo; &raquo;","og_url":"https:\/\/sites.ac-nancy-metz.fr\/stss\/inspection\/","og_site_name":"STMS","article_modified_time":"2024-08-28T13:04:14+00:00","og_image":[{"url":"https:\/\/sites.ac-nancy-metz.fr\/stss\/wp-content\/uploads\/2023\/08\/puce-logo-site.png","type":"","width":"","height":""}],"twitter_card":"summary_large_image","twitter_misc":{"Dur\u00e9e de lecture estim\u00e9e":"4 minutes"},"schema":{"@context":"https:\/\/schema.org","@graph":[{"@type":"WebPage","@id":"https:\/\/sites.ac-nancy-metz.fr\/stss\/inspection\/","url":"https:\/\/sites.ac-nancy-metz.fr\/stss\/inspection\/","name":"La page de l'Inspection - STMS","isPartOf":{"@id":"https:\/\/sites.ac-nancy-metz.fr\/stss\/#website"},"primaryImageOfPage":{"@id":"https:\/\/sites.ac-nancy-metz.fr\/stss\/inspection\/#primaryimage"},"image":{"@id":"https:\/\/sites.ac-nancy-metz.fr\/stss\/inspection\/#primaryimage"},"thumbnailUrl":"https:\/\/sites.ac-nancy-metz.fr\/stss\/wp-content\/uploads\/2023\/08\/puce-logo-site.png","datePublished":"2023-06-28T08:59:24+00:00","dateModified":"2024-08-28T13:04:14+00:00","breadcrumb":{"@id":"https:\/\/sites.ac-nancy-metz.fr\/stss\/inspection\/#breadcrumb"},"inLanguage":"fr-FR","potentialAction":[{"@type":"ReadAction","target":["https:\/\/sites.ac-nancy-metz.fr\/stss\/inspection\/"]}]},{"@type":"ImageObject","inLanguage":"fr-FR","@id":"https:\/\/sites.ac-nancy-metz.fr\/stss\/inspection\/#primaryimage","url":"https:\/\/sites.ac-nancy-metz.fr\/stss\/wp-content\/uploads\/2023\/08\/puce-logo-site.png","contentUrl":"https:\/\/sites.ac-nancy-metz.fr\/stss\/wp-content\/uploads\/2023\/08\/puce-logo-site.png","width":22,"height":22},{"@type":"BreadcrumbList","@id":"https:\/\/sites.ac-nancy-metz.fr\/stss\/inspection\/#breadcrumb","itemListElement":[{"@type":"ListItem","position":1,"name":"Accueil","item":"https:\/\/sites.ac-nancy-metz.fr\/stss\/"},{"@type":"ListItem","position":2,"name":"La page de l&rsquo;Inspection"}]},{"@type":"WebSite","@id":"https:\/\/sites.ac-nancy-metz.fr\/stss\/#website","url":"https:\/\/sites.ac-nancy-metz.fr\/stss\/","name":"STMS","description":" Sciences et Techniques M\u00e9dico-Sociales ","publisher":{"@id":"https:\/\/sites.ac-nancy-metz.fr\/stss\/#organization"},"potentialAction":[{"@type":"SearchAction","target":{"@type":"EntryPoint","urlTemplate":"https:\/\/sites.ac-nancy-metz.fr\/stss\/?s={search_term_string}"},"query-input":{"@type":"PropertyValueSpecification","valueRequired":true,"valueName":"search_term_string"}}],"inLanguage":"fr-FR"},{"@type":"Organization","@id":"https:\/\/sites.ac-nancy-metz.fr\/stss\/#organization","name":"Sciences et Techniques M\u00e9dico-Sociales","url":"https:\/\/sites.ac-nancy-metz.fr\/stss\/","logo":{"@type":"ImageObject","inLanguage":"fr-FR","@id":"https:\/\/sites.ac-nancy-metz.fr\/stss\/#\/schema\/logo\/image\/","url":"https:\/\/sites.ac-nancy-metz.fr\/stss\/wp-content\/uploads\/2023\/06\/cropped-cropped-logo-ac-nancy-20-e1688052918222.jpg","contentUrl":"https:\/\/sites.ac-nancy-metz.fr\/stss\/wp-content\/uploads\/2023\/06\/cropped-cropped-logo-ac-nancy-20-e1688052918222.jpg","width":100,"height":80,"caption":"Sciences et Techniques M\u00e9dico-Sociales"},"image":{"@id":"https:\/\/sites.ac-nancy-metz.fr\/stss\/#\/schema\/logo\/image\/"}}]}},"_links":{"self":[{"href":"https:\/\/sites.ac-nancy-metz.fr\/stss\/wp-json\/wp\/v2\/pages\/62","targetHints":{"allow":["GET"]}}],"collection":[{"href":"https:\/\/sites.ac-nancy-metz.fr\/stss\/wp-json\/wp\/v2\/pages"}],"about":[{"href":"https:\/\/sites.ac-nancy-metz.fr\/stss\/wp-json\/wp\/v2\/types\/page"}],"author":[{"embeddable":true,"href":"https:\/\/sites.ac-nancy-metz.fr\/stss\/wp-json\/wp\/v2\/users\/1"}],"replies":[{"embeddable":true,"href":"https:\/\/sites.ac-nancy-metz.fr\/stss\/wp-json\/wp\/v2\/comments?post=62"}],"version-history":[{"count":76,"href":"https:\/\/sites.ac-nancy-metz.fr\/stss\/wp-json\/wp\/v2\/pages\/62\/revisions"}],"predecessor-version":[{"id":1241,"href":"https:\/\/sites.ac-nancy-metz.fr\/stss\/wp-json\/wp\/v2\/pages\/62\/revisions\/1241"}],"wp:attachment":[{"href":"https:\/\/sites.ac-nancy-metz.fr\/stss\/wp-json\/wp\/v2\/media?parent=62"}],"curies":[{"name":"wp","href":"https:\/\/api.w.org\/{rel}","templated":true}]}}