{"id":638,"date":"2023-08-28T17:13:36","date_gmt":"2023-08-28T17:13:36","guid":{"rendered":"https:\/\/sites.ac-nancy-metz.fr\/stss\/?page_id=638"},"modified":"2023-08-28T17:21:46","modified_gmt":"2023-08-28T17:21:46","slug":"638-2","status":"publish","type":"page","link":"https:\/\/sites.ac-nancy-metz.fr\/stss\/st2s\/ressources-pedagogiques\/638-2\/","title":{"rendered":"Comment \u00e9changer sans danger !"},"content":{"rendered":"<div id=\"pl-638\"  class=\"panel-layout\" ><div id=\"pg-638-0\"  class=\"panel-grid panel-no-style\" ><div id=\"pgc-638-0-0\"  class=\"panel-grid-cell\" ><div id=\"panel-638-0-0-0\" class=\"so-panel widget widget_sow-editor panel-first-child panel-last-child\" data-index=\"0\" ><div\n\t\t\t\n\t\t\tclass=\"so-widget-sow-editor so-widget-sow-editor-base\"\n\t\t\t\n\t\t><h3 class=\"widget-title\">Comment \u00e9changer sans danger !<\/h3>\n<div class=\"siteorigin-widget-tinymce textwidget\">\n\t<p><strong><span style=\"font-size: 1.0625rem;\">Exemple de s\u00e9ance en seconde : Com<a href=\"https:\/\/sites.ac-nancy-metz.fr\/stss\/638-2\/10-conseils-pour-rester-net-sur-le-web\/\" rel=\"attachment wp-att-645\"><img loading=\"lazy\" decoding=\"async\" class=\"wp-image-645 alignleft\" src=\"https:\/\/sites.ac-nancy-metz.fr\/stss\/wp-content\/uploads\/2023\/08\/10-conseils-pour-rester-net-sur-le-web.jpg\" alt=\"\" width=\"345\" height=\"472\" srcset=\"https:\/\/sites.ac-nancy-metz.fr\/stss\/wp-content\/uploads\/2023\/08\/10-conseils-pour-rester-net-sur-le-web.jpg 690w, https:\/\/sites.ac-nancy-metz.fr\/stss\/wp-content\/uploads\/2023\/08\/10-conseils-pour-rester-net-sur-le-web-219x300.jpg 219w\" sizes=\"auto, (max-width: 345px) 100vw, 345px\" \/><\/a>ment \u00e9changer sans danger !<\/span><\/strong><\/p>\n<p>Objectif vis\u00e9 : D\u00e9velopper des strat\u00e9gies et des pratiques autonomes en respectant les r\u00e8gles, les droits et les valeurs qui leur sont li\u00e9s<\/p>\n<p>Documents:<\/p>\n<ul>\n<li><a href=\"https:\/\/sites.ac-nancy-metz.fr\/stss\/wp-content\/uploads\/2023\/08\/FICHE-SEANCE-STSS-PIX-TRAME-collaborer.docx\" target=\"_blank\" rel=\"noopener\">Fiche s\u00e9ance <\/a><\/li>\n<li><a href=\"https:\/\/sites.ac-nancy-metz.fr\/stss\/wp-content\/uploads\/2023\/08\/Comment-echanger-sans-danger-questionnaire.pptx\" target=\"_blank\" rel=\"noopener\">diaporama du questionnaire \"Comment \u00e9changer sans danger ! \"<\/a><\/li>\n<\/ul>\n<p>&nbsp;<\/p>\n<\/div>\n<\/div><\/div><\/div><\/div><\/div>","protected":false},"excerpt":{"rendered":"<p>Exemple de s\u00e9ance en seconde : Comment \u00e9changer sans danger ! Objectif vis\u00e9 : D\u00e9velopper des strat\u00e9gies et des pratiques autonomes en respectant les r\u00e8gles, les droits et les valeurs qui leur sont li\u00e9s Documents: Fiche s\u00e9ance diaporama du questionnaire \u00ab\u00a0Comment \u00e9changer sans danger ! \u00a0\u00bb &nbsp;<\/p>\n","protected":false},"author":1,"featured_media":0,"parent":464,"menu_order":2,"comment_status":"closed","ping_status":"closed","template":"","meta":{"footnotes":""},"class_list":["post-638","page","type-page","status-publish","hentry"],"yoast_head":"<!-- This site is optimized with the Yoast SEO plugin v24.9 - https:\/\/yoast.com\/wordpress\/plugins\/seo\/ -->\n<title>Comment \u00e9changer sans danger ! - STMS<\/title>\n<meta name=\"robots\" content=\"index, follow, max-snippet:-1, max-image-preview:large, max-video-preview:-1\" \/>\n<link rel=\"canonical\" href=\"https:\/\/sites.ac-nancy-metz.fr\/stss\/st2s\/ressources-pedagogiques\/638-2\/\" \/>\n<meta property=\"og:locale\" content=\"fr_FR\" \/>\n<meta property=\"og:type\" content=\"article\" \/>\n<meta property=\"og:title\" content=\"Comment \u00e9changer sans danger ! - STMS\" \/>\n<meta property=\"og:description\" content=\"Exemple de s\u00e9ance en seconde : Comment \u00e9changer sans danger ! Objectif vis\u00e9 : D\u00e9velopper des strat\u00e9gies et des pratiques autonomes en respectant les r\u00e8gles, les droits et les valeurs qui leur sont li\u00e9s Documents: Fiche s\u00e9ance diaporama du questionnaire &quot;Comment \u00e9changer sans danger ! &quot; &nbsp;\" \/>\n<meta property=\"og:url\" content=\"https:\/\/sites.ac-nancy-metz.fr\/stss\/st2s\/ressources-pedagogiques\/638-2\/\" \/>\n<meta property=\"og:site_name\" content=\"STMS\" \/>\n<meta property=\"article:modified_time\" content=\"2023-08-28T17:21:46+00:00\" \/>\n<meta property=\"og:image\" content=\"https:\/\/sites.ac-nancy-metz.fr\/stss\/wp-content\/uploads\/2023\/08\/10-conseils-pour-rester-net-sur-le-web.jpg\" \/>\n<meta name=\"twitter:card\" content=\"summary_large_image\" \/>\n<meta name=\"twitter:label1\" content=\"Dur\u00e9e de lecture estim\u00e9e\" \/>\n\t<meta name=\"twitter:data1\" content=\"1 minute\" \/>\n<script type=\"application\/ld+json\" class=\"yoast-schema-graph\">{\"@context\":\"https:\/\/schema.org\",\"@graph\":[{\"@type\":\"WebPage\",\"@id\":\"https:\/\/sites.ac-nancy-metz.fr\/stss\/st2s\/ressources-pedagogiques\/638-2\/\",\"url\":\"https:\/\/sites.ac-nancy-metz.fr\/stss\/st2s\/ressources-pedagogiques\/638-2\/\",\"name\":\"Comment \u00e9changer sans danger ! - STMS\",\"isPartOf\":{\"@id\":\"https:\/\/sites.ac-nancy-metz.fr\/stss\/#website\"},\"primaryImageOfPage\":{\"@id\":\"https:\/\/sites.ac-nancy-metz.fr\/stss\/st2s\/ressources-pedagogiques\/638-2\/#primaryimage\"},\"image\":{\"@id\":\"https:\/\/sites.ac-nancy-metz.fr\/stss\/st2s\/ressources-pedagogiques\/638-2\/#primaryimage\"},\"thumbnailUrl\":\"https:\/\/sites.ac-nancy-metz.fr\/stss\/wp-content\/uploads\/2023\/08\/10-conseils-pour-rester-net-sur-le-web.jpg\",\"datePublished\":\"2023-08-28T17:13:36+00:00\",\"dateModified\":\"2023-08-28T17:21:46+00:00\",\"breadcrumb\":{\"@id\":\"https:\/\/sites.ac-nancy-metz.fr\/stss\/st2s\/ressources-pedagogiques\/638-2\/#breadcrumb\"},\"inLanguage\":\"fr-FR\",\"potentialAction\":[{\"@type\":\"ReadAction\",\"target\":[\"https:\/\/sites.ac-nancy-metz.fr\/stss\/st2s\/ressources-pedagogiques\/638-2\/\"]}]},{\"@type\":\"ImageObject\",\"inLanguage\":\"fr-FR\",\"@id\":\"https:\/\/sites.ac-nancy-metz.fr\/stss\/st2s\/ressources-pedagogiques\/638-2\/#primaryimage\",\"url\":\"https:\/\/sites.ac-nancy-metz.fr\/stss\/wp-content\/uploads\/2023\/08\/10-conseils-pour-rester-net-sur-le-web.jpg\",\"contentUrl\":\"https:\/\/sites.ac-nancy-metz.fr\/stss\/wp-content\/uploads\/2023\/08\/10-conseils-pour-rester-net-sur-le-web.jpg\",\"width\":690,\"height\":945},{\"@type\":\"BreadcrumbList\",\"@id\":\"https:\/\/sites.ac-nancy-metz.fr\/stss\/st2s\/ressources-pedagogiques\/638-2\/#breadcrumb\",\"itemListElement\":[{\"@type\":\"ListItem\",\"position\":1,\"name\":\"Accueil\",\"item\":\"https:\/\/sites.ac-nancy-metz.fr\/stss\/\"},{\"@type\":\"ListItem\",\"position\":2,\"name\":\"ST2S\",\"item\":\"https:\/\/sites.ac-nancy-metz.fr\/stss\/st2s\/\"},{\"@type\":\"ListItem\",\"position\":3,\"name\":\"Ressources p\u00e9dagogiques\",\"item\":\"https:\/\/sites.ac-nancy-metz.fr\/stss\/st2s\/ressources-pedagogiques\/\"},{\"@type\":\"ListItem\",\"position\":4,\"name\":\"Comment \u00e9changer sans danger !\"}]},{\"@type\":\"WebSite\",\"@id\":\"https:\/\/sites.ac-nancy-metz.fr\/stss\/#website\",\"url\":\"https:\/\/sites.ac-nancy-metz.fr\/stss\/\",\"name\":\"STMS\",\"description\":\" Sciences et Techniques M\u00e9dico-Sociales \",\"publisher\":{\"@id\":\"https:\/\/sites.ac-nancy-metz.fr\/stss\/#organization\"},\"potentialAction\":[{\"@type\":\"SearchAction\",\"target\":{\"@type\":\"EntryPoint\",\"urlTemplate\":\"https:\/\/sites.ac-nancy-metz.fr\/stss\/?s={search_term_string}\"},\"query-input\":{\"@type\":\"PropertyValueSpecification\",\"valueRequired\":true,\"valueName\":\"search_term_string\"}}],\"inLanguage\":\"fr-FR\"},{\"@type\":\"Organization\",\"@id\":\"https:\/\/sites.ac-nancy-metz.fr\/stss\/#organization\",\"name\":\"Sciences et Techniques M\u00e9dico-Sociales\",\"url\":\"https:\/\/sites.ac-nancy-metz.fr\/stss\/\",\"logo\":{\"@type\":\"ImageObject\",\"inLanguage\":\"fr-FR\",\"@id\":\"https:\/\/sites.ac-nancy-metz.fr\/stss\/#\/schema\/logo\/image\/\",\"url\":\"https:\/\/sites.ac-nancy-metz.fr\/stss\/wp-content\/uploads\/2023\/06\/cropped-cropped-logo-ac-nancy-20-e1688052918222.jpg\",\"contentUrl\":\"https:\/\/sites.ac-nancy-metz.fr\/stss\/wp-content\/uploads\/2023\/06\/cropped-cropped-logo-ac-nancy-20-e1688052918222.jpg\",\"width\":100,\"height\":80,\"caption\":\"Sciences et Techniques M\u00e9dico-Sociales\"},\"image\":{\"@id\":\"https:\/\/sites.ac-nancy-metz.fr\/stss\/#\/schema\/logo\/image\/\"}}]}<\/script>\n<!-- \/ Yoast SEO plugin. -->","yoast_head_json":{"title":"Comment \u00e9changer sans danger ! - STMS","robots":{"index":"index","follow":"follow","max-snippet":"max-snippet:-1","max-image-preview":"max-image-preview:large","max-video-preview":"max-video-preview:-1"},"canonical":"https:\/\/sites.ac-nancy-metz.fr\/stss\/st2s\/ressources-pedagogiques\/638-2\/","og_locale":"fr_FR","og_type":"article","og_title":"Comment \u00e9changer sans danger ! - STMS","og_description":"Exemple de s\u00e9ance en seconde : Comment \u00e9changer sans danger ! Objectif vis\u00e9 : D\u00e9velopper des strat\u00e9gies et des pratiques autonomes en respectant les r\u00e8gles, les droits et les valeurs qui leur sont li\u00e9s Documents: Fiche s\u00e9ance diaporama du questionnaire \"Comment \u00e9changer sans danger ! \" &nbsp;","og_url":"https:\/\/sites.ac-nancy-metz.fr\/stss\/st2s\/ressources-pedagogiques\/638-2\/","og_site_name":"STMS","article_modified_time":"2023-08-28T17:21:46+00:00","og_image":[{"url":"https:\/\/sites.ac-nancy-metz.fr\/stss\/wp-content\/uploads\/2023\/08\/10-conseils-pour-rester-net-sur-le-web.jpg","type":"","width":"","height":""}],"twitter_card":"summary_large_image","twitter_misc":{"Dur\u00e9e de lecture estim\u00e9e":"1 minute"},"schema":{"@context":"https:\/\/schema.org","@graph":[{"@type":"WebPage","@id":"https:\/\/sites.ac-nancy-metz.fr\/stss\/st2s\/ressources-pedagogiques\/638-2\/","url":"https:\/\/sites.ac-nancy-metz.fr\/stss\/st2s\/ressources-pedagogiques\/638-2\/","name":"Comment \u00e9changer sans danger ! - STMS","isPartOf":{"@id":"https:\/\/sites.ac-nancy-metz.fr\/stss\/#website"},"primaryImageOfPage":{"@id":"https:\/\/sites.ac-nancy-metz.fr\/stss\/st2s\/ressources-pedagogiques\/638-2\/#primaryimage"},"image":{"@id":"https:\/\/sites.ac-nancy-metz.fr\/stss\/st2s\/ressources-pedagogiques\/638-2\/#primaryimage"},"thumbnailUrl":"https:\/\/sites.ac-nancy-metz.fr\/stss\/wp-content\/uploads\/2023\/08\/10-conseils-pour-rester-net-sur-le-web.jpg","datePublished":"2023-08-28T17:13:36+00:00","dateModified":"2023-08-28T17:21:46+00:00","breadcrumb":{"@id":"https:\/\/sites.ac-nancy-metz.fr\/stss\/st2s\/ressources-pedagogiques\/638-2\/#breadcrumb"},"inLanguage":"fr-FR","potentialAction":[{"@type":"ReadAction","target":["https:\/\/sites.ac-nancy-metz.fr\/stss\/st2s\/ressources-pedagogiques\/638-2\/"]}]},{"@type":"ImageObject","inLanguage":"fr-FR","@id":"https:\/\/sites.ac-nancy-metz.fr\/stss\/st2s\/ressources-pedagogiques\/638-2\/#primaryimage","url":"https:\/\/sites.ac-nancy-metz.fr\/stss\/wp-content\/uploads\/2023\/08\/10-conseils-pour-rester-net-sur-le-web.jpg","contentUrl":"https:\/\/sites.ac-nancy-metz.fr\/stss\/wp-content\/uploads\/2023\/08\/10-conseils-pour-rester-net-sur-le-web.jpg","width":690,"height":945},{"@type":"BreadcrumbList","@id":"https:\/\/sites.ac-nancy-metz.fr\/stss\/st2s\/ressources-pedagogiques\/638-2\/#breadcrumb","itemListElement":[{"@type":"ListItem","position":1,"name":"Accueil","item":"https:\/\/sites.ac-nancy-metz.fr\/stss\/"},{"@type":"ListItem","position":2,"name":"ST2S","item":"https:\/\/sites.ac-nancy-metz.fr\/stss\/st2s\/"},{"@type":"ListItem","position":3,"name":"Ressources p\u00e9dagogiques","item":"https:\/\/sites.ac-nancy-metz.fr\/stss\/st2s\/ressources-pedagogiques\/"},{"@type":"ListItem","position":4,"name":"Comment \u00e9changer sans danger !"}]},{"@type":"WebSite","@id":"https:\/\/sites.ac-nancy-metz.fr\/stss\/#website","url":"https:\/\/sites.ac-nancy-metz.fr\/stss\/","name":"STMS","description":" Sciences et Techniques M\u00e9dico-Sociales ","publisher":{"@id":"https:\/\/sites.ac-nancy-metz.fr\/stss\/#organization"},"potentialAction":[{"@type":"SearchAction","target":{"@type":"EntryPoint","urlTemplate":"https:\/\/sites.ac-nancy-metz.fr\/stss\/?s={search_term_string}"},"query-input":{"@type":"PropertyValueSpecification","valueRequired":true,"valueName":"search_term_string"}}],"inLanguage":"fr-FR"},{"@type":"Organization","@id":"https:\/\/sites.ac-nancy-metz.fr\/stss\/#organization","name":"Sciences et Techniques M\u00e9dico-Sociales","url":"https:\/\/sites.ac-nancy-metz.fr\/stss\/","logo":{"@type":"ImageObject","inLanguage":"fr-FR","@id":"https:\/\/sites.ac-nancy-metz.fr\/stss\/#\/schema\/logo\/image\/","url":"https:\/\/sites.ac-nancy-metz.fr\/stss\/wp-content\/uploads\/2023\/06\/cropped-cropped-logo-ac-nancy-20-e1688052918222.jpg","contentUrl":"https:\/\/sites.ac-nancy-metz.fr\/stss\/wp-content\/uploads\/2023\/06\/cropped-cropped-logo-ac-nancy-20-e1688052918222.jpg","width":100,"height":80,"caption":"Sciences et Techniques M\u00e9dico-Sociales"},"image":{"@id":"https:\/\/sites.ac-nancy-metz.fr\/stss\/#\/schema\/logo\/image\/"}}]}},"_links":{"self":[{"href":"https:\/\/sites.ac-nancy-metz.fr\/stss\/wp-json\/wp\/v2\/pages\/638","targetHints":{"allow":["GET"]}}],"collection":[{"href":"https:\/\/sites.ac-nancy-metz.fr\/stss\/wp-json\/wp\/v2\/pages"}],"about":[{"href":"https:\/\/sites.ac-nancy-metz.fr\/stss\/wp-json\/wp\/v2\/types\/page"}],"author":[{"embeddable":true,"href":"https:\/\/sites.ac-nancy-metz.fr\/stss\/wp-json\/wp\/v2\/users\/1"}],"replies":[{"embeddable":true,"href":"https:\/\/sites.ac-nancy-metz.fr\/stss\/wp-json\/wp\/v2\/comments?post=638"}],"version-history":[{"count":4,"href":"https:\/\/sites.ac-nancy-metz.fr\/stss\/wp-json\/wp\/v2\/pages\/638\/revisions"}],"predecessor-version":[{"id":647,"href":"https:\/\/sites.ac-nancy-metz.fr\/stss\/wp-json\/wp\/v2\/pages\/638\/revisions\/647"}],"up":[{"embeddable":true,"href":"https:\/\/sites.ac-nancy-metz.fr\/stss\/wp-json\/wp\/v2\/pages\/464"}],"wp:attachment":[{"href":"https:\/\/sites.ac-nancy-metz.fr\/stss\/wp-json\/wp\/v2\/media?parent=638"}],"curies":[{"name":"wp","href":"https:\/\/api.w.org\/{rel}","templated":true}]}}