{"id":797,"date":"2023-08-31T09:35:20","date_gmt":"2023-08-31T09:35:20","guid":{"rendered":"https:\/\/sites.ac-nancy-metz.fr\/stss\/?page_id=797"},"modified":"2023-09-06T17:42:02","modified_gmt":"2023-09-06T17:42:02","slug":"797-2","status":"publish","type":"page","link":"https:\/\/sites.ac-nancy-metz.fr\/stss\/numeriques\/797-2\/","title":{"rendered":"EAFC"},"content":{"rendered":"<div id=\"pl-797\"  class=\"panel-layout\" ><div id=\"pg-797-0\"  class=\"panel-grid panel-no-style\" ><div id=\"pgc-797-0-0\"  class=\"panel-grid-cell\" ><div id=\"panel-797-0-0-0\" class=\"so-panel widget widget_sow-editor panel-first-child panel-last-child\" data-index=\"0\" ><div\n\t\t\t\n\t\t\tclass=\"so-widget-sow-editor so-widget-sow-editor-base\"\n\t\t\t\n\t\t><h3 class=\"widget-title\">EAFC<\/h3>\n<div class=\"siteorigin-widget-tinymce textwidget\">\n\t<h2 style=\"text-align: center;\"><a href=\"https:\/\/sites.ac-nancy-metz.fr\/stss\/inspection\/puce-logo-site\/\" rel=\"attachment wp-att-685\"><img loading=\"lazy\" decoding=\"async\" class=\"alignnone size-full wp-image-685\" src=\"https:\/\/sites.ac-nancy-metz.fr\/stss\/wp-content\/uploads\/2023\/08\/puce-logo-site.png\" alt=\"\" width=\"22\" height=\"22\" \/><\/a>\u00a0 EAFC\u00a0- L'offre de formation \u00e0 l'\u00e9chelon acad\u00e9mique<\/h2>\n<p>&nbsp;<\/p>\n<h2>En 93 secondes, vous convaincre qu'il est facile de trouver et de s'inscrire \u00e0 une formation du PrAF<\/h2>\n<p><iframe loading=\"lazy\" class=\"wp-embedded-content\" sandbox=\"allow-scripts\" security=\"restricted\" title=\"Avec sous-titres. En 93 secondes, vous convaincre qu&#039;il est facile de trouver et de s&#039;inscrire \u00e0 une formation du PrAF\" width=\"560\" height=\"315\" src=\"https:\/\/tube-institutionnel.apps.education.fr\/videos\/embed\/53e28535-a686-49ac-bea7-84805bd8f735#?secret=8BYgKMklDu\" data-secret=\"8BYgKMklDu\" frameborder=\"0\"><\/iframe><\/p>\n<p>&nbsp;<\/p>\n<h2 id=\"summary-item-0\" class=\"title\">L'offre de formation \u00e0 candidature individuelle<\/h2>\n<p><iframe loading=\"lazy\" class=\"wp-embedded-content\" sandbox=\"allow-scripts\" security=\"restricted\" title=\"EAFC - Modalit\u00e9s d&#039;acc\u00e8s aux stages \u00e0 inscription individuelle - 2023-2024\" width=\"560\" height=\"315\" src=\"https:\/\/tube-institutionnel.apps.education.fr\/videos\/embed\/4c338265-669e-4294-b6a3-f5091f426aae#?secret=U3AlQSPGLv\" data-secret=\"U3AlQSPGLv\" frameborder=\"0\"><\/iframe><\/p>\n<h2 id=\"summary-item-0\" class=\"title\"><\/h2>\n<h3 id=\"summary-item-1\" class=\"title\">L'acc\u00e8s \u00e0 la formation avec l'EAFC !<\/h3>\n<p><strong>L'offre ci-dessous est mise \u00e0 jour r\u00e9guli\u00e8rement et chaque personnel de l'acad\u00e9mie de Nancy-Metz peut s'abonner aux formations\u00a0librement<\/strong>\u00a0en cliquant directement sur le bouton\u00a0\"Je m'abonne\" de la formation souhait\u00e9e. Cela vous permettra de recevoir des informations sur la programmation de ces formations\u00a0et de pouvoir\u00a0 vous y<strong>\u00a0pr\u00e9inscrire<\/strong>. Votre\u00a0sup\u00e9rieur hi\u00e9rarchique est inform\u00e9 de vos pr\u00e9-inscriptions, par cons\u00e9quent il peut \u00e9mettre un avis. Sans avis de sa part, ou si ce dernier est positif, alors vous \u00eates\u00a0inscrit \u00e0 la formation.\u00a0L\u2019EAFC traite ensuite toutes les inscriptions retenues et v\u00e9rifie que toutes les conditions sont requises pour pouvoir mettre en \u0153uvre chaque session de formation propos\u00e9e.<\/p>\n<h3 id=\"summary-item-2\" class=\"title\">D\u00e9couvrez l'offre de formation 2023-2024\u00a0\u00e0 candidature individuelle de l'EAFC<\/h3>\n<h4 class=\"title\">Version de synth\u00e8se du Praf 203-2024<\/h4>\n<div class=\"embedded-entity\" data-embed-button=\"media\" data-entity-embed-display=\"view_mode:media.embed\" data-entity-type=\"media\" data-entity-uuid=\"ace4fc39-6245-4fae-9ed0-454b0146a4b3\" data-langcode=\"fr\">\n<article>\n<div class=\"download-wrapper\">\n<div class=\"content__download content__download_main\"><span class=\"icon-img download_main\"><img loading=\"lazy\" decoding=\"async\" class=\"alignleft\" src=\"https:\/\/www.ac-nancy-metz.fr\/sites\/ac_nancy_metz\/files\/styles\/thumbnail\/public\/media-icons\/generic\/generic.png?itok=ldWuVI5q\" alt=\"\" width=\"100\" height=\"100\" \/><\/span><a href=\"https:\/\/www.ac-nancy-metz.fr\/media\/26435\/download\" target=\"_blank\" rel=\"noopener\" download=\"\" data-file-type=\"pdf\" data-file-id=\"26435\">EAFC - PDF - Version de synth\u00e8se du Praf 2023-2024<\/a><\/div>\n<\/div>\n<\/article>\n<\/div>\n<h4><\/h4>\n<h4><\/h4>\n<h4 class=\"title\">Tableaux r\u00e9capitulatifs des modules en inscription individuelle (version du 13\/07\/2023)<\/h4>\n<div class=\"embedded-entity\" data-embed-button=\"media\" data-entity-embed-display=\"view_mode:media.embed\" data-entity-type=\"media\" data-entity-uuid=\"59b2309b-eb64-445a-bbe4-c465a2af01d8\" data-langcode=\"fr\">\n<article>\n<div class=\"download-wrapper\">\n<div class=\"content__download content__download_main\"><span class=\"icon-img download_main\"><img loading=\"lazy\" decoding=\"async\" class=\"alignleft\" src=\"https:\/\/www.ac-nancy-metz.fr\/sites\/ac_nancy_metz\/files\/styles\/thumbnail\/public\/media-icons\/generic\/generic.png?itok=ldWuVI5q\" alt=\"\" width=\"100\" height=\"100\" \/><\/span><a href=\"https:\/\/www.ac-nancy-metz.fr\/media\/26093\/download\" target=\"_blank\" rel=\"noopener\" download=\"\" data-file-type=\"xlsx\" data-file-id=\"26093\">EAFC - modules \u00e0 inscription individuelle (hors PLF)<\/a><\/div>\n<\/div>\n<\/article>\n<\/div>\n<h4><\/h4>\n<h4><\/h4>\n<h4 class=\"title\">EAFC : Affiche ouverture du programme acad\u00e9mique de formation 2023-2024<\/h4>\n<div class=\"embedded-entity\" data-embed-button=\"media\" data-entity-embed-display=\"view_mode:media.embed\" data-entity-type=\"media\" data-entity-uuid=\"59b2309b-eb64-445a-bbe4-c465a2af01d8\" data-langcode=\"fr\">\n<article>\n<div class=\"download-wrapper\">\n<div class=\"content__download content__download_main\"><span class=\"icon-img download_main\"><img loading=\"lazy\" decoding=\"async\" class=\"alignleft\" src=\"https:\/\/www.ac-nancy-metz.fr\/sites\/ac_nancy_metz\/files\/styles\/thumbnail\/public\/media-icons\/generic\/generic.png?itok=ldWuVI5q\" alt=\"\" width=\"100\" height=\"100\" \/><\/span><a href=\"https:\/\/www.ac-nancy-metz.fr\/media\/26093\/download\" target=\"_blank\" rel=\"noopener\" download=\"\" data-file-type=\"xlsx\" data-file-id=\"26093\">https:\/\/sites.ac-nancy-metz.fr\/stss\/wp-content\/uploads\/2023\/09\/Tract-Affiche-PRAF23-24.pdf<\/a><\/div>\n<div>\n<div class=\"embedded-entity\" data-embed-button=\"media\" data-entity-embed-display=\"view_mode:media.embed\" data-entity-type=\"media\" data-entity-uuid=\"59b2309b-eb64-445a-bbe4-c465a2af01d8\" data-langcode=\"fr\">\n<article>\n<div class=\"download-wrapper\">\n<div class=\"content__download content__download_main\"><\/div>\n<\/div>\n<\/article>\n<\/div>\n<\/div>\n<\/div>\n<\/article>\n<\/div>\n<p>&nbsp;<\/p>\n<\/div>\n<\/div><\/div><\/div><\/div><\/div>","protected":false},"excerpt":{"rendered":"<p>\u00a0 EAFC\u00a0&#8211; L&rsquo;offre de formation \u00e0 l&rsquo;\u00e9chelon acad\u00e9mique &nbsp; En 93 secondes, vous convaincre qu&rsquo;il est facile de trouver et de s&rsquo;inscrire \u00e0 une formation du PrAF https:\/\/tube-institutionnel.apps.education.fr\/w\/bmMRvSaYmbTn7bjzbHnvAn &nbsp; L&rsquo;offre de formation \u00e0 candidature individuelle https:\/\/tube-institutionnel.apps.education.fr\/w\/apL4Dv8FUgA1DmVo2DQaBd L&rsquo;acc\u00e8s \u00e0 la formation avec l&rsquo;EAFC ! L&rsquo;offre ci-dessous est mise \u00e0 jour r\u00e9guli\u00e8rement et chaque personnel de l&rsquo;acad\u00e9mie&#8230;<\/p>\n<p class=\"more-link-wrap\"><a href=\"https:\/\/sites.ac-nancy-metz.fr\/stss\/numeriques\/797-2\/\" class=\"more-link\">En savoir plus<span class=\"screen-reader-text\"> &ldquo;EAFC&rdquo;<\/span> &raquo;<\/a><\/p>\n","protected":false},"author":1,"featured_media":0,"parent":59,"menu_order":1,"comment_status":"closed","ping_status":"closed","template":"","meta":{"footnotes":""},"class_list":["post-797","page","type-page","status-publish","hentry"],"yoast_head":"<!-- This site is optimized with the Yoast SEO plugin v24.9 - https:\/\/yoast.com\/wordpress\/plugins\/seo\/ -->\n<title>EAFC - STMS<\/title>\n<meta name=\"robots\" content=\"index, follow, max-snippet:-1, max-image-preview:large, max-video-preview:-1\" \/>\n<link rel=\"canonical\" href=\"https:\/\/sites.ac-nancy-metz.fr\/stss\/numeriques\/797-2\/\" \/>\n<meta property=\"og:locale\" content=\"fr_FR\" \/>\n<meta property=\"og:type\" content=\"article\" \/>\n<meta property=\"og:title\" content=\"EAFC - STMS\" \/>\n<meta property=\"og:description\" content=\"\u00a0 EAFC\u00a0- L&#039;offre de formation \u00e0 l&#039;\u00e9chelon acad\u00e9mique &nbsp; En 93 secondes, vous convaincre qu&#039;il est facile de trouver et de s&#039;inscrire \u00e0 une formation du PrAF https:\/\/tube-institutionnel.apps.education.fr\/w\/bmMRvSaYmbTn7bjzbHnvAn &nbsp; L&#039;offre de formation \u00e0 candidature individuelle https:\/\/tube-institutionnel.apps.education.fr\/w\/apL4Dv8FUgA1DmVo2DQaBd L&#039;acc\u00e8s \u00e0 la formation avec l&#039;EAFC ! L&#039;offre ci-dessous est mise \u00e0 jour r\u00e9guli\u00e8rement et chaque personnel de l&#039;acad\u00e9mie...En savoir plus &ldquo;EAFC&rdquo; &raquo;\" \/>\n<meta property=\"og:url\" content=\"https:\/\/sites.ac-nancy-metz.fr\/stss\/numeriques\/797-2\/\" \/>\n<meta property=\"og:site_name\" content=\"STMS\" \/>\n<meta property=\"article:modified_time\" content=\"2023-09-06T17:42:02+00:00\" \/>\n<meta property=\"og:image\" content=\"https:\/\/sites.ac-nancy-metz.fr\/stss\/wp-content\/uploads\/2023\/08\/puce-logo-site.png\" \/>\n<meta name=\"twitter:card\" content=\"summary_large_image\" \/>\n<meta name=\"twitter:label1\" content=\"Dur\u00e9e de lecture estim\u00e9e\" \/>\n\t<meta name=\"twitter:data1\" content=\"2 minutes\" \/>\n<script type=\"application\/ld+json\" class=\"yoast-schema-graph\">{\"@context\":\"https:\/\/schema.org\",\"@graph\":[{\"@type\":\"WebPage\",\"@id\":\"https:\/\/sites.ac-nancy-metz.fr\/stss\/numeriques\/797-2\/\",\"url\":\"https:\/\/sites.ac-nancy-metz.fr\/stss\/numeriques\/797-2\/\",\"name\":\"EAFC - STMS\",\"isPartOf\":{\"@id\":\"https:\/\/sites.ac-nancy-metz.fr\/stss\/#website\"},\"primaryImageOfPage\":{\"@id\":\"https:\/\/sites.ac-nancy-metz.fr\/stss\/numeriques\/797-2\/#primaryimage\"},\"image\":{\"@id\":\"https:\/\/sites.ac-nancy-metz.fr\/stss\/numeriques\/797-2\/#primaryimage\"},\"thumbnailUrl\":\"https:\/\/sites.ac-nancy-metz.fr\/stss\/wp-content\/uploads\/2023\/08\/puce-logo-site.png\",\"datePublished\":\"2023-08-31T09:35:20+00:00\",\"dateModified\":\"2023-09-06T17:42:02+00:00\",\"breadcrumb\":{\"@id\":\"https:\/\/sites.ac-nancy-metz.fr\/stss\/numeriques\/797-2\/#breadcrumb\"},\"inLanguage\":\"fr-FR\",\"potentialAction\":[{\"@type\":\"ReadAction\",\"target\":[\"https:\/\/sites.ac-nancy-metz.fr\/stss\/numeriques\/797-2\/\"]}]},{\"@type\":\"ImageObject\",\"inLanguage\":\"fr-FR\",\"@id\":\"https:\/\/sites.ac-nancy-metz.fr\/stss\/numeriques\/797-2\/#primaryimage\",\"url\":\"https:\/\/sites.ac-nancy-metz.fr\/stss\/wp-content\/uploads\/2023\/08\/puce-logo-site.png\",\"contentUrl\":\"https:\/\/sites.ac-nancy-metz.fr\/stss\/wp-content\/uploads\/2023\/08\/puce-logo-site.png\",\"width\":22,\"height\":22},{\"@type\":\"BreadcrumbList\",\"@id\":\"https:\/\/sites.ac-nancy-metz.fr\/stss\/numeriques\/797-2\/#breadcrumb\",\"itemListElement\":[{\"@type\":\"ListItem\",\"position\":1,\"name\":\"Accueil\",\"item\":\"https:\/\/sites.ac-nancy-metz.fr\/stss\/\"},{\"@type\":\"ListItem\",\"position\":2,\"name\":\"Num\u00e9rique\",\"item\":\"https:\/\/sites.ac-nancy-metz.fr\/stss\/numeriques\/\"},{\"@type\":\"ListItem\",\"position\":3,\"name\":\"EAFC\"}]},{\"@type\":\"WebSite\",\"@id\":\"https:\/\/sites.ac-nancy-metz.fr\/stss\/#website\",\"url\":\"https:\/\/sites.ac-nancy-metz.fr\/stss\/\",\"name\":\"STMS\",\"description\":\" Sciences et Techniques M\u00e9dico-Sociales \",\"publisher\":{\"@id\":\"https:\/\/sites.ac-nancy-metz.fr\/stss\/#organization\"},\"potentialAction\":[{\"@type\":\"SearchAction\",\"target\":{\"@type\":\"EntryPoint\",\"urlTemplate\":\"https:\/\/sites.ac-nancy-metz.fr\/stss\/?s={search_term_string}\"},\"query-input\":{\"@type\":\"PropertyValueSpecification\",\"valueRequired\":true,\"valueName\":\"search_term_string\"}}],\"inLanguage\":\"fr-FR\"},{\"@type\":\"Organization\",\"@id\":\"https:\/\/sites.ac-nancy-metz.fr\/stss\/#organization\",\"name\":\"Sciences et Techniques M\u00e9dico-Sociales\",\"url\":\"https:\/\/sites.ac-nancy-metz.fr\/stss\/\",\"logo\":{\"@type\":\"ImageObject\",\"inLanguage\":\"fr-FR\",\"@id\":\"https:\/\/sites.ac-nancy-metz.fr\/stss\/#\/schema\/logo\/image\/\",\"url\":\"https:\/\/sites.ac-nancy-metz.fr\/stss\/wp-content\/uploads\/2023\/06\/cropped-cropped-logo-ac-nancy-20-e1688052918222.jpg\",\"contentUrl\":\"https:\/\/sites.ac-nancy-metz.fr\/stss\/wp-content\/uploads\/2023\/06\/cropped-cropped-logo-ac-nancy-20-e1688052918222.jpg\",\"width\":100,\"height\":80,\"caption\":\"Sciences et Techniques M\u00e9dico-Sociales\"},\"image\":{\"@id\":\"https:\/\/sites.ac-nancy-metz.fr\/stss\/#\/schema\/logo\/image\/\"}}]}<\/script>\n<!-- \/ Yoast SEO plugin. -->","yoast_head_json":{"title":"EAFC - STMS","robots":{"index":"index","follow":"follow","max-snippet":"max-snippet:-1","max-image-preview":"max-image-preview:large","max-video-preview":"max-video-preview:-1"},"canonical":"https:\/\/sites.ac-nancy-metz.fr\/stss\/numeriques\/797-2\/","og_locale":"fr_FR","og_type":"article","og_title":"EAFC - STMS","og_description":"\u00a0 EAFC\u00a0- L'offre de formation \u00e0 l'\u00e9chelon acad\u00e9mique &nbsp; En 93 secondes, vous convaincre qu'il est facile de trouver et de s'inscrire \u00e0 une formation du PrAF https:\/\/tube-institutionnel.apps.education.fr\/w\/bmMRvSaYmbTn7bjzbHnvAn &nbsp; L'offre de formation \u00e0 candidature individuelle https:\/\/tube-institutionnel.apps.education.fr\/w\/apL4Dv8FUgA1DmVo2DQaBd L'acc\u00e8s \u00e0 la formation avec l'EAFC ! L'offre ci-dessous est mise \u00e0 jour r\u00e9guli\u00e8rement et chaque personnel de l'acad\u00e9mie...En savoir plus &ldquo;EAFC&rdquo; &raquo;","og_url":"https:\/\/sites.ac-nancy-metz.fr\/stss\/numeriques\/797-2\/","og_site_name":"STMS","article_modified_time":"2023-09-06T17:42:02+00:00","og_image":[{"url":"https:\/\/sites.ac-nancy-metz.fr\/stss\/wp-content\/uploads\/2023\/08\/puce-logo-site.png","type":"","width":"","height":""}],"twitter_card":"summary_large_image","twitter_misc":{"Dur\u00e9e de lecture estim\u00e9e":"2 minutes"},"schema":{"@context":"https:\/\/schema.org","@graph":[{"@type":"WebPage","@id":"https:\/\/sites.ac-nancy-metz.fr\/stss\/numeriques\/797-2\/","url":"https:\/\/sites.ac-nancy-metz.fr\/stss\/numeriques\/797-2\/","name":"EAFC - STMS","isPartOf":{"@id":"https:\/\/sites.ac-nancy-metz.fr\/stss\/#website"},"primaryImageOfPage":{"@id":"https:\/\/sites.ac-nancy-metz.fr\/stss\/numeriques\/797-2\/#primaryimage"},"image":{"@id":"https:\/\/sites.ac-nancy-metz.fr\/stss\/numeriques\/797-2\/#primaryimage"},"thumbnailUrl":"https:\/\/sites.ac-nancy-metz.fr\/stss\/wp-content\/uploads\/2023\/08\/puce-logo-site.png","datePublished":"2023-08-31T09:35:20+00:00","dateModified":"2023-09-06T17:42:02+00:00","breadcrumb":{"@id":"https:\/\/sites.ac-nancy-metz.fr\/stss\/numeriques\/797-2\/#breadcrumb"},"inLanguage":"fr-FR","potentialAction":[{"@type":"ReadAction","target":["https:\/\/sites.ac-nancy-metz.fr\/stss\/numeriques\/797-2\/"]}]},{"@type":"ImageObject","inLanguage":"fr-FR","@id":"https:\/\/sites.ac-nancy-metz.fr\/stss\/numeriques\/797-2\/#primaryimage","url":"https:\/\/sites.ac-nancy-metz.fr\/stss\/wp-content\/uploads\/2023\/08\/puce-logo-site.png","contentUrl":"https:\/\/sites.ac-nancy-metz.fr\/stss\/wp-content\/uploads\/2023\/08\/puce-logo-site.png","width":22,"height":22},{"@type":"BreadcrumbList","@id":"https:\/\/sites.ac-nancy-metz.fr\/stss\/numeriques\/797-2\/#breadcrumb","itemListElement":[{"@type":"ListItem","position":1,"name":"Accueil","item":"https:\/\/sites.ac-nancy-metz.fr\/stss\/"},{"@type":"ListItem","position":2,"name":"Num\u00e9rique","item":"https:\/\/sites.ac-nancy-metz.fr\/stss\/numeriques\/"},{"@type":"ListItem","position":3,"name":"EAFC"}]},{"@type":"WebSite","@id":"https:\/\/sites.ac-nancy-metz.fr\/stss\/#website","url":"https:\/\/sites.ac-nancy-metz.fr\/stss\/","name":"STMS","description":" Sciences et Techniques M\u00e9dico-Sociales ","publisher":{"@id":"https:\/\/sites.ac-nancy-metz.fr\/stss\/#organization"},"potentialAction":[{"@type":"SearchAction","target":{"@type":"EntryPoint","urlTemplate":"https:\/\/sites.ac-nancy-metz.fr\/stss\/?s={search_term_string}"},"query-input":{"@type":"PropertyValueSpecification","valueRequired":true,"valueName":"search_term_string"}}],"inLanguage":"fr-FR"},{"@type":"Organization","@id":"https:\/\/sites.ac-nancy-metz.fr\/stss\/#organization","name":"Sciences et Techniques M\u00e9dico-Sociales","url":"https:\/\/sites.ac-nancy-metz.fr\/stss\/","logo":{"@type":"ImageObject","inLanguage":"fr-FR","@id":"https:\/\/sites.ac-nancy-metz.fr\/stss\/#\/schema\/logo\/image\/","url":"https:\/\/sites.ac-nancy-metz.fr\/stss\/wp-content\/uploads\/2023\/06\/cropped-cropped-logo-ac-nancy-20-e1688052918222.jpg","contentUrl":"https:\/\/sites.ac-nancy-metz.fr\/stss\/wp-content\/uploads\/2023\/06\/cropped-cropped-logo-ac-nancy-20-e1688052918222.jpg","width":100,"height":80,"caption":"Sciences et Techniques M\u00e9dico-Sociales"},"image":{"@id":"https:\/\/sites.ac-nancy-metz.fr\/stss\/#\/schema\/logo\/image\/"}}]}},"_links":{"self":[{"href":"https:\/\/sites.ac-nancy-metz.fr\/stss\/wp-json\/wp\/v2\/pages\/797","targetHints":{"allow":["GET"]}}],"collection":[{"href":"https:\/\/sites.ac-nancy-metz.fr\/stss\/wp-json\/wp\/v2\/pages"}],"about":[{"href":"https:\/\/sites.ac-nancy-metz.fr\/stss\/wp-json\/wp\/v2\/types\/page"}],"author":[{"embeddable":true,"href":"https:\/\/sites.ac-nancy-metz.fr\/stss\/wp-json\/wp\/v2\/users\/1"}],"replies":[{"embeddable":true,"href":"https:\/\/sites.ac-nancy-metz.fr\/stss\/wp-json\/wp\/v2\/comments?post=797"}],"version-history":[{"count":7,"href":"https:\/\/sites.ac-nancy-metz.fr\/stss\/wp-json\/wp\/v2\/pages\/797\/revisions"}],"predecessor-version":[{"id":892,"href":"https:\/\/sites.ac-nancy-metz.fr\/stss\/wp-json\/wp\/v2\/pages\/797\/revisions\/892"}],"up":[{"embeddable":true,"href":"https:\/\/sites.ac-nancy-metz.fr\/stss\/wp-json\/wp\/v2\/pages\/59"}],"wp:attachment":[{"href":"https:\/\/sites.ac-nancy-metz.fr\/stss\/wp-json\/wp\/v2\/media?parent=797"}],"curies":[{"name":"wp","href":"https:\/\/api.w.org\/{rel}","templated":true}]}}