{"id":931,"date":"2023-09-11T10:38:58","date_gmt":"2023-09-11T10:38:58","guid":{"rendered":"https:\/\/sites.ac-nancy-metz.fr\/stss\/?page_id=931"},"modified":"2023-10-02T10:25:13","modified_gmt":"2023-10-02T10:25:13","slug":"sujets-de-lepreuve-de-specialite-de-stss-serie-st2s","status":"publish","type":"page","link":"https:\/\/sites.ac-nancy-metz.fr\/stss\/st2s\/ressources-pedagogiques\/sujets-de-lepreuve-de-specialite-de-stss-serie-st2s\/","title":{"rendered":"Sujets de l\u2019\u00e9preuve de sp\u00e9cialit\u00e9 de STSS (s\u00e9rie ST2S)"},"content":{"rendered":"<div id=\"pl-931\"  class=\"panel-layout\" ><div id=\"pg-931-0\"  class=\"panel-grid panel-no-style\" ><div id=\"pgc-931-0-0\"  class=\"panel-grid-cell\" ><div id=\"panel-931-0-0-0\" class=\"so-panel widget widget_sow-editor panel-first-child\" data-index=\"0\" ><div\n\t\t\t\n\t\t\tclass=\"so-widget-sow-editor so-widget-sow-editor-base\"\n\t\t\t\n\t\t>\n<div class=\"siteorigin-widget-tinymce textwidget\">\n\t<h2>Sujets de l\u2019\u00e9preuve de sp\u00e9cialit\u00e9 de STSS (s\u00e9rie ST2S)<\/h2>\n<div class=\"row\">\n<div class=\"col-md-8\">\n<div class=\"detail\"><span style=\"font-size: 1.0625rem;\">L\u2019\u00e9preuve de Sciences et Techniques Sanitaires et Sociales a ainsi \u00e9t\u00e9 modifi\u00e9e par la <\/span><a class=\"spip_out\" style=\"font-size: 1.0625rem;\" href=\"https:\/\/www.education.gouv.fr\/bo\/20\/Special2\/MENE2001091N.htm\" target=\"_blank\" rel=\"external noopener\">note de service du 11 f\u00e9vrier 2020<\/a><span style=\"font-size: 1.0625rem;\">.<\/span><\/div>\n<\/div>\n<\/div>\n<div class=\"texte\">\n<h2>&nbsp;<\/h2>\n<h2 class=\"spip\">&nbsp;<\/h2>\n<\/div>\n<\/div>\n<\/div><\/div><div id=\"panel-931-0-0-1\" class=\"widget_text so-panel widget widget_custom_html panel-last-child\" data-index=\"1\" ><h3 class=\"widget-title\">Liste des Sujets de STSS<\/h3><div class=\"textwidget custom-html-widget\">\n<table id=\"tablepress-1\" class=\"tablepress tablepress-id-1\">\n<thead>\n<tr class=\"row-1 odd\">\n\t<th class=\"column-1\">Ann\u00e9e<\/th><th class=\"column-2\">M\u00e9tropole, Mayotte, Antilles, Guyane<\/th><th class=\"column-3\">Polyn\u00e9sie<\/th><th class=\"column-4\">La R\u00e9union<\/th><th class=\"column-5\">Nouvelle Cal\u00e9donie<\/th><th class=\"column-6\">Septembre M\u00e9tropole<\/th><th class=\"column-7\"><\/th>\n<\/tr>\n<\/thead>\n<tbody class=\"row-hover\">\n<tr class=\"row-2 even\">\n\t<td class=\"column-1\">2025<\/td><td class=\"column-2\"><a href=\"https:\/\/eduscol.education.fr\/document\/66265\/download\" rel=\"noopener\" target=\"_blank\">Baisse de la Natalit\u00e9<\/a><\/td><td class=\"column-3\"><a href=\"https:\/\/eduscol.education.fr\/document\/66891\/download\" rel=\"noopener\" target=\"_blank\">Chomage et sant\u00e9<\/a><\/td><td class=\"column-4\"><\/td><td class=\"column-5\"><\/td><td class=\"column-6\"><\/td><td class=\"column-7\"><\/td>\n<\/tr>\n<tr class=\"row-3 odd\">\n\t<td class=\"column-1\"><\/td><td class=\"column-2\">1. L\u2019offre de soins met en \u0153uvre diff\u00e9rents modes d\u2019intervention en sant\u00e9.<br \/>\nIllustrer cette affirmation.<br \/>\n<\/td><td class=\"column-3\">1 : Expliquer comment la protection sociale contribue \u00e0 lutter contre les<br \/>\nin\u00e9galit\u00e9s d\u2019acc\u00e8s aux soins.<br \/>\n2.1: Montrer que le ch\u00f4mage impacte la sant\u00e9 des personnes en<br \/>\nrecherche d\u2019emploi.<br \/>\n2.2: Montrer comment les acteurs du dispositif de l\u2019insertion par<br \/>\nl\u2019activit\u00e9 \u00e9conomique se compl\u00e8tent pour favoriser l\u2019insertion<br \/>\nsociale des personnes en difficult\u00e9s.<\/td><td class=\"column-4\"><\/td><td class=\"column-5\"><\/td><td class=\"column-6\"><\/td><td class=\"column-7\"><\/td>\n<\/tr>\n<tr class=\"row-4 even\">\n\t<td class=\"column-1\">2024<\/td><td class=\"column-2\"><a href=\"https:\/\/eduscol.education.fr\/document\/59226\/download\" rel=\"noopener\" target=\"_blank\">Sant\u00e9 et urbanisme<\/a><\/td><td class=\"column-3\"><a href=\"https:\/\/eduscol.education.fr\/document\/59448\/download\" rel=\"noopener\" target=\"_blank\">Travail et addictions : les liaisons dangereuses<\/a><\/td><td class=\"column-4\"><\/td><td class=\"column-5\"><\/td><td class=\"column-6\"><a href=\"https:\/\/eduscol.education.fr\/document\/63779\/download\" rel=\"noopener\" target=\"_blank\">Les d\u00e9serts m\u00e9dicaux <\/a><\/td><td class=\"column-7\"><\/td>\n<\/tr>\n<tr class=\"row-5 odd\">\n\t<td class=\"column-1\"><\/td><td class=\"column-2\">1 : Expliquer comment le syst\u00e8me de veille sanitaire participe \u00e0 la<br \/>\nprotection de la population.<br \/>\n2.1 : Montrer que l\u2019am\u00e9nagement des espaces urbains est un<br \/>\nd\u00e9terminant de sant\u00e9.<br \/>\n2.2 : Expliquer comment les  politiques de sant\u00e9 et les politiques sociales visent \u00e0 r\u00e9duire les in\u00e9galit\u00e9s territoriales de sant\u00e9 des quartiers prioritaires de la ville (QPV).<\/td><td class=\"column-3\">1: Expliquer comment l\u2019offre de soins participe \u00e0 la permanence de soins.<br \/>\n2.1 : Pr\u00e9senter l\u2019\u00e9pid\u00e9miologie des pratiques addictives en milieu professionnel.<br \/>\n2.2 : Montrer la diversit\u00e9 des actions de pr\u00e9vention face aux pratiques addictives en milieu professionnel.<\/td><td class=\"column-4\"><\/td><td class=\"column-5\"><\/td><td class=\"column-6\">1 :  Expliquer l\u2019int\u00e9r\u00eat de la d\u00e9mocratie sanitaire dans l\u2019\u00e9laboration d\u2019une<br \/>\npolitique de sant\u00e9.<br \/>\n2.1 : Justifier que la p\u00e9nurie de m\u00e9decins sur un territoire provoque une in\u00e9galit\u00e9 d\u2019acc\u00e8s aux soins.<br \/>\n2.2 : Montrer comment le syst\u00e8me de sant\u00e9 lutte contre les d\u00e9serts m\u00e9dicaux. <\/td><td class=\"column-7\"><\/td>\n<\/tr>\n<tr class=\"row-6 even\">\n\t<td class=\"column-1\">2023<\/td><td class=\"column-2\"><a href=\"https:\/\/www.sujetdebac.fr\/annales-pdf\/2023\/st2s-spe-sciences-sanitaires-sociales-2023-metropole-sujet-officiel.pdf\" rel=\"noopener\" target=\"_blank\">Sport sur ordonnance<\/a><\/td><td class=\"column-3\"><a href=\"https:\/\/eduscol.education.fr\/document\/48023\/download\" rel=\"noopener\" target=\"_blank\">Les cancers de la peau <\/a><\/td><td class=\"column-4\"><a href=\"https:\/\/www.sujetdebac.fr\/annales-pdf\/2023\/st2s-spe-sciences-sanitaires-sociales-2023-la-reunion-sujet-officiel.pdf\" rel=\"noopener\" target=\"_blank\">La reconnaissance du handicap dans la soci\u00e9t\u00e9<\/a><\/td><td class=\"column-5\"><a href=\"https:\/\/www.sujetdebac.fr\/annales-pdf\/2023\/st2s-spe-sciences-sanitaires-sociales-2023-nouvelle-caledonie-sujet-officiel.pdf\" rel=\"noopener\" target=\"_blank\">Agir contre l'endom\u00e9triose<\/a><\/td><td class=\"column-6\"><a href=\"https:\/\/www.sujetdebac.fr\/annales-pdf\/2023\/st2s-spe-sciences-sanitaires-sociales-2023-metropole-remplacement-sujet-officiel.pdf\" rel=\"noopener\" target=\"_blank\">La prostitution des mineurs en France<\/a><\/td><td class=\"column-7\"><\/td>\n<\/tr>\n<tr class=\"row-7 odd\">\n\t<td class=\"column-1\"><\/td><td class=\"column-2\">1 : Expliquer comment le d\u00e9veloppement social local contribue au bien-\u00eatre<br \/>\ndes habitants d\u2019un quartier.<br \/>\n2.1 : Montrer que l\u2019activit\u00e9 physique vise \u00e0 am\u00e9liorer la sant\u00e9 des personnes malades. <br \/>\n2.2 : Expliquer comment le syst\u00e8me de sant\u00e9 participe au d\u00e9veloppement<br \/>\ndu dispositif \u00ab Sport sur Ordonnance \u00bb sur certains territoires.<\/td><td class=\"column-3\">1. :Les d\u00e9terminants sociaux peuvent influencer la sant\u00e9 d\u2019un individu.<br \/>\nIllustrer cette affirmation. <br \/>\n2.1 : Pr\u00e9senter la prise en charge des cancers de la peau par le syst\u00e8me de soins.<br \/>\n2.2 : Montrer comment la pr\u00e9vention participe \u00e0 la lutte contre les cancers de la peau.<br \/>\n<\/td><td class=\"column-4\">1 : \u00c0 partir d'un exemple de probl\u00e8me de sant\u00e9 publique, pr\u00e9senter l'int\u00e9r\u00eat d'utiliser une diversit\u00e9 d'indicateurs.<br \/>\n<br \/>\n2.1 : Montrer les sp\u00e9cificit\u00e9s de la politique sociale en faveur des personnes en situation de handicap.<br \/>\n2.2 : Expliquer comment les diff\u00e9rents acteurs favorisent l'int\u00e9gration sociale des personnes en situation de handicap.<\/td><td class=\"column-5\">1 : Expliquer comment la pr\u00e9carit\u00e9 peut conduire \u00e0 l'exclusion.<br \/>\n2.1 : Montrer que l'endom\u00e9triose est une priorit\u00e9 sanitaire.<br \/>\n2.2 : Montrer la compl\u00e9mentarit\u00e9 des acteurs du syst\u00e8me de sant\u00e9 dans la lutte contre l'endom\u00e9triose.<\/td><td class=\"column-6\">1 : Expliquer comment les modes d'intervention sociale contribuent \u00e0 la coh\u00e9sion sociale.<br \/>\n<br \/>\n2.1 : Montrer que la prostitution des mineurs impacte leur sant\u00e9.<br \/>\n2.2 : Pr\u00e9senter le r\u00f4le des diff\u00e9rents acteurs impliqu\u00e9s dans la politique de lutte contre la prostitution des mineurs.<\/td><td class=\"column-7\"><\/td>\n<\/tr>\n<tr class=\"row-8 even\">\n\t<td class=\"column-1\">2022<\/td><td class=\"column-2\"><a href=\"https:\/\/eduscol.education.fr\/document\/43757\/download\" rel=\"noopener\" target=\"_blank\">Usage d\u00e9tourn\u00e9 du protoxyde d\u2019azote : une pratique \u00e0 risques (session mai 2022)<\/a><\/td><td class=\"column-3\"><a href=\"https:\/\/eduscol.education.fr\/document\/43844\/download\" rel=\"noopener\" target=\"_blank\">La pr\u00e9carit\u00e9 des \u00e9tudiants<\/a><\/td><td class=\"column-4\"><a href=\"https:\/\/eduscol.education.fr\/document\/43802\/download\" rel=\"noopener\" target=\"_blank\">Agir pour les proches aidants<\/a><\/td><td class=\"column-5\"><a href=\"https:\/\/www.sujetdebac.fr\/annales-pdf\/2022\/st2s-spe-sciences-sanitaires-sociales-2022-nouvelle-caledonie-sujet-officiel.pdf\" rel=\"noopener\" target=\"_blank\">Les conduites addictives<\/a><\/td><td class=\"column-6\"><a href=\"https:\/\/eduscol.education.fr\/document\/45034\/download\" rel=\"noopener\" target=\"_blank\">Les sans domicile fixe en France<\/a><\/td><td class=\"column-7\"><\/td>\n<\/tr>\n<tr class=\"row-9 odd\">\n\t<td class=\"column-1\"><\/td><td class=\"column-2\">1-A : A partir d\u2019un exemple de probl\u00e8me de sant\u00e9, expliquer comment diff\u00e9rents<br \/>\nmodes d\u2019intervention en sant\u00e9 publique contribuent \u00e0 am\u00e9liorer la sant\u00e9 de<br \/>\nla population.<br \/>\n1-B : Expliquer la place de la famille dans le processus de socialisation.<br \/>\n2.1 : Justifier que l\u2019usage d\u00e9tourn\u00e9 du protoxyde d\u2019azote constitue un<br \/>\nprobl\u00e8me de sant\u00e9 publique.<br \/>\n2.2 : Montrer la compl\u00e9mentarit\u00e9 des acteurs impliqu\u00e9s dans la lutte contre<br \/>\nl\u2019usage d\u00e9tourn\u00e9 du protoxyde d\u2019azote.<\/td><td class=\"column-3\">1-A : Expliquer comment le risque maladie est pris en charge par la protection<br \/>\nsociale.<br \/>\n1-B : A l'aide de diff\u00e9rents exemples, expliquer que les d\u00e9terminants peuvent<br \/>\ninfluencer l'\u00e9tat de sant\u00e9 des populations.<br \/>\n2.1 : Montrer que la pr\u00e9carit\u00e9 des \u00e9tudiants est un probl\u00e8me social.<br \/>\n2.2 : Pr\u00e9senter les modes d\u2019intervention sociale mis en \u0153uvre pour lutter<br \/>\ncontre ce probl\u00e8me.<\/td><td class=\"column-4\">1-A :Expliquer, \u00e0 partir d\u2019un exemple, comment une personne peut se<br \/>\nretrouver en situation d\u2019exclusion sociale.<br \/>\n1-B : \u00c0 partir d\u2019un exemple de probl\u00e8me de sant\u00e9, pr\u00e9senter la diversit\u00e9 des<br \/>\nmodes d\u2019intervention en sant\u00e9 publique.<br \/>\n2.1 : Caract\u00e9riser l\u2019\u00e9tat de sant\u00e9 des proches aidants.<br \/>\n2.2 : Montrer que des dispositifs contribuent \u00e0 r\u00e9pondre aux besoins<br \/>\ndes proches aidants.<\/td><td class=\"column-5\">1-A : Expliquer l'int\u00e9r\u00eat de la diversit\u00e9 de l'offre de soins sur un territoire de sant\u00e9.<br \/>\n1-B : Expliquer le r\u00f4le des associations dans la lutte contre la pr\u00e9carit\u00e9.<br \/>\n2.1  :  Pr\u00e9senter des d\u00e9terminants sociaux des conduites addictives.<br \/>\n2.2 : Montrer que diff\u00e9rents modes d'intervention en sant\u00e9 sont mobilis\u00e9s pour lutter contre les conduites addictives.<\/td><td class=\"column-6\">1-A :Montrer comment l\u2019\u00e9pid\u00e9miologie intervient dans l\u2019\u00e9laboration d\u2019une<br \/>\npolitique de sant\u00e9.<br \/>\n1-B : Montrer comment l'\u00e9ducation pour la sant\u00e9 contribue \u00e0 am\u00e9liorer la<br \/>\nsant\u00e9 de la population.<br \/>\n2.1 : Justifier que la situation des personnes sans domicile fixe est un<br \/>\nprobl\u00e8me social en France.<br \/>\n2.2 : Montrer la compl\u00e9mentarit\u00e9 des acteurs dans la prise en charge<br \/>\ndes personnes sans domicile fixe.<\/td><td class=\"column-7\"><\/td>\n<\/tr>\n<tr class=\"row-10 even\">\n\t<td class=\"column-1\">2021<\/td><td class=\"column-2\"><a href=\"https:\/\/eduscol.education.fr\/document\/32938\/download\" rel=\"noopener\" target=\"_blank\">Lutte contre le tabagisme<\/a><\/td><td class=\"column-3\"><\/td><td class=\"column-4\"><\/td><td class=\"column-5\"><\/td><td class=\"column-6\"><a href=\"https:\/\/eduscol.education.fr\/document\/33004\/download\" rel=\"noopener\" target=\"_blank\">Sommeil et sant\u00e9<\/a><\/td><td class=\"column-7\"><\/td>\n<\/tr>\n<tr class=\"row-11 odd\">\n\t<td class=\"column-1\"><\/td><td class=\"column-2\">1-A : Pr\u00e9senter la place du diagnostic dans l\u2019\u00e9laboration des politiques sociales.<br \/>\n1-B : Pr\u00e9senter la prise en charge du risque maladie. <br \/>\n2.1 : Montrer que le tabagisme est une priorit\u00e9 de sant\u00e9 publique.<br \/>\n2.2 : Pr\u00e9senter les modes d'intervention en sant\u00e9 mobilis\u00e9s dans la lutte contre<br \/>\nle tabagisme.<\/td><td class=\"column-3\"><\/td><td class=\"column-4\"><\/td><td class=\"column-5\"><\/td><td class=\"column-6\">1 A :Pr\u00e9senter la compl\u00e9mentarit\u00e9 des diff\u00e9rentes composantes du syst\u00e8me de sant\u00e9.<br \/>\n1 B : Expliquer comment la socialisation participe au processus d\u2019int\u00e9gration sociale. <br \/>\n2.1 : Expliquer en quoi les troubles du sommeil constituent un probl\u00e8me de sant\u00e9 publique.<br \/>\n2.2 : Pr\u00e9senter les modes d\u2019intervention en sant\u00e9 mis en oeuvre pour am\u00e9liorer la qualit\u00e9 du sommeil.<\/td><td class=\"column-7\"><\/td>\n<\/tr>\n<tr class=\"row-12 even\">\n\t<td class=\"column-1\"><\/td><td class=\"column-2\"><\/td><td class=\"column-3\"><\/td><td class=\"column-4\"><\/td><td class=\"column-5\"><\/td><td class=\"column-6\"><\/td><td class=\"column-7\"><\/td>\n<\/tr>\n<\/tbody>\n<\/table>\n<!-- #tablepress-1 from cache --><\/div><\/div><\/div><\/div><\/div>","protected":false},"excerpt":{"rendered":"<p>Sujets de l\u2019\u00e9preuve de sp\u00e9cialit\u00e9 de STSS (s\u00e9rie ST2S)L\u2019\u00e9preuve de Sciences et Techniques Sanitaires et Sociales a ainsi \u00e9t\u00e9 modifi\u00e9e par la note de service du 11 f\u00e9vrier 2020.&nbsp;&nbsp;<\/p>\n","protected":false},"author":1,"featured_media":0,"parent":464,"menu_order":2,"comment_status":"closed","ping_status":"closed","template":"","meta":{"footnotes":""},"class_list":["post-931","page","type-page","status-publish","hentry"],"yoast_head":"<!-- This site is optimized with the Yoast SEO plugin v24.9 - https:\/\/yoast.com\/wordpress\/plugins\/seo\/ -->\n<title>Sujets de l\u2019\u00e9preuve de sp\u00e9cialit\u00e9 de STSS (s\u00e9rie ST2S) - STMS<\/title>\n<meta name=\"robots\" content=\"index, follow, max-snippet:-1, max-image-preview:large, max-video-preview:-1\" \/>\n<link rel=\"canonical\" href=\"https:\/\/sites.ac-nancy-metz.fr\/stss\/st2s\/ressources-pedagogiques\/sujets-de-lepreuve-de-specialite-de-stss-serie-st2s\/\" \/>\n<meta property=\"og:locale\" content=\"fr_FR\" \/>\n<meta property=\"og:type\" content=\"article\" \/>\n<meta property=\"og:title\" content=\"Sujets de l\u2019\u00e9preuve de sp\u00e9cialit\u00e9 de STSS (s\u00e9rie ST2S) - STMS\" \/>\n<meta property=\"og:description\" content=\"Sujets de l\u2019\u00e9preuve de sp\u00e9cialit\u00e9 de STSS (s\u00e9rie ST2S)L\u2019\u00e9preuve de Sciences et Techniques Sanitaires et Sociales a ainsi \u00e9t\u00e9 modifi\u00e9e par la note de service du 11 f\u00e9vrier 2020.&nbsp;&nbsp;\" \/>\n<meta property=\"og:url\" content=\"https:\/\/sites.ac-nancy-metz.fr\/stss\/st2s\/ressources-pedagogiques\/sujets-de-lepreuve-de-specialite-de-stss-serie-st2s\/\" \/>\n<meta property=\"og:site_name\" content=\"STMS\" \/>\n<meta property=\"article:modified_time\" content=\"2023-10-02T10:25:13+00:00\" \/>\n<meta name=\"twitter:card\" content=\"summary_large_image\" \/>\n<meta name=\"twitter:label1\" content=\"Dur\u00e9e de lecture estim\u00e9e\" \/>\n\t<meta name=\"twitter:data1\" content=\"1 minute\" \/>\n<script type=\"application\/ld+json\" class=\"yoast-schema-graph\">{\"@context\":\"https:\/\/schema.org\",\"@graph\":[{\"@type\":\"WebPage\",\"@id\":\"https:\/\/sites.ac-nancy-metz.fr\/stss\/st2s\/ressources-pedagogiques\/sujets-de-lepreuve-de-specialite-de-stss-serie-st2s\/\",\"url\":\"https:\/\/sites.ac-nancy-metz.fr\/stss\/st2s\/ressources-pedagogiques\/sujets-de-lepreuve-de-specialite-de-stss-serie-st2s\/\",\"name\":\"Sujets de l\u2019\u00e9preuve de sp\u00e9cialit\u00e9 de STSS (s\u00e9rie ST2S) - STMS\",\"isPartOf\":{\"@id\":\"https:\/\/sites.ac-nancy-metz.fr\/stss\/#website\"},\"datePublished\":\"2023-09-11T10:38:58+00:00\",\"dateModified\":\"2023-10-02T10:25:13+00:00\",\"breadcrumb\":{\"@id\":\"https:\/\/sites.ac-nancy-metz.fr\/stss\/st2s\/ressources-pedagogiques\/sujets-de-lepreuve-de-specialite-de-stss-serie-st2s\/#breadcrumb\"},\"inLanguage\":\"fr-FR\",\"potentialAction\":[{\"@type\":\"ReadAction\",\"target\":[\"https:\/\/sites.ac-nancy-metz.fr\/stss\/st2s\/ressources-pedagogiques\/sujets-de-lepreuve-de-specialite-de-stss-serie-st2s\/\"]}]},{\"@type\":\"BreadcrumbList\",\"@id\":\"https:\/\/sites.ac-nancy-metz.fr\/stss\/st2s\/ressources-pedagogiques\/sujets-de-lepreuve-de-specialite-de-stss-serie-st2s\/#breadcrumb\",\"itemListElement\":[{\"@type\":\"ListItem\",\"position\":1,\"name\":\"Accueil\",\"item\":\"https:\/\/sites.ac-nancy-metz.fr\/stss\/\"},{\"@type\":\"ListItem\",\"position\":2,\"name\":\"ST2S\",\"item\":\"https:\/\/sites.ac-nancy-metz.fr\/stss\/st2s\/\"},{\"@type\":\"ListItem\",\"position\":3,\"name\":\"Ressources p\u00e9dagogiques\",\"item\":\"https:\/\/sites.ac-nancy-metz.fr\/stss\/st2s\/ressources-pedagogiques\/\"},{\"@type\":\"ListItem\",\"position\":4,\"name\":\"Sujets de l\u2019\u00e9preuve de sp\u00e9cialit\u00e9 de STSS (s\u00e9rie ST2S)\"}]},{\"@type\":\"WebSite\",\"@id\":\"https:\/\/sites.ac-nancy-metz.fr\/stss\/#website\",\"url\":\"https:\/\/sites.ac-nancy-metz.fr\/stss\/\",\"name\":\"STMS\",\"description\":\" Sciences et Techniques M\u00e9dico-Sociales \",\"publisher\":{\"@id\":\"https:\/\/sites.ac-nancy-metz.fr\/stss\/#organization\"},\"potentialAction\":[{\"@type\":\"SearchAction\",\"target\":{\"@type\":\"EntryPoint\",\"urlTemplate\":\"https:\/\/sites.ac-nancy-metz.fr\/stss\/?s={search_term_string}\"},\"query-input\":{\"@type\":\"PropertyValueSpecification\",\"valueRequired\":true,\"valueName\":\"search_term_string\"}}],\"inLanguage\":\"fr-FR\"},{\"@type\":\"Organization\",\"@id\":\"https:\/\/sites.ac-nancy-metz.fr\/stss\/#organization\",\"name\":\"Sciences et Techniques M\u00e9dico-Sociales\",\"url\":\"https:\/\/sites.ac-nancy-metz.fr\/stss\/\",\"logo\":{\"@type\":\"ImageObject\",\"inLanguage\":\"fr-FR\",\"@id\":\"https:\/\/sites.ac-nancy-metz.fr\/stss\/#\/schema\/logo\/image\/\",\"url\":\"https:\/\/sites.ac-nancy-metz.fr\/stss\/wp-content\/uploads\/2023\/06\/cropped-cropped-logo-ac-nancy-20-e1688052918222.jpg\",\"contentUrl\":\"https:\/\/sites.ac-nancy-metz.fr\/stss\/wp-content\/uploads\/2023\/06\/cropped-cropped-logo-ac-nancy-20-e1688052918222.jpg\",\"width\":100,\"height\":80,\"caption\":\"Sciences et Techniques M\u00e9dico-Sociales\"},\"image\":{\"@id\":\"https:\/\/sites.ac-nancy-metz.fr\/stss\/#\/schema\/logo\/image\/\"}}]}<\/script>\n<!-- \/ Yoast SEO plugin. -->","yoast_head_json":{"title":"Sujets de l\u2019\u00e9preuve de sp\u00e9cialit\u00e9 de STSS (s\u00e9rie ST2S) - STMS","robots":{"index":"index","follow":"follow","max-snippet":"max-snippet:-1","max-image-preview":"max-image-preview:large","max-video-preview":"max-video-preview:-1"},"canonical":"https:\/\/sites.ac-nancy-metz.fr\/stss\/st2s\/ressources-pedagogiques\/sujets-de-lepreuve-de-specialite-de-stss-serie-st2s\/","og_locale":"fr_FR","og_type":"article","og_title":"Sujets de l\u2019\u00e9preuve de sp\u00e9cialit\u00e9 de STSS (s\u00e9rie ST2S) - STMS","og_description":"Sujets de l\u2019\u00e9preuve de sp\u00e9cialit\u00e9 de STSS (s\u00e9rie ST2S)L\u2019\u00e9preuve de Sciences et Techniques Sanitaires et Sociales a ainsi \u00e9t\u00e9 modifi\u00e9e par la note de service du 11 f\u00e9vrier 2020.&nbsp;&nbsp;","og_url":"https:\/\/sites.ac-nancy-metz.fr\/stss\/st2s\/ressources-pedagogiques\/sujets-de-lepreuve-de-specialite-de-stss-serie-st2s\/","og_site_name":"STMS","article_modified_time":"2023-10-02T10:25:13+00:00","twitter_card":"summary_large_image","twitter_misc":{"Dur\u00e9e de lecture estim\u00e9e":"1 minute"},"schema":{"@context":"https:\/\/schema.org","@graph":[{"@type":"WebPage","@id":"https:\/\/sites.ac-nancy-metz.fr\/stss\/st2s\/ressources-pedagogiques\/sujets-de-lepreuve-de-specialite-de-stss-serie-st2s\/","url":"https:\/\/sites.ac-nancy-metz.fr\/stss\/st2s\/ressources-pedagogiques\/sujets-de-lepreuve-de-specialite-de-stss-serie-st2s\/","name":"Sujets de l\u2019\u00e9preuve de sp\u00e9cialit\u00e9 de STSS (s\u00e9rie ST2S) - STMS","isPartOf":{"@id":"https:\/\/sites.ac-nancy-metz.fr\/stss\/#website"},"datePublished":"2023-09-11T10:38:58+00:00","dateModified":"2023-10-02T10:25:13+00:00","breadcrumb":{"@id":"https:\/\/sites.ac-nancy-metz.fr\/stss\/st2s\/ressources-pedagogiques\/sujets-de-lepreuve-de-specialite-de-stss-serie-st2s\/#breadcrumb"},"inLanguage":"fr-FR","potentialAction":[{"@type":"ReadAction","target":["https:\/\/sites.ac-nancy-metz.fr\/stss\/st2s\/ressources-pedagogiques\/sujets-de-lepreuve-de-specialite-de-stss-serie-st2s\/"]}]},{"@type":"BreadcrumbList","@id":"https:\/\/sites.ac-nancy-metz.fr\/stss\/st2s\/ressources-pedagogiques\/sujets-de-lepreuve-de-specialite-de-stss-serie-st2s\/#breadcrumb","itemListElement":[{"@type":"ListItem","position":1,"name":"Accueil","item":"https:\/\/sites.ac-nancy-metz.fr\/stss\/"},{"@type":"ListItem","position":2,"name":"ST2S","item":"https:\/\/sites.ac-nancy-metz.fr\/stss\/st2s\/"},{"@type":"ListItem","position":3,"name":"Ressources p\u00e9dagogiques","item":"https:\/\/sites.ac-nancy-metz.fr\/stss\/st2s\/ressources-pedagogiques\/"},{"@type":"ListItem","position":4,"name":"Sujets de l\u2019\u00e9preuve de sp\u00e9cialit\u00e9 de STSS (s\u00e9rie ST2S)"}]},{"@type":"WebSite","@id":"https:\/\/sites.ac-nancy-metz.fr\/stss\/#website","url":"https:\/\/sites.ac-nancy-metz.fr\/stss\/","name":"STMS","description":" Sciences et Techniques M\u00e9dico-Sociales ","publisher":{"@id":"https:\/\/sites.ac-nancy-metz.fr\/stss\/#organization"},"potentialAction":[{"@type":"SearchAction","target":{"@type":"EntryPoint","urlTemplate":"https:\/\/sites.ac-nancy-metz.fr\/stss\/?s={search_term_string}"},"query-input":{"@type":"PropertyValueSpecification","valueRequired":true,"valueName":"search_term_string"}}],"inLanguage":"fr-FR"},{"@type":"Organization","@id":"https:\/\/sites.ac-nancy-metz.fr\/stss\/#organization","name":"Sciences et Techniques M\u00e9dico-Sociales","url":"https:\/\/sites.ac-nancy-metz.fr\/stss\/","logo":{"@type":"ImageObject","inLanguage":"fr-FR","@id":"https:\/\/sites.ac-nancy-metz.fr\/stss\/#\/schema\/logo\/image\/","url":"https:\/\/sites.ac-nancy-metz.fr\/stss\/wp-content\/uploads\/2023\/06\/cropped-cropped-logo-ac-nancy-20-e1688052918222.jpg","contentUrl":"https:\/\/sites.ac-nancy-metz.fr\/stss\/wp-content\/uploads\/2023\/06\/cropped-cropped-logo-ac-nancy-20-e1688052918222.jpg","width":100,"height":80,"caption":"Sciences et Techniques M\u00e9dico-Sociales"},"image":{"@id":"https:\/\/sites.ac-nancy-metz.fr\/stss\/#\/schema\/logo\/image\/"}}]}},"_links":{"self":[{"href":"https:\/\/sites.ac-nancy-metz.fr\/stss\/wp-json\/wp\/v2\/pages\/931","targetHints":{"allow":["GET"]}}],"collection":[{"href":"https:\/\/sites.ac-nancy-metz.fr\/stss\/wp-json\/wp\/v2\/pages"}],"about":[{"href":"https:\/\/sites.ac-nancy-metz.fr\/stss\/wp-json\/wp\/v2\/types\/page"}],"author":[{"embeddable":true,"href":"https:\/\/sites.ac-nancy-metz.fr\/stss\/wp-json\/wp\/v2\/users\/1"}],"replies":[{"embeddable":true,"href":"https:\/\/sites.ac-nancy-metz.fr\/stss\/wp-json\/wp\/v2\/comments?post=931"}],"version-history":[{"count":5,"href":"https:\/\/sites.ac-nancy-metz.fr\/stss\/wp-json\/wp\/v2\/pages\/931\/revisions"}],"predecessor-version":[{"id":1057,"href":"https:\/\/sites.ac-nancy-metz.fr\/stss\/wp-json\/wp\/v2\/pages\/931\/revisions\/1057"}],"up":[{"embeddable":true,"href":"https:\/\/sites.ac-nancy-metz.fr\/stss\/wp-json\/wp\/v2\/pages\/464"}],"wp:attachment":[{"href":"https:\/\/sites.ac-nancy-metz.fr\/stss\/wp-json\/wp\/v2\/media?parent=931"}],"curies":[{"name":"wp","href":"https:\/\/api.w.org\/{rel}","templated":true}]}}