{"id":973,"date":"2023-09-18T08:50:19","date_gmt":"2023-09-18T08:50:19","guid":{"rendered":"https:\/\/sites.ac-nancy-metz.fr\/stss\/?page_id=973"},"modified":"2023-11-20T17:34:51","modified_gmt":"2023-11-20T17:34:51","slug":"bc3","status":"publish","type":"page","link":"https:\/\/sites.ac-nancy-metz.fr\/stss\/bts\/sp3s\/bc3\/","title":{"rendered":"BC3"},"content":{"rendered":"<div id=\"pl-973\"  class=\"panel-layout\" ><div id=\"pg-973-0\"  class=\"panel-grid panel-no-style\" ><div id=\"pgc-973-0-0\"  class=\"panel-grid-cell\" ><div id=\"panel-973-0-0-0\" class=\"so-panel widget widget_sow-editor panel-first-child panel-last-child\" data-index=\"0\" ><div\n\t\t\t\n\t\t\tclass=\"so-widget-sow-editor so-widget-sow-editor-base\"\n\t\t\t\n\t\t>\n<div class=\"siteorigin-widget-tinymce textwidget\">\n\t<p>&nbsp;<\/p>\n<ul>\n<li>Le sc\u00e9nario p\u00e9dagogique sur les dispositifs en faveur des demandeurs d\u2019emploi du territoire des Hauts de France :\u00a0 \u00a0 <a href=\"https:\/\/sites.ac-nancy-metz.fr\/stss\/?attachment_id=974\" target=\"_blank\" rel=\"noopener\">TRaAM - BTS SP3S BC3 \u2013 Politique de l\u2019emploi et dispositifs\u2013 Prosper TOE -Acad\u00e9mie de Lille<\/a><\/li>\n<\/ul>\n<p>Les activit\u00e9s propos\u00e9es s\u2019inscrivent dans le th\u00e8me de la politique de l\u2019emploi, du \u00ab bloc de comp\u00e9tences 3 : Contribuer \u00e0 la mise en \u0153uvre de la politique de la structure sur le territoire en vue de concevoir des r\u00e9ponses adapt\u00e9es aux enjeux de soci\u00e9t\u00e9 \u00bb<\/p>\n<ul>\n<li>La politique en faveur de la famille avec la <a href=\"https:\/\/sites.ac-nancy-metz.fr\/stss\/wp-content\/uploads\/2023\/11\/Activite-Classe-puzzle-les-evolutions-de-la-famille.docx\" target=\"_blank\" rel=\"noopener\">m\u00e9thode des puzzles : \u00ab Remodeler sa salle de classe et sa p\u00e9dagogie \u00bb<\/a> de Vincent Faillet<\/li>\n<\/ul>\n<\/div>\n<\/div><\/div><\/div><\/div><\/div>","protected":false},"excerpt":{"rendered":"<p>&nbsp; Le sc\u00e9nario p\u00e9dagogique sur les dispositifs en faveur des demandeurs d\u2019emploi du territoire des Hauts de France :\u00a0 \u00a0 TRaAM &#8211; BTS SP3S BC3 \u2013 Politique de l\u2019emploi et dispositifs\u2013 Prosper TOE -Acad\u00e9mie de Lille Les activit\u00e9s propos\u00e9es s\u2019inscrivent dans le th\u00e8me de la politique de l\u2019emploi, du \u00ab bloc de comp\u00e9tences 3 :&#8230;<\/p>\n<p class=\"more-link-wrap\"><a href=\"https:\/\/sites.ac-nancy-metz.fr\/stss\/bts\/sp3s\/bc3\/\" class=\"more-link\">En savoir plus<span class=\"screen-reader-text\"> &ldquo;BC3&rdquo;<\/span> &raquo;<\/a><\/p>\n","protected":false},"author":1,"featured_media":0,"parent":118,"menu_order":2,"comment_status":"closed","ping_status":"closed","template":"","meta":{"footnotes":""},"class_list":["post-973","page","type-page","status-publish","hentry"],"yoast_head":"<!-- This site is optimized with the Yoast SEO plugin v24.9 - https:\/\/yoast.com\/wordpress\/plugins\/seo\/ -->\n<title>BC3 - STMS<\/title>\n<meta name=\"robots\" content=\"index, follow, max-snippet:-1, max-image-preview:large, max-video-preview:-1\" \/>\n<link rel=\"canonical\" href=\"https:\/\/sites.ac-nancy-metz.fr\/stss\/bts\/sp3s\/bc3\/\" \/>\n<meta property=\"og:locale\" content=\"fr_FR\" \/>\n<meta property=\"og:type\" content=\"article\" \/>\n<meta property=\"og:title\" content=\"BC3 - STMS\" \/>\n<meta property=\"og:description\" content=\"&nbsp; Le sc\u00e9nario p\u00e9dagogique sur les dispositifs en faveur des demandeurs d\u2019emploi du territoire des Hauts de France :\u00a0 \u00a0 TRaAM - BTS SP3S BC3 \u2013 Politique de l\u2019emploi et dispositifs\u2013 Prosper TOE -Acad\u00e9mie de Lille Les activit\u00e9s propos\u00e9es s\u2019inscrivent dans le th\u00e8me de la politique de l\u2019emploi, du \u00ab bloc de comp\u00e9tences 3 :...En savoir plus &ldquo;BC3&rdquo; &raquo;\" \/>\n<meta property=\"og:url\" content=\"https:\/\/sites.ac-nancy-metz.fr\/stss\/bts\/sp3s\/bc3\/\" \/>\n<meta property=\"og:site_name\" content=\"STMS\" \/>\n<meta property=\"article:modified_time\" content=\"2023-11-20T17:34:51+00:00\" \/>\n<meta name=\"twitter:card\" content=\"summary_large_image\" \/>\n<meta name=\"twitter:label1\" content=\"Dur\u00e9e de lecture estim\u00e9e\" \/>\n\t<meta name=\"twitter:data1\" content=\"1 minute\" \/>\n<script type=\"application\/ld+json\" class=\"yoast-schema-graph\">{\"@context\":\"https:\/\/schema.org\",\"@graph\":[{\"@type\":\"WebPage\",\"@id\":\"https:\/\/sites.ac-nancy-metz.fr\/stss\/bts\/sp3s\/bc3\/\",\"url\":\"https:\/\/sites.ac-nancy-metz.fr\/stss\/bts\/sp3s\/bc3\/\",\"name\":\"BC3 - STMS\",\"isPartOf\":{\"@id\":\"https:\/\/sites.ac-nancy-metz.fr\/stss\/#website\"},\"datePublished\":\"2023-09-18T08:50:19+00:00\",\"dateModified\":\"2023-11-20T17:34:51+00:00\",\"breadcrumb\":{\"@id\":\"https:\/\/sites.ac-nancy-metz.fr\/stss\/bts\/sp3s\/bc3\/#breadcrumb\"},\"inLanguage\":\"fr-FR\",\"potentialAction\":[{\"@type\":\"ReadAction\",\"target\":[\"https:\/\/sites.ac-nancy-metz.fr\/stss\/bts\/sp3s\/bc3\/\"]}]},{\"@type\":\"BreadcrumbList\",\"@id\":\"https:\/\/sites.ac-nancy-metz.fr\/stss\/bts\/sp3s\/bc3\/#breadcrumb\",\"itemListElement\":[{\"@type\":\"ListItem\",\"position\":1,\"name\":\"Accueil\",\"item\":\"https:\/\/sites.ac-nancy-metz.fr\/stss\/\"},{\"@type\":\"ListItem\",\"position\":2,\"name\":\"BTS\",\"item\":\"https:\/\/sites.ac-nancy-metz.fr\/stss\/bts\/\"},{\"@type\":\"ListItem\",\"position\":3,\"name\":\"SP3S\",\"item\":\"https:\/\/sites.ac-nancy-metz.fr\/stss\/bts\/sp3s\/\"},{\"@type\":\"ListItem\",\"position\":4,\"name\":\"BC3\"}]},{\"@type\":\"WebSite\",\"@id\":\"https:\/\/sites.ac-nancy-metz.fr\/stss\/#website\",\"url\":\"https:\/\/sites.ac-nancy-metz.fr\/stss\/\",\"name\":\"STMS\",\"description\":\" Sciences et Techniques M\u00e9dico-Sociales \",\"publisher\":{\"@id\":\"https:\/\/sites.ac-nancy-metz.fr\/stss\/#organization\"},\"potentialAction\":[{\"@type\":\"SearchAction\",\"target\":{\"@type\":\"EntryPoint\",\"urlTemplate\":\"https:\/\/sites.ac-nancy-metz.fr\/stss\/?s={search_term_string}\"},\"query-input\":{\"@type\":\"PropertyValueSpecification\",\"valueRequired\":true,\"valueName\":\"search_term_string\"}}],\"inLanguage\":\"fr-FR\"},{\"@type\":\"Organization\",\"@id\":\"https:\/\/sites.ac-nancy-metz.fr\/stss\/#organization\",\"name\":\"Sciences et Techniques M\u00e9dico-Sociales\",\"url\":\"https:\/\/sites.ac-nancy-metz.fr\/stss\/\",\"logo\":{\"@type\":\"ImageObject\",\"inLanguage\":\"fr-FR\",\"@id\":\"https:\/\/sites.ac-nancy-metz.fr\/stss\/#\/schema\/logo\/image\/\",\"url\":\"https:\/\/sites.ac-nancy-metz.fr\/stss\/wp-content\/uploads\/2023\/06\/cropped-cropped-logo-ac-nancy-20-e1688052918222.jpg\",\"contentUrl\":\"https:\/\/sites.ac-nancy-metz.fr\/stss\/wp-content\/uploads\/2023\/06\/cropped-cropped-logo-ac-nancy-20-e1688052918222.jpg\",\"width\":100,\"height\":80,\"caption\":\"Sciences et Techniques M\u00e9dico-Sociales\"},\"image\":{\"@id\":\"https:\/\/sites.ac-nancy-metz.fr\/stss\/#\/schema\/logo\/image\/\"}}]}<\/script>\n<!-- \/ Yoast SEO plugin. -->","yoast_head_json":{"title":"BC3 - STMS","robots":{"index":"index","follow":"follow","max-snippet":"max-snippet:-1","max-image-preview":"max-image-preview:large","max-video-preview":"max-video-preview:-1"},"canonical":"https:\/\/sites.ac-nancy-metz.fr\/stss\/bts\/sp3s\/bc3\/","og_locale":"fr_FR","og_type":"article","og_title":"BC3 - STMS","og_description":"&nbsp; Le sc\u00e9nario p\u00e9dagogique sur les dispositifs en faveur des demandeurs d\u2019emploi du territoire des Hauts de France :\u00a0 \u00a0 TRaAM - BTS SP3S BC3 \u2013 Politique de l\u2019emploi et dispositifs\u2013 Prosper TOE -Acad\u00e9mie de Lille Les activit\u00e9s propos\u00e9es s\u2019inscrivent dans le th\u00e8me de la politique de l\u2019emploi, du \u00ab bloc de comp\u00e9tences 3 :...En savoir plus &ldquo;BC3&rdquo; &raquo;","og_url":"https:\/\/sites.ac-nancy-metz.fr\/stss\/bts\/sp3s\/bc3\/","og_site_name":"STMS","article_modified_time":"2023-11-20T17:34:51+00:00","twitter_card":"summary_large_image","twitter_misc":{"Dur\u00e9e de lecture estim\u00e9e":"1 minute"},"schema":{"@context":"https:\/\/schema.org","@graph":[{"@type":"WebPage","@id":"https:\/\/sites.ac-nancy-metz.fr\/stss\/bts\/sp3s\/bc3\/","url":"https:\/\/sites.ac-nancy-metz.fr\/stss\/bts\/sp3s\/bc3\/","name":"BC3 - STMS","isPartOf":{"@id":"https:\/\/sites.ac-nancy-metz.fr\/stss\/#website"},"datePublished":"2023-09-18T08:50:19+00:00","dateModified":"2023-11-20T17:34:51+00:00","breadcrumb":{"@id":"https:\/\/sites.ac-nancy-metz.fr\/stss\/bts\/sp3s\/bc3\/#breadcrumb"},"inLanguage":"fr-FR","potentialAction":[{"@type":"ReadAction","target":["https:\/\/sites.ac-nancy-metz.fr\/stss\/bts\/sp3s\/bc3\/"]}]},{"@type":"BreadcrumbList","@id":"https:\/\/sites.ac-nancy-metz.fr\/stss\/bts\/sp3s\/bc3\/#breadcrumb","itemListElement":[{"@type":"ListItem","position":1,"name":"Accueil","item":"https:\/\/sites.ac-nancy-metz.fr\/stss\/"},{"@type":"ListItem","position":2,"name":"BTS","item":"https:\/\/sites.ac-nancy-metz.fr\/stss\/bts\/"},{"@type":"ListItem","position":3,"name":"SP3S","item":"https:\/\/sites.ac-nancy-metz.fr\/stss\/bts\/sp3s\/"},{"@type":"ListItem","position":4,"name":"BC3"}]},{"@type":"WebSite","@id":"https:\/\/sites.ac-nancy-metz.fr\/stss\/#website","url":"https:\/\/sites.ac-nancy-metz.fr\/stss\/","name":"STMS","description":" Sciences et Techniques M\u00e9dico-Sociales ","publisher":{"@id":"https:\/\/sites.ac-nancy-metz.fr\/stss\/#organization"},"potentialAction":[{"@type":"SearchAction","target":{"@type":"EntryPoint","urlTemplate":"https:\/\/sites.ac-nancy-metz.fr\/stss\/?s={search_term_string}"},"query-input":{"@type":"PropertyValueSpecification","valueRequired":true,"valueName":"search_term_string"}}],"inLanguage":"fr-FR"},{"@type":"Organization","@id":"https:\/\/sites.ac-nancy-metz.fr\/stss\/#organization","name":"Sciences et Techniques M\u00e9dico-Sociales","url":"https:\/\/sites.ac-nancy-metz.fr\/stss\/","logo":{"@type":"ImageObject","inLanguage":"fr-FR","@id":"https:\/\/sites.ac-nancy-metz.fr\/stss\/#\/schema\/logo\/image\/","url":"https:\/\/sites.ac-nancy-metz.fr\/stss\/wp-content\/uploads\/2023\/06\/cropped-cropped-logo-ac-nancy-20-e1688052918222.jpg","contentUrl":"https:\/\/sites.ac-nancy-metz.fr\/stss\/wp-content\/uploads\/2023\/06\/cropped-cropped-logo-ac-nancy-20-e1688052918222.jpg","width":100,"height":80,"caption":"Sciences et Techniques M\u00e9dico-Sociales"},"image":{"@id":"https:\/\/sites.ac-nancy-metz.fr\/stss\/#\/schema\/logo\/image\/"}}]}},"_links":{"self":[{"href":"https:\/\/sites.ac-nancy-metz.fr\/stss\/wp-json\/wp\/v2\/pages\/973","targetHints":{"allow":["GET"]}}],"collection":[{"href":"https:\/\/sites.ac-nancy-metz.fr\/stss\/wp-json\/wp\/v2\/pages"}],"about":[{"href":"https:\/\/sites.ac-nancy-metz.fr\/stss\/wp-json\/wp\/v2\/types\/page"}],"author":[{"embeddable":true,"href":"https:\/\/sites.ac-nancy-metz.fr\/stss\/wp-json\/wp\/v2\/users\/1"}],"replies":[{"embeddable":true,"href":"https:\/\/sites.ac-nancy-metz.fr\/stss\/wp-json\/wp\/v2\/comments?post=973"}],"version-history":[{"count":5,"href":"https:\/\/sites.ac-nancy-metz.fr\/stss\/wp-json\/wp\/v2\/pages\/973\/revisions"}],"predecessor-version":[{"id":1107,"href":"https:\/\/sites.ac-nancy-metz.fr\/stss\/wp-json\/wp\/v2\/pages\/973\/revisions\/1107"}],"up":[{"embeddable":true,"href":"https:\/\/sites.ac-nancy-metz.fr\/stss\/wp-json\/wp\/v2\/pages\/118"}],"wp:attachment":[{"href":"https:\/\/sites.ac-nancy-metz.fr\/stss\/wp-json\/wp\/v2\/media?parent=973"}],"curies":[{"name":"wp","href":"https:\/\/api.w.org\/{rel}","templated":true}]}}