{"id":989,"date":"2023-09-19T15:37:18","date_gmt":"2023-09-19T15:37:18","guid":{"rendered":"https:\/\/sites.ac-nancy-metz.fr\/stss\/?page_id=989"},"modified":"2023-09-19T15:38:24","modified_gmt":"2023-09-19T15:38:24","slug":"bc1","status":"publish","type":"page","link":"https:\/\/sites.ac-nancy-metz.fr\/stss\/bts\/sp3s\/bc1\/","title":{"rendered":"BC1"},"content":{"rendered":"<div id=\"pl-989\"  class=\"panel-layout\" ><div id=\"pg-989-0\"  class=\"panel-grid panel-no-style\" ><div id=\"pgc-989-0-0\"  class=\"panel-grid-cell\" ><div id=\"panel-989-0-0-0\" class=\"so-panel widget widget_sow-editor panel-first-child panel-last-child\" data-index=\"0\" ><div\n\t\t\t\n\t\t\tclass=\"so-widget-sow-editor so-widget-sow-editor-base\"\n\t\t\t\n\t\t>\n<div class=\"siteorigin-widget-tinymce textwidget\">\n\t<p>Bloc de comp\u00e9tences 1 :<br \/>\nAccompagner et coordonner le parcours de la personne au sein de la structure en vue de lui permettre d\u2019obtenir une r\u00e9ponse adapt\u00e9e \u00e0 ses besoins et prenant en compte ses choix<br \/>\n\u2013 Accueillir et accompagner la personne dans son parcours<br \/>\n\u2013 Mettre en \u0153uvre et suivre la logistique administrative au service de la personne<br \/>\n\u2013 Coordonner, animer et encadrer des \u00e9quipes pour r\u00e9pondre aux besoins de la personne<br \/>\n\u2013 D\u00e9velopper la relation client pour renforcer l\u2019acc\u00e8s aux droits et aux services<br \/>\n\u2013 Mettre en \u0153uvre une veille documentaire pour adapter son activit\u00e9 aux publics<\/p>\n<\/div>\n<\/div><\/div><\/div><\/div><\/div>","protected":false},"excerpt":{"rendered":"<p>Bloc de comp\u00e9tences 1 : Accompagner et coordonner le parcours de la personne au sein de la structure en vue de lui permettre d\u2019obtenir une r\u00e9ponse adapt\u00e9e \u00e0 ses besoins et prenant en compte ses choix \u2013 Accueillir et accompagner la personne dans son parcours \u2013 Mettre en \u0153uvre et suivre la logistique administrative au&#8230;<\/p>\n<p class=\"more-link-wrap\"><a href=\"https:\/\/sites.ac-nancy-metz.fr\/stss\/bts\/sp3s\/bc1\/\" class=\"more-link\">En savoir plus<span class=\"screen-reader-text\"> &ldquo;BC1&rdquo;<\/span> &raquo;<\/a><\/p>\n","protected":false},"author":1,"featured_media":0,"parent":118,"menu_order":2,"comment_status":"closed","ping_status":"closed","template":"","meta":{"footnotes":""},"class_list":["post-989","page","type-page","status-publish","hentry"],"yoast_head":"<!-- This site is optimized with the Yoast SEO plugin v24.9 - https:\/\/yoast.com\/wordpress\/plugins\/seo\/ -->\n<title>BC1 - STMS<\/title>\n<meta name=\"robots\" content=\"index, follow, max-snippet:-1, max-image-preview:large, max-video-preview:-1\" \/>\n<link rel=\"canonical\" href=\"https:\/\/sites.ac-nancy-metz.fr\/stss\/bts\/sp3s\/bc1\/\" \/>\n<meta property=\"og:locale\" content=\"fr_FR\" \/>\n<meta property=\"og:type\" content=\"article\" \/>\n<meta property=\"og:title\" content=\"BC1 - STMS\" \/>\n<meta property=\"og:description\" content=\"Bloc de comp\u00e9tences 1 : Accompagner et coordonner le parcours de la personne au sein de la structure en vue de lui permettre d\u2019obtenir une r\u00e9ponse adapt\u00e9e \u00e0 ses besoins et prenant en compte ses choix \u2013 Accueillir et accompagner la personne dans son parcours \u2013 Mettre en \u0153uvre et suivre la logistique administrative au...En savoir plus &ldquo;BC1&rdquo; &raquo;\" \/>\n<meta property=\"og:url\" content=\"https:\/\/sites.ac-nancy-metz.fr\/stss\/bts\/sp3s\/bc1\/\" \/>\n<meta property=\"og:site_name\" content=\"STMS\" \/>\n<meta property=\"article:modified_time\" content=\"2023-09-19T15:38:24+00:00\" \/>\n<meta name=\"twitter:card\" content=\"summary_large_image\" \/>\n<meta name=\"twitter:label1\" content=\"Dur\u00e9e de lecture estim\u00e9e\" \/>\n\t<meta name=\"twitter:data1\" content=\"1 minute\" \/>\n<script type=\"application\/ld+json\" class=\"yoast-schema-graph\">{\"@context\":\"https:\/\/schema.org\",\"@graph\":[{\"@type\":\"WebPage\",\"@id\":\"https:\/\/sites.ac-nancy-metz.fr\/stss\/bts\/sp3s\/bc1\/\",\"url\":\"https:\/\/sites.ac-nancy-metz.fr\/stss\/bts\/sp3s\/bc1\/\",\"name\":\"BC1 - STMS\",\"isPartOf\":{\"@id\":\"https:\/\/sites.ac-nancy-metz.fr\/stss\/#website\"},\"datePublished\":\"2023-09-19T15:37:18+00:00\",\"dateModified\":\"2023-09-19T15:38:24+00:00\",\"breadcrumb\":{\"@id\":\"https:\/\/sites.ac-nancy-metz.fr\/stss\/bts\/sp3s\/bc1\/#breadcrumb\"},\"inLanguage\":\"fr-FR\",\"potentialAction\":[{\"@type\":\"ReadAction\",\"target\":[\"https:\/\/sites.ac-nancy-metz.fr\/stss\/bts\/sp3s\/bc1\/\"]}]},{\"@type\":\"BreadcrumbList\",\"@id\":\"https:\/\/sites.ac-nancy-metz.fr\/stss\/bts\/sp3s\/bc1\/#breadcrumb\",\"itemListElement\":[{\"@type\":\"ListItem\",\"position\":1,\"name\":\"Accueil\",\"item\":\"https:\/\/sites.ac-nancy-metz.fr\/stss\/\"},{\"@type\":\"ListItem\",\"position\":2,\"name\":\"BTS\",\"item\":\"https:\/\/sites.ac-nancy-metz.fr\/stss\/bts\/\"},{\"@type\":\"ListItem\",\"position\":3,\"name\":\"SP3S\",\"item\":\"https:\/\/sites.ac-nancy-metz.fr\/stss\/bts\/sp3s\/\"},{\"@type\":\"ListItem\",\"position\":4,\"name\":\"BC1\"}]},{\"@type\":\"WebSite\",\"@id\":\"https:\/\/sites.ac-nancy-metz.fr\/stss\/#website\",\"url\":\"https:\/\/sites.ac-nancy-metz.fr\/stss\/\",\"name\":\"STMS\",\"description\":\" Sciences et Techniques M\u00e9dico-Sociales \",\"publisher\":{\"@id\":\"https:\/\/sites.ac-nancy-metz.fr\/stss\/#organization\"},\"potentialAction\":[{\"@type\":\"SearchAction\",\"target\":{\"@type\":\"EntryPoint\",\"urlTemplate\":\"https:\/\/sites.ac-nancy-metz.fr\/stss\/?s={search_term_string}\"},\"query-input\":{\"@type\":\"PropertyValueSpecification\",\"valueRequired\":true,\"valueName\":\"search_term_string\"}}],\"inLanguage\":\"fr-FR\"},{\"@type\":\"Organization\",\"@id\":\"https:\/\/sites.ac-nancy-metz.fr\/stss\/#organization\",\"name\":\"Sciences et Techniques M\u00e9dico-Sociales\",\"url\":\"https:\/\/sites.ac-nancy-metz.fr\/stss\/\",\"logo\":{\"@type\":\"ImageObject\",\"inLanguage\":\"fr-FR\",\"@id\":\"https:\/\/sites.ac-nancy-metz.fr\/stss\/#\/schema\/logo\/image\/\",\"url\":\"https:\/\/sites.ac-nancy-metz.fr\/stss\/wp-content\/uploads\/2023\/06\/cropped-cropped-logo-ac-nancy-20-e1688052918222.jpg\",\"contentUrl\":\"https:\/\/sites.ac-nancy-metz.fr\/stss\/wp-content\/uploads\/2023\/06\/cropped-cropped-logo-ac-nancy-20-e1688052918222.jpg\",\"width\":100,\"height\":80,\"caption\":\"Sciences et Techniques M\u00e9dico-Sociales\"},\"image\":{\"@id\":\"https:\/\/sites.ac-nancy-metz.fr\/stss\/#\/schema\/logo\/image\/\"}}]}<\/script>\n<!-- \/ Yoast SEO plugin. -->","yoast_head_json":{"title":"BC1 - STMS","robots":{"index":"index","follow":"follow","max-snippet":"max-snippet:-1","max-image-preview":"max-image-preview:large","max-video-preview":"max-video-preview:-1"},"canonical":"https:\/\/sites.ac-nancy-metz.fr\/stss\/bts\/sp3s\/bc1\/","og_locale":"fr_FR","og_type":"article","og_title":"BC1 - STMS","og_description":"Bloc de comp\u00e9tences 1 : Accompagner et coordonner le parcours de la personne au sein de la structure en vue de lui permettre d\u2019obtenir une r\u00e9ponse adapt\u00e9e \u00e0 ses besoins et prenant en compte ses choix \u2013 Accueillir et accompagner la personne dans son parcours \u2013 Mettre en \u0153uvre et suivre la logistique administrative au...En savoir plus &ldquo;BC1&rdquo; &raquo;","og_url":"https:\/\/sites.ac-nancy-metz.fr\/stss\/bts\/sp3s\/bc1\/","og_site_name":"STMS","article_modified_time":"2023-09-19T15:38:24+00:00","twitter_card":"summary_large_image","twitter_misc":{"Dur\u00e9e de lecture estim\u00e9e":"1 minute"},"schema":{"@context":"https:\/\/schema.org","@graph":[{"@type":"WebPage","@id":"https:\/\/sites.ac-nancy-metz.fr\/stss\/bts\/sp3s\/bc1\/","url":"https:\/\/sites.ac-nancy-metz.fr\/stss\/bts\/sp3s\/bc1\/","name":"BC1 - STMS","isPartOf":{"@id":"https:\/\/sites.ac-nancy-metz.fr\/stss\/#website"},"datePublished":"2023-09-19T15:37:18+00:00","dateModified":"2023-09-19T15:38:24+00:00","breadcrumb":{"@id":"https:\/\/sites.ac-nancy-metz.fr\/stss\/bts\/sp3s\/bc1\/#breadcrumb"},"inLanguage":"fr-FR","potentialAction":[{"@type":"ReadAction","target":["https:\/\/sites.ac-nancy-metz.fr\/stss\/bts\/sp3s\/bc1\/"]}]},{"@type":"BreadcrumbList","@id":"https:\/\/sites.ac-nancy-metz.fr\/stss\/bts\/sp3s\/bc1\/#breadcrumb","itemListElement":[{"@type":"ListItem","position":1,"name":"Accueil","item":"https:\/\/sites.ac-nancy-metz.fr\/stss\/"},{"@type":"ListItem","position":2,"name":"BTS","item":"https:\/\/sites.ac-nancy-metz.fr\/stss\/bts\/"},{"@type":"ListItem","position":3,"name":"SP3S","item":"https:\/\/sites.ac-nancy-metz.fr\/stss\/bts\/sp3s\/"},{"@type":"ListItem","position":4,"name":"BC1"}]},{"@type":"WebSite","@id":"https:\/\/sites.ac-nancy-metz.fr\/stss\/#website","url":"https:\/\/sites.ac-nancy-metz.fr\/stss\/","name":"STMS","description":" Sciences et Techniques M\u00e9dico-Sociales ","publisher":{"@id":"https:\/\/sites.ac-nancy-metz.fr\/stss\/#organization"},"potentialAction":[{"@type":"SearchAction","target":{"@type":"EntryPoint","urlTemplate":"https:\/\/sites.ac-nancy-metz.fr\/stss\/?s={search_term_string}"},"query-input":{"@type":"PropertyValueSpecification","valueRequired":true,"valueName":"search_term_string"}}],"inLanguage":"fr-FR"},{"@type":"Organization","@id":"https:\/\/sites.ac-nancy-metz.fr\/stss\/#organization","name":"Sciences et Techniques M\u00e9dico-Sociales","url":"https:\/\/sites.ac-nancy-metz.fr\/stss\/","logo":{"@type":"ImageObject","inLanguage":"fr-FR","@id":"https:\/\/sites.ac-nancy-metz.fr\/stss\/#\/schema\/logo\/image\/","url":"https:\/\/sites.ac-nancy-metz.fr\/stss\/wp-content\/uploads\/2023\/06\/cropped-cropped-logo-ac-nancy-20-e1688052918222.jpg","contentUrl":"https:\/\/sites.ac-nancy-metz.fr\/stss\/wp-content\/uploads\/2023\/06\/cropped-cropped-logo-ac-nancy-20-e1688052918222.jpg","width":100,"height":80,"caption":"Sciences et Techniques M\u00e9dico-Sociales"},"image":{"@id":"https:\/\/sites.ac-nancy-metz.fr\/stss\/#\/schema\/logo\/image\/"}}]}},"_links":{"self":[{"href":"https:\/\/sites.ac-nancy-metz.fr\/stss\/wp-json\/wp\/v2\/pages\/989","targetHints":{"allow":["GET"]}}],"collection":[{"href":"https:\/\/sites.ac-nancy-metz.fr\/stss\/wp-json\/wp\/v2\/pages"}],"about":[{"href":"https:\/\/sites.ac-nancy-metz.fr\/stss\/wp-json\/wp\/v2\/types\/page"}],"author":[{"embeddable":true,"href":"https:\/\/sites.ac-nancy-metz.fr\/stss\/wp-json\/wp\/v2\/users\/1"}],"replies":[{"embeddable":true,"href":"https:\/\/sites.ac-nancy-metz.fr\/stss\/wp-json\/wp\/v2\/comments?post=989"}],"version-history":[{"count":4,"href":"https:\/\/sites.ac-nancy-metz.fr\/stss\/wp-json\/wp\/v2\/pages\/989\/revisions"}],"predecessor-version":[{"id":994,"href":"https:\/\/sites.ac-nancy-metz.fr\/stss\/wp-json\/wp\/v2\/pages\/989\/revisions\/994"}],"up":[{"embeddable":true,"href":"https:\/\/sites.ac-nancy-metz.fr\/stss\/wp-json\/wp\/v2\/pages\/118"}],"wp:attachment":[{"href":"https:\/\/sites.ac-nancy-metz.fr\/stss\/wp-json\/wp\/v2\/media?parent=989"}],"curies":[{"name":"wp","href":"https:\/\/api.w.org\/{rel}","templated":true}]}}