{"id":998,"date":"2023-09-19T15:41:09","date_gmt":"2023-09-19T15:41:09","guid":{"rendered":"https:\/\/sites.ac-nancy-metz.fr\/stss\/?page_id=998"},"modified":"2023-09-19T15:41:09","modified_gmt":"2023-09-19T15:41:09","slug":"bc-4","status":"publish","type":"page","link":"https:\/\/sites.ac-nancy-metz.fr\/stss\/bts\/sp3s\/bc-4\/","title":{"rendered":"BC 4"},"content":{"rendered":"<div id=\"pl-998\"  class=\"panel-layout\" ><div id=\"pg-998-0\"  class=\"panel-grid panel-no-style\" ><div id=\"pgc-998-0-0\"  class=\"panel-grid-cell\" ><div id=\"panel-998-0-0-0\" class=\"so-panel widget widget_sow-editor panel-first-child panel-last-child\" data-index=\"0\" ><div\n\t\t\t\n\t\t\tclass=\"so-widget-sow-editor so-widget-sow-editor-base\"\n\t\t\t\n\t\t>\n<div class=\"siteorigin-widget-tinymce textwidget\">\n\t<p><span dir=\"ltr\" role=\"presentation\">Bloc de comp\u00e9tences 4 : <\/span><br role=\"presentation\" \/><span dir=\"ltr\" role=\"presentation\">Collaborer \u00e0 la gestion de la structure et du service en vue de s\u2019adapter \u00e0 <\/span><span dir=\"ltr\" role=\"presentation\">l\u2019\u00e9volution pr\u00e9visible des m\u00e9tiers et promouvoir la qualit\u00e9 de vie au travail <\/span><br role=\"presentation\" \/><span dir=\"ltr\" role=\"presentation\">\u2013 Apporter un appui \u00e0 la logistique financi\u00e8re <\/span><br role=\"presentation\" \/><span dir=\"ltr\" role=\"presentation\">\u2013 Participer au recrutement de personnel <\/span><br role=\"presentation\" \/><span dir=\"ltr\" role=\"presentation\">\u2013 Accompagner l\u2019\u00e9volution des comp\u00e9tences et des conditions de travail li\u00e9es \u00e0 de nouvelles organisations, de nouvelles technologies.<\/span><\/p>\n<\/div>\n<\/div><\/div><\/div><\/div><\/div>","protected":false},"excerpt":{"rendered":"<p>Bloc de comp\u00e9tences 4 : Collaborer \u00e0 la gestion de la structure et du service en vue de s\u2019adapter \u00e0 l\u2019\u00e9volution pr\u00e9visible des m\u00e9tiers et promouvoir la qualit\u00e9 de vie au travail \u2013 Apporter un appui \u00e0 la logistique financi\u00e8re \u2013 Participer au recrutement de personnel \u2013 Accompagner l\u2019\u00e9volution des comp\u00e9tences et des conditions de&#8230;<\/p>\n<p class=\"more-link-wrap\"><a href=\"https:\/\/sites.ac-nancy-metz.fr\/stss\/bts\/sp3s\/bc-4\/\" class=\"more-link\">En savoir plus<span class=\"screen-reader-text\"> &ldquo;BC 4&rdquo;<\/span> &raquo;<\/a><\/p>\n","protected":false},"author":1,"featured_media":0,"parent":118,"menu_order":2,"comment_status":"closed","ping_status":"closed","template":"","meta":{"footnotes":""},"class_list":["post-998","page","type-page","status-publish","hentry"],"yoast_head":"<!-- This site is optimized with the Yoast SEO plugin v24.9 - https:\/\/yoast.com\/wordpress\/plugins\/seo\/ -->\n<title>BC 4 - STMS<\/title>\n<meta name=\"robots\" content=\"index, follow, max-snippet:-1, max-image-preview:large, max-video-preview:-1\" \/>\n<link rel=\"canonical\" href=\"https:\/\/sites.ac-nancy-metz.fr\/stss\/bts\/sp3s\/bc-4\/\" \/>\n<meta property=\"og:locale\" content=\"fr_FR\" \/>\n<meta property=\"og:type\" content=\"article\" \/>\n<meta property=\"og:title\" content=\"BC 4 - STMS\" \/>\n<meta property=\"og:description\" content=\"Bloc de comp\u00e9tences 4 : Collaborer \u00e0 la gestion de la structure et du service en vue de s\u2019adapter \u00e0 l\u2019\u00e9volution pr\u00e9visible des m\u00e9tiers et promouvoir la qualit\u00e9 de vie au travail \u2013 Apporter un appui \u00e0 la logistique financi\u00e8re \u2013 Participer au recrutement de personnel \u2013 Accompagner l\u2019\u00e9volution des comp\u00e9tences et des conditions de...En savoir plus &ldquo;BC 4&rdquo; &raquo;\" \/>\n<meta property=\"og:url\" content=\"https:\/\/sites.ac-nancy-metz.fr\/stss\/bts\/sp3s\/bc-4\/\" \/>\n<meta property=\"og:site_name\" content=\"STMS\" \/>\n<meta name=\"twitter:card\" content=\"summary_large_image\" \/>\n<meta name=\"twitter:label1\" content=\"Dur\u00e9e de lecture estim\u00e9e\" \/>\n\t<meta name=\"twitter:data1\" content=\"1 minute\" \/>\n<script type=\"application\/ld+json\" class=\"yoast-schema-graph\">{\"@context\":\"https:\/\/schema.org\",\"@graph\":[{\"@type\":\"WebPage\",\"@id\":\"https:\/\/sites.ac-nancy-metz.fr\/stss\/bts\/sp3s\/bc-4\/\",\"url\":\"https:\/\/sites.ac-nancy-metz.fr\/stss\/bts\/sp3s\/bc-4\/\",\"name\":\"BC 4 - STMS\",\"isPartOf\":{\"@id\":\"https:\/\/sites.ac-nancy-metz.fr\/stss\/#website\"},\"datePublished\":\"2023-09-19T15:41:09+00:00\",\"breadcrumb\":{\"@id\":\"https:\/\/sites.ac-nancy-metz.fr\/stss\/bts\/sp3s\/bc-4\/#breadcrumb\"},\"inLanguage\":\"fr-FR\",\"potentialAction\":[{\"@type\":\"ReadAction\",\"target\":[\"https:\/\/sites.ac-nancy-metz.fr\/stss\/bts\/sp3s\/bc-4\/\"]}]},{\"@type\":\"BreadcrumbList\",\"@id\":\"https:\/\/sites.ac-nancy-metz.fr\/stss\/bts\/sp3s\/bc-4\/#breadcrumb\",\"itemListElement\":[{\"@type\":\"ListItem\",\"position\":1,\"name\":\"Accueil\",\"item\":\"https:\/\/sites.ac-nancy-metz.fr\/stss\/\"},{\"@type\":\"ListItem\",\"position\":2,\"name\":\"BTS\",\"item\":\"https:\/\/sites.ac-nancy-metz.fr\/stss\/bts\/\"},{\"@type\":\"ListItem\",\"position\":3,\"name\":\"SP3S\",\"item\":\"https:\/\/sites.ac-nancy-metz.fr\/stss\/bts\/sp3s\/\"},{\"@type\":\"ListItem\",\"position\":4,\"name\":\"BC 4\"}]},{\"@type\":\"WebSite\",\"@id\":\"https:\/\/sites.ac-nancy-metz.fr\/stss\/#website\",\"url\":\"https:\/\/sites.ac-nancy-metz.fr\/stss\/\",\"name\":\"STMS\",\"description\":\" Sciences et Techniques M\u00e9dico-Sociales \",\"publisher\":{\"@id\":\"https:\/\/sites.ac-nancy-metz.fr\/stss\/#organization\"},\"potentialAction\":[{\"@type\":\"SearchAction\",\"target\":{\"@type\":\"EntryPoint\",\"urlTemplate\":\"https:\/\/sites.ac-nancy-metz.fr\/stss\/?s={search_term_string}\"},\"query-input\":{\"@type\":\"PropertyValueSpecification\",\"valueRequired\":true,\"valueName\":\"search_term_string\"}}],\"inLanguage\":\"fr-FR\"},{\"@type\":\"Organization\",\"@id\":\"https:\/\/sites.ac-nancy-metz.fr\/stss\/#organization\",\"name\":\"Sciences et Techniques M\u00e9dico-Sociales\",\"url\":\"https:\/\/sites.ac-nancy-metz.fr\/stss\/\",\"logo\":{\"@type\":\"ImageObject\",\"inLanguage\":\"fr-FR\",\"@id\":\"https:\/\/sites.ac-nancy-metz.fr\/stss\/#\/schema\/logo\/image\/\",\"url\":\"https:\/\/sites.ac-nancy-metz.fr\/stss\/wp-content\/uploads\/2023\/06\/cropped-cropped-logo-ac-nancy-20-e1688052918222.jpg\",\"contentUrl\":\"https:\/\/sites.ac-nancy-metz.fr\/stss\/wp-content\/uploads\/2023\/06\/cropped-cropped-logo-ac-nancy-20-e1688052918222.jpg\",\"width\":100,\"height\":80,\"caption\":\"Sciences et Techniques M\u00e9dico-Sociales\"},\"image\":{\"@id\":\"https:\/\/sites.ac-nancy-metz.fr\/stss\/#\/schema\/logo\/image\/\"}}]}<\/script>\n<!-- \/ Yoast SEO plugin. -->","yoast_head_json":{"title":"BC 4 - STMS","robots":{"index":"index","follow":"follow","max-snippet":"max-snippet:-1","max-image-preview":"max-image-preview:large","max-video-preview":"max-video-preview:-1"},"canonical":"https:\/\/sites.ac-nancy-metz.fr\/stss\/bts\/sp3s\/bc-4\/","og_locale":"fr_FR","og_type":"article","og_title":"BC 4 - STMS","og_description":"Bloc de comp\u00e9tences 4 : Collaborer \u00e0 la gestion de la structure et du service en vue de s\u2019adapter \u00e0 l\u2019\u00e9volution pr\u00e9visible des m\u00e9tiers et promouvoir la qualit\u00e9 de vie au travail \u2013 Apporter un appui \u00e0 la logistique financi\u00e8re \u2013 Participer au recrutement de personnel \u2013 Accompagner l\u2019\u00e9volution des comp\u00e9tences et des conditions de...En savoir plus &ldquo;BC 4&rdquo; &raquo;","og_url":"https:\/\/sites.ac-nancy-metz.fr\/stss\/bts\/sp3s\/bc-4\/","og_site_name":"STMS","twitter_card":"summary_large_image","twitter_misc":{"Dur\u00e9e de lecture estim\u00e9e":"1 minute"},"schema":{"@context":"https:\/\/schema.org","@graph":[{"@type":"WebPage","@id":"https:\/\/sites.ac-nancy-metz.fr\/stss\/bts\/sp3s\/bc-4\/","url":"https:\/\/sites.ac-nancy-metz.fr\/stss\/bts\/sp3s\/bc-4\/","name":"BC 4 - STMS","isPartOf":{"@id":"https:\/\/sites.ac-nancy-metz.fr\/stss\/#website"},"datePublished":"2023-09-19T15:41:09+00:00","breadcrumb":{"@id":"https:\/\/sites.ac-nancy-metz.fr\/stss\/bts\/sp3s\/bc-4\/#breadcrumb"},"inLanguage":"fr-FR","potentialAction":[{"@type":"ReadAction","target":["https:\/\/sites.ac-nancy-metz.fr\/stss\/bts\/sp3s\/bc-4\/"]}]},{"@type":"BreadcrumbList","@id":"https:\/\/sites.ac-nancy-metz.fr\/stss\/bts\/sp3s\/bc-4\/#breadcrumb","itemListElement":[{"@type":"ListItem","position":1,"name":"Accueil","item":"https:\/\/sites.ac-nancy-metz.fr\/stss\/"},{"@type":"ListItem","position":2,"name":"BTS","item":"https:\/\/sites.ac-nancy-metz.fr\/stss\/bts\/"},{"@type":"ListItem","position":3,"name":"SP3S","item":"https:\/\/sites.ac-nancy-metz.fr\/stss\/bts\/sp3s\/"},{"@type":"ListItem","position":4,"name":"BC 4"}]},{"@type":"WebSite","@id":"https:\/\/sites.ac-nancy-metz.fr\/stss\/#website","url":"https:\/\/sites.ac-nancy-metz.fr\/stss\/","name":"STMS","description":" Sciences et Techniques M\u00e9dico-Sociales ","publisher":{"@id":"https:\/\/sites.ac-nancy-metz.fr\/stss\/#organization"},"potentialAction":[{"@type":"SearchAction","target":{"@type":"EntryPoint","urlTemplate":"https:\/\/sites.ac-nancy-metz.fr\/stss\/?s={search_term_string}"},"query-input":{"@type":"PropertyValueSpecification","valueRequired":true,"valueName":"search_term_string"}}],"inLanguage":"fr-FR"},{"@type":"Organization","@id":"https:\/\/sites.ac-nancy-metz.fr\/stss\/#organization","name":"Sciences et Techniques M\u00e9dico-Sociales","url":"https:\/\/sites.ac-nancy-metz.fr\/stss\/","logo":{"@type":"ImageObject","inLanguage":"fr-FR","@id":"https:\/\/sites.ac-nancy-metz.fr\/stss\/#\/schema\/logo\/image\/","url":"https:\/\/sites.ac-nancy-metz.fr\/stss\/wp-content\/uploads\/2023\/06\/cropped-cropped-logo-ac-nancy-20-e1688052918222.jpg","contentUrl":"https:\/\/sites.ac-nancy-metz.fr\/stss\/wp-content\/uploads\/2023\/06\/cropped-cropped-logo-ac-nancy-20-e1688052918222.jpg","width":100,"height":80,"caption":"Sciences et Techniques M\u00e9dico-Sociales"},"image":{"@id":"https:\/\/sites.ac-nancy-metz.fr\/stss\/#\/schema\/logo\/image\/"}}]}},"_links":{"self":[{"href":"https:\/\/sites.ac-nancy-metz.fr\/stss\/wp-json\/wp\/v2\/pages\/998","targetHints":{"allow":["GET"]}}],"collection":[{"href":"https:\/\/sites.ac-nancy-metz.fr\/stss\/wp-json\/wp\/v2\/pages"}],"about":[{"href":"https:\/\/sites.ac-nancy-metz.fr\/stss\/wp-json\/wp\/v2\/types\/page"}],"author":[{"embeddable":true,"href":"https:\/\/sites.ac-nancy-metz.fr\/stss\/wp-json\/wp\/v2\/users\/1"}],"replies":[{"embeddable":true,"href":"https:\/\/sites.ac-nancy-metz.fr\/stss\/wp-json\/wp\/v2\/comments?post=998"}],"version-history":[{"count":1,"href":"https:\/\/sites.ac-nancy-metz.fr\/stss\/wp-json\/wp\/v2\/pages\/998\/revisions"}],"predecessor-version":[{"id":999,"href":"https:\/\/sites.ac-nancy-metz.fr\/stss\/wp-json\/wp\/v2\/pages\/998\/revisions\/999"}],"up":[{"embeddable":true,"href":"https:\/\/sites.ac-nancy-metz.fr\/stss\/wp-json\/wp\/v2\/pages\/118"}],"wp:attachment":[{"href":"https:\/\/sites.ac-nancy-metz.fr\/stss\/wp-json\/wp\/v2\/media?parent=998"}],"curies":[{"name":"wp","href":"https:\/\/api.w.org\/{rel}","templated":true}]}}