{"id":1005,"date":"2022-06-14T15:48:35","date_gmt":"2022-06-14T13:48:35","guid":{"rendered":"https:\/\/sites.ac-nancy-metz.fr\/upe2a-jules-ferry-woippy\/?page_id=1005"},"modified":"2023-11-01T15:23:45","modified_gmt":"2023-11-01T14:23:45","slug":"les-taches-menageres","status":"publish","type":"page","link":"https:\/\/sites.ac-nancy-metz.fr\/upe2a-jules-ferry-woippy\/?page_id=1005","title":{"rendered":"Les t\u00e2ches m\u00e9nag\u00e8res"},"content":{"rendered":"<h2>Voici des liens pour r\u00e9viser le vocabulaire des t\u00e2ches m\u00e9nag\u00e8res<\/h2>\n<p>&nbsp;<\/p>\n<p><a href=\"https:\/\/learningapps.org\/display?v=ptaidyq5c20\" target=\"_blank\" rel=\"noopener\">Associer image et audio<\/a><\/p>\n<p><a href=\"https:\/\/learningapps.org\/display?v=phnjjzyn520\" target=\"_blank\" rel=\"noopener\">Associer image et verbe\u00a0 (1)<\/a><\/p>\n<p><a href=\"https:\/\/learningapps.org\/display?v=pjh1oh2ft20\" target=\"_blank\" rel=\"noopener\">Associer image et verbe (2)<\/a><\/p>\n<p><a href=\"https:\/\/learningapps.org\/display?v=pkj4q2qa323\" target=\"_blank\" rel=\"noopener\">Associer image et verbe (3)<\/a><\/p>\n<p><a href=\"https:\/\/learningapps.org\/display?v=pucbv82d223\" target=\"_blank\" rel=\"noopener\">\u00c9crire les verbes \u00e0 l&rsquo;infinitif sous l&rsquo;image<\/a><\/p>\n<p><a href=\"https:\/\/learningapps.org\/display?v=pzamseg4t22\" target=\"_blank\" rel=\"noopener\">Texte \u00e0 trous &#8211; \u00c9crire le verbe \u00e0 l&rsquo;infinitif (A2)<\/a><\/p>\n<p><a href=\"https:\/\/learningapps.org\/display?v=pxtw8ujxt20\" target=\"_blank\" rel=\"noopener\">Dict\u00e9e &#8211; \u00c9crire la phrase (A2) (1)<\/a><\/p>\n","protected":false},"excerpt":{"rendered":"<p>Voici des liens pour r\u00e9viser le vocabulaire des t\u00e2ches m\u00e9nag\u00e8res &nbsp; Associer image et audio Associer image et verbe\u00a0 (1) Associer image et verbe (2) Associer image et verbe (3) \u00c9crire les verbes \u00e0 l&rsquo;infinitif sous l&rsquo;image Texte \u00e0 trous &#8211; \u00c9crire le verbe \u00e0 l&rsquo;infinitif (A2) Dict\u00e9e &#8211; \u00c9crire la phrase (A2) (1)<\/p>\n","protected":false},"author":4,"featured_media":0,"parent":0,"menu_order":0,"comment_status":"closed","ping_status":"closed","template":"","meta":{"footnotes":""},"_links":{"self":[{"href":"https:\/\/sites.ac-nancy-metz.fr\/upe2a-jules-ferry-woippy\/index.php?rest_route=\/wp\/v2\/pages\/1005"}],"collection":[{"href":"https:\/\/sites.ac-nancy-metz.fr\/upe2a-jules-ferry-woippy\/index.php?rest_route=\/wp\/v2\/pages"}],"about":[{"href":"https:\/\/sites.ac-nancy-metz.fr\/upe2a-jules-ferry-woippy\/index.php?rest_route=\/wp\/v2\/types\/page"}],"author":[{"embeddable":true,"href":"https:\/\/sites.ac-nancy-metz.fr\/upe2a-jules-ferry-woippy\/index.php?rest_route=\/wp\/v2\/users\/4"}],"replies":[{"embeddable":true,"href":"https:\/\/sites.ac-nancy-metz.fr\/upe2a-jules-ferry-woippy\/index.php?rest_route=%2Fwp%2Fv2%2Fcomments&post=1005"}],"version-history":[{"count":3,"href":"https:\/\/sites.ac-nancy-metz.fr\/upe2a-jules-ferry-woippy\/index.php?rest_route=\/wp\/v2\/pages\/1005\/revisions"}],"predecessor-version":[{"id":1189,"href":"https:\/\/sites.ac-nancy-metz.fr\/upe2a-jules-ferry-woippy\/index.php?rest_route=\/wp\/v2\/pages\/1005\/revisions\/1189"}],"wp:attachment":[{"href":"https:\/\/sites.ac-nancy-metz.fr\/upe2a-jules-ferry-woippy\/index.php?rest_route=%2Fwp%2Fv2%2Fmedia&parent=1005"}],"curies":[{"name":"wp","href":"https:\/\/api.w.org\/{rel}","templated":true}]}}