{"id":1010,"date":"2022-06-14T16:03:55","date_gmt":"2022-06-14T14:03:55","guid":{"rendered":"https:\/\/sites.ac-nancy-metz.fr\/upe2a-jules-ferry-woippy\/?page_id=1010"},"modified":"2025-11-28T14:09:04","modified_gmt":"2025-11-28T13:09:04","slug":"lheure","status":"publish","type":"page","link":"https:\/\/sites.ac-nancy-metz.fr\/upe2a-jules-ferry-woippy\/?page_id=1010","title":{"rendered":"L&rsquo;heure"},"content":{"rendered":"<h1>Voici des liens pour r\u00e9viser la le\u00e7on sur l&rsquo;heure<\/h1>\n<p>Pour commencer,\u00a0 tu peux regarder\u00a0<a href=\"https:\/\/www.youtube.com\/watch?v=55j4XTV2ysQ\" target=\"_blank\" rel=\"noopener\">cette vid\u00e9o<\/a>\u00a0pour apprendre \u00e0 demander et dire l&rsquo;heure ou <a href=\"https:\/\/www.youtube.com\/watch?v=5wH0W88MiT0\" target=\"_blank\" rel=\"noopener\">cette vid\u00e9o<\/a> pour apprendre \u00e0 dire l&rsquo;heure.<\/p>\n<p>&nbsp;<\/p>\n<p><a href=\"https:\/\/learningapps.org\/display?v=p47m2d58k21\" target=\"_blank\" rel=\"noopener\">Associer horloge et heure (heure pile et demi-heure)<\/a><\/p>\n<p><a href=\"https:\/\/learningapps.org\/display?v=pu8s6441j23\" target=\"_blank\" rel=\"noopener\">Associer horloge et heure (heure pile, quart d&rsquo;heure et demi-heure)<\/a><\/p>\n<p><a href=\"https:\/\/learningapps.org\/display?v=pxi2u8ue222\" target=\"_blank\" rel=\"noopener\">Associer horloge et heure (chiffres)<\/a><\/p>\n<p><a href=\"https:\/\/learningapps.org\/display?v=pstfgnuh523\" target=\"_blank\" rel=\"noopener\">Associer r\u00e9veil et heure (lettres)<\/a><\/p>\n<p><a href=\"https:\/\/learningapps.org\/display?v=phoou4ozj23\" target=\"_blank\" rel=\"noopener\">Associer horloge et heure (lettres)<\/a><\/p>\n<p><a href=\"https:\/\/learningapps.org\/23122297\" target=\"_blank\" rel=\"noopener\">Associer r\u00e9veil et audio<\/a><\/p>\n<p><a href=\"https:\/\/learningapps.org\/display?v=pc8i05tsk23\" target=\"_blank\" rel=\"noopener\">Associer horloge et audio (A2)<\/a><\/p>\n<p><a href=\"https:\/\/learningapps.org\/display?v=phhzhse6t22\" target=\"_blank\" rel=\"noopener\">QCM &#8211; Quelle heure est-il ? (chiffres et lettres)<\/a><\/p>\n<p><a href=\"https:\/\/vivelefle.jimdofree.com\/d%C3%A9butant-a1\/communication-a1\/les-heures\/\" target=\"_blank\" rel=\"noopener\">Page Internet avec des vid\u00e9os explicatives et des exercices autocorrectifs<\/a><\/p>\n","protected":false},"excerpt":{"rendered":"<p>Voici des liens pour r\u00e9viser la le\u00e7on sur l&rsquo;heure Pour commencer,\u00a0 tu peux regarder\u00a0cette vid\u00e9o\u00a0pour apprendre \u00e0 demander et dire l&rsquo;heure ou cette vid\u00e9o pour apprendre \u00e0 dire l&rsquo;heure. &nbsp; Associer horloge et heure (heure pile et demi-heure) Associer horloge et heure (heure pile, quart d&rsquo;heure et demi-heure) Associer horloge et heure (chiffres) Associer r\u00e9veil &hellip; <\/p>\n<p class=\"link-more\"><a href=\"https:\/\/sites.ac-nancy-metz.fr\/upe2a-jules-ferry-woippy\/?page_id=1010\" class=\"more-link\">Continuer la lecture<span class=\"screen-reader-text\"> de &laquo;&nbsp;L&rsquo;heure&nbsp;&raquo;<\/span><\/a><\/p>\n","protected":false},"author":4,"featured_media":0,"parent":0,"menu_order":0,"comment_status":"closed","ping_status":"closed","template":"","meta":{"footnotes":""},"_links":{"self":[{"href":"https:\/\/sites.ac-nancy-metz.fr\/upe2a-jules-ferry-woippy\/index.php?rest_route=\/wp\/v2\/pages\/1010"}],"collection":[{"href":"https:\/\/sites.ac-nancy-metz.fr\/upe2a-jules-ferry-woippy\/index.php?rest_route=\/wp\/v2\/pages"}],"about":[{"href":"https:\/\/sites.ac-nancy-metz.fr\/upe2a-jules-ferry-woippy\/index.php?rest_route=\/wp\/v2\/types\/page"}],"author":[{"embeddable":true,"href":"https:\/\/sites.ac-nancy-metz.fr\/upe2a-jules-ferry-woippy\/index.php?rest_route=\/wp\/v2\/users\/4"}],"replies":[{"embeddable":true,"href":"https:\/\/sites.ac-nancy-metz.fr\/upe2a-jules-ferry-woippy\/index.php?rest_route=%2Fwp%2Fv2%2Fcomments&post=1010"}],"version-history":[{"count":4,"href":"https:\/\/sites.ac-nancy-metz.fr\/upe2a-jules-ferry-woippy\/index.php?rest_route=\/wp\/v2\/pages\/1010\/revisions"}],"predecessor-version":[{"id":1377,"href":"https:\/\/sites.ac-nancy-metz.fr\/upe2a-jules-ferry-woippy\/index.php?rest_route=\/wp\/v2\/pages\/1010\/revisions\/1377"}],"wp:attachment":[{"href":"https:\/\/sites.ac-nancy-metz.fr\/upe2a-jules-ferry-woippy\/index.php?rest_route=%2Fwp%2Fv2%2Fmedia&parent=1010"}],"curies":[{"name":"wp","href":"https:\/\/api.w.org\/{rel}","templated":true}]}}