{"id":1014,"date":"2022-06-14T16:11:44","date_gmt":"2022-06-14T14:11:44","guid":{"rendered":"https:\/\/sites.ac-nancy-metz.fr\/upe2a-jules-ferry-woippy\/?page_id=1014"},"modified":"2023-11-01T14:58:02","modified_gmt":"2023-11-01T13:58:02","slug":"le-temps-qui-passe","status":"publish","type":"page","link":"https:\/\/sites.ac-nancy-metz.fr\/upe2a-jules-ferry-woippy\/?page_id=1014","title":{"rendered":"Le temps qui passe"},"content":{"rendered":"<h2>Voici des liens pour r\u00e9viser le vocabulaire du temps qui passe<\/h2>\n<p>&nbsp;<\/p>\n<p><a href=\"https:\/\/learningapps.org\/display?v=puipggbbn23\" target=\"_blank\" rel=\"noopener\">Jours de la semaine &#8211; Ranger dans l&rsquo;ordre (audio)<\/a><\/p>\n<p><a href=\"https:\/\/learningapps.org\/display?v=pfn5stp8318\" target=\"_blank\" rel=\"noopener\">Jours de la semaine &#8211; Ranger dans l&rsquo;ordre (\u00e9crit)<\/a><\/p>\n<p><a href=\"https:\/\/learningapps.org\/display?v=p1y7s46u323\" target=\"_blank\" rel=\"noopener\">Les moments de la journ\u00e9e &#8211; QCM<\/a><\/p>\n<p><a href=\"https:\/\/learningapps.org\/17432674\" target=\"_blank\" rel=\"noopener\">Mois de l&rsquo;ann\u00e9e &#8211; Ranger dans l&rsquo;ordre (audio)<\/a><\/p>\n<p><a href=\"https:\/\/learningapps.org\/9726705\" target=\"_blank\" rel=\"noopener\">Mois de l&rsquo;ann\u00e9e &#8211; Ranger dans l&rsquo;ordre chronologique (\u00e9crit)<\/a><\/p>\n<p><a href=\"https:\/\/learningapps.org\/display?v=pjdyr34d221\" target=\"_blank\" rel=\"noopener\">Mois de l&rsquo;ann\u00e9e &#8211; Remettre les lettres dans l&rsquo;ordre<\/a><\/p>\n<p><a href=\"https:\/\/learningapps.org\/display?v=p1te13opn23\" target=\"_blank\" rel=\"noopener\">Mois de l&rsquo;ann\u00e9e &#8211; Associer image et explication (A2)<\/a><\/p>\n<p><a href=\"https:\/\/learningapps.org\/display?v=p7b8unhbk20\" target=\"_blank\" rel=\"noopener\">Jours et mois &#8211; Pendu<\/a><\/p>\n<p><a href=\"https:\/\/learningapps.org\/display?v=pj32gouq301\" target=\"_blank\" rel=\"noopener\">Jours et mois &#8211; Mots crois\u00e9s<\/a><\/p>\n<p><a href=\"https:\/\/learningapps.org\/display?v=p3znuxyuj23\" target=\"_blank\" rel=\"noopener\">Saisons &#8211; Associer image \/ mot (audio)<\/a><\/p>\n<p><a href=\"https:\/\/learningapps.org\/display?v=pm80t9pct23\" target=\"_blank\" rel=\"noopener\">Saisons &#8211; Associer mots, phrases et sons \u00e0 la bonne saison.<\/a><\/p>\n","protected":false},"excerpt":{"rendered":"<p>Voici des liens pour r\u00e9viser le vocabulaire du temps qui passe &nbsp; Jours de la semaine &#8211; Ranger dans l&rsquo;ordre (audio) Jours de la semaine &#8211; Ranger dans l&rsquo;ordre (\u00e9crit) Les moments de la journ\u00e9e &#8211; QCM Mois de l&rsquo;ann\u00e9e &#8211; Ranger dans l&rsquo;ordre (audio) Mois de l&rsquo;ann\u00e9e &#8211; Ranger dans l&rsquo;ordre chronologique (\u00e9crit) Mois &hellip; <\/p>\n<p class=\"link-more\"><a href=\"https:\/\/sites.ac-nancy-metz.fr\/upe2a-jules-ferry-woippy\/?page_id=1014\" class=\"more-link\">Continuer la lecture<span class=\"screen-reader-text\"> de &laquo;&nbsp;Le temps qui passe&nbsp;&raquo;<\/span><\/a><\/p>\n","protected":false},"author":4,"featured_media":0,"parent":0,"menu_order":0,"comment_status":"closed","ping_status":"closed","template":"","meta":{"footnotes":""},"_links":{"self":[{"href":"https:\/\/sites.ac-nancy-metz.fr\/upe2a-jules-ferry-woippy\/index.php?rest_route=\/wp\/v2\/pages\/1014"}],"collection":[{"href":"https:\/\/sites.ac-nancy-metz.fr\/upe2a-jules-ferry-woippy\/index.php?rest_route=\/wp\/v2\/pages"}],"about":[{"href":"https:\/\/sites.ac-nancy-metz.fr\/upe2a-jules-ferry-woippy\/index.php?rest_route=\/wp\/v2\/types\/page"}],"author":[{"embeddable":true,"href":"https:\/\/sites.ac-nancy-metz.fr\/upe2a-jules-ferry-woippy\/index.php?rest_route=\/wp\/v2\/users\/4"}],"replies":[{"embeddable":true,"href":"https:\/\/sites.ac-nancy-metz.fr\/upe2a-jules-ferry-woippy\/index.php?rest_route=%2Fwp%2Fv2%2Fcomments&post=1014"}],"version-history":[{"count":2,"href":"https:\/\/sites.ac-nancy-metz.fr\/upe2a-jules-ferry-woippy\/index.php?rest_route=\/wp\/v2\/pages\/1014\/revisions"}],"predecessor-version":[{"id":1186,"href":"https:\/\/sites.ac-nancy-metz.fr\/upe2a-jules-ferry-woippy\/index.php?rest_route=\/wp\/v2\/pages\/1014\/revisions\/1186"}],"wp:attachment":[{"href":"https:\/\/sites.ac-nancy-metz.fr\/upe2a-jules-ferry-woippy\/index.php?rest_route=%2Fwp%2Fv2%2Fmedia&parent=1014"}],"curies":[{"name":"wp","href":"https:\/\/api.w.org\/{rel}","templated":true}]}}