{"id":1017,"date":"2022-06-14T16:33:23","date_gmt":"2022-06-14T14:33:23","guid":{"rendered":"https:\/\/sites.ac-nancy-metz.fr\/upe2a-jules-ferry-woippy\/?page_id=1017"},"modified":"2023-11-01T15:38:11","modified_gmt":"2023-11-01T14:38:11","slug":"les-metiers","status":"publish","type":"page","link":"https:\/\/sites.ac-nancy-metz.fr\/upe2a-jules-ferry-woippy\/?page_id=1017","title":{"rendered":"Les m\u00e9tiers"},"content":{"rendered":"<h2>Voici des liens pour r\u00e9viser le vocabulaire des m\u00e9tiers, des professions<\/h2>\n<p>&nbsp;<\/p>\n<p><a href=\"https:\/\/learningapps.org\/display?v=pvb7j39vk23\" target=\"_blank\" rel=\"noopener\">Associer image et mot oral (1)<\/a><\/p>\n<p><a href=\"https:\/\/learningapps.org\/display?v=p5asfsjwa23\" target=\"_blank\" rel=\"noopener\">Associer image et mot oral (2)<\/a><\/p>\n<p><a href=\"https:\/\/learningapps.org\/display?v=p9gfaf8k518\" target=\"_blank\" rel=\"noopener\">Associer image et mot \u00e9crit (1)<\/a><\/p>\n<p><a href=\"https:\/\/learningapps.org\/display?v=pe9ohgx0j17\" target=\"_blank\" rel=\"noopener\">Associer image et mot \u00e9crit (2)<\/a><\/p>\n<p><a href=\"https:\/\/learningapps.org\/display?v=pf6253xyc20\" target=\"_blank\" rel=\"noopener\">Associer image et mot \u00e9crit (3)<\/a><\/p>\n<p><a href=\"https:\/\/learningapps.org\/display?v=pgfqd1zxj18\" target=\"_blank\" rel=\"noopener\">Associer image et mot \u00e9crit (4)<\/a><\/p>\n<p><a href=\"https:\/\/learningapps.org\/display?v=p3jv550vk23\" target=\"_blank\" rel=\"noopener\">Associer image et phrase (devinette)<\/a><\/p>\n<p><a href=\"https:\/\/learningapps.org\/display?v=p2s7ve19n17\" target=\"_blank\" rel=\"noopener\">Lire ou \u00e9couter la devinette et associer l&rsquo;image<\/a><\/p>\n<p><a href=\"https:\/\/learningapps.org\/display?v=prpcb1utn23\" target=\"_blank\" rel=\"noopener\">Lire la devinette et trouver le m\u00e9tier &#8211; QCM<\/a><\/p>\n<p><a href=\"https:\/\/learningapps.org\/display?v=pya0qafbj23\" target=\"_blank\" rel=\"noopener\">\u00c9crire le mot sous l&rsquo;image (avec mod\u00e8le)<\/a><\/p>\n<p><a href=\"https:\/\/learningapps.org\/display?v=p50ucfx0322\" target=\"_blank\" rel=\"noopener\">Mettre les noms de m\u00e9tier au f\u00e9minin<\/a><\/p>\n<p><a href=\"https:\/\/learningapps.org\/display?v=pobygbb7k22\" target=\"_blank\" rel=\"noopener\">Mots-cach\u00e9s<\/a><\/p>\n<p><a href=\"https:\/\/learningapps.org\/display?v=pq3t6fb4j20\" target=\"_blank\" rel=\"noopener\">Pendu <\/a><\/p>\n<p>&nbsp;<\/p>\n<p><a href=\"https:\/\/learningapps.org\/display?v=pb3osb53n23\" target=\"_blank\" rel=\"noopener\"><strong>Service \u00e0 la personne<\/strong> &#8211; Associer image et mot entendu<\/a><\/p>\n<p><a href=\"https:\/\/learningapps.org\/display?v=p2b5n37y523\" target=\"_blank\" rel=\"noopener\"><strong>H\u00f4tellerie\/Restauration<\/strong> &#8211; Associer image et mot entendu<\/a><\/p>\n<p><a href=\"https:\/\/learningapps.org\/display?v=ptww30jqa23\" target=\"_blank\" rel=\"noopener\"><strong>Agriculture<\/strong> &#8211; Associer image et mot entendu<\/a><\/p>\n<p><a href=\"https:\/\/learningapps.org\/display?v=ph7yxghwj23\" target=\"_blank\" rel=\"noopener\"><strong>B\u00e2timent<\/strong> &#8211; Associer image et mot entendu<\/a><\/p>\n<p><a href=\"https:\/\/learningapps.org\/display?v=pvryj6ovk20\" target=\"_blank\" rel=\"noopener\"><strong>B\u00e2timent<\/strong> &#8211; \u00c9crire les m\u00e9tiers<\/a><\/p>\n","protected":false},"excerpt":{"rendered":"<p>Voici des liens pour r\u00e9viser le vocabulaire des m\u00e9tiers, des professions &nbsp; Associer image et mot oral (1) Associer image et mot oral (2) Associer image et mot \u00e9crit (1) Associer image et mot \u00e9crit (2) Associer image et mot \u00e9crit (3) Associer image et mot \u00e9crit (4) Associer image et phrase (devinette) Lire ou &hellip; <\/p>\n<p class=\"link-more\"><a href=\"https:\/\/sites.ac-nancy-metz.fr\/upe2a-jules-ferry-woippy\/?page_id=1017\" class=\"more-link\">Continuer la lecture<span class=\"screen-reader-text\"> de &laquo;&nbsp;Les m\u00e9tiers&nbsp;&raquo;<\/span><\/a><\/p>\n","protected":false},"author":4,"featured_media":0,"parent":0,"menu_order":0,"comment_status":"closed","ping_status":"closed","template":"","meta":{"footnotes":""},"_links":{"self":[{"href":"https:\/\/sites.ac-nancy-metz.fr\/upe2a-jules-ferry-woippy\/index.php?rest_route=\/wp\/v2\/pages\/1017"}],"collection":[{"href":"https:\/\/sites.ac-nancy-metz.fr\/upe2a-jules-ferry-woippy\/index.php?rest_route=\/wp\/v2\/pages"}],"about":[{"href":"https:\/\/sites.ac-nancy-metz.fr\/upe2a-jules-ferry-woippy\/index.php?rest_route=\/wp\/v2\/types\/page"}],"author":[{"embeddable":true,"href":"https:\/\/sites.ac-nancy-metz.fr\/upe2a-jules-ferry-woippy\/index.php?rest_route=\/wp\/v2\/users\/4"}],"replies":[{"embeddable":true,"href":"https:\/\/sites.ac-nancy-metz.fr\/upe2a-jules-ferry-woippy\/index.php?rest_route=%2Fwp%2Fv2%2Fcomments&post=1017"}],"version-history":[{"count":2,"href":"https:\/\/sites.ac-nancy-metz.fr\/upe2a-jules-ferry-woippy\/index.php?rest_route=\/wp\/v2\/pages\/1017\/revisions"}],"predecessor-version":[{"id":1190,"href":"https:\/\/sites.ac-nancy-metz.fr\/upe2a-jules-ferry-woippy\/index.php?rest_route=\/wp\/v2\/pages\/1017\/revisions\/1190"}],"wp:attachment":[{"href":"https:\/\/sites.ac-nancy-metz.fr\/upe2a-jules-ferry-woippy\/index.php?rest_route=%2Fwp%2Fv2%2Fmedia&parent=1017"}],"curies":[{"name":"wp","href":"https:\/\/api.w.org\/{rel}","templated":true}]}}