{"id":1022,"date":"2022-06-22T15:22:10","date_gmt":"2022-06-22T13:22:10","guid":{"rendered":"https:\/\/sites.ac-nancy-metz.fr\/upe2a-jules-ferry-woippy\/?page_id=1022"},"modified":"2023-08-23T16:24:59","modified_gmt":"2023-08-23T14:24:59","slug":"la-fete-de-la-musique","status":"publish","type":"page","link":"https:\/\/sites.ac-nancy-metz.fr\/upe2a-jules-ferry-woippy\/?page_id=1022","title":{"rendered":"La f\u00eate de la musique"},"content":{"rendered":"<p>Depuis 1982, <strong>la f\u00eate de la musique<\/strong> a lieu le 21 juin, jour du solstice d&rsquo;\u00e9t\u00e9.<\/p>\n<p>C&rsquo;est une f\u00eate populaire et gratuite qui c\u00e9l\u00e8bre la musique dans les rues et les places des villes et villages de France.<\/p>\n<p>A cette occasion, voici quelques exercices pour r\u00e9viser le lexique de la musique.<\/p>\n<p><a href=\"https:\/\/www.youtube.com\/watch?v=QEKkLQl7tZ4&amp;t=2s\" target=\"_blank\" rel=\"noopener\">Vid\u00e9o &#8211; Pr\u00e9sentation des instruments<\/a><\/p>\n<p><a href=\"https:\/\/www.youtube.com\/watch?time_continue=129&amp;v=ECeFYoJqbeg&amp;feature=emb_logo\" target=\"_blank\" rel=\"noopener\">Bruits de Fle &#8211; Quel est cet instrument ?<\/a><\/p>\n<p><a href=\"https:\/\/learningapps.org\/watch?v=pasbpmggj16\" target=\"_blank\" rel=\"noopener\">Vocabulaire des instruments de musique<\/a><\/p>\n<p><a href=\"https:\/\/www.languagesonline.org.uk\/French\/ET1\/NewET1U10\/458.htm\" target=\"_blank\" rel=\"noopener\">Associer l&rsquo;instrument \u00e0 la phrase correcte<\/a><\/p>\n<p><a href=\"https:\/\/www.languagesonline.org.uk\/French\/ET1\/NewET1U10\/460.htm\" target=\"_blank\" rel=\"noopener\">Texte \u00e0 trous &#8211; QCM<\/a><\/p>\n<p><a href=\"https:\/\/www.languagesonline.org.uk\/French\/ET1\/NewET1U10\/461.htm\" target=\"_blank\" rel=\"noopener\">Texte \u00e0 trous &#8211; \u00c9crire le nom de l&rsquo;instrument de musique<\/a><\/p>\n<h4>\u00a0 \u00a0 \u00a0 \u00a0 \u00a0 \u00a0 \u00a0 \u00a0 \u00a0 \u00a0 \u00a0 \u00a0 \u00a0 \u00a0Alors, fa\u00eetes de la musique !<\/h4>\n","protected":false},"excerpt":{"rendered":"<p>Depuis 1982, la f\u00eate de la musique a lieu le 21 juin, jour du solstice d&rsquo;\u00e9t\u00e9. C&rsquo;est une f\u00eate populaire et gratuite qui c\u00e9l\u00e8bre la musique dans les rues et les places des villes et villages de France. A cette occasion, voici quelques exercices pour r\u00e9viser le lexique de la musique. Vid\u00e9o &#8211; Pr\u00e9sentation des &hellip; <\/p>\n<p class=\"link-more\"><a href=\"https:\/\/sites.ac-nancy-metz.fr\/upe2a-jules-ferry-woippy\/?page_id=1022\" class=\"more-link\">Continuer la lecture<span class=\"screen-reader-text\"> de &laquo;&nbsp;La f\u00eate de la musique&nbsp;&raquo;<\/span><\/a><\/p>\n","protected":false},"author":4,"featured_media":0,"parent":0,"menu_order":0,"comment_status":"closed","ping_status":"closed","template":"","meta":{"footnotes":""},"_links":{"self":[{"href":"https:\/\/sites.ac-nancy-metz.fr\/upe2a-jules-ferry-woippy\/index.php?rest_route=\/wp\/v2\/pages\/1022"}],"collection":[{"href":"https:\/\/sites.ac-nancy-metz.fr\/upe2a-jules-ferry-woippy\/index.php?rest_route=\/wp\/v2\/pages"}],"about":[{"href":"https:\/\/sites.ac-nancy-metz.fr\/upe2a-jules-ferry-woippy\/index.php?rest_route=\/wp\/v2\/types\/page"}],"author":[{"embeddable":true,"href":"https:\/\/sites.ac-nancy-metz.fr\/upe2a-jules-ferry-woippy\/index.php?rest_route=\/wp\/v2\/users\/4"}],"replies":[{"embeddable":true,"href":"https:\/\/sites.ac-nancy-metz.fr\/upe2a-jules-ferry-woippy\/index.php?rest_route=%2Fwp%2Fv2%2Fcomments&post=1022"}],"version-history":[{"count":3,"href":"https:\/\/sites.ac-nancy-metz.fr\/upe2a-jules-ferry-woippy\/index.php?rest_route=\/wp\/v2\/pages\/1022\/revisions"}],"predecessor-version":[{"id":1148,"href":"https:\/\/sites.ac-nancy-metz.fr\/upe2a-jules-ferry-woippy\/index.php?rest_route=\/wp\/v2\/pages\/1022\/revisions\/1148"}],"wp:attachment":[{"href":"https:\/\/sites.ac-nancy-metz.fr\/upe2a-jules-ferry-woippy\/index.php?rest_route=%2Fwp%2Fv2%2Fmedia&parent=1022"}],"curies":[{"name":"wp","href":"https:\/\/api.w.org\/{rel}","templated":true}]}}