{"id":1062,"date":"2023-03-31T14:26:29","date_gmt":"2023-03-31T12:26:29","guid":{"rendered":"https:\/\/sites.ac-nancy-metz.fr\/upe2a-jules-ferry-woippy\/?page_id=1062"},"modified":"2023-11-03T14:53:11","modified_gmt":"2023-11-03T13:53:11","slug":"lire-des-textes","status":"publish","type":"page","link":"https:\/\/sites.ac-nancy-metz.fr\/upe2a-jules-ferry-woippy\/?page_id=1062","title":{"rendered":"Lire des textes"},"content":{"rendered":"<p>Voici un autre site sur lequel tu pourras lire des textes et v\u00e9rifier ta compr\u00e9hension \u00e0 l&rsquo;aide de questionnaires<\/p>\n<p><a href=\"https:\/\/soutien67.fr\/francais\/activites\/textes_2\/Comprendre-des-Textes.htm\" target=\"_blank\" rel=\"noopener\">Textes documentaires sur les animaux<\/a><\/p>\n<p>&nbsp;<\/p>\n<p>Sur ce deuxi\u00e8me <a href=\"https:\/\/web.archive.org\/web\/20170121140901\/http:\/\/polarfle.com:80\/indexbis.htm\" target=\"_blank\" rel=\"noopener\">site<\/a>, tu trouveras des exercices de lecture et d\u2019\u00e9criture autour du polar (texte policier).<br \/>\nComme un inspecteur de police, trouve le coupable !<\/p>\n","protected":false},"excerpt":{"rendered":"<p>Voici un autre site sur lequel tu pourras lire des textes et v\u00e9rifier ta compr\u00e9hension \u00e0 l&rsquo;aide de questionnaires Textes documentaires sur les animaux &nbsp; Sur ce deuxi\u00e8me site, tu trouveras des exercices de lecture et d\u2019\u00e9criture autour du polar (texte policier). Comme un inspecteur de police, trouve le coupable !<\/p>\n","protected":false},"author":4,"featured_media":0,"parent":0,"menu_order":0,"comment_status":"closed","ping_status":"closed","template":"","meta":{"footnotes":""},"_links":{"self":[{"href":"https:\/\/sites.ac-nancy-metz.fr\/upe2a-jules-ferry-woippy\/index.php?rest_route=\/wp\/v2\/pages\/1062"}],"collection":[{"href":"https:\/\/sites.ac-nancy-metz.fr\/upe2a-jules-ferry-woippy\/index.php?rest_route=\/wp\/v2\/pages"}],"about":[{"href":"https:\/\/sites.ac-nancy-metz.fr\/upe2a-jules-ferry-woippy\/index.php?rest_route=\/wp\/v2\/types\/page"}],"author":[{"embeddable":true,"href":"https:\/\/sites.ac-nancy-metz.fr\/upe2a-jules-ferry-woippy\/index.php?rest_route=\/wp\/v2\/users\/4"}],"replies":[{"embeddable":true,"href":"https:\/\/sites.ac-nancy-metz.fr\/upe2a-jules-ferry-woippy\/index.php?rest_route=%2Fwp%2Fv2%2Fcomments&post=1062"}],"version-history":[{"count":3,"href":"https:\/\/sites.ac-nancy-metz.fr\/upe2a-jules-ferry-woippy\/index.php?rest_route=\/wp\/v2\/pages\/1062\/revisions"}],"predecessor-version":[{"id":1217,"href":"https:\/\/sites.ac-nancy-metz.fr\/upe2a-jules-ferry-woippy\/index.php?rest_route=\/wp\/v2\/pages\/1062\/revisions\/1217"}],"wp:attachment":[{"href":"https:\/\/sites.ac-nancy-metz.fr\/upe2a-jules-ferry-woippy\/index.php?rest_route=%2Fwp%2Fv2%2Fmedia&parent=1062"}],"curies":[{"name":"wp","href":"https:\/\/api.w.org\/{rel}","templated":true}]}}