{"id":123,"date":"2021-04-10T10:56:04","date_gmt":"2021-04-10T08:56:04","guid":{"rendered":"https:\/\/sites.ac-nancy-metz.fr\/upe2a-jules-ferry-woippy\/?page_id=123"},"modified":"2025-11-24T15:13:06","modified_gmt":"2025-11-24T14:13:06","slug":"bienvenue-au-college-jules-ferry","status":"publish","type":"page","link":"https:\/\/sites.ac-nancy-metz.fr\/upe2a-jules-ferry-woippy\/?page_id=123","title":{"rendered":"Notre coll\u00e8ge"},"content":{"rendered":"<h1 style=\"text-align: center;\"><strong>Bienvenue au coll\u00e8ge Jules Ferry de Woippy !<\/strong><\/h1>\n<p><img decoding=\"async\" loading=\"lazy\" class=\" wp-image-94 aligncenter\" src=\"https:\/\/sites.ac-nancy-metz.fr\/upe2a-jules-ferry-woippy\/wp-content\/uploads\/jf-300x69.png\" alt=\"\" width=\"370\" height=\"85\" srcset=\"https:\/\/sites.ac-nancy-metz.fr\/upe2a-jules-ferry-woippy\/wp-content\/uploads\/jf-300x69.png 300w, https:\/\/sites.ac-nancy-metz.fr\/upe2a-jules-ferry-woippy\/wp-content\/uploads\/jf-768x176.png 768w, https:\/\/sites.ac-nancy-metz.fr\/upe2a-jules-ferry-woippy\/wp-content\/uploads\/jf-1024x234.png 1024w, https:\/\/sites.ac-nancy-metz.fr\/upe2a-jules-ferry-woippy\/wp-content\/uploads\/jf.png 1400w\" sizes=\"(max-width: 370px) 100vw, 370px\" \/><\/p>\n<p>Les \u00e9l\u00e8ves de l&rsquo;UPE2A ont r\u00e9alis\u00e9 la <strong>visite virtuelle du coll\u00e8ge<\/strong> dans leur <strong>langue maternelle<\/strong>.<\/p>\n<p>Chaque ann\u00e9e, de nouvelles langues sont ajout\u00e9es et permettent aux nouveaux \u00e9l\u00e8ves de l&rsquo;ann\u00e9e suivante de profiter d&rsquo;une visite en langue maternelle \u00e0 leur arriv\u00e9e au coll\u00e8ge.<\/p>\n<p>Les langues disponibles sont d\u00e9j\u00e0 nombreuses : fran\u00e7ais, allemand, anglais, arabe, espagnol, tib\u00e9tain, hindi, serbe, portugais, persan, espagnol, g\u00e9orgien, italien.<\/p>\n<p><a href=\"https:\/\/izi.travel\/fr\/browse\/5a74f71d-a0bc-4f04-b8de-fa4caafa15d3?passcode=lnpyjv\" target=\"_blank\" rel=\"noopener\">Cliquez ici et bonne visite !<\/a><\/p>\n<h1 style=\"text-align: center;\"><strong>Qui travaille au coll\u00e8ge Jules Ferry ?<\/strong><\/h1>\n<p><img decoding=\"async\" loading=\"lazy\" class=\"size-medium wp-image-97 aligncenter\" src=\"https:\/\/sites.ac-nancy-metz.fr\/upe2a-jules-ferry-woippy\/wp-content\/uploads\/networks-3017398_1920-300x200.jpg\" alt=\"\" width=\"300\" height=\"200\" srcset=\"https:\/\/sites.ac-nancy-metz.fr\/upe2a-jules-ferry-woippy\/wp-content\/uploads\/networks-3017398_1920-300x200.jpg 300w, https:\/\/sites.ac-nancy-metz.fr\/upe2a-jules-ferry-woippy\/wp-content\/uploads\/networks-3017398_1920-768x512.jpg 768w, https:\/\/sites.ac-nancy-metz.fr\/upe2a-jules-ferry-woippy\/wp-content\/uploads\/networks-3017398_1920-1024x683.jpg 1024w, https:\/\/sites.ac-nancy-metz.fr\/upe2a-jules-ferry-woippy\/wp-content\/uploads\/networks-3017398_1920.jpg 1920w\" sizes=\"(max-width: 300px) 100vw, 300px\" \/><\/p>\n<p><strong>La principale :<\/strong> Mme ESCOUTELOUP<br \/>\nIl dirige le coll\u00e8ge<br \/>\nIl suit la scolarit\u00e9 des \u00e9l\u00e8ves de 5\u00e8me et 3\u00e8me, &#8230;<\/p>\n<p><strong>Le principal adjoint :<\/strong> M. ROHRBACHER<br \/>\nIl aide le principal \u00e0 diriger le coll\u00e8ge.<br \/>\nIl suit la scolarit\u00e9 des \u00e9l\u00e8ves de 6\u00e8me et 4\u00e8me, s&rsquo;occupe des emplois du temps, des codes MBN et Pronote, &#8230;<\/p>\n<p><strong>La secr\u00e9taire g\u00e9n\u00e9rale :<\/strong> Mme CRAS<br \/>\nElle g\u00e8re l&rsquo;argent du coll\u00e8ge.<br \/>\nElle s&rsquo;occupe des dossiers de bourse, des aides financi\u00e8res pour la cantine, les transports scolaires, &#8230;.<\/p>\n<p><strong>La secr\u00e9taire :<\/strong> Mme KHERROUB<br \/>\nElle s&rsquo;occupe de tous les documents administratifs du coll\u00e8ge.<br \/>\nElle prend les RDV pour l&rsquo;inscription, \u00e9dite les certificats de scolarit\u00e9, de radiation, &#8230;<\/p>\n<p><strong>La Conseill\u00e8re Principale d&rsquo;Education (C.P.E.) :<\/strong> Mme VANDEBROUCK<br \/>\nElle anime <em><strong>la Vie Scolaire<\/strong><\/em>.<br \/>\nAvec les AED, elle fait le suivi des retards, des absences, des sanctions des \u00e9l\u00e8ves et leur propose des activit\u00e9s (concours de dessins, exposition, &#8230;).<\/p>\n<p><strong>Les Assistants d&rsquo;EDucation (AED, surveillants) :<\/strong> C\u00e9lia, Magali, Jade, Armelle, Florent, Florian, Hugo et Nad\u00e8ge.<br \/>\nIls s&rsquo;occupent des \u00e9l\u00e8ves en dehors des heures de cours et travaillent au <strong><em>bureau de la Vie Scolaire<\/em><\/strong>.<br \/>\nIls surveillent les r\u00e9cr\u00e9ations, les toilettes, les couloirs aux interclasses, la cantine, les heures de permanence et les retenues.<\/p>\n<p><strong>L&rsquo;assistant social :<\/strong> M. VICIANA<br \/>\nElle \u00e9coute, conseille et aide les familles dans le besoin.<\/p>\n<p><strong>Les infirmi\u00e8res scolaires :<\/strong> Mmes COLOTTO et DUGNY<br \/>\nElles re\u00e7oivent les \u00e9l\u00e8ves pour parler, prendre en compte leurs soucis de sant\u00e9 et les guider vers des professionnels de sant\u00e9.<\/p>\n<p><strong>La PSYchologue de l&rsquo;Education Nationale :<\/strong> Mme HARTER<br \/>\nElle aide les \u00e9l\u00e8ves \u00e0 construire leur orientation et leur projet professionnel.<\/p>\n<h1 style=\"text-align: center;\"><strong>Quand je n&rsquo;ai pas cours, je peux aller<\/strong><\/h1>\n<p style=\"text-align: center;\"><img decoding=\"async\" loading=\"lazy\" class=\"size-medium wp-image-92 aligncenter\" src=\"https:\/\/sites.ac-nancy-metz.fr\/upe2a-jules-ferry-woippy\/wp-content\/uploads\/literature-3033196_1280-300x169.jpg\" alt=\"\" width=\"300\" height=\"169\" srcset=\"https:\/\/sites.ac-nancy-metz.fr\/upe2a-jules-ferry-woippy\/wp-content\/uploads\/literature-3033196_1280-300x169.jpg 300w, https:\/\/sites.ac-nancy-metz.fr\/upe2a-jules-ferry-woippy\/wp-content\/uploads\/literature-3033196_1280-768x432.jpg 768w, https:\/\/sites.ac-nancy-metz.fr\/upe2a-jules-ferry-woippy\/wp-content\/uploads\/literature-3033196_1280-1024x576.jpg 1024w, https:\/\/sites.ac-nancy-metz.fr\/upe2a-jules-ferry-woippy\/wp-content\/uploads\/literature-3033196_1280.jpg 1280w\" sizes=\"(max-width: 300px) 100vw, 300px\" \/><\/p>\n<p><strong>au CDI<\/strong> pour lire un livre, travailler en autonomie ou travailler sur les ordinateurs.<br \/>\n<em><strong>Mme Allard<\/strong><\/em>, la professeure-documentaliste est l\u00e0 pour m&rsquo;aider.<\/p>\n<p><a href=\"https:\/\/0572579u.esidoc.fr\/\" target=\"_blank\" rel=\"noopener\">Site du CDI<\/a><\/p>\n<p><strong>en salle de permanence<\/strong> pour faire mes devoirs.<br \/>\nUn surveillant est l\u00e0 pour m&rsquo;aider.<\/p>\n<p><strong>au foyer<\/strong> pour jouer au baby-foot, au billard ou aux jeux de soci\u00e9t\u00e9.<br \/>\nUn surveillant est l\u00e0 pour jouer avec moi.<\/p>\n","protected":false},"excerpt":{"rendered":"<p>Bienvenue au coll\u00e8ge Jules Ferry de Woippy ! Les \u00e9l\u00e8ves de l&rsquo;UPE2A ont r\u00e9alis\u00e9 la visite virtuelle du coll\u00e8ge dans leur langue maternelle. Chaque ann\u00e9e, de nouvelles langues sont ajout\u00e9es et permettent aux nouveaux \u00e9l\u00e8ves de l&rsquo;ann\u00e9e suivante de profiter d&rsquo;une visite en langue maternelle \u00e0 leur arriv\u00e9e au coll\u00e8ge. Les langues disponibles sont d\u00e9j\u00e0 &hellip; <\/p>\n<p class=\"link-more\"><a href=\"https:\/\/sites.ac-nancy-metz.fr\/upe2a-jules-ferry-woippy\/?page_id=123\" class=\"more-link\">Continuer la lecture<span class=\"screen-reader-text\"> de &laquo;&nbsp;Notre coll\u00e8ge&nbsp;&raquo;<\/span><\/a><\/p>\n","protected":false},"author":1,"featured_media":0,"parent":0,"menu_order":0,"comment_status":"closed","ping_status":"closed","template":"","meta":{"footnotes":""},"_links":{"self":[{"href":"https:\/\/sites.ac-nancy-metz.fr\/upe2a-jules-ferry-woippy\/index.php?rest_route=\/wp\/v2\/pages\/123"}],"collection":[{"href":"https:\/\/sites.ac-nancy-metz.fr\/upe2a-jules-ferry-woippy\/index.php?rest_route=\/wp\/v2\/pages"}],"about":[{"href":"https:\/\/sites.ac-nancy-metz.fr\/upe2a-jules-ferry-woippy\/index.php?rest_route=\/wp\/v2\/types\/page"}],"author":[{"embeddable":true,"href":"https:\/\/sites.ac-nancy-metz.fr\/upe2a-jules-ferry-woippy\/index.php?rest_route=\/wp\/v2\/users\/1"}],"replies":[{"embeddable":true,"href":"https:\/\/sites.ac-nancy-metz.fr\/upe2a-jules-ferry-woippy\/index.php?rest_route=%2Fwp%2Fv2%2Fcomments&post=123"}],"version-history":[{"count":19,"href":"https:\/\/sites.ac-nancy-metz.fr\/upe2a-jules-ferry-woippy\/index.php?rest_route=\/wp\/v2\/pages\/123\/revisions"}],"predecessor-version":[{"id":1372,"href":"https:\/\/sites.ac-nancy-metz.fr\/upe2a-jules-ferry-woippy\/index.php?rest_route=\/wp\/v2\/pages\/123\/revisions\/1372"}],"wp:attachment":[{"href":"https:\/\/sites.ac-nancy-metz.fr\/upe2a-jules-ferry-woippy\/index.php?rest_route=%2Fwp%2Fv2%2Fmedia&parent=123"}],"curies":[{"name":"wp","href":"https:\/\/api.w.org\/{rel}","templated":true}]}}