{"id":131,"date":"2021-04-10T11:19:47","date_gmt":"2021-04-10T09:19:47","guid":{"rendered":"https:\/\/sites.ac-nancy-metz.fr\/upe2a-jules-ferry-woippy\/?page_id=131"},"modified":"2023-06-29T08:48:16","modified_gmt":"2023-06-29T06:48:16","slug":"lupe2a","status":"publish","type":"page","link":"https:\/\/sites.ac-nancy-metz.fr\/upe2a-jules-ferry-woippy\/?page_id=131","title":{"rendered":"C&rsquo;est quoi une UPE2A ?"},"content":{"rendered":"<h1 style=\"text-align: center;\"><strong>Qu&rsquo;est ce qu&rsquo;une UPE2A ?<\/strong><\/h1>\n<p>L&rsquo;<strong>U<\/strong>nit\u00e9 <strong>P<\/strong>\u00e9dagogique pour <strong>E<\/strong>l\u00e8ves <strong>A<\/strong>llophones <strong>A<\/strong>rrivants est un dispositif d&rsquo;accompagnement des \u00e9l\u00e8ves allophones inclus dans les classes ordinaires.<\/p>\n<p>Cr\u00e9\u00e9e en 2012, elle \u00a0propose une prise en charge des \u00e9l\u00e8ves arrivant sur le territoire fran\u00e7ais sans maitrise suffisante de la langue fran\u00e7aise\u00a0qui ont \u00e9t\u00e9\u00a0scolaris\u00e9s\u00a0ou non dans leur pays d\u2019origine.<\/p>\n<p>Le fonctionnement de ce dispositif et l&rsquo;organisation de la scolarit\u00e9 des \u00e9l\u00e8ves allophones nouvellement arriv\u00e9s sont mis en \u0153uvre dans la\u00a0<a class=\"external text\" href=\"http:\/\/www.education.gouv.fr\/pid25535\/bulletin_officiel.html?cid_bo=61536\" target=\"_blank\" rel=\"nofollow noopener\">circulaire n\u00b0 2012-143 du 2-10-2012<\/a><small class=\"cachelinks\">\u00a0<\/small><\/p>\n<h1 style=\"text-align: center;\"><strong>Comment sont affect\u00e9s les \u00e9l\u00e8ves ?<\/strong><\/h1>\n<p>Si l&rsquo;\u00e9l\u00e8ve allophone a plus de 11ans quand il arrive en France, il est test\u00e9 par le <strong>CIO<\/strong> (<strong>C<\/strong>entre d&rsquo;<strong>I<\/strong>nformation et d&rsquo;<strong>O<\/strong>rientation).<\/p>\n<p>Dans un premier temps, le CIO va questionner l&rsquo;adolescent sur sa situation en France (mineur non accompagn\u00e9, regroupement familial, suivi associatif, &#8230;), sa <strong>scolarit\u00e9 ant\u00e9rieure<\/strong>, ses souhaits d&rsquo;orientation, les langues parl\u00e9es, &#8230;<\/p>\n<p>Dans un second temps, des <strong>\u00e9valuations<\/strong> en fran\u00e7ais, en math\u00e9matiques et en langue maternelle vont \u00eatre propos\u00e9es \u00e0 l&rsquo;adolescent.<br \/>\nSuite \u00e0 cela, le CIO fait une pr\u00e9conisation d&rsquo;orientation.<\/p>\n<p>Enfin, la <strong>D.S.D.E.N.<\/strong> affecte les \u00e9l\u00e8ves \u00e0 un \u00e9tablissement scolaire (coll\u00e8ge ou lyc\u00e9e) :<br \/>\n&#8211; l&rsquo;\u00e9tablissement scolaire de secteur si ce dernier dispose d&rsquo;une UPE2A ou qu&rsquo;aucun \u00e9tablissement \u00e0 proximit\u00e9 ne dispose d&rsquo;une UPE2A<br \/>\n&#8211; un autre \u00e9tablissement scolaire relativement proche disposant d&rsquo;une UPE2A<\/p>\n<p>L&rsquo;\u00e9l\u00e8ve allophone peut b\u00e9n\u00e9ficier du dispositif UPE2A pendant une ann\u00e9e.<\/p>\n<h1 style=\"text-align: center;\"><strong>Qu&rsquo;est ce qu&rsquo;un \u00e9l\u00e8ve allophone ?<\/strong><\/h1>\n<p>Un \u00e9l\u00e8ve allophone est un \u00e9l\u00e8ve\u00a0nouvellement arriv\u00e9 en France et qui parle une voire d\u2019autres langues que le fran\u00e7ais.<\/p>\n<p>Il s\u2019agit de tout jeune de moins de 18 ans arriv\u00e9 en France depuis peu. Certains ont \u00e9t\u00e9 scolaris\u00e9s dans leur pays, d&rsquo;autres non.<\/p>\n<p>On consid\u00e8re g\u00e9n\u00e9ralement que l\u2019\u00e9l\u00e8ve peut endosser cette terminologie pendant les deux premi\u00e8res ann\u00e9es de sa pr\u00e9sence en France.<\/p>\n<p style=\"text-align: center;\"><strong>\u00ab\u00a0Tout enfant fran\u00e7ais ou \u00e9tranger r\u00e9sidant en France<\/strong><br \/>\n<strong>et \u00e2g\u00e9 de 6 \u00e0 16 ans a le droit \u00e0 l\u2019instruction\u00a0\u00bb<\/strong><br \/>\n(Loi du 18 mars 1882, ordonnance du 6 janvier 1959)<\/p>\n","protected":false},"excerpt":{"rendered":"<p>Qu&rsquo;est ce qu&rsquo;une UPE2A ? L&rsquo;Unit\u00e9 P\u00e9dagogique pour El\u00e8ves Allophones Arrivants est un dispositif d&rsquo;accompagnement des \u00e9l\u00e8ves allophones inclus dans les classes ordinaires. Cr\u00e9\u00e9e en 2012, elle \u00a0propose une prise en charge des \u00e9l\u00e8ves arrivant sur le territoire fran\u00e7ais sans maitrise suffisante de la langue fran\u00e7aise\u00a0qui ont \u00e9t\u00e9\u00a0scolaris\u00e9s\u00a0ou non dans leur pays d\u2019origine. Le fonctionnement &hellip; <\/p>\n<p class=\"link-more\"><a href=\"https:\/\/sites.ac-nancy-metz.fr\/upe2a-jules-ferry-woippy\/?page_id=131\" class=\"more-link\">Continuer la lecture<span class=\"screen-reader-text\"> de &laquo;&nbsp;C&rsquo;est quoi une UPE2A ?&nbsp;&raquo;<\/span><\/a><\/p>\n","protected":false},"author":1,"featured_media":0,"parent":0,"menu_order":0,"comment_status":"closed","ping_status":"closed","template":"","meta":{"footnotes":""},"_links":{"self":[{"href":"https:\/\/sites.ac-nancy-metz.fr\/upe2a-jules-ferry-woippy\/index.php?rest_route=\/wp\/v2\/pages\/131"}],"collection":[{"href":"https:\/\/sites.ac-nancy-metz.fr\/upe2a-jules-ferry-woippy\/index.php?rest_route=\/wp\/v2\/pages"}],"about":[{"href":"https:\/\/sites.ac-nancy-metz.fr\/upe2a-jules-ferry-woippy\/index.php?rest_route=\/wp\/v2\/types\/page"}],"author":[{"embeddable":true,"href":"https:\/\/sites.ac-nancy-metz.fr\/upe2a-jules-ferry-woippy\/index.php?rest_route=\/wp\/v2\/users\/1"}],"replies":[{"embeddable":true,"href":"https:\/\/sites.ac-nancy-metz.fr\/upe2a-jules-ferry-woippy\/index.php?rest_route=%2Fwp%2Fv2%2Fcomments&post=131"}],"version-history":[{"count":9,"href":"https:\/\/sites.ac-nancy-metz.fr\/upe2a-jules-ferry-woippy\/index.php?rest_route=\/wp\/v2\/pages\/131\/revisions"}],"predecessor-version":[{"id":1085,"href":"https:\/\/sites.ac-nancy-metz.fr\/upe2a-jules-ferry-woippy\/index.php?rest_route=\/wp\/v2\/pages\/131\/revisions\/1085"}],"wp:attachment":[{"href":"https:\/\/sites.ac-nancy-metz.fr\/upe2a-jules-ferry-woippy\/index.php?rest_route=%2Fwp%2Fv2%2Fmedia&parent=131"}],"curies":[{"name":"wp","href":"https:\/\/api.w.org\/{rel}","templated":true}]}}