{"id":138,"date":"2021-04-10T13:54:33","date_gmt":"2021-04-10T11:54:33","guid":{"rendered":"https:\/\/sites.ac-nancy-metz.fr\/upe2a-jules-ferry-woippy\/?page_id=138"},"modified":"2025-08-31T10:31:12","modified_gmt":"2025-08-31T08:31:12","slug":"notre-upe2a","status":"publish","type":"page","link":"https:\/\/sites.ac-nancy-metz.fr\/upe2a-jules-ferry-woippy\/?page_id=138","title":{"rendered":"Notre UPE2A"},"content":{"rendered":"<h1 style=\"text-align: center;\"><strong>Comment fonctionne l&rsquo;UPE2A du coll\u00e8ge Jules Ferry ?<\/strong><\/h1>\n<p><img decoding=\"async\" loading=\"lazy\" class=\"alignnone size-medium wp-image-139 aligncenter\" src=\"https:\/\/sites.ac-nancy-metz.fr\/upe2a-jules-ferry-woippy\/wp-content\/uploads\/IMG_5949-300x225.jpg\" alt=\"\" width=\"300\" height=\"225\" srcset=\"https:\/\/sites.ac-nancy-metz.fr\/upe2a-jules-ferry-woippy\/wp-content\/uploads\/IMG_5949-300x225.jpg 300w, https:\/\/sites.ac-nancy-metz.fr\/upe2a-jules-ferry-woippy\/wp-content\/uploads\/IMG_5949-768x576.jpg 768w, https:\/\/sites.ac-nancy-metz.fr\/upe2a-jules-ferry-woippy\/wp-content\/uploads\/IMG_5949-1024x768.jpg 1024w\" sizes=\"(max-width: 300px) 100vw, 300px\" \/><\/p>\n<h2>Accueil des \u00e9l\u00e8ves.<\/h2>\n<p>Suite \u00e0 l&rsquo;affectation par la DSDEN, la famille ou l&rsquo;\u00e9ducateur prend contact avec le coll\u00e8ge. Le secr\u00e9tariat donne le <strong>dossier d&rsquo;inscription<\/strong> et fixe un <strong>rendez-vous<\/strong>. Le dossier devra\u00a0 \u00eatre compl\u00e9t\u00e9 et la famille ou l&rsquo;\u00e9ducateur obligatoirement pr\u00e9sent le jour du rendez-vous.<\/p>\n<p>Les rendez-vous ont lieu les <strong>apr\u00e8s-midi<\/strong>, dans le bureau de <strong>Mme ESCOUTELOUP <\/strong>la principale et avec <strong>Mme GODFRIN<\/strong> la professeure coordonnatrice de l&rsquo;UPE2A.<\/p>\n<p>Ce temps d&rsquo;accueil permet de <strong>se pr\u00e9senter<\/strong>, pr\u00e9senter le fonctionnement de l&rsquo;UPE2A, de rassurer l&rsquo;\u00e9l\u00e8ve et sa famille, de distribuer les documents obligatoires et surtout le <strong>carnet de correspondance<\/strong> et l&#8217;emploi du temps.<\/p>\n<p>Enfin, un AED fait <strong>visiter le coll\u00e8ge<\/strong> au nouvel \u00e9l\u00e8ve et pr\u00e9sente (rapidement) le personnel ou les bureaux et les lieux sp\u00e9cifiques du coll\u00e8ge.<\/p>\n<p>Cette visite peut \u00e9galement \u00eatre compl\u00e9t\u00e9e par la visite virtuelle plurilingue disponible sur le site <a href=\"https:\/\/izi.travel\/fr\/browse\/5a74f71d-a0bc-4f04-b8de-fa4caafa15d3?passcode=lnpyjv\">izi.travel.<\/a><\/p>\n<p>Chaque \u00e9l\u00e8ve est inscrit dans une classe ordinaire (de sa classe d&rsquo;\u00e2ge ou d&rsquo;un an de moins) et b\u00e9n\u00e9ficie du dispositif UPE2A pour maximum un an (date \u00e0 date).<\/p>\n<p>L&rsquo;UPE2A du coll\u00e8ge Jules Ferry accueille des adolescents de 11 \u00e0 16ans.<\/p>\n<p><a href=\"https:\/\/sites.ac-nancy-metz.fr\/upe2a-jules-ferry-woippy\/wp-content\/uploads\/LivretAccueil.pdf\" target=\"_blank\" rel=\"noopener\">Livret d&rsquo;Accueil<\/a><\/p>\n<p>&nbsp;<\/p>\n<h2>Emploi du temps.<\/h2>\n<p>Dans un premier temps, bien que l&rsquo;\u00e9l\u00e8ve soit inscrit dans une classe ordinaire, il ne suivra que les cours de <strong>FLSco<\/strong> (<strong>F<\/strong>ran\u00e7ais <strong>L<\/strong>angue de <strong>Sco<\/strong>larisation).<br \/>\nCe temps en UPE2A va permettre\u00a0de r\u00e9aliser les \u00e9valuations diagnostiques (en fran\u00e7ais et en langue maternelle) et de founir \u00e0 l&rsquo;\u00e9l\u00e8ve les rudiments du FLSco.<br \/>\nSelon les \u00e9l\u00e8ves la dur\u00e9e va varier de deux semaines \u00e0 deux mois en moyenne.<\/p>\n<p>L&rsquo;objectif est de\u00a0<strong>favoriser l&rsquo;inclusion en classe ordinaire<\/strong>, tout en maintenant l&rsquo;\u00e9l\u00e8ve en <strong>situation de r\u00e9ussite<\/strong>. C&rsquo;est pourquoi l&#8217;emploi du temps de chaque \u00e9l\u00e8ve \u00e9volue au rythme de l&rsquo;\u00e9l\u00e8ve.<\/p>\n<p>Dans un deuxi\u00e8me temps, l&rsquo;\u00e9l\u00e8ve sera inclus en EPS (<strong>E<\/strong>ducation <strong>P<\/strong>hysique et <strong>S<\/strong>portive), arts plastiques, \u00e9ducation musicale et vie de classe.<br \/>\nSi l&rsquo;\u00e9l\u00e8ve a d\u00e9j\u00e0 de bonnes connaissances en <strong>L<\/strong>angue <strong>V<\/strong>ivante <strong>E<\/strong>trang\u00e8re (anglais, espagnol ou allemand) ou en math\u00e9matiques il sera \u00e9galement rapidement inclus dans ces disciplines.<\/p>\n<p>Ensuite, en fonction de ses progr\u00e8s mais \u00e9galement de ses demandes, l&rsquo;\u00e9l\u00e8ve int\u00e8grera les autres mati\u00e8res de sa classe d&rsquo;inscription (technologie, histoire-g\u00e9ographie, &#8230;).<\/p>\n<p style=\"text-align: center;\"><strong>L&#8217;emploi du temps est donc personnalis\u00e9 et \u00e9volutif.<\/strong><\/p>\n<h2>Examens.<\/h2>\n<p>Les \u00e9l\u00e8ves passent les examens de leur classe d&rsquo;inscription.<\/p>\n<p><strong>5\u00e8me :<\/strong> ASSR1 (<strong>A<\/strong>ttestation <strong>S<\/strong>colaire de <strong>S<\/strong>\u00e9curit\u00e9 <strong>R<\/strong>outi\u00e8re de niveau 1<\/p>\n<p><strong>3\u00e8me :<\/strong> ASSR2 (<strong>A<\/strong>ttestation <strong>S<\/strong>colaire de <strong>S<\/strong>\u00e9curit\u00e9 <strong>R<\/strong>outi\u00e8re de niveau 2), CFG (<strong>C<\/strong>ertificat de <strong>F<\/strong>ormation <strong>G<\/strong>\u00e9n\u00e9rale) ou DNB (<strong>D<\/strong>ipl\u00f4me <strong>N<\/strong>ational du <strong>B<\/strong>revet), oraux d&rsquo;anglais.<\/p>\n<p>Les \u00e9l\u00e8ves (s&rsquo;ils sont inscrits avant le mois de janvier) peuvent \u00e9galement passer le DELF (<strong>D<\/strong>ipl\u00f4me d&rsquo;<strong>E<\/strong>tudes en <strong>L<\/strong>angue <strong>F<\/strong>ran\u00e7aise) scolaire.<br \/>\nIl existe 3 niveaux : A1, A2 et B1.<\/p>\n","protected":false},"excerpt":{"rendered":"<p>Comment fonctionne l&rsquo;UPE2A du coll\u00e8ge Jules Ferry ? Accueil des \u00e9l\u00e8ves. Suite \u00e0 l&rsquo;affectation par la DSDEN, la famille ou l&rsquo;\u00e9ducateur prend contact avec le coll\u00e8ge. Le secr\u00e9tariat donne le dossier d&rsquo;inscription et fixe un rendez-vous. Le dossier devra\u00a0 \u00eatre compl\u00e9t\u00e9 et la famille ou l&rsquo;\u00e9ducateur obligatoirement pr\u00e9sent le jour du rendez-vous. Les rendez-vous ont &hellip; <\/p>\n<p class=\"link-more\"><a href=\"https:\/\/sites.ac-nancy-metz.fr\/upe2a-jules-ferry-woippy\/?page_id=138\" class=\"more-link\">Continuer la lecture<span class=\"screen-reader-text\"> de &laquo;&nbsp;Notre UPE2A&nbsp;&raquo;<\/span><\/a><\/p>\n","protected":false},"author":1,"featured_media":0,"parent":0,"menu_order":0,"comment_status":"closed","ping_status":"closed","template":"","meta":{"footnotes":""},"_links":{"self":[{"href":"https:\/\/sites.ac-nancy-metz.fr\/upe2a-jules-ferry-woippy\/index.php?rest_route=\/wp\/v2\/pages\/138"}],"collection":[{"href":"https:\/\/sites.ac-nancy-metz.fr\/upe2a-jules-ferry-woippy\/index.php?rest_route=\/wp\/v2\/pages"}],"about":[{"href":"https:\/\/sites.ac-nancy-metz.fr\/upe2a-jules-ferry-woippy\/index.php?rest_route=\/wp\/v2\/types\/page"}],"author":[{"embeddable":true,"href":"https:\/\/sites.ac-nancy-metz.fr\/upe2a-jules-ferry-woippy\/index.php?rest_route=\/wp\/v2\/users\/1"}],"replies":[{"embeddable":true,"href":"https:\/\/sites.ac-nancy-metz.fr\/upe2a-jules-ferry-woippy\/index.php?rest_route=%2Fwp%2Fv2%2Fcomments&post=138"}],"version-history":[{"count":10,"href":"https:\/\/sites.ac-nancy-metz.fr\/upe2a-jules-ferry-woippy\/index.php?rest_route=\/wp\/v2\/pages\/138\/revisions"}],"predecessor-version":[{"id":1337,"href":"https:\/\/sites.ac-nancy-metz.fr\/upe2a-jules-ferry-woippy\/index.php?rest_route=\/wp\/v2\/pages\/138\/revisions\/1337"}],"wp:attachment":[{"href":"https:\/\/sites.ac-nancy-metz.fr\/upe2a-jules-ferry-woippy\/index.php?rest_route=%2Fwp%2Fv2%2Fmedia&parent=138"}],"curies":[{"name":"wp","href":"https:\/\/api.w.org\/{rel}","templated":true}]}}