{"id":1391,"date":"2025-12-16T13:56:55","date_gmt":"2025-12-16T12:56:55","guid":{"rendered":"https:\/\/sites.ac-nancy-metz.fr\/upe2a-jules-ferry-woippy\/?page_id=1391"},"modified":"2025-12-16T13:56:55","modified_gmt":"2025-12-16T12:56:55","slug":"le-futur-proche","status":"publish","type":"page","link":"https:\/\/sites.ac-nancy-metz.fr\/upe2a-jules-ferry-woippy\/?page_id=1391","title":{"rendered":"Le futur proche"},"content":{"rendered":"\n<p>Voici quelques exercices pour r\u00e9viser la conjugaison au futur proche en fran\u00e7ais.<\/p>\n\n\n\n<p><a href=\"https:\/\/learningapps.org\/watch?v=pvaw4t17201\" target=\"_blank\" rel=\"noreferrer noopener\">QCM<\/a><\/p>\n\n\n\n<p><a href=\"https:\/\/learningapps.org\/view7020235?&amp;allowFullscreen=1\" target=\"_blank\" rel=\"noreferrer noopener\">QCM (2)<\/a><\/p>\n\n\n\n<p><a href=\"https:\/\/learningapps.org\/view12773141?&amp;allowFullscreen=1\" target=\"_blank\" rel=\"noreferrer noopener\">Futur proche ou pr\u00e9sent ?<\/a><\/p>\n\n\n\n<p class=\"has-text-align-left\"><a href=\"https:\/\/learningapps.org\/watch?v=pymzswod501\" data-type=\"link\" data-id=\"https:\/\/learningapps.org\/watch?v=pymzswod501\" target=\"_blank\" rel=\"noreferrer noopener\">Conjugue au futur proche<\/a><\/p>\n\n\n\n<p><a href=\"https:\/\/learningapps.org\/watch?v=p4hxgegy201\" target=\"_blank\" rel=\"noreferrer noopener\">Conjugue au futur proche (2)<\/a><\/p>\n\n\n\n<p><a href=\"https:\/\/learningapps.org\/watch?v=pg79g2hu522\" target=\"_blank\" rel=\"noreferrer noopener\">10 exercices d&rsquo;entra\u00eenement<\/a><\/p>\n","protected":false},"excerpt":{"rendered":"<p>Voici quelques exercices pour r\u00e9viser la conjugaison au futur proche en fran\u00e7ais. QCM QCM (2) Futur proche ou pr\u00e9sent ? Conjugue au futur proche Conjugue au futur proche (2) 10 exercices d&rsquo;entra\u00eenement<\/p>\n","protected":false},"author":4,"featured_media":0,"parent":0,"menu_order":0,"comment_status":"closed","ping_status":"closed","template":"","meta":{"footnotes":""},"_links":{"self":[{"href":"https:\/\/sites.ac-nancy-metz.fr\/upe2a-jules-ferry-woippy\/index.php?rest_route=\/wp\/v2\/pages\/1391"}],"collection":[{"href":"https:\/\/sites.ac-nancy-metz.fr\/upe2a-jules-ferry-woippy\/index.php?rest_route=\/wp\/v2\/pages"}],"about":[{"href":"https:\/\/sites.ac-nancy-metz.fr\/upe2a-jules-ferry-woippy\/index.php?rest_route=\/wp\/v2\/types\/page"}],"author":[{"embeddable":true,"href":"https:\/\/sites.ac-nancy-metz.fr\/upe2a-jules-ferry-woippy\/index.php?rest_route=\/wp\/v2\/users\/4"}],"replies":[{"embeddable":true,"href":"https:\/\/sites.ac-nancy-metz.fr\/upe2a-jules-ferry-woippy\/index.php?rest_route=%2Fwp%2Fv2%2Fcomments&post=1391"}],"version-history":[{"count":2,"href":"https:\/\/sites.ac-nancy-metz.fr\/upe2a-jules-ferry-woippy\/index.php?rest_route=\/wp\/v2\/pages\/1391\/revisions"}],"predecessor-version":[{"id":1406,"href":"https:\/\/sites.ac-nancy-metz.fr\/upe2a-jules-ferry-woippy\/index.php?rest_route=\/wp\/v2\/pages\/1391\/revisions\/1406"}],"wp:attachment":[{"href":"https:\/\/sites.ac-nancy-metz.fr\/upe2a-jules-ferry-woippy\/index.php?rest_route=%2Fwp%2Fv2%2Fmedia&parent=1391"}],"curies":[{"name":"wp","href":"https:\/\/api.w.org\/{rel}","templated":true}]}}