{"id":1409,"date":"2025-12-18T16:15:33","date_gmt":"2025-12-18T15:15:33","guid":{"rendered":"https:\/\/sites.ac-nancy-metz.fr\/upe2a-jules-ferry-woippy\/?page_id=1409"},"modified":"2025-12-18T16:15:33","modified_gmt":"2025-12-18T15:15:33","slug":"epiphanie-et-galette-des-rois","status":"publish","type":"page","link":"https:\/\/sites.ac-nancy-metz.fr\/upe2a-jules-ferry-woippy\/?page_id=1409","title":{"rendered":"Epiphanie et galette des rois"},"content":{"rendered":"\n<p>Voici quelques liens pour r\u00e9viser le lexique autour de l&rsquo;Epiphanie et de la recette de la galette des rois <\/p>\n\n\n\n<p><a rel=\"noreferrer noopener\" href=\"https:\/\/learningapps.org\/view16984746\" target=\"_blank\">Associer mot et image (A1)<\/a><\/p>\n\n\n\n<p><a href=\"https:\/\/learningapps.org\/view16512924\" target=\"_blank\" rel=\"noreferrer noopener\">Associer verbe d&rsquo;action (audio) et image<\/a><\/p>\n\n\n\n<p><a rel=\"noreferrer noopener\" href=\"https:\/\/learningapps.org\/view23193143\" target=\"_blank\">Associer mot (audio) et image<\/a><\/p>\n\n\n\n<p><a href=\"https:\/\/learningapps.org\/watch?v=pbod2nesc16\" target=\"_blank\" rel=\"noreferrer noopener\">Nommer les ingr\u00e9dients et les ustensiles<\/a><\/p>\n\n\n\n<p><a href=\"https:\/\/learningapps.org\/1965684\" target=\"_blank\" rel=\"noreferrer noopener\">Diff\u00e9rencier ustensiles, ingr\u00e9dients et actions<\/a><\/p>\n\n\n\n<p><a href=\"https:\/\/learningapps.org\/1961179\" target=\"_blank\" rel=\"noreferrer noopener\">Recette \u00e0 compl\u00e9ter \u00e0 l&rsquo;aide d&rsquo;une vid\u00e9o (A2)<\/a><\/p>\n","protected":false},"excerpt":{"rendered":"<p>Voici quelques liens pour r\u00e9viser le lexique autour de l&rsquo;Epiphanie et de la recette de la galette des rois Associer mot et image (A1) Associer verbe d&rsquo;action (audio) et image Associer mot (audio) et image Nommer les ingr\u00e9dients et les ustensiles Diff\u00e9rencier ustensiles, ingr\u00e9dients et actions Recette \u00e0 compl\u00e9ter \u00e0 l&rsquo;aide d&rsquo;une vid\u00e9o (A2)<\/p>\n","protected":false},"author":4,"featured_media":0,"parent":0,"menu_order":0,"comment_status":"closed","ping_status":"closed","template":"","meta":{"footnotes":""},"_links":{"self":[{"href":"https:\/\/sites.ac-nancy-metz.fr\/upe2a-jules-ferry-woippy\/index.php?rest_route=\/wp\/v2\/pages\/1409"}],"collection":[{"href":"https:\/\/sites.ac-nancy-metz.fr\/upe2a-jules-ferry-woippy\/index.php?rest_route=\/wp\/v2\/pages"}],"about":[{"href":"https:\/\/sites.ac-nancy-metz.fr\/upe2a-jules-ferry-woippy\/index.php?rest_route=\/wp\/v2\/types\/page"}],"author":[{"embeddable":true,"href":"https:\/\/sites.ac-nancy-metz.fr\/upe2a-jules-ferry-woippy\/index.php?rest_route=\/wp\/v2\/users\/4"}],"replies":[{"embeddable":true,"href":"https:\/\/sites.ac-nancy-metz.fr\/upe2a-jules-ferry-woippy\/index.php?rest_route=%2Fwp%2Fv2%2Fcomments&post=1409"}],"version-history":[{"count":1,"href":"https:\/\/sites.ac-nancy-metz.fr\/upe2a-jules-ferry-woippy\/index.php?rest_route=\/wp\/v2\/pages\/1409\/revisions"}],"predecessor-version":[{"id":1411,"href":"https:\/\/sites.ac-nancy-metz.fr\/upe2a-jules-ferry-woippy\/index.php?rest_route=\/wp\/v2\/pages\/1409\/revisions\/1411"}],"wp:attachment":[{"href":"https:\/\/sites.ac-nancy-metz.fr\/upe2a-jules-ferry-woippy\/index.php?rest_route=%2Fwp%2Fv2%2Fmedia&parent=1409"}],"curies":[{"name":"wp","href":"https:\/\/api.w.org\/{rel}","templated":true}]}}