{"id":1574,"date":"2026-05-12T14:16:16","date_gmt":"2026-05-12T12:16:16","guid":{"rendered":"https:\/\/sites.ac-nancy-metz.fr\/upe2a-jules-ferry-woippy\/?page_id=1574"},"modified":"2026-05-12T14:16:16","modified_gmt":"2026-05-12T12:16:16","slug":"indiquer-suivre-un-itineraire","status":"publish","type":"page","link":"https:\/\/sites.ac-nancy-metz.fr\/upe2a-jules-ferry-woippy\/?page_id=1574","title":{"rendered":"Indiquer \/ Suivre un itin\u00e9raire"},"content":{"rendered":"\n<p>Pour commencer, tu peux regarder ces deux vid\u00e9os d&rsquo;introduction qui reprennent le vocabulaire et les tournures de phrases.<\/p>\n\n\n\n<p class=\"wp-embed-aspect-16-9 wp-has-aspect-ratio\"><a href=\"https:\/\/www.youtube.com\/watch?v=4s60l2_eQXw\" data-type=\"link\" data-id=\"https:\/\/www.youtube.com\/watch?v=4s60l2_eQXw\" target=\"_blank\" rel=\"noreferrer noopener\">Vid\u00e9o 1<\/a> et <a href=\"https:\/\/www.youtube.com\/watch?v=fxvj8nij_3o\" target=\"_blank\" rel=\"noreferrer noopener\">Vid\u00e9o 2<\/a><\/p>\n\n\n\n<p>Maintenant tu peux passer aux exercices d&rsquo;entra\u00eenement.<\/p>\n\n\n\n<p><a rel=\"noreferrer noopener\" href=\"https:\/\/learningapps.org\/315964\" data-type=\"link\" data-id=\"https:\/\/learningapps.org\/315964\" target=\"_blank\">Associer image \/ phrase<\/a><\/p>\n\n\n\n<p> <a rel=\"noreferrer noopener\" href=\"https:\/\/learningapps.org\/12046270\" data-type=\"link\" data-id=\"https:\/\/learningapps.org\/12046270\" target=\"_blank\">Associer image \/ phrase (2)<\/a><\/p>\n\n\n\n<p><a href=\"https:\/\/learningapps.org\/15127016\" data-type=\"link\" data-id=\"https:\/\/learningapps.org\/15550062\" target=\"_blank\" rel=\"noreferrer noopener\">Associer audio \/ image<\/a><\/p>\n\n\n\n<p><a rel=\"noreferrer noopener\" href=\"https:\/\/learningapps.org\/12046274\" data-type=\"link\" data-id=\"https:\/\/learningapps.org\/12046274\" target=\"_blank\">Associer audio \/ image (2)<\/a><\/p>\n\n\n\n<p><a rel=\"noreferrer noopener\" href=\"https:\/\/learningapps.org\/12046335\" data-type=\"link\" data-id=\"https:\/\/learningapps.org\/12046335\" target=\"_blank\">Associer audio \/ image (3)<\/a><\/p>\n\n\n\n<p><a rel=\"noreferrer noopener\" href=\"https:\/\/learningapps.org\/28159953\" data-type=\"link\" data-id=\"https:\/\/learningapps.org\/28159953\" target=\"_blank\">Demander ou indiquer le chemin ?<\/a><\/p>\n\n\n\n<p><a rel=\"noreferrer noopener\" href=\"https:\/\/learningapps.org\/10030545\" data-type=\"link\" data-id=\"https:\/\/learningapps.org\/10030545\" target=\"_blank\">Compr\u00e9hension orale (texte \u00e0 trous)<\/a><\/p>\n\n\n\n<p><a rel=\"noreferrer noopener\" href=\"https:\/\/learningapps.org\/10031794\" data-type=\"link\" data-id=\"https:\/\/learningapps.org\/10031794\" target=\"_blank\">Compr\u00e9hension orale (texte \u00e0 trous) (2)<\/a><\/p>\n\n\n\n<p><a href=\"https:\/\/learningapps.org\/10015838\" data-type=\"link\" data-id=\"https:\/\/learningapps.org\/10015838\" target=\"_blank\" rel=\"noreferrer noopener\">Compr\u00e9hension orale (2)<\/a> <\/p>\n\n\n\n<p><\/p>\n","protected":false},"excerpt":{"rendered":"<p>Pour commencer, tu peux regarder ces deux vid\u00e9os d&rsquo;introduction qui reprennent le vocabulaire et les tournures de phrases. Vid\u00e9o 1 et Vid\u00e9o 2 Maintenant tu peux passer aux exercices d&rsquo;entra\u00eenement. Associer image \/ phrase Associer image \/ phrase (2) Associer audio \/ image Associer audio \/ image (2) Associer audio \/ image (3) Demander ou &hellip; <\/p>\n<p class=\"link-more\"><a href=\"https:\/\/sites.ac-nancy-metz.fr\/upe2a-jules-ferry-woippy\/?page_id=1574\" class=\"more-link\">Continuer la lecture<span class=\"screen-reader-text\"> de &laquo;&nbsp;Indiquer \/ Suivre un itin\u00e9raire&nbsp;&raquo;<\/span><\/a><\/p>\n","protected":false},"author":4,"featured_media":0,"parent":0,"menu_order":0,"comment_status":"closed","ping_status":"closed","template":"","meta":{"footnotes":""},"_links":{"self":[{"href":"https:\/\/sites.ac-nancy-metz.fr\/upe2a-jules-ferry-woippy\/index.php?rest_route=\/wp\/v2\/pages\/1574"}],"collection":[{"href":"https:\/\/sites.ac-nancy-metz.fr\/upe2a-jules-ferry-woippy\/index.php?rest_route=\/wp\/v2\/pages"}],"about":[{"href":"https:\/\/sites.ac-nancy-metz.fr\/upe2a-jules-ferry-woippy\/index.php?rest_route=\/wp\/v2\/types\/page"}],"author":[{"embeddable":true,"href":"https:\/\/sites.ac-nancy-metz.fr\/upe2a-jules-ferry-woippy\/index.php?rest_route=\/wp\/v2\/users\/4"}],"replies":[{"embeddable":true,"href":"https:\/\/sites.ac-nancy-metz.fr\/upe2a-jules-ferry-woippy\/index.php?rest_route=%2Fwp%2Fv2%2Fcomments&post=1574"}],"version-history":[{"count":1,"href":"https:\/\/sites.ac-nancy-metz.fr\/upe2a-jules-ferry-woippy\/index.php?rest_route=\/wp\/v2\/pages\/1574\/revisions"}],"predecessor-version":[{"id":1576,"href":"https:\/\/sites.ac-nancy-metz.fr\/upe2a-jules-ferry-woippy\/index.php?rest_route=\/wp\/v2\/pages\/1574\/revisions\/1576"}],"wp:attachment":[{"href":"https:\/\/sites.ac-nancy-metz.fr\/upe2a-jules-ferry-woippy\/index.php?rest_route=%2Fwp%2Fv2%2Fmedia&parent=1574"}],"curies":[{"name":"wp","href":"https:\/\/api.w.org\/{rel}","templated":true}]}}