{"id":159,"date":"2021-04-10T14:35:19","date_gmt":"2021-04-10T12:35:19","guid":{"rendered":"https:\/\/sites.ac-nancy-metz.fr\/upe2a-jules-ferry-woippy\/?page_id=159"},"modified":"2023-08-23T14:21:35","modified_gmt":"2023-08-23T12:21:35","slug":"le-materiel-scolaire","status":"publish","type":"page","link":"https:\/\/sites.ac-nancy-metz.fr\/upe2a-jules-ferry-woippy\/?page_id=159","title":{"rendered":"Le mat\u00e9riel scolaire"},"content":{"rendered":"<h2>Voici des liens pour r\u00e9viser le vocabulaire du mat\u00e9riel scolaire<\/h2>\n<p>&nbsp;<\/p>\n<p><a href=\"https:\/\/learningapps.org\/2388295\" target=\"_blank\" rel=\"noopener\">Retrouver le mot entendu<\/a><\/p>\n<p><a href=\"https:\/\/learningapps.org\/view3044907\" target=\"_blank\" rel=\"noopener\">Associer image &#8211; mot (1)<\/a><\/p>\n<p><a href=\"https:\/\/learningapps.org\/display?v=p5p5ebb8t21\" target=\"_blank\" rel=\"noopener\">Associer image &#8211; mot (2)<\/a><\/p>\n<p><a href=\"https:\/\/learningapps.org\/11275014\" target=\"_blank\" rel=\"noopener\">Associer image &#8211; mot (3)<\/a><\/p>\n<p><a href=\"https:\/\/learningapps.org\/display?v=pnb3ada6a23\" target=\"_blank\" rel=\"noopener\">Lis et associe &#8211; A quoi \u00e7a sert ?<\/a><\/p>\n<p><a href=\"https:\/\/learningapps.org\/3865087\" target=\"_blank\" rel=\"noopener\">Remettre les lettres dans l&rsquo;ordre<\/a><\/p>\n<p><a href=\"https:\/\/learningapps.org\/display?v=prcoifx3k23\" target=\"_blank\" rel=\"noopener\">Dict\u00e9e de mots<\/a><\/p>\n<p><a href=\"https:\/\/learningapps.org\/10000054\" target=\"_blank\" rel=\"noopener\">Mots &#8211; crois\u00e9s<\/a><\/p>\n<p><a href=\"https:\/\/learningapps.org\/display?v=pio1cwsqj18\" target=\"_blank\" rel=\"noopener\">Exercice sur les articles<\/a><\/p>\n<p>&nbsp;<\/p>\n","protected":false},"excerpt":{"rendered":"<p>Voici des liens pour r\u00e9viser le vocabulaire du mat\u00e9riel scolaire &nbsp; Retrouver le mot entendu Associer image &#8211; mot (1) Associer image &#8211; mot (2) Associer image &#8211; mot (3) Lis et associe &#8211; A quoi \u00e7a sert ? Remettre les lettres dans l&rsquo;ordre Dict\u00e9e de mots Mots &#8211; crois\u00e9s Exercice sur les articles &nbsp;<\/p>\n","protected":false},"author":1,"featured_media":0,"parent":0,"menu_order":0,"comment_status":"closed","ping_status":"closed","template":"","meta":{"footnotes":""},"_links":{"self":[{"href":"https:\/\/sites.ac-nancy-metz.fr\/upe2a-jules-ferry-woippy\/index.php?rest_route=\/wp\/v2\/pages\/159"}],"collection":[{"href":"https:\/\/sites.ac-nancy-metz.fr\/upe2a-jules-ferry-woippy\/index.php?rest_route=\/wp\/v2\/pages"}],"about":[{"href":"https:\/\/sites.ac-nancy-metz.fr\/upe2a-jules-ferry-woippy\/index.php?rest_route=\/wp\/v2\/types\/page"}],"author":[{"embeddable":true,"href":"https:\/\/sites.ac-nancy-metz.fr\/upe2a-jules-ferry-woippy\/index.php?rest_route=\/wp\/v2\/users\/1"}],"replies":[{"embeddable":true,"href":"https:\/\/sites.ac-nancy-metz.fr\/upe2a-jules-ferry-woippy\/index.php?rest_route=%2Fwp%2Fv2%2Fcomments&post=159"}],"version-history":[{"count":10,"href":"https:\/\/sites.ac-nancy-metz.fr\/upe2a-jules-ferry-woippy\/index.php?rest_route=\/wp\/v2\/pages\/159\/revisions"}],"predecessor-version":[{"id":1110,"href":"https:\/\/sites.ac-nancy-metz.fr\/upe2a-jules-ferry-woippy\/index.php?rest_route=\/wp\/v2\/pages\/159\/revisions\/1110"}],"wp:attachment":[{"href":"https:\/\/sites.ac-nancy-metz.fr\/upe2a-jules-ferry-woippy\/index.php?rest_route=%2Fwp%2Fv2%2Fmedia&parent=159"}],"curies":[{"name":"wp","href":"https:\/\/api.w.org\/{rel}","templated":true}]}}