{"id":166,"date":"2021-04-10T14:45:44","date_gmt":"2021-04-10T12:45:44","guid":{"rendered":"https:\/\/sites.ac-nancy-metz.fr\/upe2a-jules-ferry-woippy\/?page_id=166"},"modified":"2023-08-23T14:50:37","modified_gmt":"2023-08-23T12:50:37","slug":"les-couleurs","status":"publish","type":"page","link":"https:\/\/sites.ac-nancy-metz.fr\/upe2a-jules-ferry-woippy\/?page_id=166","title":{"rendered":"Les couleurs"},"content":{"rendered":"<h2>Voici des liens pour r\u00e9viser le vocabulaire des couleurs<\/h2>\n<p>&nbsp;<\/p>\n<p><a href=\"https:\/\/learningapps.org\/display?v=pt5zg0c7k18\" target=\"_blank\" rel=\"noopener\">Associe image &#8211; mot entendu (1)<\/a><\/p>\n<p><a href=\"https:\/\/learningapps.org\/14474558\" target=\"_blank\" rel=\"noopener\">Associe image &#8211; mot entendu (2)<\/a><\/p>\n<p><a href=\"https:\/\/learningapps.org\/display?v=paw2w3min23\" target=\"_blank\" rel=\"noopener\">Associer couleur &#8211; mot<\/a><\/p>\n<p><a href=\"https:\/\/learningapps.org\/11473869\" target=\"_blank\" rel=\"noopener\">Associe phrase &#8211; image<\/a><\/p>\n<p><a href=\"https:\/\/learningapps.org\/display?v=pd7d15v5a17\" target=\"_blank\" rel=\"noopener\">Accord de l&rsquo;adjectif &#8211; A2<\/a><\/p>\n<p><a href=\"https:\/\/learningapps.org\/display?v=pbx3czuot20\" target=\"_blank\" rel=\"noopener\">Exercice &#8211; Compr\u00e9hension Orale<\/a><\/p>\n<p><a href=\"https:\/\/learningapps.org\/view3037563\" target=\"_blank\" rel=\"noopener\">Mots-crois\u00e9s<\/a><\/p>\n<p><a href=\"https:\/\/learningapps.org\/display?v=pz47jo5ft\" target=\"_blank\" rel=\"noopener\">Mots cach\u00e9s<\/a><\/p>\n<p>&nbsp;<\/p>\n","protected":false},"excerpt":{"rendered":"<p>Voici des liens pour r\u00e9viser le vocabulaire des couleurs &nbsp; Associe image &#8211; mot entendu (1) Associe image &#8211; mot entendu (2) Associer couleur &#8211; mot Associe phrase &#8211; image Accord de l&rsquo;adjectif &#8211; A2 Exercice &#8211; Compr\u00e9hension Orale Mots-crois\u00e9s Mots cach\u00e9s &nbsp;<\/p>\n","protected":false},"author":1,"featured_media":0,"parent":0,"menu_order":0,"comment_status":"closed","ping_status":"closed","template":"","meta":{"footnotes":""},"_links":{"self":[{"href":"https:\/\/sites.ac-nancy-metz.fr\/upe2a-jules-ferry-woippy\/index.php?rest_route=\/wp\/v2\/pages\/166"}],"collection":[{"href":"https:\/\/sites.ac-nancy-metz.fr\/upe2a-jules-ferry-woippy\/index.php?rest_route=\/wp\/v2\/pages"}],"about":[{"href":"https:\/\/sites.ac-nancy-metz.fr\/upe2a-jules-ferry-woippy\/index.php?rest_route=\/wp\/v2\/types\/page"}],"author":[{"embeddable":true,"href":"https:\/\/sites.ac-nancy-metz.fr\/upe2a-jules-ferry-woippy\/index.php?rest_route=\/wp\/v2\/users\/1"}],"replies":[{"embeddable":true,"href":"https:\/\/sites.ac-nancy-metz.fr\/upe2a-jules-ferry-woippy\/index.php?rest_route=%2Fwp%2Fv2%2Fcomments&post=166"}],"version-history":[{"count":7,"href":"https:\/\/sites.ac-nancy-metz.fr\/upe2a-jules-ferry-woippy\/index.php?rest_route=\/wp\/v2\/pages\/166\/revisions"}],"predecessor-version":[{"id":1115,"href":"https:\/\/sites.ac-nancy-metz.fr\/upe2a-jules-ferry-woippy\/index.php?rest_route=\/wp\/v2\/pages\/166\/revisions\/1115"}],"wp:attachment":[{"href":"https:\/\/sites.ac-nancy-metz.fr\/upe2a-jules-ferry-woippy\/index.php?rest_route=%2Fwp%2Fv2%2Fmedia&parent=166"}],"curies":[{"name":"wp","href":"https:\/\/api.w.org\/{rel}","templated":true}]}}