{"id":169,"date":"2021-04-10T14:54:56","date_gmt":"2021-04-10T12:54:56","guid":{"rendered":"https:\/\/sites.ac-nancy-metz.fr\/upe2a-jules-ferry-woippy\/?page_id=169"},"modified":"2023-08-23T15:04:39","modified_gmt":"2023-08-23T13:04:39","slug":"les-nombres","status":"publish","type":"page","link":"https:\/\/sites.ac-nancy-metz.fr\/upe2a-jules-ferry-woippy\/?page_id=169","title":{"rendered":"Les nombres"},"content":{"rendered":"<h2>Voici des liens pour r\u00e9viser le lexique des nombres<\/h2>\n<p>&nbsp;<\/p>\n<p><a href=\"https:\/\/learningapps.org\/2793030\" target=\"_blank\" rel=\"noopener\">Associe chiffre et mot (&lt;10)<\/a><\/p>\n<p><a href=\"https:\/\/learningapps.org\/display?v=pamx45c5j23\" target=\"_blank\" rel=\"noopener\">Associe nombres en lettres et chiffres\u00a0 &lt;69<\/a><\/p>\n<p><a href=\"https:\/\/learningapps.org\/29879999\" target=\"_blank\" rel=\"noopener\">Associe nombres en lettres et chiffres &lt;100<\/a><\/p>\n<p><a href=\"https:\/\/learningapps.org\/2834358\" target=\"_blank\" rel=\"noopener\">Associe nombres en lettres et chiffres &#8211; 60 \/ 99<\/a><\/p>\n<p><a href=\"https:\/\/learningapps.org\/display?v=pn8i3vva523\" target=\"_blank\" rel=\"noopener\">Associe nombres en lettres et chiffres &#8211; 60 \/ 99<\/a><\/p>\n<p><a href=\"https:\/\/learningapps.org\/31359645\" target=\"_blank\" rel=\"noopener\">Associe nombres en lettres et chiffres &#8211; 70 \/ 80<\/a><\/p>\n<p><a href=\"https:\/\/learningapps.org\/view3037591\" target=\"_blank\" rel=\"noopener\">Mots crois\u00e9s de 1 \u00e0 20<\/a><\/p>\n<p><a href=\"https:\/\/learningapps.org\/display?v=peu1xeiic01\" target=\"_blank\" rel=\"noopener\">Compr\u00e9hension Orale<\/a><\/p>\n<p><a href=\"https:\/\/learningapps.org\/display?v=ph7vbjkyn20\" target=\"_blank\" rel=\"noopener\">Dict\u00e9e de num\u00e9ros de t\u00e9l\u00e9phone (facile)<\/a><\/p>\n<p><a href=\"https:\/\/learningapps.org\/display?v=pp3g5v1m321\" target=\"_blank\" rel=\"noopener\">Dict\u00e9e de num\u00e9ros de t\u00e9l\u00e9phone (difficile)<\/a><\/p>\n<p><a href=\"https:\/\/learningapps.org\/17700277\" target=\"_blank\" rel=\"noopener\">Classe les nombres jusqu&rsquo;\u00e0 1 000<\/a><\/p>\n<p><a href=\"https:\/\/learningapps.org\/display?v=phbpdz0n201\" target=\"_blank\" rel=\"noopener\">Ecris les grands nombres (QCM) (1)<\/a><\/p>\n<p><a href=\"https:\/\/learningapps.org\/display?v=phcgtd6ec21\" target=\"_blank\" rel=\"noopener\">Ecris les grands nombres (QCM) (2)<\/a><\/p>\n<p><a href=\"https:\/\/learningapps.org\/display?v=p3eom20ik20\" target=\"_blank\" rel=\"noopener\">Ecris les grands nombres<\/a><\/p>\n","protected":false},"excerpt":{"rendered":"<p>Voici des liens pour r\u00e9viser le lexique des nombres &nbsp; Associe chiffre et mot (&lt;10) Associe nombres en lettres et chiffres\u00a0 &lt;69 Associe nombres en lettres et chiffres &lt;100 Associe nombres en lettres et chiffres &#8211; 60 \/ 99 Associe nombres en lettres et chiffres &#8211; 60 \/ 99 Associe nombres en lettres et chiffres &hellip; <\/p>\n<p class=\"link-more\"><a href=\"https:\/\/sites.ac-nancy-metz.fr\/upe2a-jules-ferry-woippy\/?page_id=169\" class=\"more-link\">Continuer la lecture<span class=\"screen-reader-text\"> de &laquo;&nbsp;Les nombres&nbsp;&raquo;<\/span><\/a><\/p>\n","protected":false},"author":1,"featured_media":0,"parent":0,"menu_order":0,"comment_status":"closed","ping_status":"closed","template":"","meta":{"footnotes":""},"_links":{"self":[{"href":"https:\/\/sites.ac-nancy-metz.fr\/upe2a-jules-ferry-woippy\/index.php?rest_route=\/wp\/v2\/pages\/169"}],"collection":[{"href":"https:\/\/sites.ac-nancy-metz.fr\/upe2a-jules-ferry-woippy\/index.php?rest_route=\/wp\/v2\/pages"}],"about":[{"href":"https:\/\/sites.ac-nancy-metz.fr\/upe2a-jules-ferry-woippy\/index.php?rest_route=\/wp\/v2\/types\/page"}],"author":[{"embeddable":true,"href":"https:\/\/sites.ac-nancy-metz.fr\/upe2a-jules-ferry-woippy\/index.php?rest_route=\/wp\/v2\/users\/1"}],"replies":[{"embeddable":true,"href":"https:\/\/sites.ac-nancy-metz.fr\/upe2a-jules-ferry-woippy\/index.php?rest_route=%2Fwp%2Fv2%2Fcomments&post=169"}],"version-history":[{"count":9,"href":"https:\/\/sites.ac-nancy-metz.fr\/upe2a-jules-ferry-woippy\/index.php?rest_route=\/wp\/v2\/pages\/169\/revisions"}],"predecessor-version":[{"id":1118,"href":"https:\/\/sites.ac-nancy-metz.fr\/upe2a-jules-ferry-woippy\/index.php?rest_route=\/wp\/v2\/pages\/169\/revisions\/1118"}],"wp:attachment":[{"href":"https:\/\/sites.ac-nancy-metz.fr\/upe2a-jules-ferry-woippy\/index.php?rest_route=%2Fwp%2Fv2%2Fmedia&parent=169"}],"curies":[{"name":"wp","href":"https:\/\/api.w.org\/{rel}","templated":true}]}}