{"id":212,"date":"2021-05-07T15:11:08","date_gmt":"2021-05-07T13:11:08","guid":{"rendered":"https:\/\/sites.ac-nancy-metz.fr\/upe2a-jules-ferry-woippy\/?page_id=212"},"modified":"2023-08-23T13:51:44","modified_gmt":"2023-08-23T11:51:44","slug":"se-presenter","status":"publish","type":"page","link":"https:\/\/sites.ac-nancy-metz.fr\/upe2a-jules-ferry-woippy\/?page_id=212","title":{"rendered":"Se pr\u00e9senter"},"content":{"rendered":"<h2>Voici des liens pour r\u00e9viser la le\u00e7on \u00ab\u00a0Se pr\u00e9senter\u00a0\u00bb<\/h2>\n<p>&nbsp;<\/p>\n<p><a href=\"https:\/\/h5p.org\/node\/611222\" target=\"_blank\" rel=\"noopener\">Texte \u00e0 trous (A1)<\/a><\/p>\n<p><a href=\"https:\/\/learningapps.org\/display?v=podd56d6k20\" target=\"_blank\" rel=\"noopener\">QCM &#8211; choisir la bonne r\u00e9ponse (oral)<\/a><\/p>\n<p><a href=\"https:\/\/learningapps.org\/display?v=py8qh6po520\" target=\"_blank\" rel=\"noopener\">QCM &#8211; choisir la bonne question (oral)<\/a><\/p>\n<p><a href=\"https:\/\/learningapps.org\/14612853\" target=\"_blank\" rel=\"noopener\">M\u00e9mory &#8211; Questions \/ R\u00e9ponses<\/a><\/p>\n<p><a href=\"https:\/\/learningapps.org\/display?v=pkk8dqscn17\" target=\"_blank\" rel=\"noopener\">Ecrire le nom des sports<\/a><\/p>\n<p><a href=\"https:\/\/learningapps.org\/display?v=pqrvxzrsk16\" target=\"_blank\" rel=\"noopener\">Dict\u00e9e de mots, phrases (A2)<\/a><\/p>\n<p><a href=\"https:\/\/learningapps.org\/display?v=p5a7kt5q223\" target=\"_blank\" rel=\"noopener\">Texte \u00e0 trous &#8211; Conjugaison (\u00eatre, avoir, s&rsquo;appeler) (A2)<\/a><\/p>\n<p style=\"text-align: right;\">Bon entra\u00eenement !<\/p>\n","protected":false},"excerpt":{"rendered":"<p>Voici des liens pour r\u00e9viser la le\u00e7on \u00ab\u00a0Se pr\u00e9senter\u00a0\u00bb &nbsp; Texte \u00e0 trous (A1) QCM &#8211; choisir la bonne r\u00e9ponse (oral) QCM &#8211; choisir la bonne question (oral) M\u00e9mory &#8211; Questions \/ R\u00e9ponses Ecrire le nom des sports Dict\u00e9e de mots, phrases (A2) Texte \u00e0 trous &#8211; Conjugaison (\u00eatre, avoir, s&rsquo;appeler) (A2) Bon entra\u00eenement !<\/p>\n","protected":false},"author":1,"featured_media":0,"parent":0,"menu_order":0,"comment_status":"closed","ping_status":"closed","template":"","meta":{"footnotes":""},"_links":{"self":[{"href":"https:\/\/sites.ac-nancy-metz.fr\/upe2a-jules-ferry-woippy\/index.php?rest_route=\/wp\/v2\/pages\/212"}],"collection":[{"href":"https:\/\/sites.ac-nancy-metz.fr\/upe2a-jules-ferry-woippy\/index.php?rest_route=\/wp\/v2\/pages"}],"about":[{"href":"https:\/\/sites.ac-nancy-metz.fr\/upe2a-jules-ferry-woippy\/index.php?rest_route=\/wp\/v2\/types\/page"}],"author":[{"embeddable":true,"href":"https:\/\/sites.ac-nancy-metz.fr\/upe2a-jules-ferry-woippy\/index.php?rest_route=\/wp\/v2\/users\/1"}],"replies":[{"embeddable":true,"href":"https:\/\/sites.ac-nancy-metz.fr\/upe2a-jules-ferry-woippy\/index.php?rest_route=%2Fwp%2Fv2%2Fcomments&post=212"}],"version-history":[{"count":8,"href":"https:\/\/sites.ac-nancy-metz.fr\/upe2a-jules-ferry-woippy\/index.php?rest_route=\/wp\/v2\/pages\/212\/revisions"}],"predecessor-version":[{"id":1102,"href":"https:\/\/sites.ac-nancy-metz.fr\/upe2a-jules-ferry-woippy\/index.php?rest_route=\/wp\/v2\/pages\/212\/revisions\/1102"}],"wp:attachment":[{"href":"https:\/\/sites.ac-nancy-metz.fr\/upe2a-jules-ferry-woippy\/index.php?rest_route=%2Fwp%2Fv2%2Fmedia&parent=212"}],"curies":[{"name":"wp","href":"https:\/\/api.w.org\/{rel}","templated":true}]}}