{"id":219,"date":"2021-05-15T11:37:30","date_gmt":"2021-05-15T09:37:30","guid":{"rendered":"https:\/\/sites.ac-nancy-metz.fr\/upe2a-jules-ferry-woippy\/?page_id=219"},"modified":"2024-05-10T15:17:07","modified_gmt":"2024-05-10T13:17:07","slug":"la-meteo","status":"publish","type":"page","link":"https:\/\/sites.ac-nancy-metz.fr\/upe2a-jules-ferry-woippy\/?page_id=219","title":{"rendered":"La m\u00e9t\u00e9o"},"content":{"rendered":"<h2>Voici des liens pour r\u00e9viser le vocabulaire de la m\u00e9t\u00e9o<\/h2>\n<p>&nbsp;<\/p>\n<p><a href=\"https:\/\/learningapps.org\/display?v=pj6qvtuu519\" target=\"_blank\" rel=\"noopener\">Associer image \/ phrase (A1.1)<\/a><\/p>\n<p><a href=\"https:\/\/learningapps.org\/display?v=peb3c7xzt16\" target=\"_blank\" rel=\"noopener\">Associer image \/ mot entendu (A1.1)<\/a><\/p>\n<p><a href=\"https:\/\/learningapps.org\/display?v=pywisakba20\" target=\"_blank\" rel=\"noopener\">Associer image \/ mot entendu (A1)<\/a><\/p>\n<p><a href=\"https:\/\/learningapps.org\/display?v=p3wxvs0h223\" target=\"_blank\" rel=\"noopener\">Associer image \/ phrase (A1)<\/a><\/p>\n<p><a href=\"https:\/\/learningapps.org\/display?v=p1f569qdn20\" target=\"_blank\" rel=\"noopener\">QCM<\/a><\/p>\n<p><a href=\"https:\/\/learningapps.org\/display?v=pw9izw7za20\" target=\"_blank\" rel=\"noopener\">Bulletin m\u00e9t\u00e9o (vid\u00e9o) avec texte \u00e0 trous &#8211; QCM<\/a><\/p>\n<p><a href=\"https:\/\/learningapps.org\/display?v=pqt0kqpb501\" target=\"_blank\" rel=\"noopener\">Bulletin m\u00e9t\u00e9o (vid\u00e9o) avec texte \u00e0 trous<\/a><\/p>\n<p><a href=\"https:\/\/learningapps.org\/display?v=ppf9kd98j20\" target=\"_blank\" rel=\"noopener\">Bulletin m\u00e9t\u00e9o (affiche) avec texte \u00e0 trous <\/a><\/p>\n<p><a href=\"https:\/\/learningapps.org\/display?v=p4pr6pcz201\" target=\"_blank\" rel=\"noopener\">Structure de phrases de la m\u00e9t\u00e9o (Il y a \/ Il fait \/ Il)<\/a><\/p>\n<p><a href=\"https:\/\/learningapps.org\/display?v=ppzxudoaj20\" target=\"_blank\" rel=\"noopener\">Futur simple + m\u00e9t\u00e9o<\/a><\/p>\n<p><a href=\"https:\/\/learningapps.org\/display?v=ptgnasv3516\" target=\"_blank\" rel=\"noopener\">Expressions idiomatiques (A2)<\/a><\/p>\n<p><a href=\"https:\/\/apprendre.tv5monde.com\/fr\/exercices\/a2-elementaire\/la-meteo\" target=\"_blank\" rel=\"noopener\">Exercice TV5Monde (A2)<\/a><\/p>\n<p>&nbsp;<\/p>\n","protected":false},"excerpt":{"rendered":"<p>Voici des liens pour r\u00e9viser le vocabulaire de la m\u00e9t\u00e9o &nbsp; Associer image \/ phrase (A1.1) Associer image \/ mot entendu (A1.1) Associer image \/ mot entendu (A1) Associer image \/ phrase (A1) QCM Bulletin m\u00e9t\u00e9o (vid\u00e9o) avec texte \u00e0 trous &#8211; QCM Bulletin m\u00e9t\u00e9o (vid\u00e9o) avec texte \u00e0 trous Bulletin m\u00e9t\u00e9o (affiche) avec texte &hellip; <\/p>\n<p class=\"link-more\"><a href=\"https:\/\/sites.ac-nancy-metz.fr\/upe2a-jules-ferry-woippy\/?page_id=219\" class=\"more-link\">Continuer la lecture<span class=\"screen-reader-text\"> de &laquo;&nbsp;La m\u00e9t\u00e9o&nbsp;&raquo;<\/span><\/a><\/p>\n","protected":false},"author":1,"featured_media":0,"parent":0,"menu_order":0,"comment_status":"closed","ping_status":"closed","template":"","meta":{"footnotes":""},"_links":{"self":[{"href":"https:\/\/sites.ac-nancy-metz.fr\/upe2a-jules-ferry-woippy\/index.php?rest_route=\/wp\/v2\/pages\/219"}],"collection":[{"href":"https:\/\/sites.ac-nancy-metz.fr\/upe2a-jules-ferry-woippy\/index.php?rest_route=\/wp\/v2\/pages"}],"about":[{"href":"https:\/\/sites.ac-nancy-metz.fr\/upe2a-jules-ferry-woippy\/index.php?rest_route=\/wp\/v2\/types\/page"}],"author":[{"embeddable":true,"href":"https:\/\/sites.ac-nancy-metz.fr\/upe2a-jules-ferry-woippy\/index.php?rest_route=\/wp\/v2\/users\/1"}],"replies":[{"embeddable":true,"href":"https:\/\/sites.ac-nancy-metz.fr\/upe2a-jules-ferry-woippy\/index.php?rest_route=%2Fwp%2Fv2%2Fcomments&post=219"}],"version-history":[{"count":6,"href":"https:\/\/sites.ac-nancy-metz.fr\/upe2a-jules-ferry-woippy\/index.php?rest_route=\/wp\/v2\/pages\/219\/revisions"}],"predecessor-version":[{"id":1295,"href":"https:\/\/sites.ac-nancy-metz.fr\/upe2a-jules-ferry-woippy\/index.php?rest_route=\/wp\/v2\/pages\/219\/revisions\/1295"}],"wp:attachment":[{"href":"https:\/\/sites.ac-nancy-metz.fr\/upe2a-jules-ferry-woippy\/index.php?rest_route=%2Fwp%2Fv2%2Fmedia&parent=219"}],"curies":[{"name":"wp","href":"https:\/\/api.w.org\/{rel}","templated":true}]}}