{"id":245,"date":"2021-05-17T16:01:30","date_gmt":"2021-05-17T14:01:30","guid":{"rendered":"https:\/\/sites.ac-nancy-metz.fr\/upe2a-jules-ferry-woippy\/?page_id=245"},"modified":"2023-11-19T17:41:58","modified_gmt":"2023-11-19T16:41:58","slug":"lalimentation","status":"publish","type":"page","link":"https:\/\/sites.ac-nancy-metz.fr\/upe2a-jules-ferry-woippy\/?page_id=245","title":{"rendered":"L&rsquo;alimentation"},"content":{"rendered":"<h2>Voici des liens pour r\u00e9viser le vocabulaire de l&rsquo;alimentation<\/h2>\n<p>&nbsp;<\/p>\n<p><a href=\"https:\/\/learningapps.org\/display?v=pf9sn5sit21\" target=\"_blank\" rel=\"noopener\">Associe l&rsquo;image \u00e0 son nom (audio) (A1)<\/a><\/p>\n<p><a href=\"https:\/\/learningapps.org\/display?v=p1c2roudk20\" target=\"_blank\" rel=\"noopener\">Associe l&rsquo;image \u00e0 son nom (audio) (A1) (2)<\/a><\/p>\n<p><a href=\"https:\/\/learningapps.org\/display?v=p8i8opus301\" target=\"_blank\" rel=\"noopener\">Retrouve le nom de chaque produit<\/a><\/p>\n<p><a href=\"https:\/\/learningapps.org\/display?v=p8dbbcyia20\" target=\"_blank\" rel=\"noopener\">10 exercices \/ jeux (m\u00e9mory, dict\u00e9e, &#8230;)<\/a><\/p>\n<p><a href=\"https:\/\/learningapps.org\/display?v=pbv35eyec20\" target=\"_blank\" rel=\"noopener\">Je parle de ce que j&rsquo;aime manger \/ boire<\/a><\/p>\n<p><a href=\"https:\/\/learningapps.org\/display?v=puxsew66j23\" target=\"_blank\" rel=\"noopener\">Quelques plats fran\u00e7ais<\/a><\/p>\n<p><a href=\"https:\/\/learningapps.org\/display?v=pk4khmzwk20\" target=\"_blank\" rel=\"noopener\">Les quantit\u00e9s<\/a><\/p>\n<p><a href=\"https:\/\/learningapps.org\/display?v=p58es5tat19\" target=\"_blank\" rel=\"noopener\">Les articles partitifs<\/a><\/p>\n<p><a href=\"https:\/\/learningapps.org\/display?v=pfuo2xuta01\" target=\"_blank\" rel=\"noopener\">Les articles partitifs &#8211; texte \u00e0 trous \/ choix multiples (A2)<\/a><\/p>\n<p><a href=\"https:\/\/learningapps.org\/display?v=pp5aep80k18\" target=\"_blank\" rel=\"noopener\">Les articles partitifs 2 &#8211; texte \u00e0 trous \/ choix multiples (A2)<\/a><\/p>\n","protected":false},"excerpt":{"rendered":"<p>Voici des liens pour r\u00e9viser le vocabulaire de l&rsquo;alimentation &nbsp; Associe l&rsquo;image \u00e0 son nom (audio) (A1) Associe l&rsquo;image \u00e0 son nom (audio) (A1) (2) Retrouve le nom de chaque produit 10 exercices \/ jeux (m\u00e9mory, dict\u00e9e, &#8230;) Je parle de ce que j&rsquo;aime manger \/ boire Quelques plats fran\u00e7ais Les quantit\u00e9s Les articles partitifs &hellip; <\/p>\n<p class=\"link-more\"><a href=\"https:\/\/sites.ac-nancy-metz.fr\/upe2a-jules-ferry-woippy\/?page_id=245\" class=\"more-link\">Continuer la lecture<span class=\"screen-reader-text\"> de &laquo;&nbsp;L&rsquo;alimentation&nbsp;&raquo;<\/span><\/a><\/p>\n","protected":false},"author":1,"featured_media":0,"parent":0,"menu_order":0,"comment_status":"closed","ping_status":"closed","template":"","meta":{"footnotes":""},"_links":{"self":[{"href":"https:\/\/sites.ac-nancy-metz.fr\/upe2a-jules-ferry-woippy\/index.php?rest_route=\/wp\/v2\/pages\/245"}],"collection":[{"href":"https:\/\/sites.ac-nancy-metz.fr\/upe2a-jules-ferry-woippy\/index.php?rest_route=\/wp\/v2\/pages"}],"about":[{"href":"https:\/\/sites.ac-nancy-metz.fr\/upe2a-jules-ferry-woippy\/index.php?rest_route=\/wp\/v2\/types\/page"}],"author":[{"embeddable":true,"href":"https:\/\/sites.ac-nancy-metz.fr\/upe2a-jules-ferry-woippy\/index.php?rest_route=\/wp\/v2\/users\/1"}],"replies":[{"embeddable":true,"href":"https:\/\/sites.ac-nancy-metz.fr\/upe2a-jules-ferry-woippy\/index.php?rest_route=%2Fwp%2Fv2%2Fcomments&post=245"}],"version-history":[{"count":2,"href":"https:\/\/sites.ac-nancy-metz.fr\/upe2a-jules-ferry-woippy\/index.php?rest_route=\/wp\/v2\/pages\/245\/revisions"}],"predecessor-version":[{"id":1223,"href":"https:\/\/sites.ac-nancy-metz.fr\/upe2a-jules-ferry-woippy\/index.php?rest_route=\/wp\/v2\/pages\/245\/revisions\/1223"}],"wp:attachment":[{"href":"https:\/\/sites.ac-nancy-metz.fr\/upe2a-jules-ferry-woippy\/index.php?rest_route=%2Fwp%2Fv2%2Fmedia&parent=245"}],"curies":[{"name":"wp","href":"https:\/\/api.w.org\/{rel}","templated":true}]}}