{"id":45,"date":"2020-08-25T11:53:58","date_gmt":"2020-08-25T09:53:58","guid":{"rendered":"https:\/\/sites.ac-nancy-metz.fr\/upe2a-jules-ferry-woippy\/?page_id=45"},"modified":"2023-12-06T19:54:15","modified_gmt":"2023-12-06T18:54:15","slug":"accueil","status":"publish","type":"page","link":"https:\/\/sites.ac-nancy-metz.fr\/upe2a-jules-ferry-woippy\/","title":{"rendered":"Accueil"},"content":{"rendered":"<h1 style=\"text-align: center;\"><strong>Bienvenue sur notre blog !<\/strong><\/h1>\n<h1 style=\"text-align: center;\"><img decoding=\"async\" loading=\"lazy\" class=\"size-medium wp-image-37 aligncenter\" src=\"https:\/\/sites.ac-nancy-metz.fr\/upe2a-jules-ferry-woippy\/wp-content\/uploads\/blog-2355684_1920-300x200.jpg\" alt=\"\" width=\"300\" height=\"200\" srcset=\"https:\/\/sites.ac-nancy-metz.fr\/upe2a-jules-ferry-woippy\/wp-content\/uploads\/blog-2355684_1920-300x200.jpg 300w, https:\/\/sites.ac-nancy-metz.fr\/upe2a-jules-ferry-woippy\/wp-content\/uploads\/blog-2355684_1920-768x512.jpg 768w, https:\/\/sites.ac-nancy-metz.fr\/upe2a-jules-ferry-woippy\/wp-content\/uploads\/blog-2355684_1920-1024x682.jpg 1024w, https:\/\/sites.ac-nancy-metz.fr\/upe2a-jules-ferry-woippy\/wp-content\/uploads\/blog-2355684_1920.jpg 1920w\" sizes=\"(max-width: 300px) 100vw, 300px\" \/><\/h1>\n<p>&nbsp;<\/p>\n<p>Ce blog est principalement destin\u00e9 aux \u00e9l\u00e8ves de l&rsquo;UPE2A et \u00e0 leurs familles.<\/p>\n<p>Sur ce blog, vous trouverez<\/p>\n<ul>\n<li>des informations g\u00e9n\u00e9rales pour les familles<\/li>\n<li>des ressources pour r\u00e9viser \u00e0 la maison ou travailler en classe<\/li>\n<li>des \u00e9crits d&rsquo;\u00e9l\u00e8ves<\/li>\n<\/ul>\n<h1 style=\"text-align: center;\"><strong>Bonne visite !<\/strong><\/h1>\n\n\n<hr class=\"wp-block-separator has-alpha-channel-opacity\"\/>\n\n\n\n<p><\/p>\n\n\n\n<p class=\"has-medium-font-size\"><strong>Derniers articles<\/strong><\/p>\n\n\n<ul class=\"wp-block-latest-posts__list wp-block-latest-posts\"><li><a class=\"wp-block-latest-posts__post-title\" href=\"https:\/\/sites.ac-nancy-metz.fr\/upe2a-jules-ferry-woippy\/?p=1561\">Semaine des langues vivantes 2026<\/a><\/li>\n<li><a class=\"wp-block-latest-posts__post-title\" href=\"https:\/\/sites.ac-nancy-metz.fr\/upe2a-jules-ferry-woippy\/?p=1437\">SOMALIE<\/a><\/li>\n<li><a class=\"wp-block-latest-posts__post-title\" href=\"https:\/\/sites.ac-nancy-metz.fr\/upe2a-jules-ferry-woippy\/?p=1436\">BANGLADESH<\/a><\/li>\n<li><a class=\"wp-block-latest-posts__post-title\" href=\"https:\/\/sites.ac-nancy-metz.fr\/upe2a-jules-ferry-woippy\/?p=1435\">SOMALIE<\/a><\/li>\n<li><a class=\"wp-block-latest-posts__post-title\" href=\"https:\/\/sites.ac-nancy-metz.fr\/upe2a-jules-ferry-woippy\/?p=1421\">AFGHANISTAN<\/a><\/li>\n<\/ul>\n\n\n<p class=\"has-medium-font-size\"><strong>Derniers commentaires<\/strong><\/p>\n\n\n<ol class=\"has-avatars has-dates has-excerpts wp-block-latest-comments\"><li class=\"wp-block-latest-comments__comment\"><img alt='' src='https:\/\/secure.gravatar.com\/avatar\/a428567ae32f01ad16aa11c3431621fa?s=48&#038;d=mm&#038;r=g' srcset='https:\/\/secure.gravatar.com\/avatar\/a428567ae32f01ad16aa11c3431621fa?s=96&#038;d=mm&#038;r=g 2x' class='avatar avatar-48 photo wp-block-latest-comments__comment-avatar' height='48' width='48' loading='lazy' decoding='async'\/><article><footer class=\"wp-block-latest-comments__comment-meta\"><span class=\"wp-block-latest-comments__comment-author\">alaa zarouf<\/span> sur <a class=\"wp-block-latest-comments__comment-link\" href=\"https:\/\/sites.ac-nancy-metz.fr\/upe2a-jules-ferry-woippy\/?p=829#comment-5\">MON PARCOURS MIGRATOIRE<\/a><time datetime=\"2024-03-26T15:07:19+01:00\" class=\"wp-block-latest-comments__comment-date\">26 mars 2024<\/time><\/footer><div class=\"wp-block-latest-comments__comment-excerpt\"><p>c&rsquo;est bien<\/p>\n<\/div><\/article><\/li><li class=\"wp-block-latest-comments__comment\"><img alt='' src='https:\/\/secure.gravatar.com\/avatar\/a428567ae32f01ad16aa11c3431621fa?s=48&#038;d=mm&#038;r=g' srcset='https:\/\/secure.gravatar.com\/avatar\/a428567ae32f01ad16aa11c3431621fa?s=96&#038;d=mm&#038;r=g 2x' class='avatar avatar-48 photo wp-block-latest-comments__comment-avatar' height='48' width='48' loading='lazy' decoding='async'\/><article><footer class=\"wp-block-latest-comments__comment-meta\"><span class=\"wp-block-latest-comments__comment-author\">alaa zarouf<\/span> sur <a class=\"wp-block-latest-comments__comment-link\" href=\"https:\/\/sites.ac-nancy-metz.fr\/upe2a-jules-ferry-woippy\/?p=1196#comment-3\">Sortie \u00e0 l&rsquo;Agora<\/a><time datetime=\"2024-03-26T15:03:05+01:00\" class=\"wp-block-latest-comments__comment-date\">26 mars 2024<\/time><\/footer><div class=\"wp-block-latest-comments__comment-excerpt\"><p>c&rsquo;est \u00e9tait trop bien<\/p>\n<\/div><\/article><\/li><li class=\"wp-block-latest-comments__comment\"><img alt='' src='https:\/\/secure.gravatar.com\/avatar\/243e2149e2eea45184e8852244f41326?s=48&#038;d=mm&#038;r=g' srcset='https:\/\/secure.gravatar.com\/avatar\/243e2149e2eea45184e8852244f41326?s=96&#038;d=mm&#038;r=g 2x' class='avatar avatar-48 photo wp-block-latest-comments__comment-avatar' height='48' width='48' loading='lazy' decoding='async'\/><article><footer class=\"wp-block-latest-comments__comment-meta\"><span class=\"wp-block-latest-comments__comment-author\">Sanouci<\/span> sur <a class=\"wp-block-latest-comments__comment-link\" href=\"https:\/\/sites.ac-nancy-metz.fr\/upe2a-jules-ferry-woippy\/?p=829#comment-1\">MON PARCOURS MIGRATOIRE<\/a><time datetime=\"2021-12-09T20:10:42+01:00\" class=\"wp-block-latest-comments__comment-date\">9 d\u00e9cembre 2021<\/time><\/footer><div class=\"wp-block-latest-comments__comment-excerpt\"><p>Bonjour Mme Godfrin Merci davoir publi\u00e9 l&rsquo;histoire de nisrine cela nous rempli de fiert\u00e9. Merci pour votre aide et pour&hellip;<\/p>\n<\/div><\/article><\/li><\/ol>","protected":false},"excerpt":{"rendered":"<p>Bienvenue sur notre blog ! &nbsp; Ce blog est principalement destin\u00e9 aux \u00e9l\u00e8ves de l&rsquo;UPE2A et \u00e0 leurs familles. Sur ce blog, vous trouverez des informations g\u00e9n\u00e9rales pour les familles des ressources pour r\u00e9viser \u00e0 la maison ou travailler en classe des \u00e9crits d&rsquo;\u00e9l\u00e8ves Bonne visite ! Derniers articles Derniers commentaires<\/p>\n","protected":false},"author":1,"featured_media":0,"parent":0,"menu_order":0,"comment_status":"closed","ping_status":"closed","template":"","meta":{"footnotes":""},"_links":{"self":[{"href":"https:\/\/sites.ac-nancy-metz.fr\/upe2a-jules-ferry-woippy\/index.php?rest_route=\/wp\/v2\/pages\/45"}],"collection":[{"href":"https:\/\/sites.ac-nancy-metz.fr\/upe2a-jules-ferry-woippy\/index.php?rest_route=\/wp\/v2\/pages"}],"about":[{"href":"https:\/\/sites.ac-nancy-metz.fr\/upe2a-jules-ferry-woippy\/index.php?rest_route=\/wp\/v2\/types\/page"}],"author":[{"embeddable":true,"href":"https:\/\/sites.ac-nancy-metz.fr\/upe2a-jules-ferry-woippy\/index.php?rest_route=\/wp\/v2\/users\/1"}],"replies":[{"embeddable":true,"href":"https:\/\/sites.ac-nancy-metz.fr\/upe2a-jules-ferry-woippy\/index.php?rest_route=%2Fwp%2Fv2%2Fcomments&post=45"}],"version-history":[{"count":10,"href":"https:\/\/sites.ac-nancy-metz.fr\/upe2a-jules-ferry-woippy\/index.php?rest_route=\/wp\/v2\/pages\/45\/revisions"}],"predecessor-version":[{"id":1275,"href":"https:\/\/sites.ac-nancy-metz.fr\/upe2a-jules-ferry-woippy\/index.php?rest_route=\/wp\/v2\/pages\/45\/revisions\/1275"}],"wp:attachment":[{"href":"https:\/\/sites.ac-nancy-metz.fr\/upe2a-jules-ferry-woippy\/index.php?rest_route=%2Fwp%2Fv2%2Fmedia&parent=45"}],"curies":[{"name":"wp","href":"https:\/\/api.w.org\/{rel}","templated":true}]}}