{"id":699,"date":"2021-09-21T13:54:35","date_gmt":"2021-09-21T11:54:35","guid":{"rendered":"https:\/\/sites.ac-nancy-metz.fr\/upe2a-jules-ferry-woippy\/?page_id=699"},"modified":"2021-09-21T13:54:35","modified_gmt":"2021-09-21T11:54:35","slug":"lautomne","status":"publish","type":"page","link":"https:\/\/sites.ac-nancy-metz.fr\/upe2a-jules-ferry-woippy\/?page_id=699","title":{"rendered":"L&rsquo;automne"},"content":{"rendered":"<p>Pour travailler sur le th\u00e8me de l&rsquo;automne,\u00a0<a href=\"https:\/\/francais.lingolia.com\/fr\/vocabulaire\/les-saisons\/lautomne\" target=\"_blank\" rel=\"noopener\">cliquez ici !<\/a><\/p>\n<p>Vous trouverez :<\/p>\n<ul>\n<li>une image pour apprendre le vocabulaire de l&rsquo;automne<\/li>\n<li>un texte \u00e0 \u00e9couter avec des questions de compr\u00e9hension<\/li>\n<li>des exercices de vocabulaire<\/li>\n<\/ul>\n","protected":false},"excerpt":{"rendered":"<p>Pour travailler sur le th\u00e8me de l&rsquo;automne,\u00a0cliquez ici ! Vous trouverez : une image pour apprendre le vocabulaire de l&rsquo;automne un texte \u00e0 \u00e9couter avec des questions de compr\u00e9hension des exercices de vocabulaire<\/p>\n","protected":false},"author":4,"featured_media":0,"parent":0,"menu_order":0,"comment_status":"closed","ping_status":"closed","template":"","meta":{"footnotes":""},"_links":{"self":[{"href":"https:\/\/sites.ac-nancy-metz.fr\/upe2a-jules-ferry-woippy\/index.php?rest_route=\/wp\/v2\/pages\/699"}],"collection":[{"href":"https:\/\/sites.ac-nancy-metz.fr\/upe2a-jules-ferry-woippy\/index.php?rest_route=\/wp\/v2\/pages"}],"about":[{"href":"https:\/\/sites.ac-nancy-metz.fr\/upe2a-jules-ferry-woippy\/index.php?rest_route=\/wp\/v2\/types\/page"}],"author":[{"embeddable":true,"href":"https:\/\/sites.ac-nancy-metz.fr\/upe2a-jules-ferry-woippy\/index.php?rest_route=\/wp\/v2\/users\/4"}],"replies":[{"embeddable":true,"href":"https:\/\/sites.ac-nancy-metz.fr\/upe2a-jules-ferry-woippy\/index.php?rest_route=%2Fwp%2Fv2%2Fcomments&post=699"}],"version-history":[{"count":1,"href":"https:\/\/sites.ac-nancy-metz.fr\/upe2a-jules-ferry-woippy\/index.php?rest_route=\/wp\/v2\/pages\/699\/revisions"}],"predecessor-version":[{"id":701,"href":"https:\/\/sites.ac-nancy-metz.fr\/upe2a-jules-ferry-woippy\/index.php?rest_route=\/wp\/v2\/pages\/699\/revisions\/701"}],"wp:attachment":[{"href":"https:\/\/sites.ac-nancy-metz.fr\/upe2a-jules-ferry-woippy\/index.php?rest_route=%2Fwp%2Fv2%2Fmedia&parent=699"}],"curies":[{"name":"wp","href":"https:\/\/api.w.org\/{rel}","templated":true}]}}