{"id":717,"date":"2021-10-08T14:16:39","date_gmt":"2021-10-08T12:16:39","guid":{"rendered":"https:\/\/sites.ac-nancy-metz.fr\/upe2a-jules-ferry-woippy\/?page_id=717"},"modified":"2025-11-10T13:46:56","modified_gmt":"2025-11-10T12:46:56","slug":"drapeaux-pays-et-nationalites","status":"publish","type":"page","link":"https:\/\/sites.ac-nancy-metz.fr\/upe2a-jules-ferry-woippy\/?page_id=717","title":{"rendered":"Drapeaux, pays et nationalit\u00e9s"},"content":{"rendered":"<h2>Voici des liens pour r\u00e9viser la le\u00e7on sur \u00ab\u00a0Les drapeaux, les pays et les nationalit\u00e9s\u00a0\u00bb<\/h2>\n<p>&nbsp;<\/p>\n<p><a href=\"https:\/\/learningapps.org\/display?v=pfcf1mhpk23\" target=\"_blank\" rel=\"noopener\">Associer les drapeaux et les noms de pays<\/a><\/p>\n<p><a href=\"https:\/\/learningapps.org\/display?v=p6p98n5a520\" target=\"_blank\" rel=\"noopener\">Associer les drapeaux et les nationalit\u00e9s<\/a><\/p>\n<p><a href=\"https:\/\/learningapps.org\/display?v=pfx6tv7kk23\" target=\"_blank\" rel=\"noopener\">Associer le pays et la nationalit\u00e9<\/a><\/p>\n<p><a href=\"https:\/\/learningapps.org\/display?v=p49vh4bo201\" target=\"_blank\" rel=\"noopener\">Masculin ou f\u00e9minin ? (audio)<\/a><\/p>\n<p><a href=\"https:\/\/learningapps.org\/display?v=p92oztq0v20\" target=\"_blank\" rel=\"noopener\">Masculin ou f\u00e9minin ? (\u00e9crit)<\/a><\/p>\n<p><a href=\"https:\/\/learningapps.org\/watch?v=pedt7mdcn22\" target=\"_blank\" rel=\"noopener\">Masculin, f\u00e9minin ou les deux ?<\/a><\/p>\n<p><a href=\"https:\/\/learningapps.org\/515949\" target=\"_blank\" rel=\"noopener\">Les nationalit\u00e9s (mots crois\u00e9s &#8211; A2)<\/a><\/p>\n<p><a href=\"https:\/\/learningapps.org\/display?v=pu109a1wn01\" target=\"_blank\" rel=\"noopener\">4 exercices sur les nationalit\u00e9s<\/a><\/p>\n<p><a href=\"https:\/\/h5p.org\/node\/713948\" target=\"_blank\" rel=\"noopener\">Exercice suppl\u00e9mentaire sur les capitales<\/a><\/p>\n<p><a href=\"https:\/\/learningapps.org\/display?v=p67d1yrma23\" target=\"_blank\" rel=\"noopener\">Situer les pays sur la carte<\/a><\/p>\n<p style=\"text-align: right;\">Bon entra\u00eenement !<\/p>\n<p>&nbsp;<\/p>\n<p>&nbsp;<\/p>\n","protected":false},"excerpt":{"rendered":"<p>Voici des liens pour r\u00e9viser la le\u00e7on sur \u00ab\u00a0Les drapeaux, les pays et les nationalit\u00e9s\u00a0\u00bb &nbsp; Associer les drapeaux et les noms de pays Associer les drapeaux et les nationalit\u00e9s Associer le pays et la nationalit\u00e9 Masculin ou f\u00e9minin ? (audio) Masculin ou f\u00e9minin ? (\u00e9crit) Masculin, f\u00e9minin ou les deux ? Les nationalit\u00e9s (mots &hellip; <\/p>\n<p class=\"link-more\"><a href=\"https:\/\/sites.ac-nancy-metz.fr\/upe2a-jules-ferry-woippy\/?page_id=717\" class=\"more-link\">Continuer la lecture<span class=\"screen-reader-text\"> de &laquo;&nbsp;Drapeaux, pays et nationalit\u00e9s&nbsp;&raquo;<\/span><\/a><\/p>\n","protected":false},"author":4,"featured_media":0,"parent":0,"menu_order":0,"comment_status":"closed","ping_status":"closed","template":"","meta":{"footnotes":""},"_links":{"self":[{"href":"https:\/\/sites.ac-nancy-metz.fr\/upe2a-jules-ferry-woippy\/index.php?rest_route=\/wp\/v2\/pages\/717"}],"collection":[{"href":"https:\/\/sites.ac-nancy-metz.fr\/upe2a-jules-ferry-woippy\/index.php?rest_route=\/wp\/v2\/pages"}],"about":[{"href":"https:\/\/sites.ac-nancy-metz.fr\/upe2a-jules-ferry-woippy\/index.php?rest_route=\/wp\/v2\/types\/page"}],"author":[{"embeddable":true,"href":"https:\/\/sites.ac-nancy-metz.fr\/upe2a-jules-ferry-woippy\/index.php?rest_route=\/wp\/v2\/users\/4"}],"replies":[{"embeddable":true,"href":"https:\/\/sites.ac-nancy-metz.fr\/upe2a-jules-ferry-woippy\/index.php?rest_route=%2Fwp%2Fv2%2Fcomments&post=717"}],"version-history":[{"count":7,"href":"https:\/\/sites.ac-nancy-metz.fr\/upe2a-jules-ferry-woippy\/index.php?rest_route=\/wp\/v2\/pages\/717\/revisions"}],"predecessor-version":[{"id":1361,"href":"https:\/\/sites.ac-nancy-metz.fr\/upe2a-jules-ferry-woippy\/index.php?rest_route=\/wp\/v2\/pages\/717\/revisions\/1361"}],"wp:attachment":[{"href":"https:\/\/sites.ac-nancy-metz.fr\/upe2a-jules-ferry-woippy\/index.php?rest_route=%2Fwp%2Fv2%2Fmedia&parent=717"}],"curies":[{"name":"wp","href":"https:\/\/api.w.org\/{rel}","templated":true}]}}