{"id":754,"date":"2021-10-29T11:02:00","date_gmt":"2021-10-29T09:02:00","guid":{"rendered":"https:\/\/sites.ac-nancy-metz.fr\/upe2a-jules-ferry-woippy\/?page_id=754"},"modified":"2022-02-22T11:35:24","modified_gmt":"2022-02-22T10:35:24","slug":"dictees","status":"publish","type":"page","link":"https:\/\/sites.ac-nancy-metz.fr\/upe2a-jules-ferry-woippy\/?page_id=754","title":{"rendered":"Dict\u00e9es"},"content":{"rendered":"<h2>Voici quelques liens vers des dict\u00e9es en ligne<\/h2>\n<p><a href=\"https:\/\/www.ortholud.com\/dictees.html\" target=\"_blank\" rel=\"noopener\">Ortholud : nombreuses dict\u00e9es\u00a0<\/a>: dict\u00e9es de mots, dict\u00e9es de mots avec images, dict\u00e9es de mots (cliquer\/glisser), dict\u00e9es de phrases<\/p>\n<p><a href=\"https:\/\/dictee.tv5monde.com\/\" target=\"_blank\" rel=\"noopener\">Dict\u00e9es d&rsquo;Archibald :<\/a>\u00a0dict\u00e9es rang\u00e9es par niveau (A1\/A2\/B1) puis d\u00e9coup\u00e9es en plusieurs s\u00e9quences de quelques secondes. Attention, le niveau A1 est d\u00e9j\u00e0 d&rsquo;un tr\u00e8s bon niveau.<\/p>\n<p><a href=\"https:\/\/h5p.org\/node\/517064\" target=\"_blank\" rel=\"noopener\">2 phrases tr\u00e8s simples<\/a><\/p>\n<p><a href=\"https:\/\/www.podcastfrancaisfacile.com\/apprendre-le-francais\/dictees-en-francais-fle\" target=\"_blank\" rel=\"noopener\">Podcastfran\u00e7aisfacile\u00a0<\/a>: dict\u00e9es \u00e0 trous rang\u00e9es par th\u00e8me<\/p>\n","protected":false},"excerpt":{"rendered":"<p>Voici quelques liens vers des dict\u00e9es en ligne Ortholud : nombreuses dict\u00e9es\u00a0: dict\u00e9es de mots, dict\u00e9es de mots avec images, dict\u00e9es de mots (cliquer\/glisser), dict\u00e9es de phrases Dict\u00e9es d&rsquo;Archibald :\u00a0dict\u00e9es rang\u00e9es par niveau (A1\/A2\/B1) puis d\u00e9coup\u00e9es en plusieurs s\u00e9quences de quelques secondes. Attention, le niveau A1 est d\u00e9j\u00e0 d&rsquo;un tr\u00e8s bon niveau. 2 phrases tr\u00e8s &hellip; <\/p>\n<p class=\"link-more\"><a href=\"https:\/\/sites.ac-nancy-metz.fr\/upe2a-jules-ferry-woippy\/?page_id=754\" class=\"more-link\">Continuer la lecture<span class=\"screen-reader-text\"> de &laquo;&nbsp;Dict\u00e9es&nbsp;&raquo;<\/span><\/a><\/p>\n","protected":false},"author":4,"featured_media":0,"parent":0,"menu_order":0,"comment_status":"closed","ping_status":"closed","template":"","meta":{"footnotes":""},"_links":{"self":[{"href":"https:\/\/sites.ac-nancy-metz.fr\/upe2a-jules-ferry-woippy\/index.php?rest_route=\/wp\/v2\/pages\/754"}],"collection":[{"href":"https:\/\/sites.ac-nancy-metz.fr\/upe2a-jules-ferry-woippy\/index.php?rest_route=\/wp\/v2\/pages"}],"about":[{"href":"https:\/\/sites.ac-nancy-metz.fr\/upe2a-jules-ferry-woippy\/index.php?rest_route=\/wp\/v2\/types\/page"}],"author":[{"embeddable":true,"href":"https:\/\/sites.ac-nancy-metz.fr\/upe2a-jules-ferry-woippy\/index.php?rest_route=\/wp\/v2\/users\/4"}],"replies":[{"embeddable":true,"href":"https:\/\/sites.ac-nancy-metz.fr\/upe2a-jules-ferry-woippy\/index.php?rest_route=%2Fwp%2Fv2%2Fcomments&post=754"}],"version-history":[{"count":4,"href":"https:\/\/sites.ac-nancy-metz.fr\/upe2a-jules-ferry-woippy\/index.php?rest_route=\/wp\/v2\/pages\/754\/revisions"}],"predecessor-version":[{"id":919,"href":"https:\/\/sites.ac-nancy-metz.fr\/upe2a-jules-ferry-woippy\/index.php?rest_route=\/wp\/v2\/pages\/754\/revisions\/919"}],"wp:attachment":[{"href":"https:\/\/sites.ac-nancy-metz.fr\/upe2a-jules-ferry-woippy\/index.php?rest_route=%2Fwp%2Fv2%2Fmedia&parent=754"}],"curies":[{"name":"wp","href":"https:\/\/api.w.org\/{rel}","templated":true}]}}