{"id":765,"date":"2021-10-29T13:27:07","date_gmt":"2021-10-29T11:27:07","guid":{"rendered":"https:\/\/sites.ac-nancy-metz.fr\/upe2a-jules-ferry-woippy\/?page_id=765"},"modified":"2023-11-19T17:53:12","modified_gmt":"2023-11-19T16:53:12","slug":"les-moyens-de-transport","status":"publish","type":"page","link":"https:\/\/sites.ac-nancy-metz.fr\/upe2a-jules-ferry-woippy\/?page_id=765","title":{"rendered":"Les moyens de transport"},"content":{"rendered":"<h2>Voici quelques liens pour r\u00e9viser le vocabulaire des moyens de transport<\/h2>\n<p>&nbsp;<\/p>\n<p><a href=\"https:\/\/learningapps.org\/20892636\" target=\"_blank\" rel=\"noopener\">Associe image et mot (1)<\/a><\/p>\n<p><a href=\"https:\/\/learningapps.org\/display?v=p0q0wiez523\" target=\"_blank\" rel=\"noopener\">Associe image et mot (2)<\/a><\/p>\n<p><a href=\"https:\/\/learningapps.org\/15994882\" target=\"_blank\" rel=\"noopener\">Mots-crois\u00e9s<\/a><\/p>\n<p><a href=\"https:\/\/learningapps.org\/3691003\" target=\"_blank\" rel=\"noopener\">Jeu du pendu<\/a><\/p>\n<p><a href=\"https:\/\/learningapps.org\/5927159\" target=\"_blank\" rel=\"noopener\">6 exercices autour de la ville et des moyens de transport<\/a><\/p>\n<p><a href=\"https:\/\/h5p.org\/node\/504552\" target=\"_blank\" rel=\"noopener\">Lexique de la voiture (A1)<\/a><\/p>\n<p><a href=\"https:\/\/learningapps.org\/31397266\" target=\"_blank\" rel=\"noopener\">Choisis la pr\u00e9position \u00ab\u00a0\u00e0\u00a0\u00bb ou \u00ab\u00a0en\u00a0\u00bb (A2)<\/a><\/p>\n<p><a href=\"https:\/\/h5p.org\/node\/512177\" target=\"_blank\" rel=\"noopener\">Panneaux routiers et quadrilat\u00e8res (A2)<\/a><\/p>\n","protected":false},"excerpt":{"rendered":"<p>Voici quelques liens pour r\u00e9viser le vocabulaire des moyens de transport &nbsp; Associe image et mot (1) Associe image et mot (2) Mots-crois\u00e9s Jeu du pendu 6 exercices autour de la ville et des moyens de transport Lexique de la voiture (A1) Choisis la pr\u00e9position \u00ab\u00a0\u00e0\u00a0\u00bb ou \u00ab\u00a0en\u00a0\u00bb (A2) Panneaux routiers et quadrilat\u00e8res (A2)<\/p>\n","protected":false},"author":4,"featured_media":0,"parent":0,"menu_order":0,"comment_status":"closed","ping_status":"closed","template":"","meta":{"footnotes":""},"_links":{"self":[{"href":"https:\/\/sites.ac-nancy-metz.fr\/upe2a-jules-ferry-woippy\/index.php?rest_route=\/wp\/v2\/pages\/765"}],"collection":[{"href":"https:\/\/sites.ac-nancy-metz.fr\/upe2a-jules-ferry-woippy\/index.php?rest_route=\/wp\/v2\/pages"}],"about":[{"href":"https:\/\/sites.ac-nancy-metz.fr\/upe2a-jules-ferry-woippy\/index.php?rest_route=\/wp\/v2\/types\/page"}],"author":[{"embeddable":true,"href":"https:\/\/sites.ac-nancy-metz.fr\/upe2a-jules-ferry-woippy\/index.php?rest_route=\/wp\/v2\/users\/4"}],"replies":[{"embeddable":true,"href":"https:\/\/sites.ac-nancy-metz.fr\/upe2a-jules-ferry-woippy\/index.php?rest_route=%2Fwp%2Fv2%2Fcomments&post=765"}],"version-history":[{"count":3,"href":"https:\/\/sites.ac-nancy-metz.fr\/upe2a-jules-ferry-woippy\/index.php?rest_route=\/wp\/v2\/pages\/765\/revisions"}],"predecessor-version":[{"id":1224,"href":"https:\/\/sites.ac-nancy-metz.fr\/upe2a-jules-ferry-woippy\/index.php?rest_route=\/wp\/v2\/pages\/765\/revisions\/1224"}],"wp:attachment":[{"href":"https:\/\/sites.ac-nancy-metz.fr\/upe2a-jules-ferry-woippy\/index.php?rest_route=%2Fwp%2Fv2%2Fmedia&parent=765"}],"curies":[{"name":"wp","href":"https:\/\/api.w.org\/{rel}","templated":true}]}}