{"id":784,"date":"2021-11-09T15:53:20","date_gmt":"2021-11-09T14:53:20","guid":{"rendered":"https:\/\/sites.ac-nancy-metz.fr\/upe2a-jules-ferry-woippy\/?page_id=784"},"modified":"2023-08-23T15:48:33","modified_gmt":"2023-08-23T13:48:33","slug":"le-present-de-lindicatif","status":"publish","type":"page","link":"https:\/\/sites.ac-nancy-metz.fr\/upe2a-jules-ferry-woippy\/?page_id=784","title":{"rendered":"Le pr\u00e9sent de l&rsquo;indicatif"},"content":{"rendered":"<h1><strong>Les auxiliaires &#8211; avoir et \u00eatre<\/strong><\/h1>\n<p>Pour commencer,\u00a0<a href=\"https:\/\/www.youtube.com\/watch?v=c-hLyR3Gkwo\" target=\"_blank\" rel=\"noopener\">cette vid\u00e9o<\/a>\u00a0CANOPE te permet de r\u00e9viser la conjugaison des auxiliaires.<\/p>\n<h6>Exercices d&rsquo;entra\u00eenement<\/h6>\n<p><a href=\"https:\/\/learningapps.org\/display?v=p30sipcht18\" target=\"_blank\" rel=\"noopener\">Conjugue le verbe avoir<\/a><\/p>\n<p><a href=\"https:\/\/learningapps.org\/display?v=pca095j0519\" target=\"_blank\" rel=\"noopener\">Conjugue les verbes \u00eatre et avoir<\/a><\/p>\n<p><a href=\"https:\/\/learningapps.org\/display?v=pfnn8knkt17\" target=\"_blank\" rel=\"noopener\">Choisis entre \u00ab\u00a0Je suis &#8230;\u00a0\u00bb ou \u00ab\u00a0J&rsquo;ai &#8230;\u00a0\u00bb<\/a><\/p>\n<p><a href=\"https:\/\/learningapps.org\/display?v=pmeykvqyt17\" target=\"_blank\" rel=\"noopener\">Choisis le bon auxiliaire et conjugue-le (1)<\/a><\/p>\n<p><a href=\"https:\/\/learningapps.org\/display?v=ptg4apog220\" target=\"_blank\" rel=\"noopener\">Choisis le bon auxiliaire et conjugue-le (2)<\/a><\/p>\n<h1><strong>Les verbes du 1er groupe (-er)<\/strong><\/h1>\n<p>Pour commencer,\u00a0<a href=\"https:\/\/www.youtube.com\/watch?v=jIJal_sdOIg\" target=\"_blank\" rel=\"noopener\">cette vid\u00e9o<\/a>\u00a0CANOPE te permet de r\u00e9viser la conjugaison des verbes du 1er groupe.<\/p>\n<h6>Exercices d&rsquo;entra\u00eenement<\/h6>\n<p><a href=\"https:\/\/learningapps.org\/display?v=pb2p11egj21\" target=\"_blank\" rel=\"noopener\">Choisis le bon pronom personnel sujet<\/a><\/p>\n<p><a href=\"https:\/\/learningapps.org\/display?v=pz41nxjqk20\" target=\"_blank\" rel=\"noopener\">Conjugue les verbes<\/a><\/p>\n<p><a href=\"https:\/\/learningapps.org\/display?v=px81w1g5521\" target=\"_blank\" rel=\"noopener\">Le verbe \u00ab\u00a0s&rsquo;appeler\u00a0\u00bb<\/a><\/p>\n<p><a href=\"https:\/\/learningapps.org\/display?v=pufe7ggfc23\" target=\"_blank\" rel=\"noopener\">Avoir, \u00eatre ou s&rsquo;appeler ?<\/a><\/p>\n<p><a href=\"https:\/\/learningapps.org\/display?v=p891h7sz220\" target=\"_blank\" rel=\"noopener\">Choisis le bon verbe<\/a><\/p>\n<p><a href=\"https:\/\/learningapps.org\/display?v=pj271ux0517\" target=\"_blank\" rel=\"noopener\">Mots-crois\u00e9s<\/a><\/p>\n<h1><strong>Les verbes du 2\u00e8me groupe (-ir)<\/strong><\/h1>\n<p>Si besoin, relis la le\u00e7on du porte vues avant de faire les\u00a0 exercices.<\/p>\n<h6>Exercices d&rsquo;entra\u00eenement<\/h6>\n<p><a href=\"https:\/\/learningapps.org\/display?v=pshe689x517\" target=\"_blank\" rel=\"noopener\">Associer verbes et pronoms personnels<\/a><\/p>\n<p><a href=\"https:\/\/learningapps.org\/display?v=pmnh02d0n19\" target=\"_blank\" rel=\"noopener\">Conjuguer le verbe finir<\/a><\/p>\n<p><a href=\"https:\/\/learningapps.org\/display?v=pwntsphj520\" target=\"_blank\" rel=\"noopener\">Cartes avec r\u00e9ponses \u00e0 \u00e9crire<\/a><\/p>\n<p><a href=\"https:\/\/learningapps.org\/display?v=p7xabgwj517\" target=\"_blank\" rel=\"noopener\">Texte \u00e0 trous<\/a><\/p>\n<p><a href=\"https:\/\/learningapps.org\/display?v=pttm2prkj18\" target=\"_blank\" rel=\"noopener\">Tableau de conjugaison \u00e0 remplir<\/a><\/p>\n<h1><strong>Les verbes du 3\u00e8me groupe &#8211; les verbes irr\u00e9guliers<\/strong><\/h1>\n<p>Si besoin, utilise les le\u00e7ons du porte vues pour t&rsquo;entra\u00eener<\/p>\n<h5>Aller et faire<\/h5>\n<p><a href=\"https:\/\/learningapps.org\/display?v=py8k4nxcj18\" target=\"_blank\" rel=\"noopener\">FAIRE &#8211; Associer sujet et verbe (1)<\/a><\/p>\n<p><a href=\"https:\/\/learningapps.org\/display?v=pqw5gn3b516\" target=\"_blank\" rel=\"noopener\">FAIRE &#8211; Associer sujet et verbe (2)<\/a><\/p>\n<p><a href=\"https:\/\/learningapps.org\/display?v=p077j568c20\" target=\"_blank\" rel=\"noopener\">FAIRE &#8211; Ecrire sous la dict\u00e9e<\/a><\/p>\n<p><a href=\"https:\/\/learningapps.org\/display?v=pwbh5c28a20\" target=\"_blank\" rel=\"noopener\">FAIRE &#8211; Phrases \u00e0 trous<\/a><\/p>\n<p><a href=\"https:\/\/learningapps.org\/display?v=pns7uqxsj20\" target=\"_blank\" rel=\"noopener\">ALLER &#8211; Associer sujet et verbe<\/a><\/p>\n<p><a href=\"https:\/\/learningapps.org\/display?v=p8xp88ooj21\" target=\"_blank\" rel=\"noopener\">ALLER &#8211; Ecrire sous la dict\u00e9e<\/a><\/p>\n<p><a href=\"https:\/\/learningapps.org\/display?v=piw2i45pc20\" target=\"_blank\" rel=\"noopener\">ALLER &#8211; Phrases \u00e0 trous (1)<\/a><\/p>\n<p><a href=\"https:\/\/learningapps.org\/display?v=pnbkzye1320\" target=\"_blank\" rel=\"noopener\">ALLER &#8211; Phrases \u00e0 trous (2)<\/a><\/p>\n<p><a href=\"https:\/\/learningapps.org\/display?v=p6y5f7mh218\" target=\"_blank\" rel=\"noopener\">Choisir le bon verbe et conjuguer (A2)<\/a><\/p>\n<h5>Verbes fr\u00e9quents<\/h5>\n<p><a href=\"https:\/\/learningapps.org\/display?v=p097umn3t17\" target=\"_blank\" rel=\"noopener\">QCM<\/a><\/p>\n<p><a href=\"https:\/\/learningapps.org\/display?v=pcupr9ogk22\" target=\"_blank\" rel=\"noopener\">Texte \u00e0 trous<\/a><\/p>\n<p><a href=\"https:\/\/learningapps.org\/display?v=prcamqkh518\" target=\"_blank\" rel=\"noopener\">Cartes avec r\u00e9ponses \u00e0 \u00e9crire<\/a><\/p>\n<p><a href=\"https:\/\/learningapps.org\/display?v=pyzqujng321\" target=\"_blank\" rel=\"noopener\">Quizz avec cartes \u00e0 compl\u00e9ter<\/a><\/p>\n","protected":false},"excerpt":{"rendered":"<p>Les auxiliaires &#8211; avoir et \u00eatre Pour commencer,\u00a0cette vid\u00e9o\u00a0CANOPE te permet de r\u00e9viser la conjugaison des auxiliaires. Exercices d&rsquo;entra\u00eenement Conjugue le verbe avoir Conjugue les verbes \u00eatre et avoir Choisis entre \u00ab\u00a0Je suis &#8230;\u00a0\u00bb ou \u00ab\u00a0J&rsquo;ai &#8230;\u00a0\u00bb Choisis le bon auxiliaire et conjugue-le (1) Choisis le bon auxiliaire et conjugue-le (2) Les verbes du 1er &hellip; <\/p>\n<p class=\"link-more\"><a href=\"https:\/\/sites.ac-nancy-metz.fr\/upe2a-jules-ferry-woippy\/?page_id=784\" class=\"more-link\">Continuer la lecture<span class=\"screen-reader-text\"> de &laquo;&nbsp;Le pr\u00e9sent de l&rsquo;indicatif&nbsp;&raquo;<\/span><\/a><\/p>\n","protected":false},"author":4,"featured_media":0,"parent":0,"menu_order":0,"comment_status":"closed","ping_status":"closed","template":"","meta":{"footnotes":""},"_links":{"self":[{"href":"https:\/\/sites.ac-nancy-metz.fr\/upe2a-jules-ferry-woippy\/index.php?rest_route=\/wp\/v2\/pages\/784"}],"collection":[{"href":"https:\/\/sites.ac-nancy-metz.fr\/upe2a-jules-ferry-woippy\/index.php?rest_route=\/wp\/v2\/pages"}],"about":[{"href":"https:\/\/sites.ac-nancy-metz.fr\/upe2a-jules-ferry-woippy\/index.php?rest_route=\/wp\/v2\/types\/page"}],"author":[{"embeddable":true,"href":"https:\/\/sites.ac-nancy-metz.fr\/upe2a-jules-ferry-woippy\/index.php?rest_route=\/wp\/v2\/users\/4"}],"replies":[{"embeddable":true,"href":"https:\/\/sites.ac-nancy-metz.fr\/upe2a-jules-ferry-woippy\/index.php?rest_route=%2Fwp%2Fv2%2Fcomments&post=784"}],"version-history":[{"count":7,"href":"https:\/\/sites.ac-nancy-metz.fr\/upe2a-jules-ferry-woippy\/index.php?rest_route=\/wp\/v2\/pages\/784\/revisions"}],"predecessor-version":[{"id":1131,"href":"https:\/\/sites.ac-nancy-metz.fr\/upe2a-jules-ferry-woippy\/index.php?rest_route=\/wp\/v2\/pages\/784\/revisions\/1131"}],"wp:attachment":[{"href":"https:\/\/sites.ac-nancy-metz.fr\/upe2a-jules-ferry-woippy\/index.php?rest_route=%2Fwp%2Fv2%2Fmedia&parent=784"}],"curies":[{"name":"wp","href":"https:\/\/api.w.org\/{rel}","templated":true}]}}