{"id":792,"date":"2021-11-15T13:40:35","date_gmt":"2021-11-15T12:40:35","guid":{"rendered":"https:\/\/sites.ac-nancy-metz.fr\/upe2a-jules-ferry-woippy\/?page_id=792"},"modified":"2023-08-23T13:52:57","modified_gmt":"2023-08-23T11:52:57","slug":"qualites-et-defauts","status":"publish","type":"page","link":"https:\/\/sites.ac-nancy-metz.fr\/upe2a-jules-ferry-woippy\/?page_id=792","title":{"rendered":"Qualit\u00e9s et d\u00e9fauts"},"content":{"rendered":"<h2>Voici des liens pour r\u00e9viser le vocabulaire des qualit\u00e9s et d\u00e9fauts (A2)<\/h2>\n<p>&nbsp;<\/p>\n<p><a href=\"https:\/\/learningapps.org\/display?v=pr1ugbxra23\" target=\"_blank\" rel=\"noopener\">Exercice 1 &#8211; associer image et mot (1)<\/a><\/p>\n<p><a href=\"https:\/\/learningapps.org\/display?v=psqbmtj9c23\" target=\"_blank\" rel=\"noopener\">Exercice 2 &#8211; associer mot et image (2)<\/a><\/p>\n<p><a href=\"https:\/\/learningapps.org\/display?v=pxoitufvk23\" target=\"_blank\" rel=\"noopener\">Exercice 3 &#8211; d\u00e9finition du lexique<\/a><\/p>\n<p><a href=\"https:\/\/learningapps.org\/display?v=pjzh1khnc23\" target=\"_blank\" rel=\"noopener\">Exercice 4 &#8211; associer les contraires<\/a><\/p>\n<p><a href=\"https:\/\/learningapps.org\/display?v=pgu5amgst23\" target=\"_blank\" rel=\"noopener\">Exercice 5 &#8211; associer les contraires<\/a><\/p>\n<p><a href=\"https:\/\/learningapps.org\/display?v=pernhaq4201\" target=\"_blank\" rel=\"noopener\">Exercice 6- qualit\u00e9 ou d\u00e9faut ?<\/a><\/p>\n<p><a href=\"https:\/\/learningapps.org\/display?v=pc4sxjz7c01\" target=\"_blank\" rel=\"noopener\">Exercice 7 &#8211; trouver l&rsquo;adjectif qui correspond au nom<\/a><\/p>\n","protected":false},"excerpt":{"rendered":"<p>Voici des liens pour r\u00e9viser le vocabulaire des qualit\u00e9s et d\u00e9fauts (A2) &nbsp; Exercice 1 &#8211; associer image et mot (1) Exercice 2 &#8211; associer mot et image (2) Exercice 3 &#8211; d\u00e9finition du lexique Exercice 4 &#8211; associer les contraires Exercice 5 &#8211; associer les contraires Exercice 6- qualit\u00e9 ou d\u00e9faut ? Exercice 7 &hellip; <\/p>\n<p class=\"link-more\"><a href=\"https:\/\/sites.ac-nancy-metz.fr\/upe2a-jules-ferry-woippy\/?page_id=792\" class=\"more-link\">Continuer la lecture<span class=\"screen-reader-text\"> de &laquo;&nbsp;Qualit\u00e9s et d\u00e9fauts&nbsp;&raquo;<\/span><\/a><\/p>\n","protected":false},"author":4,"featured_media":0,"parent":0,"menu_order":0,"comment_status":"closed","ping_status":"closed","template":"","meta":{"footnotes":""},"_links":{"self":[{"href":"https:\/\/sites.ac-nancy-metz.fr\/upe2a-jules-ferry-woippy\/index.php?rest_route=\/wp\/v2\/pages\/792"}],"collection":[{"href":"https:\/\/sites.ac-nancy-metz.fr\/upe2a-jules-ferry-woippy\/index.php?rest_route=\/wp\/v2\/pages"}],"about":[{"href":"https:\/\/sites.ac-nancy-metz.fr\/upe2a-jules-ferry-woippy\/index.php?rest_route=\/wp\/v2\/types\/page"}],"author":[{"embeddable":true,"href":"https:\/\/sites.ac-nancy-metz.fr\/upe2a-jules-ferry-woippy\/index.php?rest_route=\/wp\/v2\/users\/4"}],"replies":[{"embeddable":true,"href":"https:\/\/sites.ac-nancy-metz.fr\/upe2a-jules-ferry-woippy\/index.php?rest_route=%2Fwp%2Fv2%2Fcomments&post=792"}],"version-history":[{"count":9,"href":"https:\/\/sites.ac-nancy-metz.fr\/upe2a-jules-ferry-woippy\/index.php?rest_route=\/wp\/v2\/pages\/792\/revisions"}],"predecessor-version":[{"id":1104,"href":"https:\/\/sites.ac-nancy-metz.fr\/upe2a-jules-ferry-woippy\/index.php?rest_route=\/wp\/v2\/pages\/792\/revisions\/1104"}],"wp:attachment":[{"href":"https:\/\/sites.ac-nancy-metz.fr\/upe2a-jules-ferry-woippy\/index.php?rest_route=%2Fwp%2Fv2%2Fmedia&parent=792"}],"curies":[{"name":"wp","href":"https:\/\/api.w.org\/{rel}","templated":true}]}}