{"id":814,"date":"2021-12-02T17:43:08","date_gmt":"2021-12-02T16:43:08","guid":{"rendered":"https:\/\/sites.ac-nancy-metz.fr\/upe2a-jules-ferry-woippy\/?page_id=814"},"modified":"2023-08-23T13:53:12","modified_gmt":"2023-08-23T11:53:12","slug":"exprimer-ses-gouts-ses-preferences","status":"publish","type":"page","link":"https:\/\/sites.ac-nancy-metz.fr\/upe2a-jules-ferry-woippy\/?page_id=814","title":{"rendered":"Exprimer ses go\u00fbts, ses pr\u00e9f\u00e9rences"},"content":{"rendered":"<h2>Voici des liens pour r\u00e9viser la le\u00e7on \u00ab\u00a0Exprimer ses go\u00fbts, ses pr\u00e9f\u00e9rences\u00a0\u00bb<\/h2>\n<p>&nbsp;<\/p>\n<p><a href=\"https:\/\/learningapps.org\/display?v=phsi1bhq223\" target=\"_blank\" rel=\"noopener\">Exercice 1 &#8211; A1<\/a><\/p>\n<p><a href=\"https:\/\/learningapps.org\/display?v=poai69ypj23\" target=\"_blank\" rel=\"noopener\">Exercice 2 &#8211; A1<\/a><\/p>\n<p><a href=\"https:\/\/learningapps.org\/display?v=pyv6hy4ja23\" target=\"_blank\" rel=\"noopener\">Exercice 3 &#8211; A1\/A2<\/a><\/p>\n<p><a href=\"https:\/\/learningapps.org\/display?v=pq0jxxgh520\" target=\"_blank\" rel=\"noopener\">Exercice 4 &#8211; Compr\u00e9hension orale<\/a><\/p>\n<p><a href=\"https:\/\/learningapps.org\/display?v=pqobxpefn23\" target=\"_blank\" rel=\"noopener\">Exercice 5 &#8211; A1\/A2<\/a><\/p>\n","protected":false},"excerpt":{"rendered":"<p>Voici des liens pour r\u00e9viser la le\u00e7on \u00ab\u00a0Exprimer ses go\u00fbts, ses pr\u00e9f\u00e9rences\u00a0\u00bb &nbsp; Exercice 1 &#8211; A1 Exercice 2 &#8211; A1 Exercice 3 &#8211; A1\/A2 Exercice 4 &#8211; Compr\u00e9hension orale Exercice 5 &#8211; A1\/A2<\/p>\n","protected":false},"author":4,"featured_media":0,"parent":0,"menu_order":0,"comment_status":"closed","ping_status":"closed","template":"","meta":{"footnotes":""},"_links":{"self":[{"href":"https:\/\/sites.ac-nancy-metz.fr\/upe2a-jules-ferry-woippy\/index.php?rest_route=\/wp\/v2\/pages\/814"}],"collection":[{"href":"https:\/\/sites.ac-nancy-metz.fr\/upe2a-jules-ferry-woippy\/index.php?rest_route=\/wp\/v2\/pages"}],"about":[{"href":"https:\/\/sites.ac-nancy-metz.fr\/upe2a-jules-ferry-woippy\/index.php?rest_route=\/wp\/v2\/types\/page"}],"author":[{"embeddable":true,"href":"https:\/\/sites.ac-nancy-metz.fr\/upe2a-jules-ferry-woippy\/index.php?rest_route=\/wp\/v2\/users\/4"}],"replies":[{"embeddable":true,"href":"https:\/\/sites.ac-nancy-metz.fr\/upe2a-jules-ferry-woippy\/index.php?rest_route=%2Fwp%2Fv2%2Fcomments&post=814"}],"version-history":[{"count":5,"href":"https:\/\/sites.ac-nancy-metz.fr\/upe2a-jules-ferry-woippy\/index.php?rest_route=\/wp\/v2\/pages\/814\/revisions"}],"predecessor-version":[{"id":1105,"href":"https:\/\/sites.ac-nancy-metz.fr\/upe2a-jules-ferry-woippy\/index.php?rest_route=\/wp\/v2\/pages\/814\/revisions\/1105"}],"wp:attachment":[{"href":"https:\/\/sites.ac-nancy-metz.fr\/upe2a-jules-ferry-woippy\/index.php?rest_route=%2Fwp%2Fv2%2Fmedia&parent=814"}],"curies":[{"name":"wp","href":"https:\/\/api.w.org\/{rel}","templated":true}]}}