{"id":878,"date":"2022-01-10T14:30:05","date_gmt":"2022-01-10T13:30:05","guid":{"rendered":"https:\/\/sites.ac-nancy-metz.fr\/upe2a-jules-ferry-woippy\/?page_id=878"},"modified":"2022-01-10T14:30:05","modified_gmt":"2022-01-10T13:30:05","slug":"orientation","status":"publish","type":"page","link":"https:\/\/sites.ac-nancy-metz.fr\/upe2a-jules-ferry-woippy\/?page_id=878","title":{"rendered":"Orientation"},"content":{"rendered":"<p>Sur cette page, je vous propose diff\u00e9rentes ressources en ligne pour travailler votre orientation : pr\u00e9sentation de m\u00e9tiers, de dipl\u00f4mes, &#8230;<\/p>\n<p><a href=\"https:\/\/www.onisep.fr\/Les-metiers-animes\" target=\"_blank\" rel=\"noopener\">Les m\u00e9tiers anim\u00e9s &#8211; ONISEP<\/a>\u00a0: courtes vid\u00e9os pr\u00e9sentant plus de 65 m\u00e9tiers<\/p>\n<p><a href=\"http:\/\/afip.velay.greta.fr\/metiers\" target=\"_blank\" rel=\"noopener\">Capsules m\u00e9tiers<\/a>\u00a0: courtes vid\u00e9os sous-titr\u00e9es pr\u00e9sentant une dizaine de m\u00e9tiers (exercices de compr\u00e9hension disponibles en ligne)<\/p>\n<p><a href=\"https:\/\/oniseptv.onisep.fr\/?menu%5B27-niveau-detude%5D=CAP%20ou%20%C3%A9quivalent&amp;menu%5B01-type-de-la-video%5D=Parcours\" target=\"_blank\" rel=\"noopener\">Pr\u00e9sentation des formations &#8211; ONISEP<\/a>\u00a0: courtes vid\u00e9os donnant la parole \u00e0 des professionnels pour parler de leur formation, leur parcours, &#8230; L&rsquo;objectif \u00e9tant de mieux comprendre l&rsquo;organisation et le fonctionnement des \u00e9tudes sup\u00e9rieures<\/p>\n<p>&nbsp;<\/p>\n<p>&nbsp;<\/p>\n<p>&nbsp;<\/p>\n","protected":false},"excerpt":{"rendered":"<p>Sur cette page, je vous propose diff\u00e9rentes ressources en ligne pour travailler votre orientation : pr\u00e9sentation de m\u00e9tiers, de dipl\u00f4mes, &#8230; Les m\u00e9tiers anim\u00e9s &#8211; ONISEP\u00a0: courtes vid\u00e9os pr\u00e9sentant plus de 65 m\u00e9tiers Capsules m\u00e9tiers\u00a0: courtes vid\u00e9os sous-titr\u00e9es pr\u00e9sentant une dizaine de m\u00e9tiers (exercices de compr\u00e9hension disponibles en ligne) Pr\u00e9sentation des formations &#8211; ONISEP\u00a0: courtes &hellip; <\/p>\n<p class=\"link-more\"><a href=\"https:\/\/sites.ac-nancy-metz.fr\/upe2a-jules-ferry-woippy\/?page_id=878\" class=\"more-link\">Continuer la lecture<span class=\"screen-reader-text\"> de &laquo;&nbsp;Orientation&nbsp;&raquo;<\/span><\/a><\/p>\n","protected":false},"author":4,"featured_media":0,"parent":0,"menu_order":0,"comment_status":"closed","ping_status":"closed","template":"","meta":{"footnotes":""},"_links":{"self":[{"href":"https:\/\/sites.ac-nancy-metz.fr\/upe2a-jules-ferry-woippy\/index.php?rest_route=\/wp\/v2\/pages\/878"}],"collection":[{"href":"https:\/\/sites.ac-nancy-metz.fr\/upe2a-jules-ferry-woippy\/index.php?rest_route=\/wp\/v2\/pages"}],"about":[{"href":"https:\/\/sites.ac-nancy-metz.fr\/upe2a-jules-ferry-woippy\/index.php?rest_route=\/wp\/v2\/types\/page"}],"author":[{"embeddable":true,"href":"https:\/\/sites.ac-nancy-metz.fr\/upe2a-jules-ferry-woippy\/index.php?rest_route=\/wp\/v2\/users\/4"}],"replies":[{"embeddable":true,"href":"https:\/\/sites.ac-nancy-metz.fr\/upe2a-jules-ferry-woippy\/index.php?rest_route=%2Fwp%2Fv2%2Fcomments&post=878"}],"version-history":[{"count":1,"href":"https:\/\/sites.ac-nancy-metz.fr\/upe2a-jules-ferry-woippy\/index.php?rest_route=\/wp\/v2\/pages\/878\/revisions"}],"predecessor-version":[{"id":880,"href":"https:\/\/sites.ac-nancy-metz.fr\/upe2a-jules-ferry-woippy\/index.php?rest_route=\/wp\/v2\/pages\/878\/revisions\/880"}],"wp:attachment":[{"href":"https:\/\/sites.ac-nancy-metz.fr\/upe2a-jules-ferry-woippy\/index.php?rest_route=%2Fwp%2Fv2%2Fmedia&parent=878"}],"curies":[{"name":"wp","href":"https:\/\/api.w.org\/{rel}","templated":true}]}}