{"id":882,"date":"2022-01-14T13:32:32","date_gmt":"2022-01-14T12:32:32","guid":{"rendered":"https:\/\/sites.ac-nancy-metz.fr\/upe2a-jules-ferry-woippy\/?page_id=882"},"modified":"2023-08-23T15:16:46","modified_gmt":"2023-08-23T13:16:46","slug":"jours-mois-saisons","status":"publish","type":"page","link":"https:\/\/sites.ac-nancy-metz.fr\/upe2a-jules-ferry-woippy\/?page_id=882","title":{"rendered":"Jours &#8211; Mois &#8211; Saisons"},"content":{"rendered":"<h2>Voici quelques liens pour r\u00e9viser le vocabulaire des jours de la semaine, des mois de l&rsquo;ann\u00e9e et des saisons<\/h2>\n<p>&nbsp;<\/p>\n<p><a href=\"https:\/\/learningapps.org\/display?v=pc4dvwmoc20\" target=\"_blank\" rel=\"noopener\">JOURS &#8211; Associer mot \u00e9crit et entendu<\/a><\/p>\n<p><a href=\"https:\/\/learningapps.org\/display?v=pr8m8zntk23\" target=\"_blank\" rel=\"noopener\">JOURS (audio) &#8211; Ordonner<\/a><\/p>\n<p><a href=\"https:\/\/learningapps.org\/display?v=pfn5stp8318\" target=\"_blank\" rel=\"noopener\">JOURS (\u00e9crit) &#8211; Ordonner<\/a><\/p>\n<p><a href=\"https:\/\/learningapps.org\/display?v=pjdyr34d221\" target=\"_blank\" rel=\"noopener\">MOIS &#8211; Remettre lettres dans l&rsquo;ordre<\/a><\/p>\n<p><a href=\"https:\/\/learningapps.org\/display?v=pm7di5aqa17\" target=\"_blank\" rel=\"noopener\">MOIS (audio) &#8211; Ordonner<\/a><\/p>\n<p><a href=\"https:\/\/learningapps.org\/display?v=p9a6cy90t01\" target=\"_blank\" rel=\"noopener\">MOIS &#8211; Associer le mois et un texte descriptif (A2)<\/a><\/p>\n<p><a href=\"https:\/\/learningapps.org\/display?v=p7b8unhbk20\" target=\"_blank\" rel=\"noopener\">Pendu &#8211; Jours et Mois<\/a><\/p>\n<p><a href=\"https:\/\/learningapps.org\/display?v=pj32gouq301\" target=\"_blank\" rel=\"noopener\">Mots-crois\u00e9s &#8211; Jours et mois<\/a><\/p>\n<p><a href=\"https:\/\/www.francepodcasts.com\/2019\/12\/16\/les-saisons\/\" target=\"_blank\" rel=\"noopener\">Saisons (1)<\/a><\/p>\n","protected":false},"excerpt":{"rendered":"<p>Voici quelques liens pour r\u00e9viser le vocabulaire des jours de la semaine, des mois de l&rsquo;ann\u00e9e et des saisons &nbsp; JOURS &#8211; Associer mot \u00e9crit et entendu JOURS (audio) &#8211; Ordonner JOURS (\u00e9crit) &#8211; Ordonner MOIS &#8211; Remettre lettres dans l&rsquo;ordre MOIS (audio) &#8211; Ordonner MOIS &#8211; Associer le mois et un texte descriptif (A2) &hellip; <\/p>\n<p class=\"link-more\"><a href=\"https:\/\/sites.ac-nancy-metz.fr\/upe2a-jules-ferry-woippy\/?page_id=882\" class=\"more-link\">Continuer la lecture<span class=\"screen-reader-text\"> de &laquo;&nbsp;Jours &#8211; Mois &#8211; Saisons&nbsp;&raquo;<\/span><\/a><\/p>\n","protected":false},"author":4,"featured_media":0,"parent":0,"menu_order":0,"comment_status":"closed","ping_status":"closed","template":"","meta":{"footnotes":""},"_links":{"self":[{"href":"https:\/\/sites.ac-nancy-metz.fr\/upe2a-jules-ferry-woippy\/index.php?rest_route=\/wp\/v2\/pages\/882"}],"collection":[{"href":"https:\/\/sites.ac-nancy-metz.fr\/upe2a-jules-ferry-woippy\/index.php?rest_route=\/wp\/v2\/pages"}],"about":[{"href":"https:\/\/sites.ac-nancy-metz.fr\/upe2a-jules-ferry-woippy\/index.php?rest_route=\/wp\/v2\/types\/page"}],"author":[{"embeddable":true,"href":"https:\/\/sites.ac-nancy-metz.fr\/upe2a-jules-ferry-woippy\/index.php?rest_route=\/wp\/v2\/users\/4"}],"replies":[{"embeddable":true,"href":"https:\/\/sites.ac-nancy-metz.fr\/upe2a-jules-ferry-woippy\/index.php?rest_route=%2Fwp%2Fv2%2Fcomments&post=882"}],"version-history":[{"count":5,"href":"https:\/\/sites.ac-nancy-metz.fr\/upe2a-jules-ferry-woippy\/index.php?rest_route=\/wp\/v2\/pages\/882\/revisions"}],"predecessor-version":[{"id":1124,"href":"https:\/\/sites.ac-nancy-metz.fr\/upe2a-jules-ferry-woippy\/index.php?rest_route=\/wp\/v2\/pages\/882\/revisions\/1124"}],"wp:attachment":[{"href":"https:\/\/sites.ac-nancy-metz.fr\/upe2a-jules-ferry-woippy\/index.php?rest_route=%2Fwp%2Fv2%2Fmedia&parent=882"}],"curies":[{"name":"wp","href":"https:\/\/api.w.org\/{rel}","templated":true}]}}