{"id":892,"date":"2022-01-24T14:00:12","date_gmt":"2022-01-24T13:00:12","guid":{"rendered":"https:\/\/sites.ac-nancy-metz.fr\/upe2a-jules-ferry-woippy\/?page_id=892"},"modified":"2023-10-31T10:26:44","modified_gmt":"2023-10-31T09:26:44","slug":"presenter-quelquun","status":"publish","type":"page","link":"https:\/\/sites.ac-nancy-metz.fr\/upe2a-jules-ferry-woippy\/?page_id=892","title":{"rendered":"Pr\u00e9senter quelqu&rsquo;un"},"content":{"rendered":"<h2>Voici des liens pour r\u00e9viser la le\u00e7on \u00ab\u00a0Pr\u00e9senter quelqu&rsquo;un\u00a0\u00bb<\/h2>\n<p>&nbsp;<\/p>\n<p><a href=\"https:\/\/learningapps.org\/display?v=pdds9fb4t20\" target=\"_blank\" rel=\"noopener\">Compr\u00e9hension orale &#8211; Associer audio \/ image<\/a><\/p>\n<p><a href=\"https:\/\/learningapps.org\/display?v=pposf4npc21\" target=\"_blank\" rel=\"noopener\">Compr\u00e9hension \u00e9crite &#8211; QCM<\/a><\/p>\n<p><a href=\"https:\/\/learningapps.org\/display?v=pf3ny5bkt23\" target=\"_blank\" rel=\"noopener\">Les verbes pour pr\u00e9senter quelqu&rsquo;un &#8211; QCM<\/a><\/p>\n","protected":false},"excerpt":{"rendered":"<p>Voici des liens pour r\u00e9viser la le\u00e7on \u00ab\u00a0Pr\u00e9senter quelqu&rsquo;un\u00a0\u00bb &nbsp; Compr\u00e9hension orale &#8211; Associer audio \/ image Compr\u00e9hension \u00e9crite &#8211; QCM Les verbes pour pr\u00e9senter quelqu&rsquo;un &#8211; QCM<\/p>\n","protected":false},"author":4,"featured_media":0,"parent":0,"menu_order":0,"comment_status":"closed","ping_status":"closed","template":"","meta":{"footnotes":""},"_links":{"self":[{"href":"https:\/\/sites.ac-nancy-metz.fr\/upe2a-jules-ferry-woippy\/index.php?rest_route=\/wp\/v2\/pages\/892"}],"collection":[{"href":"https:\/\/sites.ac-nancy-metz.fr\/upe2a-jules-ferry-woippy\/index.php?rest_route=\/wp\/v2\/pages"}],"about":[{"href":"https:\/\/sites.ac-nancy-metz.fr\/upe2a-jules-ferry-woippy\/index.php?rest_route=\/wp\/v2\/types\/page"}],"author":[{"embeddable":true,"href":"https:\/\/sites.ac-nancy-metz.fr\/upe2a-jules-ferry-woippy\/index.php?rest_route=\/wp\/v2\/users\/4"}],"replies":[{"embeddable":true,"href":"https:\/\/sites.ac-nancy-metz.fr\/upe2a-jules-ferry-woippy\/index.php?rest_route=%2Fwp%2Fv2%2Fcomments&post=892"}],"version-history":[{"count":3,"href":"https:\/\/sites.ac-nancy-metz.fr\/upe2a-jules-ferry-woippy\/index.php?rest_route=\/wp\/v2\/pages\/892\/revisions"}],"predecessor-version":[{"id":1172,"href":"https:\/\/sites.ac-nancy-metz.fr\/upe2a-jules-ferry-woippy\/index.php?rest_route=\/wp\/v2\/pages\/892\/revisions\/1172"}],"wp:attachment":[{"href":"https:\/\/sites.ac-nancy-metz.fr\/upe2a-jules-ferry-woippy\/index.php?rest_route=%2Fwp%2Fv2%2Fmedia&parent=892"}],"curies":[{"name":"wp","href":"https:\/\/api.w.org\/{rel}","templated":true}]}}